{"id":83354,"date":"2026-03-19T20:04:46","date_gmt":"2026-03-19T20:04:46","guid":{"rendered":"https:\/\/soydeaqui.ddns.net\/pachuca\/index.php\/producto\/onu-gpon-wifi-6-2-4-5-ghz-2-antenas-de-5-dbi-compatible-con-olt-de-terceros-4-puertos-gigabit-1-pots-2-usb-conector-sc-upc\/"},"modified":"2026-03-19T20:05:03","modified_gmt":"2026-03-19T20:05:03","slug":"onu-gpon-wifi-6-2-4-5-ghz-2-antenas-de-5-dbi-compatible-con-olt-de-terceros-4-puertos-gigabit-1-pots-2-usb-conector-sc-upc","status":"publish","type":"product","link":"https:\/\/soydeaqui.ddns.net\/pachuca\/index.php\/producto\/onu-gpon-wifi-6-2-4-5-ghz-2-antenas-de-5-dbi-compatible-con-olt-de-terceros-4-puertos-gigabit-1-pots-2-usb-conector-sc-upc\/","title":{"rendered":"ONU GPON WiFi 6, (2.4\/5 GHz), 2 Antenas de 5 dBi, Compatible con OLT de Terceros, 4 puertos Gigabit + 1 POTS + 2 USB, conector SC\/UPC"},"content":{"rendered":"<div style='width: 100%; max-width: 1200px; margin: 0 auto; font-family: sans-serif&comma; 'Segoe UI'&comma; Roboto&comma; 'Helvetica Neue'&comma; Arial&comma; 'Apple Color Emoji'&comma; 'Segoe UI Emoji'&comma; 'Segoe UI Symbol'; line-height: 1.6; color: inherit; background-color: transparent;'> <!-- Imagen principal --> <\/p>\n<div style='margin-bottom: 30px;'> <img style='width: 100%; height: auto; border: 1px solid rgba(150&comma;150&comma;150&comma;0.3); border-radius: 8px;' src='https:\/\/ftp3.syscom.mx\/usuarios\/fotos\/HG6543C\/187432-fiberjom.jpg' alt=''> <\/div>\n<p> <!-- Descripci\u00f3n principal --> <\/p>\n<div style='margin-bottom: 30px; font-size: 16px;'>\n<p style='text-align: justify; color: inherit; font-size: 16px; margin: 0 0 15px 0;'>La terminal <strong>HG6145F3<\/strong> de FiberHome es una ONT GPON para arquitecturas FTTH. Brinda a los usuarios servicios de comunicaci\u00f3n y entretenimiento en forma de datos&comma; voz&comma; video&comma; etc.&comma; para satisfacer la demanda de acceso integrado de familias y peque\u00f1as empresas.<\/p>\n<\/p><\/div>\n<p> <!-- Secci\u00f3n de caracter\u00edsticas con grid --> <\/p>\n<div style='display: grid; grid-template-columns: repeat(auto-fill&comma; minmax(300px&comma; 1fr)); gap: 30px; margin-bottom: 30px;'> <!-- Caracter\u00edsticas Generales --> <\/p>\n<div style='border: 1px solid rgba(150&comma; 150&comma; 150&comma; 0.3); border-radius: 8px; overflow: hidden;'>\n<div style='padding: 15px; background-color: rgba(255&comma; 0&comma; 0&comma; 0.05); border-bottom: 1px solid rgba(150&comma; 150&comma; 150&comma; 0.2); font-size: 18px; font-weight: bold; color: inherit;'> Car\u00e1cteristicas Generales <\/div>\n<div style='padding: 15px;'>\n<ul style='padding-left: 20px; margin: 0; list-style-type: disc; color: inherit; font-size: 14px;'>\n<li style='margin-bottom: 10px;'><strong>Interfaz GPON:<\/strong>\n<ul style='padding-left: 20px; margin: 5px 0;'>\n<li>Est\u00e1ndar: ITU-T G.984&comma; Clase B+<\/li>\n<li>Tipo de Interfaz: SC\/UPC<\/li>\n<\/ul>\n<\/li>\n<li style='margin-bottom: 10px;'><strong>Interfaz Ethernet:<\/strong>\n<ul style='padding-left: 20px; margin: 5px 0;'>\n<li>Tipo de Interfaz: 4 Puertos Gigabit Ethernet<\/li>\n<\/ul>\n<\/li>\n<li style='margin-bottom: 10px;'><strong>Interfaz USB:<\/strong>\n<ul style='padding-left: 20px; margin: 5px 0;'>\n<li>Tipo de Interfaz: 1 Puerto USB 2.0&comma; 1 Puerto USB 3.0<\/li>\n<\/ul>\n<\/li>\n<li style='margin-bottom: 10px;'><strong>Interfaz POTS:<\/strong>\n<ul style='padding-left: 20px; margin: 5px 0;'>\n<li>1 puerto POTS (RJ11) para telefon\u00eda an\u00e1loga<\/li>\n<\/ul>\n<\/li>\n<li style='margin-bottom: 10px;'><strong>WiFi:<\/strong>\n<ul style='padding-left: 20px; margin: 5px 0;'>\n<li>Est\u00e1ndar: IEEE 802.11 a\/b\/g\/n\/ac\/ax<\/li>\n<li>Doble Banda 2.4 y 5 GHz MIMO 2&#215;2<\/li>\n<li>8 SSIDs (4 + 4)<\/li>\n<\/ul>\n<\/li>\n<\/ul><\/div>\n<\/p><\/div>\n<p> <!-- Caracter\u00edsticas f\u00edsicas y el\u00e9ctricas --> <\/p>\n<div style='border: 1px solid rgba(150&comma; 150&comma; 150&comma; 0.3); border-radius: 8px; overflow: hidden;'>\n<div style='padding: 15px; background-color: rgba(255&comma; 0&comma; 0&comma; 0.05); border-bottom: 1px solid rgba(150&comma; 150&comma; 150&comma; 0.2); font-size: 18px; font-weight: bold; color: inherit;'> Caracter\u00edsticas f\u00edsicas y el\u00e9ctricas <\/div>\n<div style='padding: 15px;'>\n<ul style='padding-left: 20px; margin: 0; list-style-type: disc; color: inherit; font-size: 14px;'>\n<li style='margin-bottom: 5px;'>Dimensiones: 42 x 135 x 185 mm (Alto x Ancho x Profundidad)<\/li>\n<li style='margin-bottom: 5px;'>Fuente de alimentaci\u00f3n: 12Vcc\/1.5A (Adaptador Incluido)<\/li>\n<li style='margin-bottom: 5px;'>Temperatura de Operaci\u00f3n: -5\u00baC \u2013 45\u00baC<\/li>\n<li style='margin-bottom: 5px;'>Consumo M\u00e1ximo: 16 Watts<\/li>\n<li style='margin-bottom: 5px;'>Cantidad de Antenas: 2<\/li>\n<li style='margin-bottom: 5px;'>Peso: 458g<\/li>\n<\/ul><\/div>\n<\/p><\/div>\n<\/p><\/div>\n<p> <!-- Credenciales de acceso --> <\/p>\n<div style='display: grid; grid-template-columns: repeat(auto-fill&comma; minmax(250px&comma; 1fr)); gap: 20px; margin-bottom: 30px;'>\n<div style='border: 1px solid rgba(150&comma; 150&comma; 150&comma; 0.3); border-radius: 8px; overflow: hidden;'>\n<div style='padding: 15px; background-color: rgba(255&comma; 0&comma; 0&comma; 0.05); border-bottom: 1px solid rgba(150&comma; 150&comma; 150&comma; 0.2); font-size: 18px; font-weight: bold; color: inherit;'> Usuario Administrador <\/div>\n<div style='padding: 15px;'>\n<ul style='padding-left: 20px; margin: 0; list-style-type: none; color: inherit; font-size: 14px;'>\n<li style='margin-bottom: 10px;'><strong>Usuario:<\/strong> admin<\/li>\n<li style='margin-bottom: 10px;'><strong>Contrase\u00f1a:<\/strong> %0|F?H@f!berhO3e<\/li>\n<\/ul><\/div>\n<\/p><\/div>\n<\/p><\/div>\n<p> <!-- Secci\u00f3n de administraci\u00f3n --> <\/p>\n<div style='display: grid; grid-template-columns: repeat(auto-fill&comma; minmax(300px&comma; 1fr)); gap: 30px; margin-bottom: 30px;'> <!-- Imagen administraci\u00f3n --> <\/p>\n<div style=''> <img style='width: 100%; height: auto; border: 1px solid rgba(150&comma;150&comma;150&comma;0.3); border-radius: 8px;' src='https:\/\/ftp3.syscom.mx\/usuarios\/fotos\/HG6543C\/187432-interfaz_unm2000-2_.png' alt='Interfaz UNM2000'> <\/div>\n<p> <!-- Informaci\u00f3n administraci\u00f3n --> <\/p>\n<div style='border: 1px solid rgba(150&comma; 150&comma; 150&comma; 0.3); border-radius: 8px; overflow: hidden;'>\n<div style='padding: 15px; background-color: rgba(255&comma; 0&comma; 0&comma; 0.05); border-bottom: 1px solid rgba(150&comma; 150&comma; 150&comma; 0.2); font-size: 18px; font-weight: bold; color: inherit;'> Software de administraci\u00f3n Fiberhome UNM2000 <\/div>\n<div style='padding: 15px;'>\n<ul style='padding-left: 20px; margin: 0; list-style-type: disc; color: inherit; font-size: 14px;'>\n<li style='margin-bottom: 8px;'>Licencia sin costo<\/li>\n<li style='margin-bottom: 8px;'>Mejora la eficiencia en la gesti\u00f3n<\/li>\n<li style='margin-bottom: 8px;'>Configuraci\u00f3n de ONU\u00b4s\/ONT\u00b4s Fiberhome directamente desde la OLT<\/li>\n<li style='margin-bottom: 8px;'>Reduce costos de mantenimiento<\/li>\n<li style='margin-bottom: 8px;'>Perfil de autoaprovisionamiento con ONUs Fiberhome<\/li>\n<li style='margin-top: 15px;'><a href='https:\/\/drive.google.com\/drive\/folders\/17-if5U0Fwp6xX6BKXh4kcp7XbTkzXJKH' target='_blank' rel='noopener' style='color: inherit; text-decoration: underline; font-weight: bold;'>Descargue el software aqu\u00ed<\/a><\/li>\n<\/ul><\/div>\n<\/p><\/div>\n<\/p><\/div>\n<\/p><\/div>\n","protected":false},"excerpt":{"rendered":"<p>ONU GPON WiFi 6, (2.4\/5 GHz), 2 Antenas de 5 dBi, Compatible con OLT de Terceros, 4 puertos Gigabit + 1 POTS + 2 USB, conector SC\/UPC<\/p>\n","protected":false},"featured_media":83353,"comment_status":"open","ping_status":"closed","template":"","meta":[],"product_brand":[],"product_cat":[2010],"product_tag":[639,2012,2011],"class_list":{"0":"post-83354","1":"product","2":"type-product","3":"status-publish","4":"has-post-thumbnail","6":"product_cat-onus-onts","7":"product_tag-fiberhome","8":"product_tag-onus-onts","9":"product_tag-redes-ftth-pon","11":"first","12":"instock","13":"sale","14":"shipping-taxable","15":"purchasable","16":"product-type-simple"},"_links":{"self":[{"href":"https:\/\/soydeaqui.ddns.net\/pachuca\/index.php\/wp-json\/wp\/v2\/product\/83354","targetHints":{"allow":["GET"]}}],"collection":[{"href":"https:\/\/soydeaqui.ddns.net\/pachuca\/index.php\/wp-json\/wp\/v2\/product"}],"about":[{"href":"https:\/\/soydeaqui.ddns.net\/pachuca\/index.php\/wp-json\/wp\/v2\/types\/product"}],"replies":[{"embeddable":true,"href":"https:\/\/soydeaqui.ddns.net\/pachuca\/index.php\/wp-json\/wp\/v2\/comments?post=83354"}],"wp:featuredmedia":[{"embeddable":true,"href":"https:\/\/soydeaqui.ddns.net\/pachuca\/index.php\/wp-json\/wp\/v2\/media\/83353"}],"wp:attachment":[{"href":"https:\/\/soydeaqui.ddns.net\/pachuca\/index.php\/wp-json\/wp\/v2\/media?parent=83354"}],"wp:term":[{"taxonomy":"product_brand","embeddable":true,"href":"https:\/\/soydeaqui.ddns.net\/pachuca\/index.php\/wp-json\/wp\/v2\/product_brand?post=83354"},{"taxonomy":"product_cat","embeddable":true,"href":"https:\/\/soydeaqui.ddns.net\/pachuca\/index.php\/wp-json\/wp\/v2\/product_cat?post=83354"},{"taxonomy":"product_tag","embeddable":true,"href":"https:\/\/soydeaqui.ddns.net\/pachuca\/index.php\/wp-json\/wp\/v2\/product_tag?post=83354"}],"curies":[{"name":"wp","href":"https:\/\/api.w.org\/{rel}","templated":true}]}}