{"id":83350,"date":"2026-03-19T20:04:37","date_gmt":"2026-03-19T20:04:37","guid":{"rendered":"https:\/\/soydeaqui.ddns.net\/pachuca\/index.php\/producto\/antena-direccional-de-alto-rendimiento-diametro-de-60-cm-5-9-7-2-ghz-ganancia-30-dbi-slant-de-45-y-90-ideal-para-30-km-conector-n-hembra-montaje-y-jumpers-incluidos\/"},"modified":"2026-03-19T20:04:44","modified_gmt":"2026-03-19T20:04:44","slug":"antena-direccional-de-alto-rendimiento-diametro-de-60-cm-5-9-7-2-ghz-ganancia-30-dbi-slant-de-45-y-90-ideal-para-30-km-conector-n-hembra-montaje-y-jumpers-incluidos","status":"publish","type":"product","link":"https:\/\/soydeaqui.ddns.net\/pachuca\/index.php\/producto\/antena-direccional-de-alto-rendimiento-diametro-de-60-cm-5-9-7-2-ghz-ganancia-30-dbi-slant-de-45-y-90-ideal-para-30-km-conector-n-hembra-montaje-y-jumpers-incluidos\/","title":{"rendered":"Antena Direccional de alto rendimiento \/ di\u00e1metro  de 60 cm \/ 5.9-7.2 GHz \/ Ganancia 30 dBi \/ SLANT de 45 \u00b0 y 90 \u00b0 \/ Ideal para 30 km \/ Conector N-Hembra \/ Montaje  y jumpers incluidos."},"content":{"rendered":"<div style='width: 100%; max-width: 1200px; margin: 0 auto; font-family: sans-serif; line-height: 1.6; color: inherit; background-color: transparent;'>\n<div style='display: flex; flex-wrap: wrap; gap: 30px; margin-bottom: 30px;'>\n<div style='flex: 1 1 300px; min-width: 280px;'>\n<h3 style='font-size: 22px; border-bottom: 2px solid currentColor; padding-bottom: 5px; margin-top: 0; color: inherit; opacity: 0.8;'>Caracter\u00edsticas principales<\/h3>\n<ul style='padding-left: 20px; font-size: 15px; color: inherit;'>\n<li style='margin-bottom: 5px;'>Ganancia de hasta 30 dBi con baja VSWR y alto aislamiento de puerto en toda la banda de 5.9 &#8211; 7.2 GHz<\/li>\n<li style='margin-bottom: 5px;'>Una antena que cubre los 6 y 7 GHz<\/li>\n<li style='margin-bottom: 5px;'>Interferencias reducidas con >39 dB m\u00ednimo de delante hacia atr\u00e1s<\/li>\n<li style='margin-bottom: 5px;'>Simplifica la instalaci\u00f3n en el sitio y garantiza una calidad &#8216;probada en f\u00e1brica&#8217;<\/li>\n<li style='margin-bottom: 5px;'>Conector tipo N Hembra<\/li>\n<li style='margin-bottom: 5px;'>Cables de N a RPSMA incluidos en la caja \u00a1\u00a1\u00a1gratis!!!<\/li>\n<\/ul><\/div>\n<div style='flex: 1 1 300px; min-width: 280px;'>\n<h3 style='font-size: 22px; border-bottom: 2px solid currentColor; padding-bottom: 5px; margin-top: 0; color: inherit; opacity: 0.8;'>Caracter\u00edsticas Mec\u00e1nicas y el\u00e9ctricas<\/h3>\n<ul style='padding-left: 20px; font-size: 15px; color: inherit;'>\n<li style='margin-bottom: 5px;'>Reflector parab\u00f3lico direccional<\/li>\n<li style='margin-bottom: 5px;'>Frecuencia: 5.9 a 7.2 GHz<\/li>\n<li style='margin-bottom: 5px;'>VSWR HPOL < 2.0<\/li>\n<li style='margin-bottom: 5px;'>Ancho de haz VPOL: 4.2\u00ba<\/li>\n<li style='margin-bottom: 5px;'>Ancho de haz HPOL: 4.0\u00ba<\/li>\n<li style='margin-bottom: 5px;'>Impedancia de Ohms 50<\/li>\n<li style='margin-bottom: 5px;'>Radio F\/B (dB) >39<\/li>\n<li style='margin-bottom: 5px;'>Polarizaci\u00f3n de 90\u00ba y 45\u00ba<\/li>\n<li style='margin-bottom: 5px;'>Supervivencia al viento 124.2 mph con radomo<\/li>\n<li style='margin-bottom: 5px;'>Temperatura de funcionamiento -45 a 60 C\u00ba<\/li>\n<\/ul><\/div>\n<\/p><\/div>\n<hr style='border: 0; border-top: 1px solid rgba(150&comma; 150&comma; 150&comma; 0.3); margin: 30px 0;'>\n<div style='margin-bottom: 30px;'> <img style='width: 100%; height: auto; border: 1px solid rgba(150&comma;150&comma;150&comma;0.3); border-radius: 8px;' src='https:\/\/ftp3.syscom.mx\/usuarios\/fotos\/NP62\/235344-captura_de_pantalla_2024-11-07_a_la(s)_12.16.50%E2%80%AFp.m..png' alt=''> <\/div>\n<div style='display: flex; flex-wrap: wrap; gap: 30px; margin-bottom: 30px;'>\n<div style='flex: 1 1 300px; min-width: 280px;'> <img style='width: 100%; height: auto; border: 1px solid rgba(150&comma;150&comma;150&comma;0.3); border-radius: 8px;' src='https:\/\/ftp3.syscom.mx\/usuarios\/fotos\/NP62\/235344-captura_de_pantalla_2024-11-07_a_la(s)_12.19.02%E2%80%AFp.m..png' alt=''> <\/div>\n<div style='flex: 1 1 300px; min-width: 280px;'>\n<p style='text-align: center; font-size: 22px; font-weight: bold; color: inherit;'>\u00bfPorqu\u00e9 utilizar una antena en 6 GHz?<\/p>\n<p style='font-size: 15px; color: inherit;'>Los proveedores de servicio de internet inal\u00e1mbrico (WISP)&comma; se enfrentan a nuevos retos como son capacidad con una cantidad limitada de espectro. Pero esta capacidad puede ser solventada con 6 GHz que puede brindar alta demanda con una combinaci\u00f3n \u00fanica de baja latencia en servicios en redes de tipo PTP Backhaul y CPE. La antena NP6 es compatible con radios conectorizados de frecuencia 6.2 &#8211; 7.2 GHz.<\/p>\n<\/p><\/div>\n<\/p><\/div>\n<div style='margin-bottom: 30px;'> <img style='width: 100%; height: auto; border: 1px solid rgba(150&comma;150&comma;150&comma;0.3); border-radius: 8px;' src='https:\/\/ftp3.syscom.mx\/usuarios\/fotos\/NP62\/235344-captura_de_pantalla_2024-11-07_a_la(s)_12.23.00%E2%80%AFp.m..png' alt=''> <\/div>\n<div style='margin-bottom: 30px;'>\n<p style='text-align: center; font-size: 22px; font-weight: bold; color: inherit;'>6GHz<\/p>\n<p style='text-align: center; font-size: 15px; color: inherit;'>Una antena especializada para aplicaciones de enlaces inal\u00e1mbricos para servicios de datos e internet ya sea backhaul o CPE.<\/p>\n<\/p><\/div>\n<div style='margin-bottom: 30px;'> <img style='width: 100%; height: auto; border: 1px solid rgba(150&comma;150&comma;150&comma;0.3); border-radius: 8px;' src='https:\/\/ftp3.syscom.mx\/usuarios\/fotos\/NP62\/235344-captura_de_pantalla_2024-11-07_a_la(s)_12.25.41%E2%80%AFp.m..png' alt=''> <\/div>\n<\/p><\/div>\n","protected":false},"excerpt":{"rendered":"<p>Antena Direccional de alto rendimiento \/ di\u00e1metro  de 60 cm \/ 5.9-7.2 GHz \/ Ganancia 30 dBi \/ SLANT de 45 \u00b0 y 90 \u00b0 \/ Ideal para 30 km \/ Conector N-Hembra \/ Montaje  y jumpers incluidos.<\/p>\n","protected":false},"featured_media":83349,"comment_status":"open","ping_status":"closed","template":"","meta":[],"product_brand":[],"product_cat":[1918],"product_tag":[1404,1919,1729],"class_list":{"0":"post-83350","1":"product","2":"type-product","3":"status-publish","4":"has-post-thumbnail","6":"product_cat-direccionales","7":"product_tag-antenas","8":"product_tag-direccionales","9":"product_tag-netpoint","11":"first","12":"outofstock","13":"sale","14":"shipping-taxable","15":"purchasable","16":"product-type-simple"},"_links":{"self":[{"href":"https:\/\/soydeaqui.ddns.net\/pachuca\/index.php\/wp-json\/wp\/v2\/product\/83350","targetHints":{"allow":["GET"]}}],"collection":[{"href":"https:\/\/soydeaqui.ddns.net\/pachuca\/index.php\/wp-json\/wp\/v2\/product"}],"about":[{"href":"https:\/\/soydeaqui.ddns.net\/pachuca\/index.php\/wp-json\/wp\/v2\/types\/product"}],"replies":[{"embeddable":true,"href":"https:\/\/soydeaqui.ddns.net\/pachuca\/index.php\/wp-json\/wp\/v2\/comments?post=83350"}],"wp:featuredmedia":[{"embeddable":true,"href":"https:\/\/soydeaqui.ddns.net\/pachuca\/index.php\/wp-json\/wp\/v2\/media\/83349"}],"wp:attachment":[{"href":"https:\/\/soydeaqui.ddns.net\/pachuca\/index.php\/wp-json\/wp\/v2\/media?parent=83350"}],"wp:term":[{"taxonomy":"product_brand","embeddable":true,"href":"https:\/\/soydeaqui.ddns.net\/pachuca\/index.php\/wp-json\/wp\/v2\/product_brand?post=83350"},{"taxonomy":"product_cat","embeddable":true,"href":"https:\/\/soydeaqui.ddns.net\/pachuca\/index.php\/wp-json\/wp\/v2\/product_cat?post=83350"},{"taxonomy":"product_tag","embeddable":true,"href":"https:\/\/soydeaqui.ddns.net\/pachuca\/index.php\/wp-json\/wp\/v2\/product_tag?post=83350"}],"curies":[{"name":"wp","href":"https:\/\/api.w.org\/{rel}","templated":true}]}}