{"id":83336,"date":"2026-03-19T20:04:04","date_gmt":"2026-03-19T20:04:04","guid":{"rendered":"https:\/\/soydeaqui.ddns.net\/pachuca\/index.php\/producto\/licencia-perpetua-para-aumentar-en-1gb-el-analisis-de-trafico-firewall-modelo-z5100-series\/"},"modified":"2026-03-19T20:04:06","modified_gmt":"2026-03-19T20:04:06","slug":"licencia-perpetua-para-aumentar-en-1gb-el-analisis-de-trafico-firewall-modelo-z5100-series","status":"publish","type":"product","link":"https:\/\/soydeaqui.ddns.net\/pachuca\/index.php\/producto\/licencia-perpetua-para-aumentar-en-1gb-el-analisis-de-trafico-firewall-modelo-z5100-series\/","title":{"rendered":"Licencia Perpetua para aumentar en 1Gb el an\u00e1lisis de trafico, Firewall modelo Z5100 series"},"content":{"rendered":"<div style='width: 100%; max-width: 1200px; margin: 0 auto; font-family: sans-serif; line-height: 1.6; color: inherit; background-color: transparent;'>\n<div style='width: 100%; margin-bottom: 30px;'>\n<p style='font-size: 18pt; margin-bottom: 10px; color: inherit;'>Licencia de Expanci\u00f3n para el an\u00e1lisis de tr\u00e1fico.<\/p>\n<p style='font-size: 18pt; margin-bottom: 10px; color: inherit;'>+1 Gb para Firewall Ruijie.<\/p>\n<p style='font-size: 24pt; margin-top: 20px; margin-bottom: 10px; color: inherit;'>RG-WALL1600-Z5100-S-1G-LIC<\/p>\n<\/p><\/div>\n<div style='width: 100%; margin-bottom: 30px;'>\n<ul style='padding-left: 20px; color: inherit;'>\n<li style='margin-bottom: 10px; font-size: 12pt; color: inherit;'>Compatible \u00fanicamente con modelos de <span style='font-family: Arial&comma; sans-serif; background-color: #f1c40f; color: inherit;'><strong>controlador Firewall Ruijie <\/strong><strong>RG-WALL 1600-Z5100-S<\/strong>.<\/span><\/li>\n<li style='margin-bottom: 10px; font-size: 12pt; color: inherit;'>M\u00e1ximo 7 licencias por Firewall.<\/li>\n<\/ul><\/div>\n<div style='width: 100%; margin-bottom: 30px;'> <img style='width: 100%; height: auto; border: 1px solid rgba(150&comma;150&comma;150&comma;0.3); border-radius: 8px;' src='https:\/\/ftp3.syscom.mx\/usuarios\/fotos\/RGWALL1600Z5100S\/233418-2025-02-12_10_43_52-rg-wall_1600-z5100-s&comma;_next-generation_z_series_firewall.png' alt='Firewall Ruijie RG-WALL 1600-Z5100-S'> <\/div>\n<div style='display: flex; flex-wrap: wrap; gap: 20px; margin-bottom: 30px;'>\n<div style='flex: 1 1 300px; min-width: 280px;'>\n<div style='border-left: 5px solid #0091ff; border-radius: 8px; padding: 15px; box-shadow: 2px 2px 10px rgba(216&comma; 216&comma; 216&comma; 0.4);'> <strong style='font-size: 16px; color: inherit;'>Caracter\u00edsticas principales:<\/strong> <\/p>\n<ul style='padding-left: 20px; margin-top: 10px; color: inherit;'>\n<li style='margin-bottom: 8px; font-size: 14px; color: inherit;'>Vigencia perpetua.<\/li>\n<li style='margin-bottom: 8px; font-size: 14px; color: inherit;'>Uso \u00fanico.<\/li>\n<\/ul><\/div>\n<\/p><\/div>\n<div style='flex: 1 1 300px; min-width: 280px;'>\n<div style='border-left: 5px solid #0091ff; border-radius: 8px; padding: 15px; box-shadow: 2px 2px 10px rgba(216&comma; 216&comma; 216&comma; 0.4);'> <strong style='font-size: 16px; color: inherit;'>Contenido del Paquete:<\/strong> <\/p>\n<ul style='padding-left: 20px; margin-top: 10px; color: inherit;'>\n<li style='margin-bottom: 8px; font-size: 14px; color: inherit;'>Licencia para aumentar en 1Gb el an\u00e1lisis de tr\u00e1fico.<\/li>\n<\/ul><\/div>\n<\/p><\/div>\n<div style='flex: 1 1 300px; min-width: 280px;'>\n<div style='border-left: 5px solid #0091ff; border-radius: 8px; padding: 15px; box-shadow: 2px 2px 10px rgba(216&comma; 216&comma; 216&comma; 0.4);'> <strong style='font-size: 16px; color: inherit;'>Documentos:<\/strong> <\/p>\n<ul style='padding-left: 20px; margin-top: 10px; color: inherit;'>\n<li style='margin-bottom: 8px; font-size: 14px; color: inherit;'>Carta de Autorizacion <span style='background-color: #f1c40f; color: inherit;'><strong>(Digital)<\/strong><\/span> con c\u00f3digo para generar licencia.<\/li>\n<li style='margin-bottom: 8px; font-size: 14px; color: inherit;'> <span style='background-color: #f1c40f; color: inherit;'><strong>NOTA:<\/strong><\/span> Mandar factura v\u00eda correo a <a style='color: #0091ff; text-decoration: none;' href='mailto:licencias@syscom.mx'>licencias@syscom.mx<\/a>&comma; la licencia ser\u00e1 entregada digitalmente por este mismo medio en un lapso de 24-48 hrs. <\/li>\n<\/ul><\/div>\n<\/p><\/div>\n<\/p><\/div>\n<\/p><\/div>\n","protected":false},"excerpt":{"rendered":"<p>Licencia Perpetua para aumentar en 1Gb el an\u00e1lisis de trafico, Firewall modelo Z5100 series<\/p>\n","protected":false},"featured_media":83335,"comment_status":"open","ping_status":"closed","template":"","meta":[],"product_brand":[],"product_cat":[2122],"product_tag":[2038,664,2123],"class_list":{"0":"post-83336","1":"product","2":"type-product","3":"status-publish","4":"has-post-thumbnail","6":"product_cat-firewalls-networking","7":"product_tag-firewalls","8":"product_tag-networking","9":"product_tag-ruijie","11":"first","12":"outofstock","13":"sale","14":"shipping-taxable","15":"purchasable","16":"product-type-simple"},"_links":{"self":[{"href":"https:\/\/soydeaqui.ddns.net\/pachuca\/index.php\/wp-json\/wp\/v2\/product\/83336","targetHints":{"allow":["GET"]}}],"collection":[{"href":"https:\/\/soydeaqui.ddns.net\/pachuca\/index.php\/wp-json\/wp\/v2\/product"}],"about":[{"href":"https:\/\/soydeaqui.ddns.net\/pachuca\/index.php\/wp-json\/wp\/v2\/types\/product"}],"replies":[{"embeddable":true,"href":"https:\/\/soydeaqui.ddns.net\/pachuca\/index.php\/wp-json\/wp\/v2\/comments?post=83336"}],"wp:featuredmedia":[{"embeddable":true,"href":"https:\/\/soydeaqui.ddns.net\/pachuca\/index.php\/wp-json\/wp\/v2\/media\/83335"}],"wp:attachment":[{"href":"https:\/\/soydeaqui.ddns.net\/pachuca\/index.php\/wp-json\/wp\/v2\/media?parent=83336"}],"wp:term":[{"taxonomy":"product_brand","embeddable":true,"href":"https:\/\/soydeaqui.ddns.net\/pachuca\/index.php\/wp-json\/wp\/v2\/product_brand?post=83336"},{"taxonomy":"product_cat","embeddable":true,"href":"https:\/\/soydeaqui.ddns.net\/pachuca\/index.php\/wp-json\/wp\/v2\/product_cat?post=83336"},{"taxonomy":"product_tag","embeddable":true,"href":"https:\/\/soydeaqui.ddns.net\/pachuca\/index.php\/wp-json\/wp\/v2\/product_tag?post=83336"}],"curies":[{"name":"wp","href":"https:\/\/api.w.org\/{rel}","templated":true}]}}