{"id":83329,"date":"2026-03-19T20:03:46","date_gmt":"2026-03-19T20:03:46","guid":{"rendered":"https:\/\/soydeaqui.ddns.net\/pachuca\/index.php\/producto\/onu-gpon-wifi-2-4-5-ghz-2-antenas-de-5-dbi-compatible-con-olt-de-terceros-mimo-2x2-2-puertos-gigabit-conector-sc-upc-gestion-wan-desde-la-interfaz-de-la-onu\/"},"modified":"2026-03-19T20:03:59","modified_gmt":"2026-03-19T20:03:59","slug":"onu-gpon-wifi-2-4-5-ghz-2-antenas-de-5-dbi-compatible-con-olt-de-terceros-mimo-2x2-2-puertos-gigabit-conector-sc-upc-gestion-wan-desde-la-interfaz-de-la-onu","status":"publish","type":"product","link":"https:\/\/soydeaqui.ddns.net\/pachuca\/index.php\/producto\/onu-gpon-wifi-2-4-5-ghz-2-antenas-de-5-dbi-compatible-con-olt-de-terceros-mimo-2x2-2-puertos-gigabit-conector-sc-upc-gestion-wan-desde-la-interfaz-de-la-onu\/","title":{"rendered":"ONU GPON WiFi (2.4\/5 GHz), 2 antenas de 5 dBi, Compatible con OLT de Terceros, MIMO 2&#215;2, 2 Puertos Gigabit, conector SC\/UPC, (Gesti\u00f3n WAN desde la Interfaz de la ONU)"},"content":{"rendered":"<div style='width: 100%; max-width: 1200px; margin: 0 auto; font-family: sans-serif; line-height: 1.6; color: inherit; background-color: transparent;'> <!-- Imagen principal --> <\/p>\n<div style='margin-bottom: 30px;'> <img style='width: 100%; height: auto; border: 1px solid rgba(150&comma;150&comma;150&comma;0.3); border-radius: 8px;' src='https:\/\/ftp3.syscom.mx\/usuarios\/fotos\/HG6543C\/187432-fiberjom.jpg' alt=''> <\/div>\n<p> <!-- Descripci\u00f3n principal --> <\/p>\n<div style='margin-bottom: 30px; font-size: 18px;'>\n<p style='text-align: justify; color: inherit;'> La terminal <strong>HG6045D1<\/strong> de FiberHome es una ONT GPON para arquitecturas FTTH. Brinda a los usuarios servicios de comunicaci\u00f3n y entretenimiento en forma de datos&comma; voz&comma; video&comma; etc.&comma; para satisfacer la demanda de acceso integrado de familias y peque\u00f1as empresas. <\/p>\n<\/p><\/div>\n<p> <!-- Secci\u00f3n de caracter\u00edsticas --> <\/p>\n<div style='display: flex; flex-wrap: wrap; gap: 30px; margin-bottom: 30px;'>\n<div style='flex: 1 1 300px; min-width: 280px;'>\n<h3 style='font-size: 22px; border-bottom: 2px solid currentColor; padding-bottom: 5px; margin-top: 0; color: inherit; opacity: 0.8;'>Car\u00e1cteristicas Generales:<\/h3>\n<ul style='padding-left: 20px; font-size: 15px; color: inherit;'>\n<li style='margin-bottom: 5px;'><strong>Interfaz GPON:<\/strong><\/li>\n<ul style='padding-left: 30px; margin-top: 5px; margin-bottom: 15px;'>\n<li style='margin-bottom: 5px;'><span style='color: inherit;'>Est\u00e1ndar: ITU-T G.984&comma; Clase B+.<\/span><\/li>\n<li style='margin-bottom: 5px;'><span style='color: inherit;'>Tipo de Interfaz: SC\/UPC<\/span><\/li>\n<\/ul>\n<li style='margin-bottom: 5px;'><strong>Interfaz Ethernet:<\/strong><\/li>\n<ul style='padding-left: 30px; margin-top: 5px; margin-bottom: 15px;'>\n<li style='margin-bottom: 5px;'><span style='color: inherit;'>Tipo de Interfaz: 2 Puertos Gigabit Ethernet<\/span><\/li>\n<\/ul>\n<li style='margin-bottom: 5px;'><strong>WiFi:<\/strong><\/li>\n<ul style='padding-left: 30px; margin-top: 5px;'>\n<li style='margin-bottom: 5px;'><span style='color: inherit;'>Est\u00e1ndar: IEEE 802.11 b\/g\/n\/a\/ac<\/span><\/li>\n<li style='margin-bottom: 5px;'><span style='color: inherit;'>Doble Banda 2.4 y 5 GHz MIMO 2&#215;2<\/span><\/li>\n<li style='margin-bottom: 5px;'><span style='color: inherit;'>8 SSIDs (4 + 4)<\/span><\/li>\n<li style='margin-bottom: 5px;'><span style='color: inherit;'>2 Antenas de 5 dBi<\/span><\/li>\n<\/ul>\n<\/ul><\/div>\n<div style='flex: 1 1 300px; min-width: 280px;'>\n<h3 style='font-size: 22px; border-bottom: 2px solid currentColor; padding-bottom: 5px; margin-top: 0; color: inherit; opacity: 0.8;'>Caracter\u00edsticas f\u00edsicas y el\u00e9ctricas:<\/h3>\n<ul style='padding-left: 20px; font-size: 15px; color: inherit;'>\n<li style='margin-bottom: 5px;'><strong>Dimensiones:<\/strong> 42 x 135 x 185 mm (Alto x Ancho x Profundidad)<\/li>\n<li style='margin-bottom: 5px;'><strong>Alimentaci\u00f3n:<\/strong> 12Vcc\/1A (Adaptador Incluido)<\/li>\n<li style='margin-bottom: 5px;'><strong>Temperatura de Operaci\u00f3n:<\/strong> -5\u00baC \u00ef\u00bd\u017e 45\u00baC<\/li>\n<li style='margin-bottom: 5px;'><strong>Consumo M\u00e1ximo:<\/strong> 11 Watts<\/li>\n<li style='margin-bottom: 5px;'><strong>Cantidad de Antenas:<\/strong> 2<\/li>\n<li style='margin-bottom: 5px;'><strong>Peso:<\/strong> 315g<\/li>\n<\/ul><\/div>\n<\/p><\/div>\n<p> <!-- Credenciales de acceso --> <\/p>\n<div style='margin-bottom: 30px;'>\n<h3 style='font-size: 22px; border-bottom: 2px solid currentColor; padding-bottom: 5px; margin-top: 0; color: inherit; opacity: 0.8;'>Credenciales de Acceso<\/h3>\n<ul style='padding-left: 20px; font-size: 15px; color: inherit;'>\n<li style='margin-bottom: 5px;'><strong>Usuario Administrador:<\/strong> admin<\/li>\n<li style='margin-bottom: 5px;'><strong>Contrase\u00f1a:<\/strong> %0|F?H@f!berhO3e<\/li>\n<\/ul><\/div>\n<p> <!-- Secci\u00f3n de software de administraci\u00f3n --> <\/p>\n<div style='display: flex; flex-wrap: wrap; gap: 30px; margin-bottom: 30px;'>\n<div style='flex: 1 1 300px; min-width: 280px;'> <img style='width: 100%; height: auto; border: 1px solid rgba(150&comma;150&comma;150&comma;0.3); border-radius: 8px;' src='https:\/\/ftp3.syscom.mx\/usuarios\/fotos\/HG6543C\/187432-interfaz_unm2000-2_.png' alt='Interfaz UNM2000'> <\/div>\n<div style='flex: 1 1 300px; min-width: 280px;'>\n<h3 style='font-size: 22px; border-bottom: 2px solid currentColor; padding-bottom: 5px; margin-top: 0; color: inherit; opacity: 0.8;'>Software de administraci\u00f3n Fiberhome UNM2000<\/h3>\n<ul style='padding-left: 20px; font-size: 15px; color: inherit;'>\n<li style='margin-bottom: 5px;'><strong>Licencia sin costo.<\/strong><\/li>\n<li style='margin-bottom: 5px;'><strong>Mejora la eficiencia en la gesti\u00f3n.<\/strong><\/li>\n<li style='margin-bottom: 5px;'><strong>Configuraci\u00f3n de ONU\u00b4s\/ONT\u00b4s Fiberhome directamente desde la OLT.<\/strong><\/li>\n<li style='margin-bottom: 5px;'><strong>Reduce costos de mantenimiento.<\/strong><\/li>\n<li style='margin-bottom: 5px;'><strong>Perfil de autoaprovisionamiento con ONUs Fiberhome.<\/strong><\/li>\n<li style='margin-top: 15px;'><a href='https:\/\/drive.google.com\/drive\/folders\/17-if5U0Fwp6xX6BKXh4kcp7XbTkzXJKH' target='_blank' rel='noopener' style='color: #007bff; text-decoration: none; font-weight: bold;'>Descargue el software aqu\u00ed.<\/a><\/li>\n<\/ul><\/div>\n<\/p><\/div>\n<\/p><\/div>\n","protected":false},"excerpt":{"rendered":"<p>ONU GPON WiFi (2.4\/5 GHz), 2 antenas de 5 dBi, Compatible con OLT de Terceros, MIMO 2&#215;2, 2 Puertos Gigabit, conector SC\/UPC, (Gesti\u00f3n WAN desde la Interfaz de la ONU)<\/p>\n","protected":false},"featured_media":83328,"comment_status":"open","ping_status":"closed","template":"","meta":[],"product_brand":[],"product_cat":[2010],"product_tag":[639,2012,2011],"class_list":{"0":"post-83329","1":"product","2":"type-product","3":"status-publish","4":"has-post-thumbnail","6":"product_cat-onus-onts","7":"product_tag-fiberhome","8":"product_tag-onus-onts","9":"product_tag-redes-ftth-pon","11":"first","12":"instock","13":"sale","14":"shipping-taxable","15":"purchasable","16":"product-type-simple"},"_links":{"self":[{"href":"https:\/\/soydeaqui.ddns.net\/pachuca\/index.php\/wp-json\/wp\/v2\/product\/83329","targetHints":{"allow":["GET"]}}],"collection":[{"href":"https:\/\/soydeaqui.ddns.net\/pachuca\/index.php\/wp-json\/wp\/v2\/product"}],"about":[{"href":"https:\/\/soydeaqui.ddns.net\/pachuca\/index.php\/wp-json\/wp\/v2\/types\/product"}],"replies":[{"embeddable":true,"href":"https:\/\/soydeaqui.ddns.net\/pachuca\/index.php\/wp-json\/wp\/v2\/comments?post=83329"}],"wp:featuredmedia":[{"embeddable":true,"href":"https:\/\/soydeaqui.ddns.net\/pachuca\/index.php\/wp-json\/wp\/v2\/media\/83328"}],"wp:attachment":[{"href":"https:\/\/soydeaqui.ddns.net\/pachuca\/index.php\/wp-json\/wp\/v2\/media?parent=83329"}],"wp:term":[{"taxonomy":"product_brand","embeddable":true,"href":"https:\/\/soydeaqui.ddns.net\/pachuca\/index.php\/wp-json\/wp\/v2\/product_brand?post=83329"},{"taxonomy":"product_cat","embeddable":true,"href":"https:\/\/soydeaqui.ddns.net\/pachuca\/index.php\/wp-json\/wp\/v2\/product_cat?post=83329"},{"taxonomy":"product_tag","embeddable":true,"href":"https:\/\/soydeaqui.ddns.net\/pachuca\/index.php\/wp-json\/wp\/v2\/product_tag?post=83329"}],"curies":[{"name":"wp","href":"https:\/\/api.w.org\/{rel}","templated":true}]}}