{"id":83326,"date":"2026-03-19T20:03:39","date_gmt":"2026-03-19T20:03:39","guid":{"rendered":"https:\/\/soydeaqui.ddns.net\/pachuca\/index.php\/producto\/router-inalambrico-mesh-interior-para-hogar-doble-banda-wi-fi-6e-ax5400-mbps-1-puerto-2-5g-wan-lan-2-puertos-1g-wan-lan-4-antenas-internas-administracion-mediante-la-app-deco-ios-android\/"},"modified":"2026-03-19T20:03:43","modified_gmt":"2026-03-19T20:03:43","slug":"router-inalambrico-mesh-interior-para-hogar-doble-banda-wi-fi-6e-ax5400-mbps-1-puerto-2-5g-wan-lan-2-puertos-1g-wan-lan-4-antenas-internas-administracion-mediante-la-app-deco-ios-android","status":"publish","type":"product","link":"https:\/\/soydeaqui.ddns.net\/pachuca\/index.php\/producto\/router-inalambrico-mesh-interior-para-hogar-doble-banda-wi-fi-6e-ax5400-mbps-1-puerto-2-5g-wan-lan-2-puertos-1g-wan-lan-4-antenas-internas-administracion-mediante-la-app-deco-ios-android\/","title":{"rendered":"Router Inal\u00e1mbrico MESH Interior para Hogar \/ Doble Banda Wi-Fi 6E AX5400 Mbps \/ 1 Puerto 2.5G WAN\/LAN \/ 2 Puertos 1G WAN\/LAN \/ 4 Antenas Internas \/ Administraci\u00f3n Mediante la App Deco (iOS, Android) \/ Protecci\u00f3n HomeShield"},"content":{"rendered":"<div style='width: 100%; max-width: 1200px; margin: 0 auto; font-family: sans-serif; line-height: 1.6; color: inherit; background-color: transparent;'> <!-- Secci\u00f3n Hero --> <\/p>\n<section style='width: 100%; background-image: url('http:\/\/ftp3.syscom.mx\/usuarios\/ftp\/2025\/03\/05\/1908\/fon.jpg_froala_67c8bcbf1a0b4'); background-size: cover; background-repeat: no-repeat; background-position: center; padding: 80px 0; text-align: center;'>\n<div style='max-width: 1200px; margin: auto; display: flex; flex-wrap: wrap; align-items: center; justify-content: center; padding: 20px;'>\n<div style='flex: 1 1 300px; min-width: 280px; text-align: left; padding: 20px;'> <img style='width: 120px; height: auto; border: 1px solid rgba(150&comma;150&comma;150&comma;0.3); border-radius: 8px;' src='http:\/\/ftp3.syscom.mx\/usuarios\/ftp\/2025\/03\/05\/1908\/wifi-6e.png_froala_67c88c0838d50' alt='Wi-Fi 6E'> <\/p>\n<h2 style='font-size: 24px; margin-bottom: 10px; color: inherit; opacity: 0.8;'>Internet en toda la casa con Wi-Fi 6E Mesh AI a m\u00e1xima velocidad<\/h2>\n<p style='font-size: 18px; color: inherit;'>Sistema Wi-Fi 6E Mesh Triple Banda AXE5400<\/p>\n<p style='font-size: 20px; font-weight: bold; color: inherit;'>Deco XE75 Pro<\/p>\n<div style='display: flex; flex-wrap: wrap; gap: 15px; margin-top: 15px;'> <img style='width: 100px; height: auto; border: 1px solid rgba(150&comma;150&comma;150&comma;0.3); border-radius: 8px;' src='http:\/\/ftp3.syscom.mx\/usuarios\/ftp\/2025\/03\/05\/1908\/freq-25g.png_froala_67c88c62b00fc' alt='Frecuencia'> <img style='width: 150px; height: auto; border: 1px solid rgba(150&comma;150&comma;150&comma;0.3); border-radius: 8px;' src='http:\/\/ftp3.syscom.mx\/usuarios\/ftp\/2025\/03\/05\/1908\/tag-compatible-amazon-alexa.png_froala_67c88fb4057d2' alt='HomeShield'> <img style='width: 180px; height: auto; border: 1px solid rgba(150&comma;150&comma;150&comma;0.3); border-radius: 8px;' src='http:\/\/ftp3.syscom.mx\/usuarios\/ftp\/2025\/03\/05\/1908\/homeshield.jpg_froala_67c88c6ba75f9' alt='HomeShield'> <\/div>\n<\/p><\/div>\n<\/p><\/div>\n<\/section>\n<p> <!-- Secci\u00f3n Roaming --> <\/p>\n<div style='margin: 40px 0;'>\n<h2 style='font-size: 24px; text-align: center; border-bottom: 2px solid currentColor; padding-bottom: 8px; margin-bottom: 20px; color: inherit; opacity: 0.8;'>Roaming sin interrupciones con un solo nombre de Wi-Fi<\/h2>\n<p style='text-align: center; max-width: 800px; margin: 0 auto 20px auto;'>TP-Link Mesh significa que las unidades Deco trabajan juntas para formar una red unificada. Tu tel\u00e9fono o tableta se conecta autom\u00e1ticamente al Deco m\u00e1s r\u00e1pido a medida que te desplazas por tu casa&comma; lo que crea una experiencia WiFi verdaderamente fluida.<\/p>\n<p style='text-align: center; margin-top: 20px;'> <a href='https:\/\/www.tp-link.com\/mx\/mesh\/' target='_blank' rel='noopener noreferrer' style='color: inherit; text-decoration: underline; opacity: 0.8;'>Obtenga m\u00e1s informaci\u00f3n sobre TP-Link Mesh<\/a> <\/p>\n<\/p><\/div>\n<p> <!-- Secci\u00f3n Videos --> <\/p>\n<div style='display: grid; grid-template-columns: repeat(auto-fill&comma; minmax(300px&comma; 1fr)); gap: 30px; margin: 40px 0;'>\n<div style='position: relative; padding-bottom: 56.25%; height: 0; overflow: hidden;'> <video autoplay playsinline loop muted preload='auto' style='position: absolute; top: 0; left: 0; width: 100%; height: 100%; object-fit: cover; border: 1px solid rgba(150&comma;150&comma;150&comma;0.3); border-radius: 8px;'><source src='https:\/\/ftp3.syscom.mx\/usuarios\/vvillarreal\/TP-Link\/DECO\/video\/deco.mp4' type='video\/mp4'>Tu navegador no es compatible con video HTML5.<\/video> <\/div>\n<div style='position: relative; padding-bottom: 56.25%; height: 0; overflow: hidden;'> <video autoplay playsinline loop muted preload='auto' style='position: absolute; top: 0; left: 0; width: 100%; height: 100%; object-fit: cover; border: 1px solid rgba(150&comma;150&comma;150&comma;0.3); border-radius: 8px;'><source src='https:\/\/ftp3.syscom.mx\/usuarios\/vvillarreal\/TP-Link\/DECO\/video\/deco2.mp4' type='video\/mp4'>Tu navegador no es compatible con video HTML5.<\/video> <\/div>\n<\/p><\/div>\n<p> <!-- Secci\u00f3n Protecci\u00f3n --> <\/p>\n<div style='margin: 40px 0; text-align: center;'> <img style='width: 322px; max-width: 100%; height: auto; border: 1px solid rgba(150&comma;150&comma;150&comma;0.3); border-radius: 8px; margin: 0 auto 20px;' src='http:\/\/ftp3.syscom.mx\/usuarios\/ftp\/2025\/03\/05\/1908\/homeshield.jpg_froala_67c8d63d3da8a' alt='HomeShield'> <\/p>\n<h2 style='font-size: 24px; text-align: center; border-bottom: 2px solid currentColor; padding-bottom: 8px; margin: 20px auto; max-width: 600px; color: inherit; opacity: 0.8;'>Proteja su red y todo lo que contiene<\/h2>\n<p style='text-align: center; max-width: 600px; margin: 0 auto 20px auto;'>Los servicios de seguridad premium de TP-Link mantienen su red dom\u00e9stica segura con funciones de vanguardia para protecci\u00f3n de red e IoT.<\/p>\n<p style='text-align: center; margin-top: 20px;'> <a href='https:\/\/www.tp-link.com\/mx\/homeshield\/' target='_blank' rel='noopener noreferrer' style='color: inherit; text-decoration: underline; opacity: 0.8;'>Obtenga m\u00e1s informaci\u00f3n sobre HomeShield<\/a> <\/p>\n<\/p><\/div>\n<p> <!-- Secci\u00f3n Caracter\u00edsticas de Seguridad --> <\/p>\n<div style='display: grid; grid-template-columns: repeat(auto-fill&comma; minmax(250px&comma; 1fr)); gap: 20px; margin: 40px 0;'>\n<div style='border: 1px solid rgba(150&comma; 150&comma; 150&comma; 0.4); border-radius: 8px; overflow: hidden; display: flex; flex-direction: column;'>\n<div style='padding: 15px; border-bottom: 1px solid rgba(150&comma; 150&comma; 150&comma; 0.2); font-weight: bold; font-size: 18px; color: inherit;'>Protecci\u00f3n de red<\/div>\n<div style='padding: 15px; color: inherit;'> <img style='width: 100%; height: auto; border: 1px solid rgba(150&comma;150&comma;150&comma;0.3); border-radius: 8px; margin-bottom: 15px;' src='http:\/\/ftp3.syscom.mx\/usuarios\/ftp\/2025\/03\/05\/1908\/j1.jpg_froala_67c8d2b6a1651' alt='Protecci\u00f3n de red'> <\/p>\n<p style='margin-bottom: 15px; font-size: 14px;'>Detecta amenazas cibern\u00e9ticas para mantener tu privacidad y tus dispositivos conectados bien protegidos.<\/p>\n<ul style='padding-left: 20px; margin: 0; font-size: 14px; list-style-type: disc;'>\n<li style='margin-bottom: 5px;'>Protecci\u00f3n de IoT en tiempo real<\/li>\n<li style='margin-bottom: 5px;'>Bloqueador de sitios maliciosos<\/li>\n<li style='margin-bottom: 5px;'>Prevenci\u00f3n de intrusiones<\/li>\n<li style='margin-bottom: 5px;'>Esc\u00e1ner de red dom\u00e9stica<\/li>\n<\/ul><\/div>\n<\/p><\/div>\n<div style='border: 1px solid rgba(150&comma; 150&comma; 150&comma; 0.4); border-radius: 8px; overflow: hidden; display: flex; flex-direction: column;'>\n<div style='padding: 15px; border-bottom: 1px solid rgba(150&comma; 150&comma; 150&comma; 0.2); font-weight: bold; font-size: 18px; color: inherit;'>Controles parentales robustos<\/div>\n<div style='padding: 15px; color: inherit;'> <img style='width: 100%; height: auto; border: 1px solid rgba(150&comma;150&comma;150&comma;0.3); border-radius: 8px; margin-bottom: 15px;' src='http:\/\/ftp3.syscom.mx\/usuarios\/ftp\/2025\/03\/05\/1908\/j2.jpg_froala_67c8d3107950f' alt='Controles parentales robustos'> <\/p>\n<p style='margin-bottom: 15px; font-size: 14px;'>Administre el tiempo en l\u00ednea y bloquee contenido inapropiado para mantener a las familias saludables en l\u00ednea.<\/p>\n<ul style='padding-left: 20px; margin: 0; font-size: 14px; list-style-type: disc;'>\n<li style='margin-bottom: 5px;'>Perfil de usuario por edad<\/li>\n<li style='margin-bottom: 5px;'>Filtro de contenido<\/li>\n<li style='margin-bottom: 5px;'>Hora de dormir<\/li>\n<li style='margin-bottom: 5px;'>Recompensas de tiempo<\/li>\n<\/ul><\/div>\n<\/p><\/div>\n<div style='border: 1px solid rgba(150&comma; 150&comma; 150&comma; 0.4); border-radius: 8px; overflow: hidden; display: flex; flex-direction: column;'>\n<div style='padding: 15px; border-bottom: 1px solid rgba(150&comma; 150&comma; 150&comma; 0.2); font-weight: bold; font-size: 18px; color: inherit;'>Calidad de servicio (QoS)<\/div>\n<div style='padding: 15px; color: inherit;'> <img style='width: 100%; height: auto; border: 1px solid rgba(150&comma;150&comma;150&comma;0.3); border-radius: 8px; margin-bottom: 15px;' src='http:\/\/ftp3.syscom.mx\/usuarios\/ftp\/2025\/03\/05\/1908\/j3.jpg_froala_67c8d3212c8b9' alt='Calidad de servicio (QoS)'> <\/p>\n<p style='margin-bottom: 15px; font-size: 14px;'>Priorice sus necesidades de ancho de banda para obtener una experiencia de red m\u00e1s r\u00e1pida.<\/p>\n<ul style='padding-left: 20px; margin: 0; font-size: 14px; list-style-type: disc;'>\n<li style='margin-bottom: 5px;'>Prioridad del dispositivo<\/li>\n<\/ul><\/div>\n<\/p><\/div>\n<div style='border: 1px solid rgba(150&comma; 150&comma; 150&comma; 0.4); border-radius: 8px; overflow: hidden; display: flex; flex-direction: column;'>\n<div style='padding: 15px; border-bottom: 1px solid rgba(150&comma; 150&comma; 150&comma; 0.2); font-weight: bold; font-size: 18px; color: inherit;'>Informes completos<\/div>\n<div style='padding: 15px; color: inherit;'> <img style='width: 100%; height: auto; border: 1px solid rgba(150&comma;150&comma;150&comma;0.3); border-radius: 8px; margin-bottom: 15px;' src='http:\/\/ftp3.syscom.mx\/usuarios\/ftp\/2025\/03\/05\/1908\/j4.jpg_froala_67c8d337a9278' alt='Informes completos'> <\/p>\n<p style='margin-bottom: 15px; font-size: 14px;'>Obtenga estad\u00edsticas e informaci\u00f3n completa que le ayudar\u00e1n a conocer mejor su red dom\u00e9stica.<\/p>\n<ul style='padding-left: 20px; margin: 0; font-size: 14px; list-style-type: disc;'>\n<li style='margin-bottom: 5px;'>Descripci\u00f3n general del usuario de Internet<\/li>\n<li style='margin-bottom: 5px;'>An\u00e1lisis de tiempo en l\u00ednea<\/li>\n<li style='margin-bottom: 5px;'>An\u00e1lisis del historial del navegador<\/li>\n<li style='margin-bottom: 5px;'>Estad\u00edsticas del dispositivo final<\/li>\n<\/ul><\/div>\n<\/p><\/div>\n<\/p><\/div>\n<p> <!-- Secci\u00f3n App --> <\/p>\n<div style='margin: 40px 0; text-align: center;'>\n<h2 style='font-size: 24px; text-align: center; border-bottom: 2px solid currentColor; padding-bottom: 8px; margin: 20px auto; max-width: 600px; color: inherit; opacity: 0.8;'>Sencillo&comma; F\u00e1cil y Poderoso<\/h2>\n<p style='text-align: center; max-width: 600px; margin: 0 auto 20px auto;'>Configura y administra tu red en cualquier momento y lugar con la sencilla aplicaci\u00f3n TP-Link Deco. En solo tres sencillos pasos.<\/p>\n<\/p><\/div>\n<p> <!-- Secci\u00f3n Pasos App --> <\/p>\n<section style='width: 100%; background-image: url('http:\/\/ftp3.syscom.mx\/usuarios\/ftp\/2025\/03\/06\/1908\/fondoapp.jpg_froala_67c9c143269a7'); background-size: cover; background-repeat: no-repeat; background-position: center; padding: 60px 0; text-align: center;'>\n<div style='max-width: 1000px; margin: 0 auto; padding: 20px;'>\n<div style='display: grid; grid-template-columns: repeat(auto-fill&comma; minmax(200px&comma; 1fr)); gap: 30px;'>\n<div style='border: 1px solid rgba(150&comma; 150&comma; 150&comma; 0.4); border-radius: 8px; overflow: hidden; padding: 20px; background: rgba(255&comma;255&comma;255&comma;0.1);'> <img style='width: 120px; height: 100px; object-fit: contain; margin: 0 auto 15px; display: block; border: 1px solid rgba(150&comma;150&comma;150&comma;0.3); border-radius: 8px;' src='http:\/\/ftp3.syscom.mx\/usuarios\/ftp\/2025\/03\/06\/1908\/l1.png_froala_67c9c6217667a' alt='Paso 1'> <\/p>\n<h3 style='font-size: 18px; margin-bottom: 10px; color: inherit; opacity: 0.8;'>Paso 1<\/h3>\n<p style='font-size: 14px; color: inherit;'>Con\u00e9ctate al m\u00f3dem y enci\u00e9ndelo.<\/p>\n<\/p><\/div>\n<div style='border: 1px solid rgba(150&comma; 150&comma; 150&comma; 0.4); border-radius: 8px; overflow: hidden; padding: 20px; background: rgba(255&comma;255&comma;255&comma;0.1);'> <img style='width: 65px; height: 100px; object-fit: contain; margin: 0 auto 15px; display: block; border: 1px solid rgba(150&comma;150&comma;150&comma;0.3); border-radius: 8px;' src='http:\/\/ftp3.syscom.mx\/usuarios\/ftp\/2025\/03\/06\/1908\/l2.png_froala_67c9c62e99047' alt='Paso 2'> <\/p>\n<h3 style='font-size: 18px; margin-bottom: 10px; color: inherit; opacity: 0.8;'>Paso 2<\/h3>\n<p style='font-size: 14px; color: inherit;'>Descarga y ejecuta la aplicaci\u00f3n.<\/p>\n<\/p><\/div>\n<div style='border: 1px solid rgba(150&comma; 150&comma; 150&comma; 0.4); border-radius: 8px; overflow: hidden; padding: 20px; background: rgba(255&comma;255&comma;255&comma;0.1);'> <img style='width: 100px; height: 100px; object-fit: contain; margin: 0 auto 15px; display: block; border: 1px solid rgba(150&comma;150&comma;150&comma;0.3); border-radius: 8px;' src='http:\/\/ftp3.syscom.mx\/usuarios\/ftp\/2025\/03\/06\/1908\/l3.png_froala_67c9c638a7256' alt='Paso 3'> <\/p>\n<h3 style='font-size: 18px; margin-bottom: 10px; color: inherit; opacity: 0.8;'>Paso 3<\/h3>\n<p style='font-size: 14px; color: inherit;'>Configura siguiendo las instrucciones.<\/p>\n<\/p><\/div>\n<\/p><\/div>\n<\/p><\/div>\n<\/section>\n<p> <!-- Secci\u00f3n Cobertura --> <\/p>\n<div style='margin: 40px 0; text-align: center;'>\n<h2 style='font-size: 24px; text-align: center; border-bottom: 2px solid currentColor; padding-bottom: 8px; margin: 20px auto; max-width: 600px; color: inherit; opacity: 0.8;'>Se adapta a cualquier tipo de casa.<\/h2>\n<p style='text-align: center; max-width: 600px; margin: 0 auto 20px auto;'>Ladrillos y cemento. Pisos y techos. Paredes y pasillos. Todos ellos dificultan la transmisi\u00f3n de WiFi por toda la casa. Las unidades Deco trabajan juntas para hacer que la se\u00f1al WiFi supere los obst\u00e1culos de la casa y ofrecer una cobertura completa.<\/p>\n<\/p><\/div>\n<p> <!-- Im\u00e1genes de Cobertura --> <\/p>\n<div style='display: grid; grid-template-columns: repeat(auto-fill&comma; minmax(250px&comma; 1fr)); gap: 30px; margin: 40px 0;'>\n<div style='display: flex; flex-direction: column; align-items: center;'> <img style='width: 100%; max-width: 300px; height: auto; border: 1px solid rgba(150&comma;150&comma;150&comma;0.3); border-radius: 8px; margin-bottom: 15px;' src='http:\/\/ftp3.syscom.mx\/usuarios\/ftp\/2025\/03\/06\/1908\/f1.jpg_froala_67c9cccb057a3' alt='Departamento'> <\/p>\n<p style='margin-top: 10px; font-size: 16px; color: inherit;'>Departamento<\/p>\n<\/p><\/div>\n<div style='display: flex; flex-direction: column; align-items: center;'> <img style='width: 100%; max-width: 300px; height: auto; border: 1px solid rgba(150&comma;150&comma;150&comma;0.3); border-radius: 8px; margin-bottom: 15px;' src='http:\/\/ftp3.syscom.mx\/usuarios\/ftp\/2025\/03\/06\/1908\/f2.jpg_froala_67c9ccd376f14' alt='Casa de varios pisos'> <\/p>\n<p style='margin-top: 10px; font-size: 16px; color: inherit;'>Casa de varios pisos<\/p>\n<\/p><\/div>\n<div style='display: flex; flex-direction: column; align-items: center;'> <img style='width: 100%; max-width: 300px; height: auto; border: 1px solid rgba(150&comma;150&comma;150&comma;0.3); border-radius: 8px; margin-bottom: 15px;' src='http:\/\/ftp3.syscom.mx\/usuarios\/ftp\/2025\/03\/06\/1908\/f3.jpg_froala_67c9ccdba2eb9' alt='Casa estilo rancho'> <\/p>\n<p style='margin-top: 10px; font-size: 16px; color: inherit;'>Casa estilo rancho<\/p>\n<\/p><\/div>\n<\/p><\/div>\n<p> <!-- Secci\u00f3n Especificaciones --> <\/p>\n<div style='margin: 40px 0;'>\n<h3 style='font-size: 22px; border-bottom: 2px solid currentColor; padding-bottom: 5px; margin-top: 0; color: inherit; opacity: 0.8;'>Especificaciones<\/h3>\n<div style='display: grid; grid-template-columns: repeat(auto-fill&comma; minmax(250px&comma; 1fr)); gap: 20px; margin-top: 20px;'>\n<div style='border: 1px solid rgba(150&comma; 150&comma; 150&comma; 0.4); border-radius: 8px; overflow: hidden;'>\n<div style='padding: 15px; border-bottom: 1px solid rgba(150&comma; 150&comma; 150&comma; 0.2); font-weight: bold; font-size: 18px; color: inherit;'>F\u00edsico<\/div>\n<div style='padding: 15px; color: inherit;'>\n<ul style='padding-left: 20px; margin: 0; font-size: 14px; list-style-type: disc;'>\n<li style='margin-bottom: 5px;'><strong>Dimensiones:<\/strong> 105 x 105 x 169 mm<\/li>\n<li style='margin-bottom: 5px;'><strong>Consumo m\u00e1x:<\/strong> 26 W<\/li>\n<li style='margin-bottom: 5px;'><strong>Alimentaci\u00f3n:<\/strong> 12 Vcc \/ 1.5A<\/li>\n<li style='margin-bottom: 5px;'><strong>Antenas:<\/strong> 4 Antenas Internas<\/li>\n<li style='margin-bottom: 5px;'><strong>Bot\u00f3n Reset:<\/strong> S\u00ed<\/li>\n<\/ul><\/div>\n<\/p><\/div>\n<div style='border: 1px solid rgba(150&comma; 150&comma; 150&comma; 0.4); border-radius: 8px; overflow: hidden;'>\n<div style='padding: 15px; border-bottom: 1px solid rgba(150&comma; 150&comma; 150&comma; 0.2); font-weight: bold; font-size: 18px; color: inherit;'>Conectividad<\/div>\n<div style='padding: 15px; color: inherit;'>\n<ul style='padding-left: 20px; margin: 0; font-size: 14px; list-style-type: disc;'>\n<li style='margin-bottom: 5px;'><strong>Puertos:<\/strong> (1) Puerto 2.5G Detecci\u00f3n Autom\u00e1tica WAN\/LAN<br \/>(2) Puertos 1G Detecci\u00f3n Autom\u00e1tica WAN\/LAN<\/li>\n<li style='margin-bottom: 5px;'><strong>WiFi:<\/strong> Wi-Fi 6E<\/li>\n<li style='margin-bottom: 5px;'><strong>Modos de Operaci\u00f3n:<\/strong> Router \/ Punto de Acceso<\/li>\n<li style='margin-bottom: 5px;'><strong>WiFi:<\/strong> Wi-Fi 6E<\/li>\n<\/ul><\/div>\n<\/p><\/div>\n<div style='border: 1px solid rgba(150&comma; 150&comma; 150&comma; 0.4); border-radius: 8px; overflow: hidden;'>\n<div style='padding: 15px; border-bottom: 1px solid rgba(150&comma; 150&comma; 150&comma; 0.2); font-weight: bold; font-size: 18px; color: inherit;'>Software<\/div>\n<div style='padding: 15px; color: inherit;'>\n<ul style='padding-left: 20px; margin: 0; font-size: 14px; list-style-type: disc;'>\n<li style='margin-bottom: 5px;'><strong>Seguridad Inal\u00e1mbrica:<\/strong> WPA\/WPA2\/WPA3<\/li>\n<li style='margin-bottom: 5px;'><strong>Reenv\u00edo NAT:<\/strong> Reenv\u00edo de puertos&comma; uPnP<\/li>\n<li style='margin-bottom: 5px;'><strong>Tipos de conexi\u00f3n WAN:<\/strong> IP est\u00e1tica\/din\u00e1mica&comma; PPPoE&comma; PPTP&comma; L2TP&comma; Banda ancha m\u00f3vil<\/li>\n<li style='margin-bottom: 5px;'><strong>IPv6\/IPv4:<\/strong> Conexi\u00f3n WAN<\/li>\n<li style='margin-bottom: 5px;'><strong>IPTV:<\/strong> Proxy IGMP<\/li>\n<\/ul><\/div>\n<\/p><\/div>\n<div style='border: 1px solid rgba(150&comma; 150&comma; 150&comma; 0.4); border-radius: 8px; overflow: hidden;'>\n<div style='padding: 15px; border-bottom: 1px solid rgba(150&comma; 150&comma; 150&comma; 0.2); font-weight: bold; font-size: 18px; color: inherit;'>Caracter\u00edsticas Adicionales<\/div>\n<div style='padding: 15px; color: inherit;'>\n<ul style='padding-left: 20px; margin: 0; font-size: 14px; list-style-type: disc;'>\n<li style='margin-bottom: 5px;'><strong>Temperatura de operaci\u00f3n:<\/strong> 0 a 40\u00b0 C<\/li>\n<li style='margin-bottom: 5px;'><strong>Certificaciones:<\/strong> CE&comma; FCC&comma; RoHS<\/li>\n<li style='margin-bottom: 5px;'><strong>WiFi:<\/strong> Tecnolog\u00eda Mesh TP-Link (Solo Compatible con Decos)&comma; MU-MIMO 2X2&comma; OFDMA&comma; 6 Streams<\/li>\n<li style='margin-bottom: 5px;'><strong>Control Parental:<\/strong> Perfiles de Usuario por edad&comma; Bloqueo de aplicaciones&comma; Filtrado web&comma; B\u00fasqueda segura<\/li>\n<li style='margin-bottom: 5px;'><strong>Potencia de Transmisi\u00f3n WiFi:<\/strong> CE: <20 dBm (2.4 GHz) \/ <23 dBm (5 GHz) \/ <23 dBm (6 GHz)<br \/>FCC: <30 dBm (2.4 GHz) \/ <30 dBm (5 GHz) \/ <30 dBm (6 GHz)<\/li>\n<\/ul><\/div>\n<\/p><\/div>\n<\/p><\/div>\n<\/p><\/div>\n<p> <!-- Secci\u00f3n Contenido del Paquete --> <\/p>\n<div style='margin: 40px 0;'>\n<h3 style='font-size: 22px; border-bottom: 2px solid currentColor; padding-bottom: 5px; margin-top: 0; color: inherit; opacity: 0.8;'>Contenido del Paquete<\/h3>\n<ul style='padding-left: 20px; margin-top: 20px; font-size: 15px; color: inherit;'>\n<li style='margin-bottom: 5px;'>1 Deco XE75 Pro<\/li>\n<li style='margin-bottom: 5px;'>1 Cable Ethernet RJ45<\/li>\n<li style='margin-bottom: 5px;'>1 Fuente de Poder<\/li>\n<li style='margin-bottom: 5px;'>1 Gu\u00eda de instalaci\u00f3n r\u00e1pida<\/li>\n<\/ul><\/div>\n<p> <!-- Secci\u00f3n Garant\u00eda --> <\/p>\n<div style='margin: 40px 0;'>\n<h3 style='font-size: 22px; border-bottom: 2px solid currentColor; padding-bottom: 5px; margin-top: 0; color: inherit; opacity: 0.8;'>Garant\u00eda<\/h3>\n<p style='margin-top: 20px; font-size: 15px; color: inherit;'>2 a\u00f1os<\/p>\n<\/p><\/div>\n<p> <!-- Separador final --> <\/p>\n<hr style='border: 0; border-top: 1px solid rgba(150&comma; 150&comma; 150&comma; 0.3); margin: 30px 0;'> <\/div>\n","protected":false},"excerpt":{"rendered":"<p>Router Inal\u00e1mbrico MESH Interior para Hogar \/ Doble Banda Wi-Fi 6E AX5400 Mbps \/ 1 Puerto 2.5G WAN\/LAN \/ 2 Puertos 1G WAN\/LAN \/ 4 Antenas Internas \/ Administraci\u00f3n Mediante la App Deco (iOS, Android) \/ Protecci\u00f3n HomeShield<\/p>\n","protected":false},"featured_media":83325,"comment_status":"open","ping_status":"closed","template":"","meta":[],"product_brand":[],"product_cat":[2024],"product_tag":[1479,2025,71],"class_list":{"0":"post-83326","1":"product","2":"type-product","3":"status-publish","4":"has-post-thumbnail","6":"product_cat-routers-inalambricos","7":"product_tag-redes-wifi","8":"product_tag-routers-inalambricos","9":"product_tag-tp-link","11":"first","12":"outofstock","13":"sale","14":"shipping-taxable","15":"purchasable","16":"product-type-simple"},"_links":{"self":[{"href":"https:\/\/soydeaqui.ddns.net\/pachuca\/index.php\/wp-json\/wp\/v2\/product\/83326","targetHints":{"allow":["GET"]}}],"collection":[{"href":"https:\/\/soydeaqui.ddns.net\/pachuca\/index.php\/wp-json\/wp\/v2\/product"}],"about":[{"href":"https:\/\/soydeaqui.ddns.net\/pachuca\/index.php\/wp-json\/wp\/v2\/types\/product"}],"replies":[{"embeddable":true,"href":"https:\/\/soydeaqui.ddns.net\/pachuca\/index.php\/wp-json\/wp\/v2\/comments?post=83326"}],"wp:featuredmedia":[{"embeddable":true,"href":"https:\/\/soydeaqui.ddns.net\/pachuca\/index.php\/wp-json\/wp\/v2\/media\/83325"}],"wp:attachment":[{"href":"https:\/\/soydeaqui.ddns.net\/pachuca\/index.php\/wp-json\/wp\/v2\/media?parent=83326"}],"wp:term":[{"taxonomy":"product_brand","embeddable":true,"href":"https:\/\/soydeaqui.ddns.net\/pachuca\/index.php\/wp-json\/wp\/v2\/product_brand?post=83326"},{"taxonomy":"product_cat","embeddable":true,"href":"https:\/\/soydeaqui.ddns.net\/pachuca\/index.php\/wp-json\/wp\/v2\/product_cat?post=83326"},{"taxonomy":"product_tag","embeddable":true,"href":"https:\/\/soydeaqui.ddns.net\/pachuca\/index.php\/wp-json\/wp\/v2\/product_tag?post=83326"}],"curies":[{"name":"wp","href":"https:\/\/api.w.org\/{rel}","templated":true}]}}