{"id":83303,"date":"2026-03-19T20:02:42","date_gmt":"2026-03-19T20:02:42","guid":{"rendered":"https:\/\/soydeaqui.ddns.net\/pachuca\/index.php\/producto\/altavoz-de-techo-designmax-8in-8ohms-70-100v-negro\/"},"modified":"2026-03-19T20:02:51","modified_gmt":"2026-03-19T20:02:51","slug":"altavoz-de-techo-designmax-8in-8ohms-70-100v-negro","status":"publish","type":"product","link":"https:\/\/soydeaqui.ddns.net\/pachuca\/index.php\/producto\/altavoz-de-techo-designmax-8in-8ohms-70-100v-negro\/","title":{"rendered":"Altavoz de Techo | DesignMax | 8in | 8ohms | 70\/100V | Negro"},"content":{"rendered":"<div style='width: 100%; max-width: 1200px; margin: 0 auto; font-family: sans-serif; line-height: 1.6; color: inherit; background-color: transparent;'> <!-- Logo --> <\/p>\n<div style='width: 100%; margin-bottom: 30px;'> <img style='width: 100%; height: auto; border: 1px solid rgba(150&comma;150&comma;150&comma;0.3); border-radius: 8px;' src='https:\/\/ftp3.syscom.mx\/usuarios\/luis.vargas\/Bose\/DesingMax.JPG' alt='Logo'> <\/div>\n<p> <!-- Secci\u00f3n de im\u00e1genes y descripci\u00f3n --> <\/p>\n<div style='display: flex; flex-wrap: wrap; gap: 30px; margin-bottom: 30px;'>\n<div style='flex: 1 1 300px; min-width: 280px;'> <img style='width: 100%; height: auto; border: 1px solid rgba(150&comma;150&comma;150&comma;0.3); border-radius: 8px;' src='https:\/\/ftp3.syscom.mx\/usuarios\/luis.vargas\/Bose\/DM5C\/DM5C-ambas.jpg' alt='Altavoz DesignMax'> <\/div>\n<div style='flex: 1 1 300px; min-width: 280px;'>\n<h3 style='font-size: 24px; border-bottom: 2px solid currentColor; padding-bottom: 5px; margin-top: 0; color: inherit; opacity: 0.8;'>La calidad de sonido de Bose que espera. Las mejoras que necesita.<\/h3>\n<p style='font-size: 15px; color: inherit;'> Con transductores coaxiales de dos v\u00edas&comma; el altavoz de 150 watts Bose Professional DesignMax DM8C ofrece una potente presi\u00f3n sonora adecuada para m\u00fasica en primer plano&comma; junto con una est\u00e9tica de primera calidad que complementa cualquier instalaci\u00f3n de sonido comercial. El DM8C cuenta con un woofer bidireccional de 8 pulgadas y un driver de compresi\u00f3n coaxial de 1 pulgada&comma; con un rango de frecuencia de 52 Hz a 20 kHz. El altavoz empotrable DM8C se instala f\u00e1cilmente mediante los brazos de montaje QuickHold. <\/p>\n<\/p><\/div>\n<\/p><\/div>\n<p> <!-- Secci\u00f3n de im\u00e1genes y descripci\u00f3n 2 --> <\/p>\n<div style='display: flex; flex-wrap: wrap; gap: 30px; margin-bottom: 30px;'>\n<div style='flex: 1 1 300px; min-width: 280px;'>\n<h3 style='font-size: 24px; border-bottom: 2px solid currentColor; padding-bottom: 5px; margin-top: 0; color: inherit; opacity: 0.8;'>DM8C<\/h3>\n<p style='font-size: 15px; color: inherit;'> Los altavoces DesignMax&comma; una variedad completa de altavoces que mejora cualquier tipo de espacio&comma; ofrecen graves intensos y agudos n\u00edtidos e inteligibles&comma; junto con un dise\u00f1o de primer nivel que complementa cualquier instalaci\u00f3n de sonido comercial. <\/p>\n<\/p><\/div>\n<div style='flex: 1 1 300px; min-width: 280px;'> <img style='width: 100%; height: auto; border: 1px solid rgba(150&comma;150&comma;150&comma;0.3); border-radius: 8px;' src='https:\/\/ftp3.syscom.mx\/usuarios\/cesar.garcia\/Bose\/Altavoces\/DesignMax\/DM8C\/i_DesignMax_DM8C_Front_Standing_Grille_On_halfREs.jpg' alt='DM8C Frontal'> <\/div>\n<\/p><\/div>\n<p> <!-- Secci\u00f3n de caracter\u00edsticas --> <\/p>\n<div style='display: flex; flex-wrap: wrap; gap: 30px; margin-bottom: 30px;'>\n<div style='flex: 1 1 300px; min-width: 280px;'>\n<h3 style='font-size: 22px; border-bottom: 2px solid currentColor; padding-bottom: 5px; margin-top: 0; color: inherit; opacity: 0.8;'>Caracter\u00edsticas Generales<\/h3>\n<ul style='padding-left: 20px; font-size: 15px; color: inherit;'>\n<li style='margin-bottom: 5px;'><strong>Tipo:<\/strong> 2 v\u00edas<\/li>\n<li style='margin-bottom: 5px;'><strong>Baja impedancia:<\/strong> 8 Ohm | alta impedancia 70v\/100v<\/li>\n<li style='margin-bottom: 5px;'><strong>Consumo:<\/strong> 5&comma; 10&comma; 20&comma; 40&comma; 80W&comma; bypass<\/li>\n<li style='margin-bottom: 5px;'><strong>Respuesta de frecuencia:<\/strong> 52Hz- 20kHz<\/li>\n<li style='margin-bottom: 5px;'><strong>Color:<\/strong> Negro<\/li>\n<li style='margin-bottom: 5px;'><strong>SPL:<\/strong> 113dB 1w\/1m<\/li>\n<\/ul><\/div>\n<div style='flex: 1 1 300px; min-width: 280px;'>\n<ul style='padding-left: 20px; font-size: 15px; color: inherit;'>\n<li style='margin-bottom: 5px;'><strong>\u00c1ngulo de cobertura:<\/strong> 135\u00b0 c\u00f3nico<\/li>\n<li style='margin-bottom: 5px;'><strong>Logotipo:<\/strong> Giratorio y extra\u00edble<\/li>\n<li style='margin-bottom: 5px;'><strong>Conectores:<\/strong> Euroblock de 6 pines con bucle pasante (acepta cables AWG 18-14)<\/li>\n<li style='margin-bottom: 5px;'><strong>Dimensiones (Di\u00e1metro. Pr.):<\/strong> 340mm x 240mm<\/li>\n<li style='margin-bottom: 5px;'><strong>Peso:<\/strong> 9.6 kg\/unidad<\/li>\n<li style='margin-bottom: 5px;'><strong>Empaque:<\/strong> 1 Pieza<\/li>\n<\/ul><\/div>\n<\/p><\/div>\n<p> <!-- Separador --> <\/p>\n<hr style='border: 0; border-top: 1px solid rgba(150&comma; 150&comma; 150&comma; 0.3); margin: 30px 0;'> <\/div>\n","protected":false},"excerpt":{"rendered":"<p>Altavoz de Techo | DesignMax | 8in | 8ohms | 70\/100V | Negro<\/p>\n","protected":false},"featured_media":83302,"comment_status":"open","ping_status":"closed","template":"","meta":[],"product_brand":[],"product_cat":[424],"product_tag":[52,425,2177],"class_list":{"0":"post-83303","1":"product","2":"type-product","3":"status-publish","4":"has-post-thumbnail","6":"product_cat-bocinas-plafon","7":"product_tag-audio-residencial-comercial","8":"product_tag-bocinas-plafon","9":"product_tag-bose-professional","11":"first","12":"outofstock","13":"sale","14":"shipping-taxable","15":"purchasable","16":"product-type-simple"},"_links":{"self":[{"href":"https:\/\/soydeaqui.ddns.net\/pachuca\/index.php\/wp-json\/wp\/v2\/product\/83303","targetHints":{"allow":["GET"]}}],"collection":[{"href":"https:\/\/soydeaqui.ddns.net\/pachuca\/index.php\/wp-json\/wp\/v2\/product"}],"about":[{"href":"https:\/\/soydeaqui.ddns.net\/pachuca\/index.php\/wp-json\/wp\/v2\/types\/product"}],"replies":[{"embeddable":true,"href":"https:\/\/soydeaqui.ddns.net\/pachuca\/index.php\/wp-json\/wp\/v2\/comments?post=83303"}],"wp:featuredmedia":[{"embeddable":true,"href":"https:\/\/soydeaqui.ddns.net\/pachuca\/index.php\/wp-json\/wp\/v2\/media\/83302"}],"wp:attachment":[{"href":"https:\/\/soydeaqui.ddns.net\/pachuca\/index.php\/wp-json\/wp\/v2\/media?parent=83303"}],"wp:term":[{"taxonomy":"product_brand","embeddable":true,"href":"https:\/\/soydeaqui.ddns.net\/pachuca\/index.php\/wp-json\/wp\/v2\/product_brand?post=83303"},{"taxonomy":"product_cat","embeddable":true,"href":"https:\/\/soydeaqui.ddns.net\/pachuca\/index.php\/wp-json\/wp\/v2\/product_cat?post=83303"},{"taxonomy":"product_tag","embeddable":true,"href":"https:\/\/soydeaqui.ddns.net\/pachuca\/index.php\/wp-json\/wp\/v2\/product_tag?post=83303"}],"curies":[{"name":"wp","href":"https:\/\/api.w.org\/{rel}","templated":true}]}}