{"id":8330,"date":"2026-03-18T07:07:44","date_gmt":"2026-03-18T07:07:44","guid":{"rendered":"https:\/\/soydeaqui.ddns.net\/pachuca\/index.php\/producto\/controlador-de-extension-de-evacuacion-de-voz-8-zonas-500w-soporta-max-19-sf6200ms-en-cascada\/"},"modified":"2026-03-18T07:07:48","modified_gmt":"2026-03-18T07:07:48","slug":"controlador-de-extension-de-evacuacion-de-voz-8-zonas-500w-soporta-max-19-sf6200ms-en-cascada","status":"publish","type":"product","link":"https:\/\/soydeaqui.ddns.net\/pachuca\/index.php\/producto\/controlador-de-extension-de-evacuacion-de-voz-8-zonas-500w-soporta-max-19-sf6200ms-en-cascada\/","title":{"rendered":"Controlador de Extensi\u00f3n de Evacuaci\u00f3n de Voz | 8 Zonas | 500W | Soporta M\u00e1x. 19 SF6200MS en Cascada"},"content":{"rendered":"<div style='width: 100%; max-width: 1200px; margin: 0 auto; font-family: sans-serif; line-height: 1.6; color: inherit; background-color: transparent;'> <!-- Imagen principal y t\u00edtulo --> <\/p>\n<div style='display: flex; flex-direction: column; align-items: center; margin-bottom: 30px;'> <img style='width: 100%; max-width: 800px; height: auto; border: 1px solid rgba(150&comma;150&comma;150&comma;0.3); border-radius: 8px;' src='https:\/\/ftp3.syscom.mx\/usuarios\/fotos\/SF6200MS\/167628-sf6200ms.jpg' alt=''> <\/p>\n<h1 style='font-size: 24px; margin: 20px 0 10px; color: inherit;'>Controlador de Extensi\u00f3n de Evacuaci\u00f3n por Voz para 8 Zonas&comma; 500W<\/h1>\n<h3 style='font-size: 20px; margin: 0 0 20px; color: inherit;'>SF &#8211; 6200MS<\/h3>\n<p style='font-size: 15px; text-align: justify; color: inherit; max-width: 800px; margin: 0 auto;'>El enrutador de Voz puede manejar hasta 8 zonas&comma; con una potencia de salida nominal de 500 watts&comma; soportando 19 SF6200MS en cascada como m\u00e1ximo. Entre las ventajas con las que cuenta es que es posible reproducir cualquier fuente de audio en cualquier zona.<\/p>\n<\/p><\/div>\n<p> <!-- Secci\u00f3n de caracter\u00edsticas --> <\/p>\n<div style='display: flex; flex-wrap: wrap; gap: 30px; margin-bottom: 30px;'>\n<div style='flex: 1 1 300px; min-width: 280px;'>\n<h3 style='font-size: 22px; border-bottom: 2px solid currentColor; padding-bottom: 5px; margin-top: 0; color: inherit; opacity: 0.8;'>Caracter\u00edsticas<\/h3>\n<ul style='padding-left: 20px; font-size: 15px; color: inherit;'>\n<li style='margin-bottom: 5px;'>Amplificador incorporado de 500W<\/li>\n<li style='margin-bottom: 5px;'>8 Zonas con doble salida independiente de bocina A + B<\/li>\n<li style='margin-bottom: 5px;'>Procesamiento de audio con 6 entradas de audio generales&comma; se le puede conectar un microfono externo&comma; reproductor de CD&comma; radio&comma; etc.<\/li>\n<li style='margin-bottom: 5px;'>Amplificador de respaldo para continuar funcionando en caso de fallo<\/li>\n<li style='margin-bottom: 5px;'>Monitoreo autom\u00e1tico en tiempo real de las bocinas de cada zona<\/li>\n<li style='margin-bottom: 5px;'>8 puertos de Trigger entrada\/salida con mensajes de voz programables por zona<\/li>\n<li style='margin-bottom: 5px;'>Puerto de extensi\u00f3n para conectar otro dispositivo controlador<\/li>\n<li style='margin-bottom: 5px;'>Protecci\u00f3n contra alta tensi\u00f3n<\/li>\n<\/ul><\/div>\n<div style='flex: 1 1 300px; min-width: 280px;'>\n<h3 style='font-size: 22px; border-bottom: 2px solid currentColor; padding-bottom: 5px; margin-top: 0; color: inherit; opacity: 0.8;'>Especificaciones de audio<\/h3>\n<ul style='padding-left: 20px; font-size: 15px; color: inherit;'>\n<li style='margin-bottom: 5px;'><strong>Audio an\u00e1logo:<\/strong> Entrada de micr\u00f3fono con sensibilidad \u00b12.5 mV&comma; Impedancia 1 K\u03a9<\/li>\n<li style='margin-bottom: 5px;'><strong>Entrada de control:<\/strong> Corto circuito<\/li>\n<li style='margin-bottom: 5px;'><strong>Comunicaci\u00f3n:<\/strong> Interfase RS485&comma; capacidad m\u00e1xima 38400 bps<\/li>\n<li style='margin-bottom: 5px;'><strong>Control:<\/strong> Cada zona cuenta con su propio LED indicador&comma; bot\u00f3n de control de salida y ajuste de volumen<\/li>\n<li style='margin-bottom: 5px;'><strong>MIC 1-2:<\/strong> Distorsi\u00f3n de entrada: <1% (rango de salida)&comma; 1KHz<\/li>\n<li style='margin-bottom: 5px;'><strong>MIC 1-2:<\/strong> Frecuencia de respuesta de entrada: 80Hz~20KHz<\/li>\n<li style='margin-bottom: 5px;'><strong>MIC 1-2:<\/strong> Sensibilidad de entrada: 5mV\/600\u03a9<\/li>\n<li style='margin-bottom: 5px;'><strong>MIC 1-2:<\/strong> SNR de entrada: >65dB<\/li>\n<li style='margin-bottom: 5px;'><strong>AUX 3-6:<\/strong> Distorsi\u00f3n de entrada: <1% (rango de salida)&comma; 1KHz<\/li>\n<li style='margin-bottom: 5px;'><strong>AUX 3-6:<\/strong> Frecuencia de respuesta de entrada: 80Hz~20KHz<\/li>\n<li style='margin-bottom: 5px;'><strong>AUX 3-6:<\/strong> Sensibilidad de entrada: 350mV\/10k\u03a9<\/li>\n<li style='margin-bottom: 5px;'><strong>AUX 3-6:<\/strong> SNR de entrada: >70dB<\/li>\n<\/ul><\/div>\n<div style='flex: 1 1 300px; min-width: 280px;'>\n<h3 style='font-size: 22px; border-bottom: 2px solid currentColor; padding-bottom: 5px; margin-top: 0; color: inherit; opacity: 0.8;'>Caracter\u00edsticas f\u00edsicas y el\u00e9ctricas<\/h3>\n<ul style='padding-left: 20px; font-size: 15px; color: inherit;'>\n<li style='margin-bottom: 5px;'><strong>Entradas de alarma:<\/strong> 8<\/li>\n<li style='margin-bottom: 5px;'><strong>Salidas de alarma:<\/strong> 8<\/li>\n<li style='margin-bottom: 5px;'><strong>Entrada de zonas:<\/strong> 8<\/li>\n<li style='margin-bottom: 5px;'><strong>Salidas de relay:<\/strong> 8<\/li>\n<li style='margin-bottom: 5px;'><strong>Potencia de salida nominal:<\/strong> 500W<\/li>\n<li style='margin-bottom: 5px;'><strong>Fuente de alimentaci\u00f3n:<\/strong> 110 V \u00b1 20%&comma; 60 Hz<\/li>\n<li style='margin-bottom: 5px;'><strong>Fusible:<\/strong> 4.5 A<\/li>\n<li style='margin-bottom: 5px;'><strong>Consumo de corriente:<\/strong> 3A<\/li>\n<li style='margin-bottom: 5px;'><strong>Consumo:<\/strong> 600W<\/li>\n<li style='margin-bottom: 5px;'><strong>Dimensiones:<\/strong> 484 x 88 x 353 mm (Largo&comma; ancho y profundo)<\/li>\n<li style='margin-bottom: 5px;'><strong>Peso neto:<\/strong> 11.4 kg<\/li>\n<li style='margin-bottom: 5px;'><strong>Temperatura de funcionamiento:<\/strong> +5 \u00b0C ~ +40 \u00b0C<\/li>\n<li style='margin-bottom: 5px;'><strong>Temperatura de almacenamiento:<\/strong> -20 \u00b0C ~ +70 \u00b0C<\/li>\n<li style='margin-bottom: 5px;'><strong>Requiere:<\/strong> 24 VDC para respaldo (2 bater\u00edas PS-12330NB en serie)<\/li>\n<\/ul><\/div>\n<\/p><\/div>\n<p> <!-- Notas adicionales --> <\/p>\n<div style='margin-bottom: 30px;'>\n<div style='margin-bottom: 15px; color: inherit; font-size: 15px;'> <strong style='color: inherit;'>Nota:<\/strong> Este dispositivo cuenta con una protecci\u00f3n inteligente contra alto voltaje. El equipo entrar\u00e1 en modo protecci\u00f3n al sensar un voltaje arriba de los 127VAC lo cual evita que haya una p\u00e9rdida total del equipo. Se recomienda utilizar un regulador de voltaje o alimentar su equipo con un UPS en lugares donde la tensi\u00f3n el\u00e9ctrica sea mayor o existan picos altos de voltaje. <\/div>\n<div style='margin-bottom: 15px; color: inherit; font-size: 15px;'> <strong style='color: inherit;'>Requiere:<\/strong> SF6200MA para funcionar <\/div>\n<div style='margin-bottom: 15px; color: inherit; font-size: 15px;'> <strong style='color: inherit;'>Consejo \u00fatil:<\/strong> Si desea conectar 19 SF6200MS en cascada&comma; recomendamos una distancia de 300 a 500 metros entre el controlador SF6200MA y el \u00faltimo SF6200MS. Para conexiones menores a 6 unidades&comma; la distancia puede ser de 900 m a 1 km. <\/div>\n<div style='margin-bottom: 15px; color: inherit; font-size: 15px;'> <strong style='color: inherit;'>Cable requerido:<\/strong> Cable de bocina <\/div>\n<\/p><\/div>\n<p> <!-- Imagen adicional --> <\/p>\n<div style='margin-bottom: 30px;'> <img style='width: 100%; height: auto; border: 1px solid rgba(150&comma;150&comma;150&comma;0.3); border-radius: 8px;' src='https:\/\/ftp3.syscom.mx\/usuarios\/xguereque\/Imagenes\/epcom-pro-audio\/img_01.jpg' alt=''> <\/div>\n<p> <!-- Im\u00e1genes secundarias en grid --> <\/p>\n<div style='display: flex; flex-wrap: wrap; gap: 20px; margin-bottom: 30px;'>\n<div style='flex: 1 1 300px; min-width: 280px;'> <img style='width: 100%; height: auto; border: 1px solid rgba(150&comma;150&comma;150&comma;0.3); border-radius: 8px;' src='https:\/\/ftp3.syscom.mx\/usuarios\/albamaria\/albamaria\/cctv\/epcomtitanium\/1.png' alt=''> <\/div>\n<div style='flex: 1 1 300px; min-width: 280px;'> <img style='width: 100%; height: auto; border: 1px solid rgba(150&comma;150&comma;150&comma;0.3); border-radius: 8px;' src='https:\/\/ftp3.syscom.mx\/usuarios\/albamaria\/albamaria\/cctv\/epcomtitanium\/3.png' alt=''> <\/div>\n<div style='flex: 1 1 300px; min-width: 280px;'> <img style='width: 100%; height: auto; border: 1px solid rgba(150&comma;150&comma;150&comma;0.3); border-radius: 8px;' src='https:\/\/ftp3.syscom.mx\/usuarios\/albamaria\/albamaria\/cctv\/epcomtitanium\/2.png' alt=''> <\/div>\n<\/p><\/div>\n<\/p><\/div>\n","protected":false},"excerpt":{"rendered":"<p>Controlador de Extensi\u00f3n de Evacuaci\u00f3n de Voz | 8 Zonas | 500W | Soporta M\u00e1x. 19 SF6200MS en Cascada<\/p>\n","protected":false},"featured_media":8329,"comment_status":"open","ping_status":"closed","template":"","meta":[],"product_brand":[],"product_cat":[108],"product_tag":[110,109],"class_list":{"0":"post-8330","1":"product","2":"type-product","3":"status-publish","4":"has-post-thumbnail","6":"product_cat-epcom-proaudio","7":"product_tag-epcom-proaudio","8":"product_tag-megafonia-y-audioevacuacion","10":"first","11":"outofstock","12":"sale","13":"shipping-taxable","14":"purchasable","15":"product-type-simple"},"_links":{"self":[{"href":"https:\/\/soydeaqui.ddns.net\/pachuca\/index.php\/wp-json\/wp\/v2\/product\/8330","targetHints":{"allow":["GET"]}}],"collection":[{"href":"https:\/\/soydeaqui.ddns.net\/pachuca\/index.php\/wp-json\/wp\/v2\/product"}],"about":[{"href":"https:\/\/soydeaqui.ddns.net\/pachuca\/index.php\/wp-json\/wp\/v2\/types\/product"}],"replies":[{"embeddable":true,"href":"https:\/\/soydeaqui.ddns.net\/pachuca\/index.php\/wp-json\/wp\/v2\/comments?post=8330"}],"wp:featuredmedia":[{"embeddable":true,"href":"https:\/\/soydeaqui.ddns.net\/pachuca\/index.php\/wp-json\/wp\/v2\/media\/8329"}],"wp:attachment":[{"href":"https:\/\/soydeaqui.ddns.net\/pachuca\/index.php\/wp-json\/wp\/v2\/media?parent=8330"}],"wp:term":[{"taxonomy":"product_brand","embeddable":true,"href":"https:\/\/soydeaqui.ddns.net\/pachuca\/index.php\/wp-json\/wp\/v2\/product_brand?post=8330"},{"taxonomy":"product_cat","embeddable":true,"href":"https:\/\/soydeaqui.ddns.net\/pachuca\/index.php\/wp-json\/wp\/v2\/product_cat?post=8330"},{"taxonomy":"product_tag","embeddable":true,"href":"https:\/\/soydeaqui.ddns.net\/pachuca\/index.php\/wp-json\/wp\/v2\/product_tag?post=8330"}],"curies":[{"name":"wp","href":"https:\/\/api.w.org\/{rel}","templated":true}]}}