{"id":83291,"date":"2026-03-19T20:02:12","date_gmt":"2026-03-19T20:02:12","guid":{"rendered":"https:\/\/soydeaqui.ddns.net\/pachuca\/index.php\/producto\/estacion-de-intercomunicacion-sip-con-wi-fi-6-bluetooth-y-control-total-para-agendamiento-de-salas-y-edificios-inteligentes-color-blanco\/"},"modified":"2026-03-19T20:02:31","modified_gmt":"2026-03-19T20:02:31","slug":"estacion-de-intercomunicacion-sip-con-wi-fi-6-bluetooth-y-control-total-para-agendamiento-de-salas-y-edificios-inteligentes-color-blanco","status":"publish","type":"product","link":"https:\/\/soydeaqui.ddns.net\/pachuca\/index.php\/producto\/estacion-de-intercomunicacion-sip-con-wi-fi-6-bluetooth-y-control-total-para-agendamiento-de-salas-y-edificios-inteligentes-color-blanco\/","title":{"rendered":"Estaci\u00f3n de Intercomunicaci\u00f3n SIP con Wi-Fi 6, Bluetooth y Control Total para Agendamiento de Salas y Edificios Inteligentes (Color Blanco)"},"content":{"rendered":"<div style='width: 100%; max-width: 1200px; margin: 0 auto; font-family: sans-serif; line-height: 1.6; color: inherit; background-color: transparent;'>\n<h2 style='text-align: center; font-size: 24px; margin-top: 0; color: inherit; opacity: 0.9;'>Estaci\u00f3n de control e intercomunicador HD GSC3574<\/h2>\n<div style='display: flex; flex-wrap: wrap; gap: 30px; margin-bottom: 30px;'>\n<div style='flex: 1 1 300px; min-width: 280px;'>\n<p style='text-align: justify; font-size: 15px; color: inherit; margin-bottom: 15px;'>Los <strong>GSC3574<\/strong> y <strong>GSC3575<\/strong> son potentes estaciones de intercomunicaci\u00f3n y control de instalaciones dise\u00f1adas para proporcionar un dispositivo especializado para gestionar las comunicaciones de las instalaciones&comma; el acceso a las puertas&comma; seguridad&comma; control de amenidades en edificios inteligentes y automatizados&comma; y m\u00e1s. Estos dispositivos se pueden montar en la pared como una soluci\u00f3n para un f\u00e1cil control de puertas&comma; comunicaci\u00f3n por intercomunicador y voceo&comma; gesti\u00f3n de c\u00e1maras de seguridad&comma; gesti\u00f3n de salas de conferencias con integraci\u00f3n de UCM y compatibilidad con UC en toda la instalaci\u00f3n.<\/p>\n<p style='text-align: justify; font-size: 15px; color: inherit; margin-bottom: 15px;'>Funcionan con <em>Android\u2122 versi\u00f3n 13<\/em> y son compatibles con aplicaciones de iluminaci\u00f3n&comma; HVAC&comma; programaci\u00f3n y oficinas inteligentes en Google Play Store. Estaciones con pantalla t\u00e1ctil capacitiva LCD de 7 pulgadas&comma; audio HD d\u00faplex completo y conectividad Wi-Fi 6 de doble banda y puerto PoE 100 Mbps.<\/p>\n<p style='text-align: justify; font-size: 15px; color: inherit; margin-bottom: 0;'>Dise\u00f1ados para integrarse con productos Grandstream incluyendo soluciones de acceso a puertas GDS&comma; dispositivos de intercomunicaci\u00f3n y voceo GSC. Ideales para entornos que requieren control de acceso&comma; comunicaci\u00f3n&comma; seguridad y soluciones de oficina inteligente.<\/p>\n<\/p><\/div>\n<\/p><\/div>\n<div style='display: flex; flex-wrap: wrap; justify-content: center; margin: 30px 0;'> <img style='width: 100%; max-width: 1200px; height: auto; border: 1px solid rgba(150&comma;150&comma;150&comma;0.3); border-radius: 8px;' src='https:\/\/ftp3.syscom.mx\/usuarios\/fotos\/GSC3574\/235014-social-image_gsc3574-3575_no_text.png' alt=''> <\/div>\n<div style='display: flex; flex-wrap: wrap; gap: 20px; margin-bottom: 30px;'>\n<div style='flex: 1 1 250px; border: 1px solid rgba(150&comma; 150&comma; 150&comma; 0.4); border-radius: 8px; overflow: hidden; display: flex; flex-direction: column;'>\n<div style='padding: 15px; border-bottom: 1px solid rgba(150&comma; 150&comma; 150&comma; 0.2); font-weight: bold; font-size: 18px; color: inherit;'>Conectividad<\/div>\n<div style='padding: 15px; color: inherit;'>\n<ul style='padding-left: 20px; margin: 0; font-size: 14px; list-style-type: disc;'>\n<li style='margin-bottom: 5px;'><strong>Interfaz de red:<\/strong> 1 puerto 10\/100M con PoE<\/li>\n<li style='margin-bottom: 5px;'><strong>Wi-Fi:<\/strong> Wi-Fi 6 de doble banda 802.11 a\/b\/g\/n\/ac\/ax (2.4 GHz y 5 GHz)<\/li>\n<li style='margin-bottom: 5px;'><strong>Bluetooth:<\/strong> Bluetooth 5.0 integrado<\/li>\n<\/ul><\/div>\n<\/p><\/div>\n<div style='flex: 1 1 250px; border: 1px solid rgba(150&comma; 150&comma; 150&comma; 0.4); border-radius: 8px; overflow: hidden; display: flex; flex-direction: column;'>\n<div style='padding: 15px; border-bottom: 1px solid rgba(150&comma; 150&comma; 150&comma; 0.2); font-weight: bold; font-size: 18px; color: inherit;'>Caracter\u00edsticas T\u00e9cnicas<\/div>\n<div style='padding: 15px; color: inherit;'>\n<ul style='padding-left: 20px; margin: 0; font-size: 14px; list-style-type: disc;'>\n<li style='margin-bottom: 5px;'><strong>Pantalla:<\/strong> T\u00e1ctil capacitiva TFT LCD de 7&#8221; 1024\u00d7600<\/li>\n<li style='margin-bottom: 5px;'><strong>Memoria:<\/strong> 2GB RAM&comma; 8GB eMMC<\/li>\n<li style='margin-bottom: 5px;'><strong>Audio:<\/strong> Altavoces duales con banda ancha&comma; micr\u00f3fono integrado&comma; cancelaci\u00f3n de eco<\/li>\n<li style='margin-bottom: 5px;'><strong>Protocolos:<\/strong> SIP RFC3261&comma; TCP\/IP\/UDP&comma; RTP\/RTCP&comma; HTTP\/HTTPS&comma; ARP&comma; ICMP&comma; DNS&comma; DHCP&comma; PPPoE&comma; SSH&comma; TFTP&comma; NTP&comma; STUN&comma; SIMPLE&comma; LLDP-MED&comma; LDAP&comma; TR-069&comma; 802.1x&comma; TLS&comma; SRTP&comma; IPv6&comma; Open VPN<\/li>\n<\/ul><\/div>\n<\/p><\/div>\n<div style='flex: 1 1 250px; border: 1px solid rgba(150&comma; 150&comma; 150&comma; 0.4); border-radius: 8px; overflow: hidden; display: flex; flex-direction: column;'>\n<div style='padding: 15px; border-bottom: 1px solid rgba(150&comma; 150&comma; 150&comma; 0.2); font-weight: bold; font-size: 18px; color: inherit;'>Funciones de Control<\/div>\n<div style='padding: 15px; color: inherit;'>\n<ul style='padding-left: 20px; margin: 0; font-size: 14px; list-style-type: disc;'>\n<li style='margin-bottom: 5px;'><strong>Entradas de alarma:<\/strong> 8 canales (6 entradas&comma; 2 entradas de voltaje)<\/li>\n<li style='margin-bottom: 5px;'><strong>Salidas de alarma:<\/strong> 2 rel\u00e9s (125V CA\/0.5A o 30V CC\/2A)<\/li>\n<li style='margin-bottom: 5px;'><strong>Accesorios:<\/strong> Puerto USB 2.0 tipo A&comma; ranura micro SD (hasta 512GB)<\/li>\n<li style='margin-bottom: 5px;'><strong>Aplicaciones:<\/strong> Contactos&comma; Historial&comma; Configuraci\u00f3n&comma; Correo de voz&comma; API\/SDK para integraci\u00f3n<\/li>\n<\/ul><\/div>\n<\/p><\/div>\n<div style='flex: 1 1 250px; border: 1px solid rgba(150&comma; 150&comma; 150&comma; 0.4); border-radius: 8px; overflow: hidden; display: flex; flex-direction: column;'>\n<div style='padding: 15px; border-bottom: 1px solid rgba(150&comma; 150&comma; 150&comma; 0.2); font-weight: bold; font-size: 18px; color: inherit;'>Especificaciones F\u00edsicas<\/div>\n<div style='padding: 15px; color: inherit;'>\n<ul style='padding-left: 20px; margin: 0; font-size: 14px; list-style-type: disc;'>\n<li style='margin-bottom: 5px;'><strong>Colores:<\/strong> GSC3574: Blanco; GSC3575: Negro<\/li>\n<li style='margin-bottom: 5px;'><strong>Energ\u00eda:<\/strong> 12V CC\/1.5A o PoE IEEE 802.3af Clase 3<\/li>\n<li style='margin-bottom: 5px;'><strong>Consumo:<\/strong> <13W<\/li>\n<li style='margin-bottom: 5px;'><strong>Dimensiones:<\/strong> 182 x 122 x 26.2 mm<\/li>\n<li style='margin-bottom: 5px;'><strong>Peso:<\/strong> 408g<\/li>\n<\/ul><\/div>\n<\/p><\/div>\n<div style='flex: 1 1 250px; border: 1px solid rgba(150&comma; 150&comma; 150&comma; 0.4); border-radius: 8px; overflow: hidden; display: flex; flex-direction: column;'>\n<div style='padding: 15px; border-bottom: 1px solid rgba(150&comma; 150&comma; 150&comma; 0.2); font-weight: bold; font-size: 18px; color: inherit;'>Especificaciones Adicionales<\/div>\n<div style='padding: 15px; color: inherit;'>\n<ul style='padding-left: 20px; margin: 0; font-size: 14px; list-style-type: disc;'>\n<li style='margin-bottom: 5px;'><strong>Temperatura:<\/strong> 0\u00b0C a 40\u00b0C operaci\u00f3n&comma; -10\u00b0C a 60\u00b0C almacenamiento<\/li>\n<li style='margin-bottom: 5px;'><strong>Humedad:<\/strong> 10% a 90% sin condensaci\u00f3n<\/li>\n<li style='margin-bottom: 5px;'><strong>Certificaciones:<\/strong> FCC&comma; CE&comma; RCM&comma; EAC<\/li>\n<li style='margin-bottom: 5px;'><strong>Seguridad:<\/strong> Arranque y datos seguros&comma; im\u00e1genes dobles&comma; contrase\u00f1as de seguridad&comma; autenticaci\u00f3n MD5&comma; configuraci\u00f3n AES-256&comma; SRTP&comma; TLS&comma; 802.1x<\/li>\n<\/ul><\/div>\n<\/p><\/div>\n<\/p><\/div>\n<hr style='border: 0; border-top: 1px solid rgba(150&comma; 150&comma; 150&comma; 0.3); margin: 30px 0;'>\n<div style='display: flex; flex-wrap: wrap; gap: 30px; margin-bottom: 30px;'>\n<div style='flex: 1 1 300px; min-width: 280px;'>\n<h3 style='font-size: 22px; border-bottom: 2px solid currentColor; padding-bottom: 5px; margin-top: 0; color: inherit; opacity: 0.8;'>Compatibilidad y Gesti\u00f3n<\/h3>\n<ul style='padding-left: 20px; font-size: 15px; color: inherit;'>\n<li style='margin-bottom: 5px;'><strong>C\u00f3decs de voz:<\/strong> G.711\u03bc\/a&comma; G.722&comma; G.726-32&comma; iLBC&comma; Opus&comma; G.729A\/B<\/li>\n<li style='margin-bottom: 5px;'><strong>Decodificadores de video:<\/strong> H.264 BP\/MP\/HP&comma; M-JPEG hasta 720p a 30fps<\/li>\n<li style='margin-bottom: 5px;'><strong>QoS:<\/strong> 802.1Q&comma; 802.1p&comma; 802.11e&comma; ToS&comma; DiffServ&comma; MPLS<\/li>\n<li style='margin-bottom: 5px;'><strong>Actualizaci\u00f3n:<\/strong> TFTP\/HTTP\/HTTPS&comma; TR-069&comma; XML cifrado&comma; SD&comma; USB<\/li>\n<li style='margin-bottom: 5px;'><strong>Multi-idioma:<\/strong> Ingl\u00e9s&comma; alem\u00e1n&comma; italiano&comma; franc\u00e9s&comma; espa\u00f1ol&comma; portugu\u00e9s&comma; ruso&comma; polaco&comma; hebreo&comma; checo&comma; holand\u00e9s&comma; turco&comma; sueco&comma; ucraniano&comma; \u00e1rabe&comma; chino&comma; coreano&comma; japon\u00e9s y m\u00e1s<\/li>\n<\/ul><\/div>\n<div style='flex: 1 1 300px; min-width: 280px;'>\n<h3 style='font-size: 22px; border-bottom: 2px solid currentColor; padding-bottom: 5px; margin-top: 0; color: inherit; opacity: 0.8;'>Funciones de Telefon\u00eda<\/h3>\n<ul style='padding-left: 20px; font-size: 15px; color: inherit;'>\n<li style='margin-bottom: 5px;'>6 cuentas SIP<\/li>\n<li style='margin-bottom: 5px;'>Retenci\u00f3n y espera de llamadas<\/li>\n<li style='margin-bottom: 5px;'>Registro de llamadas<\/li>\n<li style='margin-bottom: 5px;'>Respuesta autom\u00e1tica<\/li>\n<li style='margin-bottom: 5px;'>Compatibilidad con UCM y UC<\/li>\n<\/ul><\/div>\n<\/p><\/div>\n<div style='display: flex; flex-wrap: wrap; gap: 30px; margin-bottom: 30px;'>\n<div style='flex: 1 1 300px; min-width: 280px;'>\n<h3 style='font-size: 22px; border-bottom: 2px solid currentColor; padding-bottom: 5px; margin-top: 0; color: inherit; opacity: 0.8;'>Contenido del Paquete<\/h3>\n<ul style='padding-left: 20px; font-size: 15px; color: inherit;'>\n<li style='margin-bottom: 5px;'>Unidad GSC3574\/GSC3575<\/li>\n<li style='margin-bottom: 5px;'>Gu\u00eda de instalaci\u00f3n r\u00e1pida<\/li>\n<li style='margin-bottom: 5px;'>Soporte de montaje en pared 0\u00b0<\/li>\n<li style='margin-bottom: 5px;'>Soporte de montaje en pared\/sobremesa 20\u00b0<\/li>\n<li style='margin-bottom: 5px;'>Cinta adhesiva<\/li>\n<li style='margin-bottom: 5px;'>6 anclajes expansores<\/li>\n<li style='margin-bottom: 5px;'>8 tornillos<\/li>\n<\/ul><\/div>\n<\/p><\/div>\n<\/p><\/div>\n","protected":false},"excerpt":{"rendered":"<p>Estaci\u00f3n de Intercomunicaci\u00f3n SIP con Wi-Fi 6, Bluetooth y Control Total para Agendamiento de Salas y Edificios Inteligentes (Color Blanco)<\/p>\n","protected":false},"featured_media":83290,"comment_status":"open","ping_status":"closed","template":"","meta":[],"product_brand":[],"product_cat":[856],"product_tag":[909,557,857],"class_list":{"0":"post-83291","1":"product","2":"type-product","3":"status-publish","4":"has-post-thumbnail","6":"product_cat-videoporteros-ip","7":"product_tag-grandstream","8":"product_tag-videoporteros-e-interfonos","9":"product_tag-videoporteros-ip","11":"first","12":"instock","13":"sale","14":"shipping-taxable","15":"purchasable","16":"product-type-simple"},"_links":{"self":[{"href":"https:\/\/soydeaqui.ddns.net\/pachuca\/index.php\/wp-json\/wp\/v2\/product\/83291","targetHints":{"allow":["GET"]}}],"collection":[{"href":"https:\/\/soydeaqui.ddns.net\/pachuca\/index.php\/wp-json\/wp\/v2\/product"}],"about":[{"href":"https:\/\/soydeaqui.ddns.net\/pachuca\/index.php\/wp-json\/wp\/v2\/types\/product"}],"replies":[{"embeddable":true,"href":"https:\/\/soydeaqui.ddns.net\/pachuca\/index.php\/wp-json\/wp\/v2\/comments?post=83291"}],"wp:featuredmedia":[{"embeddable":true,"href":"https:\/\/soydeaqui.ddns.net\/pachuca\/index.php\/wp-json\/wp\/v2\/media\/83290"}],"wp:attachment":[{"href":"https:\/\/soydeaqui.ddns.net\/pachuca\/index.php\/wp-json\/wp\/v2\/media?parent=83291"}],"wp:term":[{"taxonomy":"product_brand","embeddable":true,"href":"https:\/\/soydeaqui.ddns.net\/pachuca\/index.php\/wp-json\/wp\/v2\/product_brand?post=83291"},{"taxonomy":"product_cat","embeddable":true,"href":"https:\/\/soydeaqui.ddns.net\/pachuca\/index.php\/wp-json\/wp\/v2\/product_cat?post=83291"},{"taxonomy":"product_tag","embeddable":true,"href":"https:\/\/soydeaqui.ddns.net\/pachuca\/index.php\/wp-json\/wp\/v2\/product_tag?post=83291"}],"curies":[{"name":"wp","href":"https:\/\/api.w.org\/{rel}","templated":true}]}}