{"id":83289,"date":"2026-03-19T20:02:06","date_gmt":"2026-03-19T20:02:06","guid":{"rendered":"https:\/\/soydeaqui.ddns.net\/pachuca\/index.php\/producto\/switch-administrable-poe-16-puertos-poe-af-at-gigabit-2-x-sfp-gigabit-administracion-cloud-gratuita-presupuesto-240-w\/"},"modified":"2026-03-19T20:02:07","modified_gmt":"2026-03-19T20:02:07","slug":"switch-administrable-poe-16-puertos-poe-af-at-gigabit-2-x-sfp-gigabit-administracion-cloud-gratuita-presupuesto-240-w","status":"publish","type":"product","link":"https:\/\/soydeaqui.ddns.net\/pachuca\/index.php\/producto\/switch-administrable-poe-16-puertos-poe-af-at-gigabit-2-x-sfp-gigabit-administracion-cloud-gratuita-presupuesto-240-w\/","title":{"rendered":"Switch Administrable PoE  \/ 16 puertos PoE af\/at Gigabit \/  2 x SFP Gigabit \/ Administraci\u00f3n Cloud Gratuita \/ Presupuesto 240 W"},"content":{"rendered":"<div style='width: 100%; max-width: 1200px; margin: 0 auto; font-family: sans-serif; line-height: 1.6; color: inherit; background-color: transparent;'> <!-- Imagen principal --> <\/p>\n<div style='display: flex; justify-content: center; margin: 15px 0;'> <img style='width: 100%; height: auto; border: 1px solid rgba(150&comma;150&comma;150&comma;0.3); border-radius: 8px;' src='https:\/\/ftp3.syscom.mx\/usuarios\/fotos\/WIPCES318GF\/234925-captura_de_pantalla_2025-05-14_094157.png' alt='Imagen principal'> <\/div>\n<p> <!-- Secci\u00f3n de protecci\u00f3n contra bucles --> <\/p>\n<div style='display: flex; flex-direction: column; align-items: center; text-align: center; margin: 30px 0;'>\n<h3 style='font-size: 22px; border-bottom: 2px solid currentColor; padding-bottom: 5px; margin-top: 0; color: inherit; opacity: 0.8;'>Protecci\u00f3n autom\u00e1tica contra bucles<\/h3>\n<p> <img style='width: 100%; height: auto; border: 1px solid rgba(150&comma;150&comma;150&comma;0.3); border-radius: 8px; margin-top: 15px;' src='https:\/\/ftp3.syscom.mx\/usuarios\/fotos\/WIPCES318GF\/234925-captura_de_pantalla_2025-05-14_094535.png' alt='Protecci\u00f3n contra bucles'> <\/div>\n<p> <!-- Secci\u00f3n de administraci\u00f3n remota --> <\/p>\n<div style='display: flex; flex-direction: column; align-items: center; text-align: center; margin: 30px 0;'>\n<h3 style='font-size: 22px; border-bottom: 2px solid currentColor; padding-bottom: 5px; margin-top: 0; color: inherit; opacity: 0.8;'>Administra tus Equipos de Manera Remota<\/h3>\n<p> <img style='width: 100%; height: auto; border: 1px solid rgba(150&comma;150&comma;150&comma;0.3); border-radius: 8px; margin-top: 15px;' src='https:\/\/ftp3.syscom.mx\/usuarios\/fotos\/WIPCES310GFF\/234784-captura_de_pantalla_2025-05-14_090336.png' alt='Administraci\u00f3n remota'> <\/div>\n<p> <!-- Secci\u00f3n de administraci\u00f3n en la nube --> <\/p>\n<div style='display: flex; flex-direction: column; align-items: center; text-align: center; margin: 30px 0;'>\n<h3 style='font-size: 22px; border-bottom: 2px solid currentColor; padding-bottom: 5px; margin-top: 0; color: inherit; opacity: 0.8;'>Administraci\u00f3n y gesti\u00f3n desde la nube de forma gratuita<\/h3>\n<p> <img style='width: 100%; height: auto; border: 1px solid rgba(150&comma;150&comma;150&comma;0.3); border-radius: 8px; margin-top: 15px;' src='https:\/\/ftp3.syscom.mx\/usuarios\/fotos\/WIPCES318GF\/234925-captura_de_pantalla_2025-05-14_094859.png' alt='Administraci\u00f3n en la nube'> <\/div>\n<p> <!-- Secci\u00f3n de monitoreo en tiempo real --> <\/p>\n<div style='display: flex; flex-direction: column; align-items: center; text-align: center; margin: 30px 0;'>\n<h3 style='font-size: 22px; border-bottom: 2px solid currentColor; padding-bottom: 5px; margin-top: 0; color: inherit; opacity: 0.8;'>Monitoreo en tiempo real<\/h3>\n<p> <img style='width: 100%; height: auto; border: 1px solid rgba(150&comma;150&comma;150&comma;0.3); border-radius: 8px; margin-top: 15px;' src='https:\/\/ftp3.syscom.mx\/usuarios\/fotos\/WIPCES318GF\/234925-captura_de_pantalla_2025-05-14_095003.png' alt='Monitoreo en tiempo real'> <\/div>\n<p> <!-- Secci\u00f3n de especificaciones --> <\/p>\n<div style='display: flex; flex-wrap: wrap; gap: 20px; margin-bottom: 30px;'>\n<div style='flex: 1 1 250px; border: 1px solid rgba(150&comma; 150&comma; 150&comma; 0.4); border-radius: 8px; overflow: hidden; display: flex; flex-direction: column;'>\n<div style='padding: 15px; border-bottom: 1px solid rgba(150&comma; 150&comma; 150&comma; 0.2); font-weight: bold; font-size: 18px; color: inherit;'>Caracter\u00edsticas<\/div>\n<div style='padding: 15px; color: inherit;'>\n<ul style='padding-left: 20px; margin: 0; font-size: 14px; list-style-type: disc;'>\n<li style='margin-bottom: 5px;'><strong>Dimensiones:<\/strong> 440 x 207 x 44 mm<\/li>\n<li style='margin-bottom: 5px;'><strong>Interfaces:<\/strong> (16) Puertos RJ45 10\/100\/1000 Mbps&comma; (2) Puertos SFP<\/li>\n<li style='margin-bottom: 5px;'><strong>Ventilador:<\/strong> 2<\/li>\n<li style='margin-bottom: 5px;'><strong>Presupuesto PoE:<\/strong> 240 W<\/li>\n<li style='margin-bottom: 5px;'><strong>Puertos PoE:<\/strong> Puertos 1-16 PoE af\/at&comma; Hasta 30W<\/li>\n<\/ul><\/div>\n<\/p><\/div>\n<div style='flex: 1 1 250px; border: 1px solid rgba(150&comma; 150&comma; 150&comma; 0.4); border-radius: 8px; overflow: hidden; display: flex; flex-direction: column;'>\n<div style='padding: 15px; border-bottom: 1px solid rgba(150&comma; 150&comma; 150&comma; 0.2); font-weight: bold; font-size: 18px; color: inherit;'>Especificaciones t\u00e9cnicas<\/div>\n<div style='padding: 15px; color: inherit;'>\n<ul style='padding-left: 20px; margin: 0; font-size: 14px; list-style-type: disc;'>\n<li style='margin-bottom: 5px;'><strong>Fuente de alimentaci\u00f3n Interna:<\/strong> 100-240 Vca&comma; 50\/60 Hz<\/li>\n<li style='margin-bottom: 5px;'><strong>Puertos PoE (RJ45):<\/strong> End-span 1\/2(+)&comma; 3\/6(-)<\/li>\n<li style='margin-bottom: 5px;'><strong>Bandwidth:<\/strong> 36Gbps<\/li>\n<li style='margin-bottom: 5px;'><strong>Mac Address Table:<\/strong> 8K<\/li>\n<li style='margin-bottom: 5px;'><strong>Packet Forwarding Rate:<\/strong> 26.78Mpps<\/li>\n<\/ul><\/div>\n<\/p><\/div>\n<div style='flex: 1 1 250px; border: 1px solid rgba(150&comma; 150&comma; 150&comma; 0.4); border-radius: 8px; overflow: hidden; display: flex; flex-direction: column;'>\n<div style='padding: 15px; border-bottom: 1px solid rgba(150&comma; 150&comma; 150&comma; 0.2); font-weight: bold; font-size: 18px; color: inherit;'>Caracter\u00edsticas avanzadas<\/div>\n<div style='padding: 15px; color: inherit;'>\n<ul style='padding-left: 20px; margin: 0; font-size: 14px; list-style-type: disc;'>\n<li style='margin-bottom: 5px;'><strong>Consumo:<\/strong> 10W sin equipos conectados<\/li>\n<li style='margin-bottom: 5px;'><strong>Temperatura de Operaci\u00f3n:<\/strong> -10 a 50\u00b0 C<\/li>\n<li style='margin-bottom: 5px;'><strong>Certificaciones:<\/strong> CE&comma; FCC&comma; RoHS<\/li>\n<li style='margin-bottom: 5px;'><strong>Contenido del Paquete:<\/strong> Switch WI-PCES318GF&comma; Montaje para rack&comma; Cable de alimentaci\u00f3n&comma; Gu\u00eda de instalaci\u00f3n\/Garant\u00eda<\/li>\n<\/ul><\/div>\n<\/p><\/div>\n<div style='flex: 1 1 250px; border: 1px solid rgba(150&comma; 150&comma; 150&comma; 0.4); border-radius: 8px; overflow: hidden; display: flex; flex-direction: column;'>\n<div style='padding: 15px; border-bottom: 1px solid rgba(150&comma; 150&comma; 150&comma; 0.2); font-weight: bold; font-size: 18px; color: inherit;'>Funciones avanzadas<\/div>\n<div style='padding: 15px; color: inherit;'>\n<ul style='padding-left: 20px; margin: 0; font-size: 14px; list-style-type: disc;'>\n<li style='margin-bottom: 5px;'><strong>Ajustes Switch:<\/strong> Ajustes puerto&comma; Estad\u00edstica de puerto&comma; Control de tormentas&comma; Port mirroring&comma; Port Insolation&comma; Bandwith control&comma; Link Aggregation&comma; Loop Guard&comma; Static MAC&comma; Alarma&comma; B\u00fasqueda de MAC&comma; Ajustes de PoE&comma; Detecci\u00f3n de ONVIF<\/li>\n<li style='margin-bottom: 5px;'><strong>Cloud:<\/strong> MQTT Cliente&comma; Descubrimiento de dispositivos Wi-Tek<\/li>\n<li style='margin-bottom: 5px;'><strong>VLAN:<\/strong> VLAN ID&comma; Ajuste de VLAN<\/li>\n<li style='margin-bottom: 5px;'><strong>Administraci\u00f3n:<\/strong> Web GUI&comma; L\u00ednea de Comandos (CLI)&comma; SNTP&comma; Cloud<\/li>\n<\/ul><\/div>\n<\/p><\/div>\n<\/p><\/div>\n<p> <!-- Separador final --> <\/p>\n<hr style='border: 0; border-top: 1px solid rgba(150&comma; 150&comma; 150&comma; 0.3); margin: 30px 0;'> <\/div>\n","protected":false},"excerpt":{"rendered":"<p>Switch Administrable PoE  \/ 16 puertos PoE af\/at Gigabit \/  2 x SFP Gigabit \/ Administraci\u00f3n Cloud Gratuita \/ Presupuesto 240 W<\/p>\n","protected":false},"featured_media":83288,"comment_status":"open","ping_status":"closed","template":"","meta":[],"product_brand":[],"product_cat":[1986],"product_tag":[664,1987,1262],"class_list":{"0":"post-83289","1":"product","2":"type-product","3":"status-publish","4":"has-post-thumbnail","6":"product_cat-switches-poe","7":"product_tag-networking","8":"product_tag-switches-poe","9":"product_tag-wi-tek","11":"first","12":"instock","13":"sale","14":"shipping-taxable","15":"purchasable","16":"product-type-simple"},"_links":{"self":[{"href":"https:\/\/soydeaqui.ddns.net\/pachuca\/index.php\/wp-json\/wp\/v2\/product\/83289","targetHints":{"allow":["GET"]}}],"collection":[{"href":"https:\/\/soydeaqui.ddns.net\/pachuca\/index.php\/wp-json\/wp\/v2\/product"}],"about":[{"href":"https:\/\/soydeaqui.ddns.net\/pachuca\/index.php\/wp-json\/wp\/v2\/types\/product"}],"replies":[{"embeddable":true,"href":"https:\/\/soydeaqui.ddns.net\/pachuca\/index.php\/wp-json\/wp\/v2\/comments?post=83289"}],"wp:featuredmedia":[{"embeddable":true,"href":"https:\/\/soydeaqui.ddns.net\/pachuca\/index.php\/wp-json\/wp\/v2\/media\/83288"}],"wp:attachment":[{"href":"https:\/\/soydeaqui.ddns.net\/pachuca\/index.php\/wp-json\/wp\/v2\/media?parent=83289"}],"wp:term":[{"taxonomy":"product_brand","embeddable":true,"href":"https:\/\/soydeaqui.ddns.net\/pachuca\/index.php\/wp-json\/wp\/v2\/product_brand?post=83289"},{"taxonomy":"product_cat","embeddable":true,"href":"https:\/\/soydeaqui.ddns.net\/pachuca\/index.php\/wp-json\/wp\/v2\/product_cat?post=83289"},{"taxonomy":"product_tag","embeddable":true,"href":"https:\/\/soydeaqui.ddns.net\/pachuca\/index.php\/wp-json\/wp\/v2\/product_tag?post=83289"}],"curies":[{"name":"wp","href":"https:\/\/api.w.org\/{rel}","templated":true}]}}