{"id":83282,"date":"2026-03-19T20:01:48","date_gmt":"2026-03-19T20:01:48","guid":{"rendered":"https:\/\/soydeaqui.ddns.net\/pachuca\/index.php\/producto\/access-point-unifi-u7-pro-max-con-8-streams-espaciales-para-techo-o-pared-tribanda-2-4-5-6ghz-radio-dedicado-a-escaneo-espectral-puerto-2-5-gbe-500-clientes-poe-no-incluido-para-al\/"},"modified":"2026-03-19T20:02:03","modified_gmt":"2026-03-19T20:02:03","slug":"access-point-unifi-u7-pro-max-con-8-streams-espaciales-para-techo-o-pared-tribanda-2-4-5-6ghz-radio-dedicado-a-escaneo-espectral-puerto-2-5-gbe-500-clientes-poe-no-incluido-para-al","status":"publish","type":"product","link":"https:\/\/soydeaqui.ddns.net\/pachuca\/index.php\/producto\/access-point-unifi-u7-pro-max-con-8-streams-espaciales-para-techo-o-pared-tribanda-2-4-5-6ghz-radio-dedicado-a-escaneo-espectral-puerto-2-5-gbe-500-clientes-poe-no-incluido-para-al\/","title":{"rendered":"Access Point UniFi U7 Pro Max con 8 streams espaciales \/ para Techo o Pared \/ Tribanda (2.4\/5\/6GHz) \/ Radio Dedicado a Escaneo Espectral \/ Puerto 2.5 GbE \/ +500 clientes \/ POE+ (No incluido) \/ Para alta densidad de usuarios en escenarios exigentes"},"content":{"rendered":"<div style='width: 100%; max-width: 1200px; margin: 0 auto; font-family: sans-serif; line-height: 1.6; color: inherit; background-color: transparent;'>\n<div style='display: flex; flex-wrap: wrap; gap: 30px; margin-bottom: 30px;'>\n<div style='flex: 1 1 300px; min-width: 280px;'>\n<h3 style='font-size: 22px; border-bottom: 2px solid currentColor; padding-bottom: 5px; margin-top: 0; color: inherit; opacity: 0.8;'>Caracter\u00edsticas principales<\/h3>\n<ul style='padding-left: 20px; font-size: 15px; color: inherit;'>\n<li style='margin-bottom: 5px;'><strong>Est\u00e1ndar WiFi:<\/strong> WiFi 7 con soporte de 6 GHz<\/li>\n<li style='margin-bottom: 5px;'><strong>Flujos espaciales:<\/strong> 8 flujos espaciales<\/li>\n<li style='margin-bottom: 5px;'><strong>Escaneo espectral:<\/strong> An\u00e1lisis espectral en tiempo real para una mejor selecci\u00f3n de canales*<\/li>\n<li style='margin-bottom: 5px;'><strong>Cobertura:<\/strong> 160 m\u00b2 (1.750 ft\u00b2)<\/li>\n<li style='margin-bottom: 5px;'><strong>Dispositivos conectados:<\/strong> M\u00e1s de 500 dispositivos conectados<\/li>\n<li style='margin-bottom: 5px;'><strong>Alimentaci\u00f3n:<\/strong> PoE+ (No incluido&comma; opcional U-POE-AT o SW POE+ Multigigabit)<\/li>\n<li style='margin-bottom: 5px;'><strong>Puerto:<\/strong> 1\/2.5 GbE<\/li>\n<\/ul>\n<p style='font-size: 12px; color: inherit; margin-top: 15px;'><strong>Nota:<\/strong> El funcionamiento a 6 GHz es compatible en <a href='https:\/\/help.ui.com\/hc\/en-us\/articles\/8691786444567' style='color: #006fff; text-decoration: none;'>estos pa\u00edses<\/a>. La capacidad de operaci\u00f3n multienlace (MLO) estar\u00e1 disponible pr\u00f3ximamente y se proporcionar\u00e1 mediante una actualizaci\u00f3n de software.<br \/>*Requiere UniFi Network 8.2.93 y posterior.<br \/>Todos los productos de red UniFi requieren ser administrados a trav\u00e9s de la aplicaci\u00f3n UniFi Network&comma; a trav\u00e9s de un UniFi OS Console o UniFi Network Server.<\/p>\n<\/p><\/div>\n<div style='flex: 1 1 300px; min-width: 280px;'> <img style='width: 100%; height: auto; border: 1px solid rgba(150&comma;150&comma;150&comma;0.3); border-radius: 8px;' src='https:\/\/images.svc.ui.com\/?u=https%3A%2F%2Fcdn.ecomm.ui.com%2Fproducts%2F350070a0-ae43-431b-b052-8e849c3b0a75%2Fbad94693-bc54-4ab4-b060-9b972401941c.png&#038;q=75&#038;w=3840' alt=''> <\/div>\n<\/p><\/div>\n<div style='display: flex; flex-wrap: wrap; gap: 20px; margin-bottom: 30px;'>\n<div style='flex: 1 1 250px; border: 1px solid rgba(150&comma; 150&comma; 150&comma; 0.4); border-radius: 8px; overflow: hidden; display: flex; flex-direction: column;'>\n<div style='padding: 15px; border-bottom: 1px solid rgba(150&comma; 150&comma; 150&comma; 0.2); font-weight: bold; font-size: 18px; color: inherit;'>Mec\u00e1nico<\/div>\n<div style='padding: 15px; color: inherit;'>\n<ul style='padding-left: 20px; margin: 0; font-size: 14px; list-style-type: disc;'>\n<li style='margin-bottom: 5px;'><strong>Dimensiones:<\/strong> \u00d8206 x 46 mm (\u00d88&comma;1 x 1&comma;8&#8242;)<\/li>\n<li style='margin-bottom: 5px;'><strong>Peso:<\/strong> 680 gramos (1&comma;5 libras)<\/li>\n<li style='margin-bottom: 5px;'><strong>Material de la carcasa:<\/strong> Policarbonato&comma; aluminio<\/li>\n<li style='margin-bottom: 5px;'><strong>Material de montaje:<\/strong> Acero inoxidable (SUS304)&comma; acero galvanizado (SGCC)<\/li>\n<\/ul><\/div>\n<\/p><\/div>\n<div style='flex: 1 1 250px; border: 1px solid rgba(150&comma; 150&comma; 150&comma; 0.4); border-radius: 8px; overflow: hidden; display: flex; flex-direction: column;'>\n<div style='padding: 15px; border-bottom: 1px solid rgba(150&comma; 150&comma; 150&comma; 0.2); font-weight: bold; font-size: 18px; color: inherit;'>Hardware<\/div>\n<div style='padding: 15px; color: inherit;'>\n<ul style='padding-left: 20px; margin: 0; font-size: 14px; list-style-type: disc;'>\n<li style='margin-bottom: 5px;'><strong>Interfaz de red:<\/strong> (1) puerto RJ45 de 1\/2&comma;5 GbE<\/li>\n<li style='margin-bottom: 5px;'><strong>Interfaz de gesti\u00f3n:<\/strong> Ethernet<\/li>\n<li style='margin-bottom: 5px;'><strong>M\u00e9todo de alimentaci\u00f3n:<\/strong> PoE+ (NO incluido&comma; opcional U-POE-AT o SW POE+ Multigigabit)<\/li>\n<li style='margin-bottom: 5px;'><strong>Fuente de alimentaci\u00f3n:<\/strong> Conmutador PoE UniFi<\/li>\n<li style='margin-bottom: 5px;'><strong>Rango de voltaje admitido:<\/strong> 44\u201457 V CC<\/li>\n<li style='margin-bottom: 5px;'><strong>Consumo m\u00e1ximo de energ\u00eda:<\/strong> 25 W<\/li>\n<li style='margin-bottom: 5px;'><strong>Temperatura de funcionamiento:<\/strong> -30 a 50\u00b0 C (-22 a 122\u00b0 F)<\/li>\n<li style='margin-bottom: 5px;'><strong>Humedad de funcionamiento:<\/strong> 5 a 95% sin condensaci\u00f3n<\/li>\n<li style='margin-bottom: 5px;'><strong>Certificaciones:<\/strong> CE&comma; FCC&comma; IC<\/li>\n<\/ul><\/div>\n<\/p><\/div>\n<div style='flex: 1 1 250px; border: 1px solid rgba(150&comma; 150&comma; 150&comma; 0.4); border-radius: 8px; overflow: hidden; display: flex; flex-direction: column;'>\n<div style='padding: 15px; border-bottom: 1px solid rgba(150&comma; 150&comma; 150&comma; 0.2); font-weight: bold; font-size: 18px; color: inherit;'>Software<\/div>\n<div style='padding: 15px; color: inherit;'>\n<ul style='padding-left: 20px; margin: 0; font-size: 14px; list-style-type: disc;'>\n<li style='margin-bottom: 5px;'><strong>Est\u00e1ndares WiFi:<\/strong> 802.11a\/b\/g\/n\/ac\/ax\/be (Wi-Fi 6\/6E&comma; Wi-Fi 7)<\/li>\n<li style='margin-bottom: 5px;'><strong>Seguridad inal\u00e1mbrica:<\/strong> WPA-PSK&comma; WPA-Enterprise (WPA\/WPA2\/WPA3\/PPSK)<\/li>\n<li style='margin-bottom: 5px;'><strong>Identificador de base de datos:<\/strong> 8 por radio<\/li>\n<li style='margin-bottom: 5px;'><strong>VLAN:<\/strong> 802.1Q<\/li>\n<li style='margin-bottom: 5px;'><strong>QoS avanzado:<\/strong> Limitaci\u00f3n de velocidad por usuario<\/li>\n<li style='margin-bottom: 5px;'><strong>Aislamiento de tr\u00e1fico de invitados:<\/strong> S\u00ed<\/li>\n<li style='margin-bottom: 5px;'><strong>Clientes concurrentes:<\/strong> 500+<\/li>\n<\/ul><\/div>\n<\/p><\/div>\n<\/p><\/div>\n<div style='display: flex; flex-wrap: wrap; gap: 20px; margin-bottom: 30px;'>\n<div style='flex: 1 1 250px; border: 1px solid rgba(150&comma; 150&comma; 150&comma; 0.4); border-radius: 8px; overflow: hidden; display: flex; flex-direction: column;'>\n<div style='padding: 15px; border-bottom: 1px solid rgba(150&comma; 150&comma; 150&comma; 0.2); font-weight: bold; font-size: 18px; color: inherit;'>Velocidades de datos admitidas<\/div>\n<div style='padding: 15px; color: inherit;'>\n<ul style='padding-left: 20px; margin: 0; font-size: 14px; list-style-type: disc;'>\n<li style='margin-bottom: 5px;'><strong>802.11a:<\/strong> 6&comma; 9&comma; 12&comma; 18&comma; 24&comma; 36&comma; 48&comma; 54 Mbps<\/li>\n<li style='margin-bottom: 5px;'><strong>802.11b:<\/strong> 1&comma; 2&comma; 5&comma;5&comma; 11 Mbps<\/li>\n<li style='margin-bottom: 5px;'><strong>802.11g:<\/strong> 6&comma; 9&comma; 12&comma; 18&comma; 24&comma; 36&comma; 48&comma; 54 Mbps<\/li>\n<li style='margin-bottom: 5px;'><strong>802.11n:<\/strong> De 6&comma;5 Mbps a 300 Mbps (MCS0 &#8211; MCS15&comma; HT 20\/40)<\/li>\n<li style='margin-bottom: 5px;'><strong>802.11ac:<\/strong> De 6&comma;5 Mbps a 1&comma;7 Gbps (MCS0 &#8211; MCS9 NSS1\/2&comma; VHT 20\/40\/80\/160)<\/li>\n<li style='margin-bottom: 5px;'><strong>802.11ax (Wi-Fi 6\/6E):<\/strong> De 7&comma;3 Mbps a 4&comma;8 Gbps (MCS0 &#8211; MCS11 NSS1\/2\/3\/4&comma; HE 20\/40\/80\/160)<\/li>\n<li style='margin-bottom: 5px;'><strong>802.11be (WiFi 7):<\/strong> De 7&comma;3 Mbps a 8&comma;6 Gbps (MCS0 &#8211; MCS13 NSS1\/2\/3\/4&comma; EHT 20\/40\/80\/160\/240) en 5 GHz<br \/>De 7&comma;3 Mbps a 5&comma;7 Gbps (MCS0 &#8211; MCS13 NSS1\/2&comma; EHT 20\/40\/80\/160\/240\/320) en 6 GHz<\/li>\n<\/ul><\/div>\n<\/p><\/div>\n<div style='flex: 1 1 250px; border: 1px solid rgba(150&comma; 150&comma; 150&comma; 0.4); border-radius: 8px; overflow: hidden; display: flex; flex-direction: column;'>\n<div style='padding: 15px; border-bottom: 1px solid rgba(150&comma; 150&comma; 150&comma; 0.2); font-weight: bold; font-size: 18px; color: inherit;'>Caracter\u00edsticas adicionales<\/div>\n<div style='padding: 15px; color: inherit;'>\n<ul style='padding-left: 20px; margin: 0; font-size: 14px; list-style-type: disc;'>\n<li style='margin-bottom: 5px;'><strong>Potencia de transmisi\u00f3n:<\/strong><br \/>2&comma;4 GHz: 23 dBm<br \/>5 GHz: 29 dBm<br \/>6 GHz: 23 dBm<\/li>\n<li style='margin-bottom: 5px;'><strong>MIMO:<\/strong><br \/>2&comma;4 GHz: 2 x 2 (DL\/UL MU-MIMO)<br \/>5 GHz: 4 x 4 (DL\/UL MU-MIMO)<br \/>6 GHz: 2 x 2 (DL\/UL MU-MIMO)<\/li>\n<li style='margin-bottom: 5px;'><strong>Velocidad m\u00e1xima:<\/strong><br \/>2&comma;4 GHz: 688 Mbps (BW40)<br \/>5 GHz: 8&comma;6 Gbps (BW240)<br \/>6 GHz: 5&comma;7 Gbps (BW320)<\/li>\n<li style='margin-bottom: 5px;'><strong>Ganancia de antena:<\/strong><br \/>2&comma;4 GHz: 4 dBi<br \/>5 GHz: 6 dBi<br \/>6 GHz: 5&comma;9 dBi<\/li>\n<li style='margin-bottom: 5px;'><strong>LED:<\/strong> Blanco\/azul<\/li>\n<li style='margin-bottom: 5px;'><strong>Bot\u00f3n:<\/strong> Restablecimiento de f\u00e1brica<\/li>\n<li style='margin-bottom: 5px;'><strong>Montaje:<\/strong> Pared&comma; techo (Incluido)<\/li>\n<\/ul><\/div>\n<\/p><\/div>\n<\/p><\/div>\n<div style='display: flex; flex-wrap: wrap; gap: 30px; margin-bottom: 30px;'>\n<div style='flex: 1 1 300px; min-width: 280px;'>\n<div style='margin-bottom: 15px; font-weight: bold; font-size: 18px; color: inherit;'>Contenido del paquete<\/div>\n<p> <img style='width: 100%; height: auto; border: 1px solid rgba(150&comma;150&comma;150&comma;0.3); border-radius: 8px;' src='https:\/\/images.svc.ui.com\/?u=https%3A%2F%2Fcdn.ecomm.ui.com%2Fproducts%2F350070a0-ae43-431b-b052-8e849c3b0a75%2F1cd2e88b-ed19-4bf3-8194-088352c317ff.png&#038;q=75&#038;w=2048' alt=''> <\/div>\n<div style='flex: 1 1 300px; min-width: 280px;'>\n<div style='margin-bottom: 15px; font-weight: bold; font-size: 18px; color: inherit;'>Aplicaci\u00f3n UniFi<\/div>\n<p> <img style='width: 100%; height: auto; border: 1px solid rgba(150&comma;150&comma;150&comma;0.3); border-radius: 8px;' src='https:\/\/cdn.shopify.com\/s\/files\/1\/1439\/1668\/files\/SW-UniFi-Network.png?v=1658934022' alt=''> <\/p>\n<p style='font-size: 12px; color: inherit; margin-top: 10px;'>Administre de forma centralizada m\u00faltiples redes desde una interfaz intuitiva&comma; disfrute de informaci\u00f3n de dispositivos en tiempo real y opciones de configuraci\u00f3n profundas&comma; actualice el firmware del dispositivo de forma remota&comma; administre usuarios de red e invitados con facilidad y personalice el dise\u00f1o&comma; la arquitectura y la privacidad de los puntos de acceso para invitados.<\/p>\n<\/p><\/div>\n<\/p><\/div>\n<div style='display: flex; flex-wrap: wrap; gap: 30px; margin-bottom: 30px;'>\n<div style='flex: 1 1 300px; min-width: 280px;'>\n<div style='margin-bottom: 15px; font-weight: bold; font-size: 18px; color: inherit;'>Dise\u00f1o elegante<\/div>\n<p> <img style='width: 100%; height: auto; border: 1px solid rgba(150&comma;150&comma;150&comma;0.3); border-radius: 8px;' src='https:\/\/images.svc.ui.com\/?u=https%3A%2F%2Fcdn.ecomm.ui.com%2Fproducts%2F350070a0-ae43-431b-b052-8e849c3b0a75%2Ff208875b-2f20-4c8d-90e8-7d1cdb3c159d.png&#038;q=75&#038;w=3840' alt=''> <\/div>\n<div style='flex: 1 1 300px; min-width: 280px;'>\n<div style='margin-bottom: 15px; font-weight: bold; font-size: 18px; color: inherit;'>Vista interior<\/div>\n<p> <img style='width: 100%; height: auto; border: 1px solid rgba(150&comma;150&comma;150&comma;0.3); border-radius: 8px;' src='https:\/\/images.svc.ui.com\/?u=https%3A%2F%2Fcdn.ecomm.ui.com%2Fproducts%2F350070a0-ae43-431b-b052-8e849c3b0a75%2Fa7afc5ea-5d9f-49fb-a3b1-2c56eedaed14.png&#038;q=75&#038;w=1920' alt=''> <\/div>\n<div style='flex: 1 1 300px; min-width: 280px;'>\n<div style='margin-bottom: 15px; font-weight: bold; font-size: 18px; color: inherit;'>Distribuci\u00f3n de canales<\/div>\n<p> <img style='width: 100%; height: auto; border: 1px solid rgba(150&comma;150&comma;150&comma;0.3); border-radius: 8px;' src='https:\/\/images.svc.ui.com\/?u=https%3A%2F%2Fcdn.ecomm.ui.com%2Fproducts%2F350070a0-ae43-431b-b052-8e849c3b0a75%2Fdd9b9247-1806-45e9-987c-c6b6ede5d30d.png&#038;q=75&#038;w=1920' alt=''> <\/div>\n<div style='flex: 1 1 300px; min-width: 280px;'>\n<div style='margin-bottom: 15px; font-weight: bold; font-size: 18px; color: inherit;'>Instalaci\u00f3n<\/div>\n<p> <img style='width: 100%; height: auto; border: 1px solid rgba(150&comma;150&comma;150&comma;0.3); border-radius: 8px;' src='https:\/\/images.svc.ui.com\/?u=https%3A%2F%2Fcdn.ecomm.ui.com%2Fproducts%2F350070a0-ae43-431b-b052-8e849c3b0a75%2Ffb43ed4f-28e8-4f50-8585-6d94adbee99b.png&#038;q=75&#038;w=1920' alt=''> <\/div>\n<div style='flex: 1 1 300px; min-width: 280px;'>\n<div style='margin-bottom: 15px; font-weight: bold; font-size: 18px; color: inherit;'>Detalles del producto<\/div>\n<p> <img style='width: 100%; height: auto; border: 1px solid rgba(150&comma;150&comma;150&comma;0.3); border-radius: 8px;' src='https:\/\/images.svc.ui.com\/?u=https%3A%2F%2Fcdn.ecomm.ui.com%2Fproducts%2F350070a0-ae43-431b-b052-8e849c3b0a75%2Fc956450b-8576-476f-b264-e19d0824df58.png&#038;q=75&#038;w=1920' alt=''> <\/div>\n<div style='flex: 1 1 300px; min-width: 280px;'>\n<div style='margin-bottom: 15px; font-weight: bold; font-size: 18px; color: inherit;'>Vista de red<\/div>\n<p> <img style='width: 100%; height: auto; border: 1px solid rgba(150&comma;150&comma;150&comma;0.3); border-radius: 8px;' src='https:\/\/images.svc.ui.com\/?u=https%3A%2F%2Fcdn.ecomm.ui.com%2Fproducts%2F350070a0-ae43-431b-b052-8e849c3b0a75%2F6e7a979a-035c-4822-946d-62009cbcb240.png&#038;q=75&#038;w=1920' alt=''> <\/div>\n<\/p><\/div>\n<div style='position: relative; padding-bottom: 56.25%; height: 0; overflow: hidden; margin-bottom: 30px;'>   <\/div>\n<hr style='border: 0; border-top: 1px solid rgba(150&comma; 150&comma; 150&comma; 0.3); margin: 30px 0;'>\n<div style='display: flex; flex-wrap: wrap; gap: 30px; margin-bottom: 30px;'>\n<div style='flex: 1 1 300px; min-width: 280px;'>\n<div style='margin-bottom: 15px; font-weight: bold; font-size: 18px; color: inherit;'>Requisitos del sistema<\/div>\n<ul style='padding-left: 20px; font-size: 15px; color: inherit;'>\n<li style='margin-bottom: 5px;'><strong>Red UniFi:<\/strong> Versi\u00f3n 8.2.93 y posteriores<\/li>\n<\/ul><\/div>\n<\/p><\/div>\n<\/p><\/div>\n","protected":false},"excerpt":{"rendered":"<p>Access Point UniFi U7 Pro Max con 8 streams espaciales \/ para Techo o Pared \/ Tribanda (2.4\/5\/6GHz) \/ Radio Dedicado a Escaneo Espectral \/ Puerto 2.5 GbE \/ +500 clientes \/ POE+ (No incluido) \/ Para alta densidad de usuarios en escenarios exigentes<\/p>\n","protected":false},"featured_media":83281,"comment_status":"open","ping_status":"closed","template":"","meta":[],"product_brand":[],"product_cat":[1794],"product_tag":[1795,1479,166],"class_list":{"0":"post-83282","1":"product","2":"type-product","3":"status-publish","4":"has-post-thumbnail","6":"product_cat-puntos-de-acceso","7":"product_tag-puntos-de-acceso","8":"product_tag-redes-wifi","9":"product_tag-ubiquiti","11":"first","12":"instock","13":"sale","14":"shipping-taxable","15":"purchasable","16":"product-type-simple"},"_links":{"self":[{"href":"https:\/\/soydeaqui.ddns.net\/pachuca\/index.php\/wp-json\/wp\/v2\/product\/83282","targetHints":{"allow":["GET"]}}],"collection":[{"href":"https:\/\/soydeaqui.ddns.net\/pachuca\/index.php\/wp-json\/wp\/v2\/product"}],"about":[{"href":"https:\/\/soydeaqui.ddns.net\/pachuca\/index.php\/wp-json\/wp\/v2\/types\/product"}],"replies":[{"embeddable":true,"href":"https:\/\/soydeaqui.ddns.net\/pachuca\/index.php\/wp-json\/wp\/v2\/comments?post=83282"}],"wp:featuredmedia":[{"embeddable":true,"href":"https:\/\/soydeaqui.ddns.net\/pachuca\/index.php\/wp-json\/wp\/v2\/media\/83281"}],"wp:attachment":[{"href":"https:\/\/soydeaqui.ddns.net\/pachuca\/index.php\/wp-json\/wp\/v2\/media?parent=83282"}],"wp:term":[{"taxonomy":"product_brand","embeddable":true,"href":"https:\/\/soydeaqui.ddns.net\/pachuca\/index.php\/wp-json\/wp\/v2\/product_brand?post=83282"},{"taxonomy":"product_cat","embeddable":true,"href":"https:\/\/soydeaqui.ddns.net\/pachuca\/index.php\/wp-json\/wp\/v2\/product_cat?post=83282"},{"taxonomy":"product_tag","embeddable":true,"href":"https:\/\/soydeaqui.ddns.net\/pachuca\/index.php\/wp-json\/wp\/v2\/product_tag?post=83282"}],"curies":[{"name":"wp","href":"https:\/\/api.w.org\/{rel}","templated":true}]}}