{"id":8326,"date":"2026-03-18T07:07:41","date_gmt":"2026-03-18T07:07:41","guid":{"rendered":"https:\/\/soydeaqui.ddns.net\/pachuca\/index.php\/producto\/ax-hub-detector-inalambrico-de-activos-protege-el-movimiento-de-objetos-de-valor\/"},"modified":"2026-03-18T07:07:43","modified_gmt":"2026-03-18T07:07:43","slug":"ax-hub-detector-inalambrico-de-activos-protege-el-movimiento-de-objetos-de-valor","status":"publish","type":"product","link":"https:\/\/soydeaqui.ddns.net\/pachuca\/index.php\/producto\/ax-hub-detector-inalambrico-de-activos-protege-el-movimiento-de-objetos-de-valor\/","title":{"rendered":"(AX HUB) Detector Inal\u00e1mbrico de Activos \/ Protege el Movimiento de Objetos de Valor"},"content":{"rendered":"<div style='width: 100%; max-width: 1200px; margin: 0 auto; font-family: sans-serif; line-height: 1.6; color: inherit; background-color: transparent;'>\n<p style='text-align: center; margin: 0 0 20px 0; padding: 0;'> <img style='width: 45%; height: auto; border: 1px solid rgba(150&comma;150&comma;150&comma;0.3); border-radius: 8px;' src='https:\/\/ftp3.syscom.mx\/usuarios\/jsosa\/HIKVISION\/imagenes\/logo\/hikvision%20see%20far.png' alt='Logo Hikvision'> <\/p>\n<div style='display: flex; flex-wrap: wrap; gap: 30px; margin-bottom: 30px;'>\n<div style='flex: 1 1 300px; min-width: 280px;'>\n<h3 style='font-size: 22px; border-bottom: 2px solid currentColor; padding-bottom: 5px; margin-top: 0; color: inherit; opacity: 0.8;'>Caracter\u00edsticas principales<\/h3>\n<ul style='padding-left: 20px; font-size: 15px; color: inherit;'>\n<li style='margin-bottom: 5px;'>Comunicaci\u00f3n inal\u00e1mbrica con el panel de alarma.<\/li>\n<li style='margin-bottom: 5px;'>Los datos inal\u00e1mbricos est\u00e1n protegidos por el cifrado AES-128.<\/li>\n<\/ul><\/div>\n<div style='flex: 1 1 300px; min-width: 280px;'>\n<h3 style='font-size: 22px; border-bottom: 2px solid currentColor; padding-bottom: 5px; margin-top: 0; color: inherit; opacity: 0.8;'>Caracter\u00edsticas F\u00edsicas y El\u00e9ctricas<\/h3>\n<ul style='padding-left: 20px; font-size: 15px; color: inherit;'>\n<li style='margin-bottom: 5px;'>Temperatura de operaci\u00f3n: -10 \u00b0C to 55 \u00b0C.<\/li>\n<li style='margin-bottom: 5px;'>Bater\u00eda: CR2450 (Incluida).<\/li>\n<li style='margin-bottom: 5px;'>IP66.<\/li>\n<li style='margin-bottom: 5px;'>Dimensiones: 60 mm \u00d7 31 mm \u00d7 10 mm.<\/li>\n<li style='margin-bottom: 5px;'>Peso: 22 g.<\/li>\n<\/ul><\/div>\n<div style='flex: 1 1 300px; min-width: 280px;'>\n<h3 style='font-size: 22px; border-bottom: 2px solid currentColor; padding-bottom: 5px; margin-top: 0; color: inherit; opacity: 0.8;'>Caracter\u00edsticas Destacadas<\/h3>\n<ul style='padding-left: 20px; font-size: 15px; color: inherit;'>\n<li style='margin-bottom: 5px;'>El extensor recibe la se\u00f1al inal\u00e1mbrica del panel de alarma.<\/li>\n<li style='margin-bottom: 5px;'>Ideal para colocar en equipos que no deben de ser manipulados&comma; como obras de arte&comma; o equipos en exhibici\u00f3n.<\/li>\n<li style='margin-bottom: 5px;'>Configuraciones b\u00e1sicas clic <a href='http:\/\/soporte.syscom.mx\/videovigilancia\/hikvision-configuraciones-del-panel-de-alarmas' target='_blank' rel='noopener noreferrer' style='color: currentColor;'>Aqu\u00ed<\/a><\/li>\n<\/ul><\/div>\n<\/p><\/div>\n<hr style='border: 0; border-top: 1px solid rgba(150&comma; 150&comma; 150&comma; 0.3); margin: 30px 0;'>\n<div style='display: flex; flex-direction: column; align-items: center; text-align: center; margin: 30px 0;'>\n<h3 style='margin: 0 0 15px 0; font-size: 18px; color: inherit;'>Para verificar la compatibilidad de la serie de clic en la imagen o <a href='https:\/\/www.syscom.mx\/principal\/promociones\/paneles_y_accesorios_de_alarmas_de_hikvision-4053.html?ordenar=Relevancia&#038;pag=1' target='_blank' rel='noopener' style='color: currentColor;'>aqu\u00ed<\/a>.<\/h3>\n<p> <img style='width: 100%; height: auto; border: 1px solid rgba(150&comma;150&comma;150&comma;0.3); border-radius: 8px;' src='https:\/\/ftp3.syscom.mx\/usuarios\/jsosa\/HIKVISION\/alarmas\/imagenes\/panel%20ax%20hub%20diagrama%20hikvision.jpg' alt='Diagrama de panel AX Hub'> <\/div>\n<div style='margin: 30px 0;'> <a title='Paneles y accesorios de alarma de Hikvision' href='https:\/\/www.syscom.mx\/principal\/listadoproductosazul\/intrusion-hikvision-paneles-de-alarma-y-accesorios-ax-hub-series-66285.html?ordenar=Precio_de_Menor_a_Mayor&#038;pag=1' target='_blank' rel='noopener'> <img style='width: 100%; height: auto; border: 1px solid rgba(150&comma;150&comma;150&comma;0.3); border-radius: 8px;' src='https:\/\/ftp3.syscom.mx\/usuarios\/jsosa\/banners\/hikvision-integracion.jpg' alt='Banner de integraci\u00f3n Hikvision'> <\/a> <\/div>\n<\/p><\/div>\n","protected":false},"excerpt":{"rendered":"<p>(AX HUB) Detector Inal\u00e1mbrico de Activos \/ Protege el Movimiento de Objetos de Valor<\/p>\n","protected":false},"featured_media":8325,"comment_status":"open","ping_status":"closed","template":"","meta":[],"product_brand":[],"product_cat":[436],"product_tag":[437,19,54],"class_list":{"0":"post-8326","1":"product","2":"type-product","3":"status-publish","4":"has-post-thumbnail","6":"product_cat-activos","7":"product_tag-activos","8":"product_tag-detectores-sensores","9":"product_tag-hikvision","11":"first","12":"instock","13":"sale","14":"shipping-taxable","15":"purchasable","16":"product-type-simple"},"_links":{"self":[{"href":"https:\/\/soydeaqui.ddns.net\/pachuca\/index.php\/wp-json\/wp\/v2\/product\/8326","targetHints":{"allow":["GET"]}}],"collection":[{"href":"https:\/\/soydeaqui.ddns.net\/pachuca\/index.php\/wp-json\/wp\/v2\/product"}],"about":[{"href":"https:\/\/soydeaqui.ddns.net\/pachuca\/index.php\/wp-json\/wp\/v2\/types\/product"}],"replies":[{"embeddable":true,"href":"https:\/\/soydeaqui.ddns.net\/pachuca\/index.php\/wp-json\/wp\/v2\/comments?post=8326"}],"wp:featuredmedia":[{"embeddable":true,"href":"https:\/\/soydeaqui.ddns.net\/pachuca\/index.php\/wp-json\/wp\/v2\/media\/8325"}],"wp:attachment":[{"href":"https:\/\/soydeaqui.ddns.net\/pachuca\/index.php\/wp-json\/wp\/v2\/media?parent=8326"}],"wp:term":[{"taxonomy":"product_brand","embeddable":true,"href":"https:\/\/soydeaqui.ddns.net\/pachuca\/index.php\/wp-json\/wp\/v2\/product_brand?post=8326"},{"taxonomy":"product_cat","embeddable":true,"href":"https:\/\/soydeaqui.ddns.net\/pachuca\/index.php\/wp-json\/wp\/v2\/product_cat?post=8326"},{"taxonomy":"product_tag","embeddable":true,"href":"https:\/\/soydeaqui.ddns.net\/pachuca\/index.php\/wp-json\/wp\/v2\/product_tag?post=8326"}],"curies":[{"name":"wp","href":"https:\/\/api.w.org\/{rel}","templated":true}]}}