{"id":83257,"date":"2026-03-19T20:00:46","date_gmt":"2026-03-19T20:00:46","guid":{"rendered":"https:\/\/soydeaqui.ddns.net\/pachuca\/index.php\/producto\/camara-boroscopio-de-inspeccion-5-5mm-720p-usb-c-lcd-4-3-color-cuello-de-cisne-nylon-de-10-3m-con-iman-espejo-6-leds-bateria-io-li-recargable-ideal-en-electricidad-hvac-plomeria-y-a\/"},"modified":"2026-03-19T20:01:05","modified_gmt":"2026-03-19T20:01:05","slug":"camara-boroscopio-de-inspeccion-5-5mm-720p-usb-c-lcd-4-3-color-cuello-de-cisne-nylon-de-10-3m-con-iman-espejo-6-leds-bateria-io-li-recargable-ideal-en-electricidad-hvac-plomeria-y-a","status":"publish","type":"product","link":"https:\/\/soydeaqui.ddns.net\/pachuca\/index.php\/producto\/camara-boroscopio-de-inspeccion-5-5mm-720p-usb-c-lcd-4-3-color-cuello-de-cisne-nylon-de-10-3m-con-iman-espejo-6-leds-bateria-io-li-recargable-ideal-en-electricidad-hvac-plomeria-y-a\/","title":{"rendered":"C\u00e1mara Boroscopio de Inspecci\u00f3n 5.5mm 720p USB-C,  LCD 4.3&#8243; Color, Cuello de Cisne Nylon de 10&#8242; (3m) con Im\u00e1n, Espejo, 6 LED\u00b4s. Bater\u00eda Io-Li Recargable. Ideal en Electricidad, HVAC, Plomer\u00eda y Aviaci\u00f3n"},"content":{"rendered":"<div style='width: 100%; max-width: 1200px; margin: 0 auto; font-family: sans-serif; line-height: 1.6; color: inherit; background-color: transparent;'> <!-- Imagen principal --> <\/p>\n<div style='margin-bottom: 30px;'> <img style='width: 100%; height: auto; border: 1px solid rgba(150&comma;150&comma;150&comma;0.3); border-radius: 8px;' src='https:\/\/ftp3.syscom.mx\/usuarios\/fotos\/QRST11\/224267-captura_de_pantalla_2023-11-14_a_la(s)_12.59.13%E2%80%AFp.m..png' alt=''> <\/div>\n<p> <!-- Descripci\u00f3n general --> <\/p>\n<div style='margin-bottom: 30px;'>\n<h2 style='font-size: 22px; border-bottom: 2px solid currentColor; padding-bottom: 5px; margin-top: 0; color: inherit; opacity: 0.8;'>Boroscopio Multiusos con C\u00e1mara de Inspecci\u00f3n 5.5mm 720p<\/h2>\n<p style='font-size: 15px; color: inherit; margin-top: 15px;'> El boroscopio multiusos de Klein Tools captura una vista clara de las \u00e1reas de dif\u00edcil acceso. Viene con una c\u00e1mara de exploraci\u00f3n separable de 10&#8242; (3 m) de nylon&comma; USB-C&comma; y accesorios de im\u00e1n&comma; gancho y espejo. Tiene una c\u00e1mara impermeable (IP67) de 5&comma;5 mm con LED ajustables con 4 niveles de brillo. Cuenta con un monitor LCD a color de 4&comma;3&#8221; con resoluci\u00f3n de 854 \u00d7 480&comma; zoom de 3 aumentos y rotaci\u00f3n de la vista de pantalla de 180\u00b0. Puede ver v\u00eddeo o im\u00e1genes capturadas en la pantalla o transferirlos a su PC usando la interfaz USB-C. <\/p>\n<\/p><\/div>\n<p> <!-- Caracter\u00edsticas --> <\/p>\n<div style='margin-bottom: 30px;'>\n<h3 style='font-size: 20px; border-bottom: 2px solid currentColor; padding-bottom: 5px; margin-top: 0; color: inherit; opacity: 0.8;'>Caracter\u00edsticas<\/h3>\n<ul style='padding-left: 20px; font-size: 15px; color: inherit; margin-top: 15px;'>\n<li style='margin-bottom: 10px;'>El boroscopio cuenta con una c\u00e1mara compacta de 5&comma;5 mm resistente al agua (IP67 para la cabeza de la c\u00e1mara y el cable) con resoluci\u00f3n de 720p<\/li>\n<li style='margin-bottom: 10px;'>Pantalla LCD a color de 4&comma;3&#8221; para una visualizaci\u00f3n clara<\/li>\n<li style='margin-bottom: 10px;'>C\u00e1mara de exploraci\u00f3n de nylon de 10&#8242; que pasa a trav\u00e9s de giros&comma; \u00e1ngulos y codos<\/li>\n<li style='margin-bottom: 10px;'>Incluye accesorios de gancho&comma; im\u00e1n y espejo para afrontar una amplia variedad de aplicaciones<\/li>\n<li style='margin-bottom: 10px;'>La c\u00e1mara est\u00e1 rodeada por 6 luces LED brillantes ajustables a 4 niveles de salida<\/li>\n<li style='margin-bottom: 10px;'>El pie de apoyo que se guarda autom\u00e1ticamente se puede extender f\u00e1cilmente para liberar ambas manos en la navegaci\u00f3n<\/li>\n<li style='margin-bottom: 10px;'>Transfiere fotos y videos con interfaz USB-C<\/li>\n<\/ul><\/div>\n<p> <!-- Especificaciones --> <\/p>\n<div style='margin-bottom: 30px;'>\n<h3 style='font-size: 20px; border-bottom: 2px solid currentColor; padding-bottom: 5px; margin-top: 0; color: inherit; opacity: 0.8;'>Especificaciones<\/h3>\n<div style='display: flex; flex-wrap: wrap; gap: 20px; margin-top: 20px;'> <!-- Columna izquierda --> <\/p>\n<div style='flex: 1 1 400px; min-width: 300px;'>\n<div style='border: 1px solid rgba(150&comma; 150&comma; 150&comma; 0.4); border-radius: 8px; overflow: hidden; margin-bottom: 15px;'>\n<div style='padding: 15px; border-bottom: 1px solid rgba(150&comma; 150&comma; 150&comma; 0.2); font-weight: bold; font-size: 16px; color: inherit;'>Especificaciones Generales<\/div>\n<div style='padding: 15px; color: inherit;'>\n<ul style='padding-left: 20px; margin: 0; font-size: 14px; list-style-type: disc;'>\n<li style='margin-bottom: 8px;'><strong>Tipo:<\/strong> USB-C<\/li>\n<li style='margin-bottom: 8px;'><strong>Aplicaci\u00f3n:<\/strong> Servicios el\u00e9ctricos&comma; de HVAC (calefacci\u00f3n&comma; ventilaci\u00f3n y aire acondicionado)&comma; plomer\u00eda y aviaci\u00f3n<\/li>\n<li style='margin-bottom: 8px;'><strong>Caracter\u00edsticas especiales:<\/strong> Cuello de cisne de nylon de 10&#8242; (3 m) y 6 luces LED<\/li>\n<li style='margin-bottom: 8px;'><strong>Material:<\/strong> PC\/ABS<\/li>\n<li style='margin-bottom: 8px;'><strong>Bater\u00edas:<\/strong> De iones de litio<\/li>\n<li style='margin-bottom: 8px;'><strong>Incluye:<\/strong> Boroscopio; sonda con c\u00e1mara de 5&comma;5 mm con cable de 10&#8242; (3 m); cable USB; accesorios de la c\u00e1mara: Im\u00e1n&comma; gancho&comma; espejo; estuche para transporte<\/li>\n<\/ul><\/div>\n<\/p><\/div>\n<\/p><\/div>\n<p> <!-- Columna derecha --> <\/p>\n<div style='flex: 1 1 400px; min-width: 300px;'>\n<div style='border: 1px solid rgba(150&comma; 150&comma; 150&comma; 0.4); border-radius: 8px; overflow: hidden; margin-bottom: 15px;'>\n<div style='padding: 15px; border-bottom: 1px solid rgba(150&comma; 150&comma; 150&comma; 0.2); font-weight: bold; font-size: 16px; color: inherit;'>Especificaciones T\u00e9cnicas<\/div>\n<div style='padding: 15px; color: inherit;'>\n<ul style='padding-left: 20px; margin: 0; font-size: 14px; list-style-type: disc;'>\n<li style='margin-bottom: 8px;'><strong>Longitud total:<\/strong> 6&comma;55&#8221; (16&comma;6 cm)<\/li>\n<li style='margin-bottom: 8px;'><strong>Altura total:<\/strong> 1&comma;51&#8221; (3&comma;8 cm)<\/li>\n<li style='margin-bottom: 8px;'><strong>Ancho total:<\/strong> 3&comma;19&#8221; (8&comma;1 cm)<\/li>\n<li style='margin-bottom: 8px;'><strong>Di\u00e1metro de la cabeza de la c\u00e1mara:<\/strong> 0&comma;22&#8221; (5&comma;5 mm)<\/li>\n<li style='margin-bottom: 8px;'><strong>Funci\u00f3n de apagado autom\u00e1tico:<\/strong> No<\/li>\n<li style='margin-bottom: 8px;'><strong>Registro de datos:<\/strong> No<\/li>\n<li style='margin-bottom: 8px;'><strong>Vida \u00fatil de la bater\u00eda:<\/strong> 3 h<\/li>\n<li style='margin-bottom: 8px;'><strong>Clasificaci\u00f3n IP:<\/strong> IP67 (solo la c\u00e1mara)<\/li>\n<li style='margin-bottom: 8px;'><strong>Peso:<\/strong> 8&comma;6 oz (244 g)<\/li>\n<\/ul><\/div>\n<\/p><\/div>\n<\/p><\/div>\n<p> <!-- Especificaciones de pantalla y c\u00e1mara --> <\/p>\n<div style='flex: 1 1 400px; min-width: 300px;'>\n<div style='border: 1px solid rgba(150&comma; 150&comma; 150&comma; 0.4); border-radius: 8px; overflow: hidden; margin-bottom: 15px;'>\n<div style='padding: 15px; border-bottom: 1px solid rgba(150&comma; 150&comma; 150&comma; 0.2); font-weight: bold; font-size: 16px; color: inherit;'>Pantalla y C\u00e1mara<\/div>\n<div style='padding: 15px; color: inherit;'>\n<ul style='padding-left: 20px; margin: 0; font-size: 14px; list-style-type: disc;'>\n<li style='margin-bottom: 8px;'><strong>Pantalla:<\/strong> Monitor LCD a color con resoluci\u00f3n de 854 \u00d7 480<\/li>\n<li style='margin-bottom: 8px;'><strong>Resoluci\u00f3n de la pantalla:<\/strong> 854 \u00d7 480 m\u00e1x.<\/li>\n<li style='margin-bottom: 8px;'><strong>Resoluci\u00f3n de la c\u00e1mara:<\/strong> 1280 \u00d7 720p<\/li>\n<li style='margin-bottom: 8px;'><strong>Zoom digital:<\/strong> S\u00ed<\/li>\n<li style='margin-bottom: 8px;'><strong>Capacidad de grabaci\u00f3n:<\/strong> Imagen fija y video<\/li>\n<\/ul><\/div>\n<\/p><\/div>\n<\/p><\/div>\n<\/p><\/div>\n<\/p><\/div>\n<p> <!-- Imagen adicional --> <\/p>\n<div style='margin-bottom: 30px;'> <img style='width: 100%; height: auto; border: 1px solid rgba(150&comma;150&comma;150&comma;0.3); border-radius: 8px;' src='https:\/\/ftp3.syscom.mx\/usuarios\/fotos\/ET17\/235182-et17_app11.jpg' alt=''> <\/div>\n<p> <!-- Video --> <\/p>\n<div style='margin-bottom: 30px;'>\n<div style='position: relative; padding-bottom: 56.25%; height: 0; overflow: hidden;'>   <\/div>\n<\/p><\/div>\n<\/p><\/div>\n","protected":false},"excerpt":{"rendered":"<p>C\u00e1mara Boroscopio de Inspecci\u00f3n 5.5mm 720p USB-C,  LCD 4.3&#8243; Color, Cuello de Cisne Nylon de 10&#8242; (3m) con Im\u00e1n, Espejo, 6 LED\u00b4s. Bater\u00eda Io-Li Recargable. Ideal en Electricidad, HVAC, Plomer\u00eda y Aviaci\u00f3n<\/p>\n","protected":false},"featured_media":83256,"comment_status":"open","ping_status":"closed","template":"","meta":[],"product_brand":[],"product_cat":[130],"product_tag":[25,131,432],"class_list":{"0":"post-83257","1":"product","2":"type-product","3":"status-publish","4":"has-post-thumbnail","6":"product_cat-herramientas-electricas","7":"product_tag-herramientas","8":"product_tag-herramientas-electricas","9":"product_tag-klein-tools","11":"first","12":"instock","13":"sale","14":"shipping-taxable","15":"purchasable","16":"product-type-simple"},"_links":{"self":[{"href":"https:\/\/soydeaqui.ddns.net\/pachuca\/index.php\/wp-json\/wp\/v2\/product\/83257","targetHints":{"allow":["GET"]}}],"collection":[{"href":"https:\/\/soydeaqui.ddns.net\/pachuca\/index.php\/wp-json\/wp\/v2\/product"}],"about":[{"href":"https:\/\/soydeaqui.ddns.net\/pachuca\/index.php\/wp-json\/wp\/v2\/types\/product"}],"replies":[{"embeddable":true,"href":"https:\/\/soydeaqui.ddns.net\/pachuca\/index.php\/wp-json\/wp\/v2\/comments?post=83257"}],"wp:featuredmedia":[{"embeddable":true,"href":"https:\/\/soydeaqui.ddns.net\/pachuca\/index.php\/wp-json\/wp\/v2\/media\/83256"}],"wp:attachment":[{"href":"https:\/\/soydeaqui.ddns.net\/pachuca\/index.php\/wp-json\/wp\/v2\/media?parent=83257"}],"wp:term":[{"taxonomy":"product_brand","embeddable":true,"href":"https:\/\/soydeaqui.ddns.net\/pachuca\/index.php\/wp-json\/wp\/v2\/product_brand?post=83257"},{"taxonomy":"product_cat","embeddable":true,"href":"https:\/\/soydeaqui.ddns.net\/pachuca\/index.php\/wp-json\/wp\/v2\/product_cat?post=83257"},{"taxonomy":"product_tag","embeddable":true,"href":"https:\/\/soydeaqui.ddns.net\/pachuca\/index.php\/wp-json\/wp\/v2\/product_tag?post=83257"}],"curies":[{"name":"wp","href":"https:\/\/api.w.org\/{rel}","templated":true}]}}