{"id":83252,"date":"2026-03-19T20:00:34","date_gmt":"2026-03-19T20:00:34","guid":{"rendered":"https:\/\/soydeaqui.ddns.net\/pachuca\/index.php\/producto\/wap-ax-punto-de-acceso-wifi-6-doble-banda-802-11ax\/"},"modified":"2026-03-19T20:00:43","modified_gmt":"2026-03-19T20:00:43","slug":"wap-ax-punto-de-acceso-wifi-6-doble-banda-802-11ax","status":"publish","type":"product","link":"https:\/\/soydeaqui.ddns.net\/pachuca\/index.php\/producto\/wap-ax-punto-de-acceso-wifi-6-doble-banda-802-11ax\/","title":{"rendered":"(wAP ax) Punto de Acceso WiFi 6 doble banda 802.11ax"},"content":{"rendered":"<div style='width: 100%; max-width: 1200px; margin: 0 auto; font-family: sans-serif; line-height: 1.6; color: inherit; background-color: transparent;'>\n<div style='margin-bottom: 30px;'>\n<h3 style='font-size: 22px; border-bottom: 2px solid currentColor; padding-bottom: 5px; margin-top: 0; color: inherit; opacity: 0.8;'>wAP ax: Wi-Fi 6 r\u00e1pido y confiable para entornos desafiantes<\/h3>\n<p style='font-size: 15px; color: inherit; margin: 15px 0;'>wAP ax trae Wi-Fi 6 r\u00e1pido y confiable a su escapada al campo o a cualquier otro entorno desafiante&comma; como una gasolinera rural o una parada de autob\u00fas. El legendario factor de forma resistente a la intemperie de wAP se ha probado durante varias generaciones en todo el mundo&comma; y sigue siendo uno de los favoritos entre los usuarios de MikroTik por su simplicidad y durabilidad.<\/p>\n<p style='font-size: 15px; color: inherit; margin: 15px 0;'>Una poderosa radio de doble banda y doble cadena (2&#215;2 MIMO) garantiza una conexi\u00f3n inal\u00e1mbrica r\u00e1pida y fiable tanto en interiores como en exteriores.<\/p>\n<\/p><\/div>\n<div style='margin-bottom: 30px;'>\n<h3 style='font-size: 22px; border-bottom: 2px solid currentColor; padding-bottom: 5px; color: inherit; opacity: 0.8;'>Wi-Fi 6: M\u00e1s que solo velocidad<\/h3>\n<p style='font-size: 15px; color: inherit; margin: 15px 0;'>Sin duda&comma; Wi-Fi 6 es mucho m\u00e1s r\u00e1pido tanto en el espectro de 2&comma;4 GHz (\u00a1aumento de velocidad de hasta el 90 %!) y espectro de 5 GHz (\u00a1hasta un 40 % m\u00e1s r\u00e1pido!)&comma; pero hay mucho m\u00e1s. Wi-Fi 6 ofrece una eficiencia energ\u00e9tica y seguridad significativamente mejoradas. La protecci\u00f3n del cifrado y el marco de gesti\u00f3n OWE\/WPA3-PSK\/WPA3-EAP ayuda a prevenir todo tipo de ataques&comma; como ataques de fuerza bruta y autenticaci\u00f3n.<\/p>\n<p style='font-size: 15px; color: inherit; margin: 15px 0;'>Y&comma; si tiene varios dispositivos waP ax en un \u00e1rea m\u00e1s grande&comma; disfrutar\u00e1 de la itinerancia de transici\u00f3n r\u00e1pida mejorada sin problemas: sus dispositivos cambiar\u00e1n a la se\u00f1al m\u00e1s fuerte&#8230; \u00a1sin problemas!<\/p>\n<\/p><\/div>\n<div style='margin-bottom: 30px;'>\n<h3 style='font-size: 22px; border-bottom: 2px solid currentColor; padding-bottom: 5px; color: inherit; opacity: 0.8;'>Hardware mejorado para una conectividad ininterrumpida y una gesti\u00f3n sencilla<\/h3>\n<p style='font-size: 15px; color: inherit; margin: 15px 0;'>Este punto de acceso compacto est\u00e1 equipado con una moderna CPU ARM de doble n\u00facleo y funciona con RouterOS v7&comma; lo que garantiza un Internet estable y un excelente rendimiento de VPN en toda su propiedad. El hacha wAP tambi\u00e9n es compatible con nuestro nuevo CAPsMAN para una f\u00e1cil gesti\u00f3n centralizada de m\u00faltiples dispositivos con solo unos pocos clics.<\/p>\n<p style='font-size: 15px; color: inherit; margin: 15px 0;'>El dispositivo cuenta con dos puertos Gigabit Ethernet&comma; con PoE-in en uno para opciones de alimentaci\u00f3n flexibles. Tambi\u00e9n puede usar el conector de CC est\u00e1ndar&comma; porque creemos en darle opciones.<\/p>\n<\/p><\/div>\n<div style='margin-bottom: 30px;'>\n<h3 style='font-size: 22px; border-bottom: 2px solid currentColor; padding-bottom: 5px; color: inherit; opacity: 0.8;'>Dise\u00f1o sigiloso &#8211; Resistente a la intemperie y al vandalismo<\/h3>\n<p style='font-size: 15px; color: inherit; margin: 15px 0;'>El haza wAP est\u00e1 dise\u00f1ado para mezclarse con cualquier entorno. Su dise\u00f1o simple y elegante no atrae ninguna atenci\u00f3n no deseada&comma; lo que lo hace perfecto para espacios p\u00fablicos ocupados o propiedades privadas por igual. wAP se puede fijar de forma segura a cualquier pared o techo externo desde el interior de la carcasa&comma; y hay una abertura en la parte posterior de la carcasa para pasar el cable Ethernet directamente a trav\u00e9s de la pared&comma; manteniendo la configuraci\u00f3n extra discreta y segura.<\/p>\n<\/p><\/div>\n<hr style='border: 0; border-top: 1px solid rgba(150&comma; 150&comma; 150&comma; 0.3); margin: 30px 0;'>\n<div style='display: flex; flex-wrap: wrap; gap: 30px; margin-bottom: 30px;'>\n<div style='flex: 1 1 300px; min-width: 280px;'>\n<h3 style='font-size: 18px; border-bottom: 2px solid currentColor; padding-bottom: 5px; color: inherit; opacity: 0.8; margin-top: 0;'>Especificaciones<\/h3>\n<ul style='padding-left: 20px; font-size: 14px; color: inherit;'>\n<li style='margin-bottom: 5px;'><strong>C\u00f3digo del producto:<\/strong> wAPG-5HaxD2HaxD<\/li>\n<li style='margin-bottom: 5px;'><strong>Arquitectura:<\/strong> ARM 64bit<\/li>\n<li style='margin-bottom: 5px;'><strong>CPU:<\/strong> IPQ-5010<\/li>\n<li style='margin-bottom: 5px;'><strong>N\u00facleos de CPU:<\/strong> 2<\/li>\n<li style='margin-bottom: 5px;'><strong>Frecuencia CPU:<\/strong> 800 MHz<\/li>\n<li style='margin-bottom: 5px;'><strong>Licencia RouterOS:<\/strong> 4<\/li>\n<li style='margin-bottom: 5px;'><strong>Sistema operativo:<\/strong> <a style='color: inherit; text-decoration: underline;' href='https:\/\/help.mikrotik.com\/docs\/display\/ROS\/RouterOS' target='_blank' rel='noopener'>RouterOS v7<\/a><\/li>\n<li style='margin-bottom: 5px;'><strong>RAM:<\/strong> 256 MB<\/li>\n<li style='margin-bottom: 5px;'><strong>Almacenamiento:<\/strong> 128 MB<\/li>\n<li style='margin-bottom: 5px;'><strong>Tipo de almacenamiento:<\/strong> NAND<\/li>\n<li style='margin-bottom: 5px;'><strong>MTBF:<\/strong> Aproximadamente 100&#8217;000 horas a 25\u00b0C<\/li>\n<li style='margin-bottom: 5px;'><strong>Temperatura ambiente:<\/strong> -40 \u00b0C a 70 \u00b0C<\/li>\n<\/ul><\/div>\n<div style='flex: 1 1 300px; min-width: 280px;'>\n<h3 style='font-size: 18px; border-bottom: 2px solid currentColor; padding-bottom: 5px; color: inherit; opacity: 0.8; margin-top: 0;'>Capacidades inal\u00e1mbricas<\/h3>\n<ul style='padding-left: 20px; font-size: 14px; color: inherit;'>\n<li style='margin-bottom: 5px;'><strong>2.4GHz Velocidad:<\/strong> 574 Mbit\/s<\/li>\n<li style='margin-bottom: 5px;'><strong>Cadenas 2.4GHz:<\/strong> 2<\/li>\n<li style='margin-bottom: 5px;'><strong>Est\u00e1ndares 2.4GHz:<\/strong> 802.11b\/g\/n\/ax<\/li>\n<li style='margin-bottom: 5px;'><strong>Ganancia antena 2.4GHz:<\/strong> 2&comma;5 dBi<\/li>\n<li style='margin-bottom: 5px;'><strong>Chipset 2.4GHz:<\/strong> IPQ-5010<\/li>\n<li style='margin-bottom: 5px;'><strong>Generaci\u00f3n 2.4GHz:<\/strong> Wi-Fi 6<\/li>\n<li style='margin-bottom: 5px;'><strong>5GHz Velocidad:<\/strong> 2400 Mbit\/s<\/li>\n<li style='margin-bottom: 5px;'><strong>Cadenas 5GHz:<\/strong> 2<\/li>\n<li style='margin-bottom: 5px;'><strong>Est\u00e1ndares 5GHz:<\/strong> 802.11a\/n\/ac\/ax<\/li>\n<li style='margin-bottom: 5px;'><strong>Ganancia antena 5GHz:<\/strong> 7 dBi<\/li>\n<li style='margin-bottom: 5px;'><strong>Chipset 5GHz:<\/strong> QCN-6102<\/li>\n<li style='margin-bottom: 5px;'><strong>Generaci\u00f3n 5GHz:<\/strong> Wi-Fi 6<\/li>\n<li style='margin-bottom: 5px;'><strong>Velocidad WiFi:<\/strong> AX3000<\/li>\n<\/ul><\/div>\n<div style='flex: 1 1 300px; min-width: 280px;'>\n<h3 style='font-size: 18px; border-bottom: 2px solid currentColor; padding-bottom: 5px; color: inherit; opacity: 0.8; margin-top: 0;'>Ethernet<\/h3>\n<ul style='padding-left: 20px; font-size: 14px; color: inherit;'>\n<li style='margin-bottom: 5px;'><strong>Puertos Gigabit:<\/strong> 2<\/li>\n<\/ul>\n<h3 style='font-size: 18px; border-bottom: 2px solid currentColor; padding-bottom: 5px; color: inherit; opacity: 0.8; margin-top: 20px;'>Potenciando<\/h3>\n<ul style='padding-left: 20px; font-size: 14px; color: inherit;'>\n<li style='margin-bottom: 5px;'><strong>Entradas de CC:<\/strong> 2 (conector de CC&comma; PoE-IN)<\/li>\n<li style='margin-bottom: 5px;'><strong>Voltaje entrada:<\/strong> 12-57 V<\/li>\n<li style='margin-bottom: 5px;'><strong>Consumo energ\u00eda:<\/strong> 9 W<\/li>\n<li style='margin-bottom: 5px;'><strong>Consumo sin accesorios:<\/strong> 9 W<\/li>\n<li style='margin-bottom: 5px;'><strong>Enfriamiento:<\/strong> Pasivo<\/li>\n<li style='margin-bottom: 5px;'><strong>PoE en:<\/strong> 802.3af\/at<\/li>\n<li style='margin-bottom: 5px;'><strong>Voltaje PoE:<\/strong> 18-57 V<\/li>\n<\/ul><\/div>\n<div style='flex: 1 1 300px; min-width: 280px;'>\n<h3 style='font-size: 18px; border-bottom: 2px solid currentColor; padding-bottom: 5px; color: inherit; opacity: 0.8; margin-top: 0;'>Certificaci\u00f3n y aprobaciones<\/h3>\n<ul style='padding-left: 20px; font-size: 14px; color: inherit;'>\n<li style='margin-bottom: 5px;'><strong>Certificaci\u00f3n:<\/strong> CE&comma; FCC&comma; IC&comma; EAC&comma; ROHS<\/li>\n<li style='margin-bottom: 5px;'><strong>Protecci\u00f3n:<\/strong> IP54<\/li>\n<\/ul>\n<h3 style='font-size: 18px; border-bottom: 2px solid currentColor; padding-bottom: 5px; color: inherit; opacity: 0.8; margin-top: 20px;'>Otros<\/h3>\n<ul style='padding-left: 20px; font-size: 14px; color: inherit;'>\n<li style='margin-bottom: 5px;'><strong>Monitor temperatura CPU:<\/strong> S\u00ed<\/li>\n<li style='margin-bottom: 5px;'><strong>Monitor temperatura PCB:<\/strong> S\u00ed<\/li>\n<li style='margin-bottom: 5px;'><strong>Monitor voltaje:<\/strong> S\u00ed<\/li>\n<\/ul><\/div>\n<\/p><\/div>\n<hr style='border: 0; border-top: 1px solid rgba(150&comma; 150&comma; 150&comma; 0.3); margin: 30px 0;'>\n<div style='margin-bottom: 30px;'>\n<h3 style='font-size: 18px; border-bottom: 2px solid currentColor; padding-bottom: 5px; color: inherit; opacity: 0.8; margin-top: 0;'>Piezas incluidas<\/h3>\n<div style='display: flex; flex-wrap: wrap; gap: 20px; margin-top: 15px;'>\n<div style='flex: 1 1 150px; min-width: 120px; text-align: center;'> <img style='width: 100%; height: auto; border: 1px solid rgba(150&comma;150&comma;150&comma;0.3); border-radius: 8px;' src='https:\/\/cdn.mikrotik.com\/web-assets\/rb_images\/part11391161548s.jpg' alt='Adaptador de corriente de 24 V 0&comma;8 A'> <\/p>\n<p style='margin-top: 8px; font-size: 14px; color: inherit;'>Adaptador de corriente de 24 V 0&comma;8 A<\/p>\n<\/p><\/div>\n<div style='flex: 1 1 150px; min-width: 120px; text-align: center;'> <img style='width: 100%; height: auto; border: 1px solid rgba(150&comma;150&comma;150&comma;0.3); border-radius: 8px;' src='https:\/\/cdn.mikrotik.com\/web-assets\/rb_images\/part1141600237409s.jpg' alt='Inyector Gigabit PoE'> <\/p>\n<p style='margin-top: 8px; font-size: 14px; color: inherit;'>Inyector Gigabit PoE<\/p>\n<\/p><\/div>\n<div style='flex: 1 1 150px; min-width: 120px; text-align: center;'> <img style='width: 100%; height: auto; border: 1px solid rgba(150&comma;150&comma;150&comma;0.3); border-radius: 8px;' src='https:\/\/cdn.mikrotik.com\/web-assets\/rb_images\/part651499777780s.jpg' alt='Soporte de escritorio WAP'> <\/p>\n<p style='margin-top: 8px; font-size: 14px; color: inherit;'>Soporte de escritorio WAP<\/p>\n<\/p><\/div>\n<div style='flex: 1 1 150px; min-width: 120px; text-align: center;'> <img style='width: 100%; height: auto; border: 1px solid rgba(150&comma;150&comma;150&comma;0.3); border-radius: 8px;' src='https:\/\/cdn.mikrotik.com\/web-assets\/rb_images\/part691604583471s.jpg' alt='Juego de cierre K-52'> <\/p>\n<p style='margin-top: 8px; font-size: 14px; color: inherit;'>Juego de cierre K-52<\/p>\n<\/p><\/div>\n<div style='flex: 1 1 150px; min-width: 120px; text-align: center;'> <img style='width: 100%; height: auto; border: 1px solid rgba(150&comma;150&comma;150&comma;0.3); border-radius: 8px;' src='https:\/\/cdn.mikrotik.com\/web-assets\/rb_images\/part661499777872s.jpg' alt='Soporte de montaje en techo WAP'> <\/p>\n<p style='margin-top: 8px; font-size: 14px; color: inherit;'>Soporte de montaje en techo WAP<\/p>\n<\/p><\/div>\n<div style='flex: 1 1 150px; min-width: 120px; text-align: center;'> <img style='width: 100%; height: auto; border: 1px solid rgba(150&comma;150&comma;150&comma;0.3); border-radius: 8px;' src='https:\/\/cdn.mikrotik.com\/web-assets\/rb_images\/part521441356359s.jpg' alt='Montaje WAP'> <\/p>\n<p style='margin-top: 8px; font-size: 14px; color: inherit;'>Montaje WAP<\/p>\n<\/p><\/div>\n<div style='flex: 1 1 150px; min-width: 120px; text-align: center;'> <img style='width: 100%; height: auto; border: 1px solid rgba(150&comma;150&comma;150&comma;0.3); border-radius: 8px;' src='https:\/\/cdn.mikrotik.com\/web-assets\/rb_images\/part1021582186477s.jpg' alt='Abrazadera de manguera'> <\/p>\n<p style='margin-top: 8px; font-size: 14px; color: inherit;'>Abrazadera de manguera 1<\/p>\n<\/p><\/div>\n<\/p><\/div>\n<\/p><\/div>\n<div style='margin-bottom: 30px;'>\n<p style='font-size: 14px; color: inherit; margin: 0;'><em>El dispositivo tiene un sistema operativo preinstalado y con licencia. No es necesaria ninguna compra por separado y el producto est\u00e1 listo para usar. El dispositivo incluye actualizaciones de software gratuitas para la vida \u00fatil del producto o un m\u00ednimo de 5 a\u00f1os a partir de la fecha de compra.<\/em><\/p>\n<\/p><\/div>\n<\/p><\/div>\n","protected":false},"excerpt":{"rendered":"<p>(wAP ax) Punto de Acceso WiFi 6 doble banda 802.11ax<\/p>\n","protected":false},"featured_media":83251,"comment_status":"open","ping_status":"closed","template":"","meta":[],"product_brand":[],"product_cat":[1794],"product_tag":[643,1795,1479],"class_list":{"0":"post-83252","1":"product","2":"type-product","3":"status-publish","4":"has-post-thumbnail","6":"product_cat-puntos-de-acceso","7":"product_tag-mikrotik","8":"product_tag-puntos-de-acceso","9":"product_tag-redes-wifi","11":"first","12":"instock","13":"sale","14":"shipping-taxable","15":"purchasable","16":"product-type-simple"},"_links":{"self":[{"href":"https:\/\/soydeaqui.ddns.net\/pachuca\/index.php\/wp-json\/wp\/v2\/product\/83252","targetHints":{"allow":["GET"]}}],"collection":[{"href":"https:\/\/soydeaqui.ddns.net\/pachuca\/index.php\/wp-json\/wp\/v2\/product"}],"about":[{"href":"https:\/\/soydeaqui.ddns.net\/pachuca\/index.php\/wp-json\/wp\/v2\/types\/product"}],"replies":[{"embeddable":true,"href":"https:\/\/soydeaqui.ddns.net\/pachuca\/index.php\/wp-json\/wp\/v2\/comments?post=83252"}],"wp:featuredmedia":[{"embeddable":true,"href":"https:\/\/soydeaqui.ddns.net\/pachuca\/index.php\/wp-json\/wp\/v2\/media\/83251"}],"wp:attachment":[{"href":"https:\/\/soydeaqui.ddns.net\/pachuca\/index.php\/wp-json\/wp\/v2\/media?parent=83252"}],"wp:term":[{"taxonomy":"product_brand","embeddable":true,"href":"https:\/\/soydeaqui.ddns.net\/pachuca\/index.php\/wp-json\/wp\/v2\/product_brand?post=83252"},{"taxonomy":"product_cat","embeddable":true,"href":"https:\/\/soydeaqui.ddns.net\/pachuca\/index.php\/wp-json\/wp\/v2\/product_cat?post=83252"},{"taxonomy":"product_tag","embeddable":true,"href":"https:\/\/soydeaqui.ddns.net\/pachuca\/index.php\/wp-json\/wp\/v2\/product_tag?post=83252"}],"curies":[{"name":"wp","href":"https:\/\/api.w.org\/{rel}","templated":true}]}}