{"id":83242,"date":"2026-03-19T20:00:08","date_gmt":"2026-03-19T20:00:08","guid":{"rendered":"https:\/\/soydeaqui.ddns.net\/pachuca\/index.php\/producto\/altavoz-sip-multicast-de-15w-con-wi-fi-bluetooth-y-3-microfonos-direccionales\/"},"modified":"2026-03-19T20:00:19","modified_gmt":"2026-03-19T20:00:19","slug":"altavoz-sip-multicast-de-15w-con-wi-fi-bluetooth-y-3-microfonos-direccionales","status":"publish","type":"product","link":"https:\/\/soydeaqui.ddns.net\/pachuca\/index.php\/producto\/altavoz-sip-multicast-de-15w-con-wi-fi-bluetooth-y-3-microfonos-direccionales\/","title":{"rendered":"Altavoz SIP Multicast de 15W con Wi-Fi, Bluetooth y 3 Micr\u00f3fonos direccionales"},"content":{"rendered":"<div style='width: 100%; max-width: 1200px; margin: 0 auto; font-family: sans-serif; line-height: 1.6; color: inherit; background-color: transparent;'>\n<div style='display: flex; flex-wrap: wrap; gap: 30px; margin-bottom: 30px;'>\n<div style='flex: 1 1 300px; min-width: 280px;'>\n<h3 style='font-size: 22px; border-bottom: 2px solid currentColor; padding-bottom: 5px; margin-top: 0; color: inherit; opacity: 0.8;'>Descripci\u00f3n<\/h3>\n<p style='font-size: 15px; color: inherit; text-align: justify;'>El GSC3516 es un SIP\/ Altavoz de comunicaci\u00f3n dual que permite que oficinas&comma; escuelas&comma; hospitales&comma; departamentos y m\u00e1s&comma; construyan potentes soluciones de intercomunicaci\u00f3n de voz que ampl\u00edan la seguridad. Este robusto dispositivo de intercomunicaci\u00f3n SIP ofrece funcionalidad de voz bidireccional con un altavoz HD de 15 W de alta fidelidad y 3 micr\u00f3fonos direccionales con Dise\u00f1o de Micr\u00f3fonos Multicanal (por sus siglas en ingl\u00e9s MMAD) y 1 micr\u00f3fono auxiliar omnidireccional que ofrece una distancia de captaci\u00f3n de 4.2 metros.<\/p>\n<p style='font-size: 15px; color: inherit; text-align: justify; margin-top: 15px;'>El GSC3516 soporta dispositivos Bluetooth&comma; listas blancas&comma; listas negras y listas grises integradas para bloquear f\u00e1cilmente llamadas no deseadas&comma; Wi-Fi de doble banda integrado y cancelaci\u00f3n avanzada de eco ac\u00fastico. Al emparejar el GSC3516 con otros dispositivos Grandstream&comma; incluidos los tel\u00e9fonos IP inal\u00e1mbricos y de escritorio&comma; as\u00ed como la serie GDS de productos de acceso a instalaciones&comma; los usuarios pueden esculpir f\u00e1cilmente una soluci\u00f3n de intercomunicaci\u00f3n de voz y seguridad de \u00faltima generaci\u00f3n.<\/p>\n<p style='font-size: 15px; color: inherit; text-align: justify; margin-top: 15px;'>Gracias a su dise\u00f1o industrial moderno&comma; superficie exterior que se puede limpiar y resistencia&comma; el GSC3516 es el altavoz de comunicaci\u00f3n dual ideal para cualquier entorno.<\/p>\n<\/p><\/div>\n<\/p><\/div>\n<div style='display: flex; flex-wrap: wrap; gap: 20px; margin-bottom: 30px;'>\n<div style='flex: 1 1 250px; border: 1px solid rgba(150&comma; 150&comma; 150&comma; 0.4); border-radius: 8px; overflow: hidden; display: flex; flex-direction: column;'>\n<div style='padding: 15px; border-bottom: 1px solid rgba(150&comma; 150&comma; 150&comma; 0.2); font-weight: bold; font-size: 18px; color: inherit;'>Caracter\u00edsticas<\/div>\n<div style='padding: 15px; color: inherit;'>\n<ul style='padding-left: 20px; margin: 0; font-size: 14px; list-style-type: disc;'>\n<li style='margin-bottom: 5px;'>Altavoz HD de 15 W de alta fidelidad<\/li>\n<li style='margin-bottom: 5px;'>3 micr\u00f3fonos direccionales con Dise\u00f1o de Micr\u00f3fonos Multicanal (MMAD)<\/li>\n<li style='margin-bottom: 5px;'>1 micr\u00f3fono auxiliar omnidireccional con alcance de 4.2 metros<\/li>\n<li style='margin-bottom: 5px;'>Soporta dispositivos Bluetooth<\/li>\n<li style='margin-bottom: 5px;'>Listas blancas&comma; negras y grises integradas para bloqueo de llamadas no deseadas<\/li>\n<li style='margin-bottom: 5px;'>Wi-Fi de doble banda integrado<\/li>\n<li style='margin-bottom: 5px;'>Cancelaci\u00f3n avanzada de eco ac\u00fastico<\/li>\n<li style='margin-bottom: 5px;'>Dise\u00f1o industrial moderno<\/li>\n<li style='margin-bottom: 5px;'>Superficie exterior lavable y resistente<\/li>\n<\/ul><\/div>\n<\/p><\/div>\n<div style='flex: 1 1 250px; border: 1px solid rgba(150&comma; 150&comma; 150&comma; 0.4); border-radius: 8px; overflow: hidden; display: flex; flex-direction: column;'>\n<div style='padding: 15px; border-bottom: 1px solid rgba(150&comma; 150&comma; 150&comma; 0.2); font-weight: bold; font-size: 18px; color: inherit;'>Aplicaciones<\/div>\n<div style='padding: 15px; color: inherit;'>\n<ul style='padding-left: 20px; margin: 0; font-size: 14px; list-style-type: disc;'>\n<li style='margin-bottom: 5px;'>Soluciones de intercomunicaci\u00f3n de voz para oficinas<\/li>\n<li style='margin-bottom: 5px;'>Sistemas de comunicaci\u00f3n para escuelas y hospitales<\/li>\n<li style='margin-bottom: 5px;'>Integraci\u00f3n con sistemas de seguridad y acceso<\/li>\n<li style='margin-bottom: 5px;'>Intercomunicaci\u00f3n en entornos industriales<\/li>\n<li style='margin-bottom: 5px;'>Comunicaci\u00f3n en departamentos y edificios<\/li>\n<\/ul><\/div>\n<\/p><\/div>\n<div style='flex: 1 1 250px; border: 1px solid rgba(150&comma; 150&comma; 150&comma; 0.4); border-radius: 8px; overflow: hidden; display: flex; flex-direction: column;'>\n<div style='padding: 15px; border-bottom: 1px solid rgba(150&comma; 150&comma; 150&comma; 0.2); font-weight: bold; font-size: 18px; color: inherit;'>Compatibilidad<\/div>\n<div style='padding: 15px; color: inherit;'>\n<ul style='padding-left: 20px; margin: 0; font-size: 14px; list-style-type: disc;'>\n<li style='margin-bottom: 5px;'>Tel\u00e9fonos IP inal\u00e1mbricos y de escritorio Grandstream<\/li>\n<li style='margin-bottom: 5px;'>Serie GDS de productos de acceso a instalaciones<\/li>\n<li style='margin-bottom: 5px;'>Sistemas de intercomunicaci\u00f3n SIP<\/li>\n<li style='margin-bottom: 5px;'>Redes Wi-Fi de doble banda<\/li>\n<li style='margin-bottom: 5px;'>Dispositivos Bluetooth<\/li>\n<\/ul><\/div>\n<\/p><\/div>\n<\/p><\/div>\n<hr style='border: 0; border-top: 1px solid rgba(150&comma; 150&comma; 150&comma; 0.3); margin: 30px 0;'> <\/div>\n","protected":false},"excerpt":{"rendered":"<p>Altavoz SIP Multicast de 15W con Wi-Fi, Bluetooth y 3 Micr\u00f3fonos direccionales<\/p>\n","protected":false},"featured_media":83241,"comment_status":"open","ping_status":"closed","template":"","meta":[],"product_brand":[],"product_cat":[2048],"product_tag":[2049,909,2004],"class_list":{"0":"post-83242","1":"product","2":"type-product","3":"status-publish","4":"has-post-thumbnail","6":"product_cat-audio-video-conferencia","7":"product_tag-audio-video-conferencia","8":"product_tag-grandstream","9":"product_tag-voip-telefonia-ip-videoconferencia","11":"first","12":"instock","13":"sale","14":"shipping-taxable","15":"purchasable","16":"product-type-simple"},"_links":{"self":[{"href":"https:\/\/soydeaqui.ddns.net\/pachuca\/index.php\/wp-json\/wp\/v2\/product\/83242","targetHints":{"allow":["GET"]}}],"collection":[{"href":"https:\/\/soydeaqui.ddns.net\/pachuca\/index.php\/wp-json\/wp\/v2\/product"}],"about":[{"href":"https:\/\/soydeaqui.ddns.net\/pachuca\/index.php\/wp-json\/wp\/v2\/types\/product"}],"replies":[{"embeddable":true,"href":"https:\/\/soydeaqui.ddns.net\/pachuca\/index.php\/wp-json\/wp\/v2\/comments?post=83242"}],"wp:featuredmedia":[{"embeddable":true,"href":"https:\/\/soydeaqui.ddns.net\/pachuca\/index.php\/wp-json\/wp\/v2\/media\/83241"}],"wp:attachment":[{"href":"https:\/\/soydeaqui.ddns.net\/pachuca\/index.php\/wp-json\/wp\/v2\/media?parent=83242"}],"wp:term":[{"taxonomy":"product_brand","embeddable":true,"href":"https:\/\/soydeaqui.ddns.net\/pachuca\/index.php\/wp-json\/wp\/v2\/product_brand?post=83242"},{"taxonomy":"product_cat","embeddable":true,"href":"https:\/\/soydeaqui.ddns.net\/pachuca\/index.php\/wp-json\/wp\/v2\/product_cat?post=83242"},{"taxonomy":"product_tag","embeddable":true,"href":"https:\/\/soydeaqui.ddns.net\/pachuca\/index.php\/wp-json\/wp\/v2\/product_tag?post=83242"}],"curies":[{"name":"wp","href":"https:\/\/api.w.org\/{rel}","templated":true}]}}