{"id":83236,"date":"2026-03-19T19:59:54","date_gmt":"2026-03-19T19:59:54","guid":{"rendered":"https:\/\/soydeaqui.ddns.net\/pachuca\/index.php\/producto\/altavoz-sip-multidifusion-de-30w-para-seguridad-y-comunicacion-efectiva\/"},"modified":"2026-03-19T20:00:06","modified_gmt":"2026-03-19T20:00:06","slug":"altavoz-sip-multidifusion-de-30w-para-seguridad-y-comunicacion-efectiva","status":"publish","type":"product","link":"https:\/\/soydeaqui.ddns.net\/pachuca\/index.php\/producto\/altavoz-sip-multidifusion-de-30w-para-seguridad-y-comunicacion-efectiva\/","title":{"rendered":"Altavoz SIP Multidifusi\u00f3n de 30W para Seguridad y Comunicaci\u00f3n Efectiva"},"content":{"rendered":"<div style='width: 100%; max-width: 1200px; margin: 0 auto; font-family: sans-serif; line-height: 1.6; color: inherit; background-color: transparent;'>\n<div style='display: flex; flex-wrap: wrap; gap: 30px; margin-bottom: 30px;'>\n<div style='flex: 1 1 300px; min-width: 280px;'>\n<h3 style='font-size: 22px; border-bottom: 2px solid currentColor; padding-bottom: 5px; margin-top: 0; color: inherit; opacity: 0.8;'>Descripci\u00f3n<\/h3>\n<p style='font-size: 15px; color: inherit; text-align: justify; margin-top: 0; margin-bottom: 15px;'>El GSC3506 V2 es un altavoz multidifusi\u00f3n que proporciona una potente soluci\u00f3n de localizaci\u00f3n y megafon\u00eda para ampliar la seguridad y la comunicaci\u00f3n en oficinas&comma; escuelas&comma; hospitales&comma; departamentos y m\u00e1s. Este altavoz SIP de alto rendimiento ofrece audio HD n\u00edtido&comma; gracias a un altavoz HD de alta fidelidad de 30 watts.<\/p>\n<p style='font-size: 15px; color: inherit; text-align: justify; margin-top: 0; margin-bottom: 0;'>El GSC3506 V2 permite transmisi\u00f3n SIP y multidifusi\u00f3n&comma; transmisi\u00f3n grupal&comma; Push-to-talk (PTT)&comma; asimismo&comma; ofrece listas de bloqueo y listas permitidas integradas para bloquear f\u00e1cilmente llamadas no deseadas. Gracias a un dise\u00f1o elegante&comma; un potente altavoz HD&comma; integraciones flexibles y funciones avanzadas&comma; el GSC3506 V2 permite a los usuarios crear una soluci\u00f3n de localizaci\u00f3n y seguridad de \u00faltima generaci\u00f3n para cualquier entorno.<\/p>\n<\/p><\/div>\n<\/p><\/div>\n<\/p><\/div>\n","protected":false},"excerpt":{"rendered":"<p>Altavoz SIP Multidifusi\u00f3n de 30W para Seguridad y Comunicaci\u00f3n Efectiva<\/p>\n","protected":false},"featured_media":83235,"comment_status":"open","ping_status":"closed","template":"","meta":[],"product_brand":[],"product_cat":[2041],"product_tag":[909,2042,2004],"class_list":{"0":"post-83236","1":"product","2":"type-product","3":"status-publish","4":"has-post-thumbnail","6":"product_cat-sistemas-de-voceo-ip","7":"product_tag-grandstream","8":"product_tag-sistemas-de-voceo-ip","9":"product_tag-voip-telefonia-ip-videoconferencia","11":"first","12":"outofstock","13":"sale","14":"shipping-taxable","15":"purchasable","16":"product-type-simple"},"_links":{"self":[{"href":"https:\/\/soydeaqui.ddns.net\/pachuca\/index.php\/wp-json\/wp\/v2\/product\/83236","targetHints":{"allow":["GET"]}}],"collection":[{"href":"https:\/\/soydeaqui.ddns.net\/pachuca\/index.php\/wp-json\/wp\/v2\/product"}],"about":[{"href":"https:\/\/soydeaqui.ddns.net\/pachuca\/index.php\/wp-json\/wp\/v2\/types\/product"}],"replies":[{"embeddable":true,"href":"https:\/\/soydeaqui.ddns.net\/pachuca\/index.php\/wp-json\/wp\/v2\/comments?post=83236"}],"wp:featuredmedia":[{"embeddable":true,"href":"https:\/\/soydeaqui.ddns.net\/pachuca\/index.php\/wp-json\/wp\/v2\/media\/83235"}],"wp:attachment":[{"href":"https:\/\/soydeaqui.ddns.net\/pachuca\/index.php\/wp-json\/wp\/v2\/media?parent=83236"}],"wp:term":[{"taxonomy":"product_brand","embeddable":true,"href":"https:\/\/soydeaqui.ddns.net\/pachuca\/index.php\/wp-json\/wp\/v2\/product_brand?post=83236"},{"taxonomy":"product_cat","embeddable":true,"href":"https:\/\/soydeaqui.ddns.net\/pachuca\/index.php\/wp-json\/wp\/v2\/product_cat?post=83236"},{"taxonomy":"product_tag","embeddable":true,"href":"https:\/\/soydeaqui.ddns.net\/pachuca\/index.php\/wp-json\/wp\/v2\/product_tag?post=83236"}],"curies":[{"name":"wp","href":"https:\/\/api.w.org\/{rel}","templated":true}]}}