{"id":83226,"date":"2026-03-19T19:59:28","date_gmt":"2026-03-19T19:59:28","guid":{"rendered":"https:\/\/soydeaqui.ddns.net\/pachuca\/index.php\/producto\/estacion-de-intercomunicacion-sip-con-wi-fi-6-bluetooth-y-control-total-para-agendamiento-de-salas-y-edificios-inteligentes-color-negro\/"},"modified":"2026-03-19T19:59:50","modified_gmt":"2026-03-19T19:59:50","slug":"estacion-de-intercomunicacion-sip-con-wi-fi-6-bluetooth-y-control-total-para-agendamiento-de-salas-y-edificios-inteligentes-color-negro","status":"publish","type":"product","link":"https:\/\/soydeaqui.ddns.net\/pachuca\/index.php\/producto\/estacion-de-intercomunicacion-sip-con-wi-fi-6-bluetooth-y-control-total-para-agendamiento-de-salas-y-edificios-inteligentes-color-negro\/","title":{"rendered":"Estaci\u00f3n de Intercomunicaci\u00f3n SIP con Wi-Fi 6, Bluetooth y Control Total para Agendamiento de Salas y Edificios Inteligentes (Color Negro)"},"content":{"rendered":"<div style='width: 100%; max-width: 1200px; margin: 0 auto; font-family: sans-serif; line-height: 1.6; color: inherit; background-color: transparent;'>\n<h2 style='text-align: center; font-size: 24px; margin-top: 0; color: inherit; opacity: 0.9;'>Estaci\u00f3n de control e intercomunicador HD GSC3575<\/h2>\n<div style='display: flex; flex-direction: column; gap: 20px; margin-top: 25px;'>\n<p style='text-align: justify; font-size: 15px; color: inherit; margin: 0;'>Los <strong>GSC3574<\/strong> y <strong>GSC3575<\/strong> son potentes estaciones de intercomunicaci\u00f3n y control de instalaciones dise\u00f1adas para proporcionar un dispositivo especializado para gestionar las comunicaciones de las instalaciones&comma; el acceso a las puertas&comma; seguridad&comma; control de amenidades en edificios inteligentes y automatizados&comma; y m\u00e1s. Estos dispositivos se pueden montar en la pared como una soluci\u00f3n para un f\u00e1cil control de puertas&comma; comunicaci\u00f3n por intercomunicador y voceo&comma; gesti\u00f3n de c\u00e1maras de seguridad&comma; gesti\u00f3n de salas de conferencias con integraci\u00f3n de UCM y compatibilidad con UC en toda la instalaci\u00f3n.<\/p>\n<p style='text-align: justify; font-size: 15px; color: inherit; margin: 0;'>Los <strong>GSC3574<\/strong> y <strong>GSC3575<\/strong> funcionan con <em>Android\u2122 versi\u00f3n 13<\/em> y son compatibles con todas las aplicaciones de iluminaci\u00f3n&comma; HVAC&comma; programaci\u00f3n y oficinas inteligentes similares en Google Play Store. Estas estaciones de control de instalaciones cuentan con una pantalla t\u00e1ctil capacitiva LCD de 7 pulgadas&comma; audio HD bidireccional d\u00faplex completo y brindan conectividad de red flexible a trav\u00e9s de soporte integrado de Wi-Fi 6 de doble banda y un puerto de red de 100 Mbps con PoE.<\/p>\n<p style='text-align: justify; font-size: 15px; color: inherit; margin: 0;'>Est\u00e1n dise\u00f1ados para integrarse perfectamente con toda la gama de productos de Grandstream&comma; incluida la serie GDS de soluciones de acceso a puertas&comma; dispositivos de intercomunicaci\u00f3n y voceo de la serie GSC&comma; y m\u00e1s. Gracias a un potente conjunto de funciones vers\u00e1tiles&comma; una interfaz f\u00e1cil de usar y una conectividad de red flexible&comma; los modelos <strong>GSC3574<\/strong> y <strong>GSC3575<\/strong> son ideales para cualquier entorno que monitoree y controle activamente el acceso a las instalaciones&comma; la comunicaci\u00f3n&comma; la seguridad y las soluciones de oficina inteligente.<\/p>\n<\/p><\/div>\n<div style='margin: 30px 0;'> <img style='width: 100%; height: auto; border: 1px solid rgba(150&comma;150&comma;150&comma;0.3); border-radius: 8px;' src='https:\/\/ftp3.syscom.mx\/usuarios\/fotos\/GSC3574\/235014-social-image_gsc3574-3575_no_text.png' alt=''> <\/div>\n<div style='display: flex; flex-wrap: wrap; gap: 20px; margin-top: 30px;'>\n<div style='flex: 1 1 250px; border: 1px solid rgba(150&comma; 150&comma; 150&comma; 0.4); border-radius: 8px; overflow: hidden; display: flex; flex-direction: column;'>\n<div style='padding: 15px; border-bottom: 1px solid rgba(150&comma; 150&comma; 150&comma; 0.2); font-weight: bold; font-size: 18px; color: inherit;'>Protocolos\/Est\u00e1ndares<\/div>\n<div style='padding: 15px; color: inherit;'>\n<ul style='padding-left: 20px; margin: 0; font-size: 14px; list-style-type: disc;'>\n<li style='margin-bottom: 5px;'>SIP RFC3261<\/li>\n<li style='margin-bottom: 5px;'>TCP\/IP\/UDP<\/li>\n<li style='margin-bottom: 5px;'>RTP\/RTCP<\/li>\n<li style='margin-bottom: 5px;'>HTTP\/HTTPS<\/li>\n<li style='margin-bottom: 5px;'>ARP<\/li>\n<li style='margin-bottom: 5px;'>ICMP<\/li>\n<li style='margin-bottom: 5px;'>DNS (registro&comma; SRV&comma; NAP-TR)<\/li>\n<li style='margin-bottom: 5px;'>DHCP<\/li>\n<li style='margin-bottom: 5px;'>PPPoE<\/li>\n<li style='margin-bottom: 5px;'>SSH<\/li>\n<li style='margin-bottom: 5px;'>TFTP<\/li>\n<li style='margin-bottom: 5px;'>NTP<\/li>\n<li style='margin-bottom: 5px;'>STUN<\/li>\n<li style='margin-bottom: 5px;'>SIMPLE<\/li>\n<li style='margin-bottom: 5px;'>LLDP-MED<\/li>\n<li style='margin-bottom: 5px;'>LDAP<\/li>\n<li style='margin-bottom: 5px;'>TR-069<\/li>\n<li style='margin-bottom: 5px;'>802.1x<\/li>\n<li style='margin-bottom: 5px;'>TLS<\/li>\n<li style='margin-bottom: 5px;'>SRTP<\/li>\n<li style='margin-bottom: 5px;'>IPv6<\/li>\n<li style='margin-bottom: 5px;'>Open VPN<\/li>\n<\/ul><\/div>\n<\/p><\/div>\n<div style='flex: 1 1 250px; border: 1px solid rgba(150&comma; 150&comma; 150&comma; 0.4); border-radius: 8px; overflow: hidden; display: flex; flex-direction: column;'>\n<div style='padding: 15px; border-bottom: 1px solid rgba(150&comma; 150&comma; 150&comma; 0.2); font-weight: bold; font-size: 18px; color: inherit;'>Caracter\u00edsticas F\u00edsicas y de Conectividad<\/div>\n<div style='padding: 15px; color: inherit;'>\n<ul style='padding-left: 20px; margin: 0; font-size: 14px; list-style-type: disc;'>\n<li style='margin-bottom: 5px;'><strong>Interfaz de red:<\/strong> 1 puerto adaptativo 10\/100M con PoE integrado<\/li>\n<li style='margin-bottom: 5px;'><strong>Pantalla gr\u00e1fica:<\/strong> Pantalla t\u00e1ctil capacitiva TFT LCD de 7\u2019\u2019 1024\u00d7600<\/li>\n<li style='margin-bottom: 5px;'><strong>Memoria:<\/strong> 2GB de RAM&comma; 8GB de memoria flash en eMMC<\/li>\n<li style='margin-bottom: 5px;'><strong>Wi-Fi:<\/strong> S\u00ed&comma; Wi-Fi 6 de doble banda 802.11 a\/b\/g\/n\/ac\/ax (2.4 GHz y 5 GHz)<\/li>\n<li style='margin-bottom: 5px;'><strong>Bluetooth:<\/strong> S\u00ed&comma; Bluetooth 5.0 integrado<\/li>\n<li style='margin-bottom: 5px;'><strong>Puertos auxiliares:<\/strong> 1 puerto USB 2.0 tipo A&comma; 1 ranura para tarjeta micro SD (permite un m\u00e1ximo de 512 GB)<\/li>\n<\/ul><\/div>\n<\/p><\/div>\n<div style='flex: 1 1 250px; border: 1px solid rgba(150&comma; 150&comma; 150&comma; 0.4); border-radius: 8px; overflow: hidden; display: flex; flex-direction: column;'>\n<div style='padding: 15px; border-bottom: 1px solid rgba(150&comma; 150&comma; 150&comma; 0.2); font-weight: bold; font-size: 18px; color: inherit;'>Funcionalidades y Seguridad<\/div>\n<div style='padding: 15px; color: inherit;'>\n<ul style='padding-left: 20px; margin: 0; font-size: 14px; list-style-type: disc;'>\n<li style='margin-bottom: 5px;'><strong>Entrada de alarma:<\/strong> 8 canales&comma; 6 entradas de alarma&comma; 2 entradas de voltaje de alarma<\/li>\n<li style='margin-bottom: 5px;'><strong>Salida de alarma:<\/strong> 2 rel\u00e9s&comma; m\u00e1x. 125 V CA\/0&comma;5 A o 30 V CC\/2 A&comma; normalmente abierto o normalmente cerrado<\/li>\n<li style='margin-bottom: 5px;'><strong>Color del dispositivo:<\/strong> GSC3574: Blanco; GSC3575: Negro<\/li>\n<li style='margin-bottom: 5px;'><strong>C\u00f3decs y capacidades de voz:<\/strong> G.711\u03bc\/a&comma; G.722 (banda ancha)&comma; G.726-32&comma; iLBC&comma; Opus&comma; G.729A\/B&comma; en banda y fuera de banda&comma; DTMF (en audio&comma; RFC2833&comma; SIP INFO)&comma; VAD&comma; CNG&comma; AEC&comma; PLC&comma; AJB&comma; AGC&comma; ANS<\/li>\n<li style='margin-bottom: 5px;'><strong>Decodificadores y capacidades de video:<\/strong> Transmisi\u00f3n H.264 BP\/MP\/HP y M-JPEG&comma; resoluci\u00f3n de video de hasta 720p&comma; velocidad de cuadros de hasta 30 fps&comma; velocidad de bits de hasta 2 Mbps<\/li>\n<li style='margin-bottom: 5px;'><strong>Seguridad:<\/strong> Arranque y datos seguros&comma; im\u00e1genes dobles para una alta confiabilidad&comma; contrase\u00f1a de administrador aleatoria&comma; contrase\u00f1as de nivel de usuario y administrador&comma; autenticaci\u00f3n basada en MD5 y MD5-sess&comma; archivo de configuraci\u00f3n seguro basado en AES de 256 bits&comma; SRTP&comma; TLS&comma; control de acceso a medios 802.1x<\/li>\n<\/ul><\/div>\n<\/p><\/div>\n<div style='flex: 1 1 250px; border: 1px solid rgba(150&comma; 150&comma; 150&comma; 0.4); border-radius: 8px; overflow: hidden; display: flex; flex-direction: column;'>\n<div style='padding: 15px; border-bottom: 1px solid rgba(150&comma; 150&comma; 150&comma; 0.2); font-weight: bold; font-size: 18px; color: inherit;'>M\u00e1s Caracter\u00edsticas<\/div>\n<div style='padding: 15px; color: inherit;'>\n<ul style='padding-left: 20px; margin: 0; font-size: 14px; list-style-type: disc;'>\n<li style='margin-bottom: 5px;'><strong>Funciones de telefon\u00eda:<\/strong> 6 cuentas SIP&comma; retenci\u00f3n&comma; llamada en espera&comma; registro de llamadas&comma; respuesta autom\u00e1tica&comma; etc.<\/li>\n<li style='margin-bottom: 5px;'><strong>Aplicaciones de muestra:<\/strong> Aplicaciones locales: Contactos&comma; Historial de llamadas&comma; Configuraci\u00f3n&comma; Correo de voz&comma; Administrador de archivos. API\/SDK disponible para permitir la integraci\u00f3n con productos de sistemas de puertas de terceros<\/li>\n<li style='margin-bottom: 5px;'><strong>Sistema operativo:<\/strong> Android 13<\/li>\n<li style='margin-bottom: 5px;'><strong>Audio HD:<\/strong> S\u00ed&comma; altavoces duales compatibles con audio de banda ancha y reproducci\u00f3n de medios en est\u00e9reo&comma; un micr\u00f3fono integrado para una mejor calidad de voz&comma; cancelaci\u00f3n de eco ac\u00fastico<\/li>\n<li style='margin-bottom: 5px;'><strong>QoS:<\/strong> QoS de Capa 2 (802.1Q&comma; 802.1p)&comma; 802.11e y Capa 3 (ToS&comma; DiffServ&comma; MPLS)<\/li>\n<li style='margin-bottom: 5px;'><strong>Multi lenguaje:<\/strong> Ingl\u00e9s&comma; alem\u00e1n&comma; italiano&comma; franc\u00e9s&comma; espa\u00f1ol&comma; portugu\u00e9s&comma; ruso&comma; polaco&comma; hebreo&comma; checo&comma; holand\u00e9s&comma; turco&comma; sueco&comma; ucraniano&comma; \u00e1rabe&comma; chino&comma; coreano&comma; japon\u00e9s y m\u00e1s<\/li>\n<\/ul><\/div>\n<\/p><\/div>\n<div style='flex: 1 1 250px; border: 1px solid rgba(150&comma; 150&comma; 150&comma; 0.4); border-radius: 8px; overflow: hidden; display: flex; flex-direction: column;'>\n<div style='padding: 15px; border-bottom: 1px solid rgba(150&comma; 150&comma; 150&comma; 0.2); font-weight: bold; font-size: 18px; color: inherit;'>Especificaciones Adicionales<\/div>\n<div style='padding: 15px; color: inherit;'>\n<ul style='padding-left: 20px; margin: 0; font-size: 14px; list-style-type: disc;'>\n<li style='margin-bottom: 5px;'><strong>Actualizaci\u00f3n\/Aprovisionamiento:<\/strong> Actualizaci\u00f3n de firmware a trav\u00e9s de TFTP\/HTTP\/HTTPS&comma; aprovisionamiento masivo mediante TR-069 o archivo de configuraci\u00f3n XML cifrado con AES&comma; carga manual&comma; actualizaci\u00f3n de tarjeta SD&comma; actualizaci\u00f3n USB<\/li>\n<li style='margin-bottom: 5px;'><strong>Energ\u00eda y eficiencia energ\u00e9tica:<\/strong> Entrada de CC de 2 pines: 12 V CC\/1&comma;5 A PoE integrado: IEEE 802.3af Clase 3&comma; consumo de energ\u00eda <13 W<\/li>\n<li style='margin-bottom: 5px;'><strong>Temperatura y humedad:<\/strong> Operaci\u00f3n: 0 \u00b0C a 40 \u00b0C&comma; Almacenamiento: -10 \u00b0C a 60 \u00b0C&comma; Humedad: 10 % a 90 % sin condensaci\u00f3n<\/li>\n<li style='margin-bottom: 5px;'><strong>Caracter\u00edsticas f\u00edsicas:<\/strong> Peso de la unidad: 408 g; Peso del paquete: 729 g&comma; Tama\u00f1o de la unidad: 182 mm x 122 x 26.2&comma; Tama\u00f1o de la caja: 230 mm x 154 x 67<\/li>\n<li style='margin-bottom: 5px;'><strong>Contenido del paquete:<\/strong> Unidad GSC3574\/GSC3575&comma; gu\u00eda de instalaci\u00f3n r\u00e1pida&comma; soporte de montaje en pared de 0\u00b0&comma; soporte de montaje en pared\/sobremesa de 20\u00b0&comma; cinta adhesiva&comma; 6* anclajes expansores y 8* tornillos<\/li>\n<li style='margin-bottom: 5px;'><strong>Cumplimiento:<\/strong> FCC&comma; CE&comma; RCM&comma; EAC<\/li>\n<\/ul><\/div>\n<\/p><\/div>\n<\/p><\/div>\n<\/p><\/div>\n","protected":false},"excerpt":{"rendered":"<p>Estaci\u00f3n de Intercomunicaci\u00f3n SIP con Wi-Fi 6, Bluetooth y Control Total para Agendamiento de Salas y Edificios Inteligentes (Color Negro)<\/p>\n","protected":false},"featured_media":83225,"comment_status":"open","ping_status":"closed","template":"","meta":[],"product_brand":[],"product_cat":[2113],"product_tag":[2114,909,2004],"class_list":{"0":"post-83226","1":"product","2":"type-product","3":"status-publish","4":"has-post-thumbnail","6":"product_cat-audio-video-porteros-ip","7":"product_tag-audio-video-porteros-ip","8":"product_tag-grandstream","9":"product_tag-voip-telefonia-ip-videoconferencia","11":"first","12":"instock","13":"sale","14":"shipping-taxable","15":"purchasable","16":"product-type-simple"},"_links":{"self":[{"href":"https:\/\/soydeaqui.ddns.net\/pachuca\/index.php\/wp-json\/wp\/v2\/product\/83226","targetHints":{"allow":["GET"]}}],"collection":[{"href":"https:\/\/soydeaqui.ddns.net\/pachuca\/index.php\/wp-json\/wp\/v2\/product"}],"about":[{"href":"https:\/\/soydeaqui.ddns.net\/pachuca\/index.php\/wp-json\/wp\/v2\/types\/product"}],"replies":[{"embeddable":true,"href":"https:\/\/soydeaqui.ddns.net\/pachuca\/index.php\/wp-json\/wp\/v2\/comments?post=83226"}],"wp:featuredmedia":[{"embeddable":true,"href":"https:\/\/soydeaqui.ddns.net\/pachuca\/index.php\/wp-json\/wp\/v2\/media\/83225"}],"wp:attachment":[{"href":"https:\/\/soydeaqui.ddns.net\/pachuca\/index.php\/wp-json\/wp\/v2\/media?parent=83226"}],"wp:term":[{"taxonomy":"product_brand","embeddable":true,"href":"https:\/\/soydeaqui.ddns.net\/pachuca\/index.php\/wp-json\/wp\/v2\/product_brand?post=83226"},{"taxonomy":"product_cat","embeddable":true,"href":"https:\/\/soydeaqui.ddns.net\/pachuca\/index.php\/wp-json\/wp\/v2\/product_cat?post=83226"},{"taxonomy":"product_tag","embeddable":true,"href":"https:\/\/soydeaqui.ddns.net\/pachuca\/index.php\/wp-json\/wp\/v2\/product_tag?post=83226"}],"curies":[{"name":"wp","href":"https:\/\/api.w.org\/{rel}","templated":true}]}}