{"id":8319,"date":"2026-03-18T07:07:36","date_gmt":"2026-03-18T07:07:36","guid":{"rendered":"https:\/\/soydeaqui.ddns.net\/pachuca\/index.php\/producto\/microfono-de-16-zonas-soporta-maximo-32-pzas-en-cascada\/"},"modified":"2026-03-18T07:07:40","modified_gmt":"2026-03-18T07:07:40","slug":"microfono-de-16-zonas-soporta-maximo-32-pzas-en-cascada","status":"publish","type":"product","link":"https:\/\/soydeaqui.ddns.net\/pachuca\/index.php\/producto\/microfono-de-16-zonas-soporta-maximo-32-pzas-en-cascada\/","title":{"rendered":"Microfono de 16 Zonas | Soporta M\u00e1ximo 32 Pzas en Cascada"},"content":{"rendered":"<div style='width: 100%; max-width: 1200px; margin: 0 auto; font-family: sans-serif; line-height: 1.6; color: inherit; background-color: transparent;'> <!-- T\u00edtulo y descripci\u00f3n --> <\/p>\n<div style='width: 100%; text-align: center; margin-bottom: 30px;'>\n<h1 style='font-size: 24px; font-weight: bold; margin: 0 0 10px 0; color: inherit;'>Microfono de lozalizaci\u00f3n remota<\/h1>\n<h3 style='font-size: 20px; margin: 0 0 20px 0; color: inherit;'>SF-6200RM<\/h3>\n<p style='font-size: 15px; margin: 0 70px; color: inherit;'>El modelo SF-6200RM es un micr\u00f3fono de localizaci\u00f3n remota el cual soporta 16 zonas&comma; entre las ventajas m\u00e1s destacadas es que puede colocar un m\u00e1ximo de 32 micr\u00f3fonos paginados en un sistema compuesto por 19 SF6200MS y un controlador SF6200MA. Cuenta con entrada de audio y permite ajustar el volumen de entrada y salida. Para realizar la cascada de los micr\u00f3fonos el MIC\/ Controlador cuenta con 2 interfaces; 1 de entrada y 1 de salida.<\/p>\n<\/p><\/div>\n<p> <!-- Secci\u00f3n de caracter\u00edsticas --> <\/p>\n<div style='display: flex; flex-wrap: wrap; gap: 30px; margin-bottom: 30px;'>\n<div style='flex: 1 1 300px; min-width: 280px;'>\n<div style='border: 1px solid rgba(150&comma; 150&comma; 150&comma; 0.4); border-radius: 8px; overflow: hidden;'>\n<div style='padding: 15px; background-color: rgba(200&comma; 200&comma; 200&comma; 0.1); border-bottom: 1px solid rgba(150&comma; 150&comma; 150&comma; 0.2); color: inherit;'>Caracter\u00edsticas Principales<\/div>\n<div style='padding: 15px; color: inherit;'>\n<ul style='padding-left: 20px; margin: 0; font-size: 14px; list-style-type: disc;'>\n<li style='margin-bottom: 5px;'>Soporta 16 zonas&comma; bot\u00f3n de paginaci\u00f3n<\/li>\n<li style='margin-bottom: 5px;'>Se puede realizar el llamado por zona o grupos de zonas<\/li>\n<li style='margin-bottom: 5px;'>La prioridad de paginaci\u00f3n puede ser configurada por el software<\/li>\n<li style='margin-bottom: 5px;'>El micr\u00f3fono maneja plug anti-funcionamiento incorrecto<\/li>\n<li style='margin-bottom: 5px;'>Soporta l\u00ednea de entrada de audio&comma; el volumen de entrada\/salida es ajustable<\/li>\n<\/ul>\n<div style='margin-top: 15px;'> <strong style='color: inherit;'>Compatible con:<\/strong> <\/p>\n<ul style='padding-left: 20px; margin: 5px 0 0 0; font-size: 14px;'>\n<li style='margin-bottom: 5px;'>Amplificador SF-6200MA<\/li>\n<\/ul><\/div>\n<\/p><\/div>\n<\/p><\/div>\n<\/p><\/div>\n<div style='flex: 1 1 300px; min-width: 280px;'>\n<div style='border: 1px solid rgba(150&comma; 150&comma; 150&comma; 0.4); border-radius: 8px; overflow: hidden;'>\n<div style='padding: 15px; background-color: rgba(200&comma; 200&comma; 200&comma; 0.1); border-bottom: 1px solid rgba(150&comma; 150&comma; 150&comma; 0.2); color: inherit;'>Caracter\u00edsticas de audio<\/div>\n<div style='padding: 15px; color: inherit;'>\n<ul style='padding-left: 20px; margin: 0; font-size: 14px; list-style-type: disc;'>\n<li style='margin-bottom: 5px;'>MIC: Microfono de capacitor<\/li>\n<li style='margin-bottom: 5px;'>Sensibilidad: 10mV\/600\u03a9<\/li>\n<li style='margin-bottom: 5px;'>Frecuencia de respuesta: 200Hz~10KHz<\/li>\n<li style='margin-bottom: 5px;'>Sensibilidad de la linea de entrada: 775mV\/10K\u03a9<\/li>\n<li style='margin-bottom: 5px;'>Frecuencia de respuesta de la linea de entrada: 80Hz~16KHz<\/li>\n<li style='margin-bottom: 5px;'>SNR de la linea de entrada: >70dB<\/li>\n<\/ul><\/div>\n<\/p><\/div>\n<\/p><\/div>\n<div style='flex: 1 1 300px; min-width: 280px;'>\n<div style='border: 1px solid rgba(150&comma; 150&comma; 150&comma; 0.4); border-radius: 8px; overflow: hidden;'>\n<div style='padding: 15px; background-color: rgba(200&comma; 200&comma; 200&comma; 0.1); border-bottom: 1px solid rgba(150&comma; 150&comma; 150&comma; 0.2); color: inherit;'>Caracter\u00edsticas f\u00edsicas y el\u00e9ctricas<\/div>\n<div style='padding: 15px; color: inherit;'>\n<ul style='padding-left: 20px; margin: 0; font-size: 14px; list-style-type: disc;'>\n<li style='margin-bottom: 5px;'>Voltaje de alimentaci\u00f3n: 24Vcc (Incluida)<\/li>\n<li style='margin-bottom: 5px;'>Se\u00f1al de salida: 1V<\/li>\n<li style='margin-bottom: 5px;'>Distorsi\u00f3n: <1% (Potencia de salida nominal)&comma; 1KHz<\/li>\n<li style='margin-bottom: 5px;'>Dimensiones (Largo&comma; Ancho&comma; Profundo): 256 x 52 x 149mm<\/li>\n<li style='margin-bottom: 5px;'>Peso neto: 1.3kg<\/li>\n<\/ul><\/div>\n<\/p><\/div>\n<\/p><\/div>\n<\/p><\/div>\n<p> <!-- Im\u00e1genes --> <\/p>\n<div style='display: flex; flex-wrap: wrap; gap: 20px; margin-bottom: 30px;'>\n<div style='flex: 1 1 300px; min-width: 280px;'> <img style='width: 100%; height: auto; border: 1px solid rgba(150&comma;150&comma;150&comma;0.3); border-radius: 8px;' src='https:\/\/ftp3.syscom.mx\/usuarios\/albamaria\/albamaria\/Epcomproaudio\/SF6200RM-l.png' alt=''> <\/div>\n<div style='flex: 1 1 300px; min-width: 280px;'> <img style='width: 100%; height: auto; border: 1px solid rgba(150&comma;150&comma;150&comma;0.3); border-radius: 8px;' src='https:\/\/ftp3.syscom.mx\/usuarios\/albamaria\/albamaria\/Epcomproaudio\/sf6200rm2.png' alt=''> <\/div>\n<div style='flex: 1 1 300px; min-width: 280px;'> <img style='width: 100%; height: auto; border: 1px solid rgba(150&comma;150&comma;150&comma;0.3); border-radius: 8px;' src='https:\/\/ftp3.syscom.mx\/usuarios\/albamaria\/albamaria\/Epcomproaudio\/sf6200rm3.png' alt=''> <\/div>\n<div style='flex: 1 1 300px; min-width: 280px;'> <img style='width: 100%; height: auto; border: 1px solid rgba(150&comma;150&comma;150&comma;0.3); border-radius: 8px;' src='https:\/\/ftp3.syscom.mx\/usuarios\/xguereque\/Imagenes\/epcom-pro-audio\/img_01.jpg' alt=''> <\/div>\n<\/p><\/div>\n<p> <!-- Separador final --> <\/p>\n<hr style='border: 0; border-top: 1px solid rgba(150&comma; 150&comma; 150&comma; 0.3); margin: 50px 0;'> <\/div>\n","protected":false},"excerpt":{"rendered":"<p>Microfono de 16 Zonas | Soporta M\u00e1ximo 32 Pzas en Cascada<\/p>\n","protected":false},"featured_media":8318,"comment_status":"open","ping_status":"closed","template":"","meta":[],"product_brand":[],"product_cat":[108],"product_tag":[110,109],"class_list":{"0":"post-8319","1":"product","2":"type-product","3":"status-publish","4":"has-post-thumbnail","6":"product_cat-epcom-proaudio","7":"product_tag-epcom-proaudio","8":"product_tag-megafonia-y-audioevacuacion","10":"first","11":"instock","12":"sale","13":"shipping-taxable","14":"purchasable","15":"product-type-simple"},"_links":{"self":[{"href":"https:\/\/soydeaqui.ddns.net\/pachuca\/index.php\/wp-json\/wp\/v2\/product\/8319","targetHints":{"allow":["GET"]}}],"collection":[{"href":"https:\/\/soydeaqui.ddns.net\/pachuca\/index.php\/wp-json\/wp\/v2\/product"}],"about":[{"href":"https:\/\/soydeaqui.ddns.net\/pachuca\/index.php\/wp-json\/wp\/v2\/types\/product"}],"replies":[{"embeddable":true,"href":"https:\/\/soydeaqui.ddns.net\/pachuca\/index.php\/wp-json\/wp\/v2\/comments?post=8319"}],"wp:featuredmedia":[{"embeddable":true,"href":"https:\/\/soydeaqui.ddns.net\/pachuca\/index.php\/wp-json\/wp\/v2\/media\/8318"}],"wp:attachment":[{"href":"https:\/\/soydeaqui.ddns.net\/pachuca\/index.php\/wp-json\/wp\/v2\/media?parent=8319"}],"wp:term":[{"taxonomy":"product_brand","embeddable":true,"href":"https:\/\/soydeaqui.ddns.net\/pachuca\/index.php\/wp-json\/wp\/v2\/product_brand?post=8319"},{"taxonomy":"product_cat","embeddable":true,"href":"https:\/\/soydeaqui.ddns.net\/pachuca\/index.php\/wp-json\/wp\/v2\/product_cat?post=8319"},{"taxonomy":"product_tag","embeddable":true,"href":"https:\/\/soydeaqui.ddns.net\/pachuca\/index.php\/wp-json\/wp\/v2\/product_tag?post=8319"}],"curies":[{"name":"wp","href":"https:\/\/api.w.org\/{rel}","templated":true}]}}