{"id":83132,"date":"2026-03-19T19:55:21","date_gmt":"2026-03-19T19:55:21","guid":{"rendered":"https:\/\/soydeaqui.ddns.net\/pachuca\/index.php\/producto\/kit-completo-transmisor-receptor-para-enlace-ptp-en-5-ghz-aplicacion-para-elevadores-antena-integrada-de-7-dbi-2-x-2-mimo-poe-af-para-alimentar-una-camara-autoajuste-de-potencia-500-metro\/"},"modified":"2026-03-19T19:55:22","modified_gmt":"2026-03-19T19:55:22","slug":"kit-completo-transmisor-receptor-para-enlace-ptp-en-5-ghz-aplicacion-para-elevadores-antena-integrada-de-7-dbi-2-x-2-mimo-poe-af-para-alimentar-una-camara-autoajuste-de-potencia-500-metro","status":"publish","type":"product","link":"https:\/\/soydeaqui.ddns.net\/pachuca\/index.php\/producto\/kit-completo-transmisor-receptor-para-enlace-ptp-en-5-ghz-aplicacion-para-elevadores-antena-integrada-de-7-dbi-2-x-2-mimo-poe-af-para-alimentar-una-camara-autoajuste-de-potencia-500-metro\/","title":{"rendered":"Kit Completo (Transmisor &#8211; Receptor) para Enlace PTP en 5 GHz \/ Aplicaci\u00f3n para Elevadores \/ Antena Integrada de 7 dBi 2 x 2 MIMO \/ PoE af para alimentar una c\u00e1mara \/Autoajuste de Potencia \/ 500 Metros de Distancia"},"content":{"rendered":"<div style='width: 100%; max-width: 1200px; margin: 0 auto; font-family: sans-serif; line-height: 1.6; color: inherit; background-color: transparent;'>\n<p style='text-align: center;'><img style='width: 45%; height: auto; border: 1px solid rgba(150&comma;150&comma;150&comma;0.3); border-radius: 8px;' src='https:\/\/ftp3.syscom.mx\/usuarios\/jsosa\/HIKVISION\/imagenes\/logo\/hikvision%20see%20far.png' alt='Logo Hikvision'><\/p>\n<div style='display: flex; flex-wrap: wrap; gap: 30px; margin-bottom: 30px;'>\n<div style='flex: 1 1 300px; min-width: 280px;'>\n<h3 style='font-size: 22px; border-bottom: 2px solid currentColor; padding-bottom: 5px; margin-top: 0; color: inherit; opacity: 0.8;'>Caracter\u00edsticas principales<\/h3>\n<ul style='padding-left: 20px; font-size: 15px; color: inherit;'>\n<li style='margin-bottom: 5px;'>Equipos para conexi\u00f3n punto a punto<\/li>\n<li style='margin-bottom: 5px;'>Incluye dos piezas (AP y CPE)<\/li>\n<li style='margin-bottom: 5px;'>Ideal y recomendado para usarse en elevadores<\/li>\n<li style='margin-bottom: 5px;'>Cuenta con una salida PoE af para alimentar una camara<\/li>\n<li style='margin-bottom: 5px;'>Compatible con cualquier c\u00e1mara IP HIKVISION o inclusive de otras marcas (TCP\/IP)<\/li>\n<li style='margin-bottom: 5px;'>Se autoajusta la potencia<\/li>\n<li style='margin-bottom: 5px;'>Interfaz WEB para f\u00e1cil acceso a su configuraci\u00f3n<\/li>\n<li style='margin-bottom: 5px;'>Soporta est\u00e1ndar WiFi: IEEE802.11 b\/g\/n<\/li>\n<li style='margin-bottom: 5px;'>Velocidad de hasta: 867 Mbps<\/li>\n<li style='margin-bottom: 5px;'>Rango de operaci\u00f3n: 5150 MHz~5825 MHz<\/li>\n<li style='margin-bottom: 5px;'>Antenas interconstruida de 8 dBi<\/li>\n<li style='margin-bottom: 5px;'>\u00c1ngulo de apertura 50\u00b0<\/li>\n<\/ul><\/div>\n<div style='flex: 1 1 300px; min-width: 280px;'>\n<h3 style='font-size: 22px; border-bottom: 2px solid currentColor; padding-bottom: 5px; margin-top: 0; color: inherit; opacity: 0.8;'>Caracter\u00edsticas F\u00edsicas y El\u00e9ctricas<\/h3>\n<ul style='padding-left: 20px; font-size: 15px; color: inherit;'>\n<li style='margin-bottom: 5px;'>Alimentaci\u00f3n: 12 V \/ 1 Amp (PoE Pasivo)<\/li>\n<li style='margin-bottom: 5px;'>Incluye PoE Pasivo (uno para cada equipo)<\/li>\n<li style='margin-bottom: 5px;'>Consumo en Watts: 2.8W<\/li>\n<li style='margin-bottom: 5px;'>Potencia: 22 dBm<\/li>\n<li style='margin-bottom: 5px;'>Dimensiones: 90.8 mm \u00d7 187.87 mm \u00d7 57.87 mm<\/li>\n<li style='margin-bottom: 5px; font-weight: bold;'>Incluye fuente de alimentaci\u00f3n<\/li>\n<\/ul>\n<h3 style='font-size: 22px; border-bottom: 2px solid currentColor; padding-bottom: 5px; margin-top: 20px; margin-bottom: 15px; color: inherit; opacity: 0.8;'>Modos de Operaci\u00f3n<\/h3>\n<ul style='padding-left: 20px; font-size: 15px; color: inherit;'>\n<li style='margin-bottom: 5px;'>Modo Bridge<\/li>\n<\/ul><\/div>\n<\/p><\/div>\n<div style='display: flex; flex-wrap: wrap; gap: 30px; margin-bottom: 30px;'>\n<div style='flex: 1 1 300px; min-width: 280px;'>\n<h3 style='font-size: 22px; border-bottom: 2px solid currentColor; padding-bottom: 5px; margin-top: 0; color: inherit; opacity: 0.8;'>Consideraciones<\/h3>\n<ul style='padding-left: 20px; font-size: 15px; color: inherit;'>\n<li style='margin-bottom: 5px;'>Soporta una distancia de hasta 500 metros en l\u00ednea de vista<\/li>\n<li style='margin-bottom: 5px;'>La distancia depender\u00e1 de varios aspectos como ruido e interferencias que pueda existir en el lugar<\/li>\n<li style='margin-bottom: 5px;'>IP Default <strong>192.168.1.35<\/strong> AP Negro<\/li>\n<li style='margin-bottom: 5px;'>IP Default <strong>192.168.1.36<\/strong> CPE Blanco<\/li>\n<\/ul><\/div>\n<\/p><\/div>\n<div style='display: flex; flex-wrap: wrap; gap: 30px; margin-bottom: 30px;'>\n<div style='flex: 1 1 300px; min-width: 280px;'>\n<h3 style='font-size: 22px; border-bottom: 2px solid currentColor; padding-bottom: 5px; margin-top: 0; color: inherit; opacity: 0.8;'>Aplicaci\u00f3n<\/h3>\n<p style='font-size: 15px; color: inherit;'>Recomendada para aplicaci\u00f3n en elevadores<\/p>\n<\/p><\/div>\n<\/p><\/div>\n<div style='display: flex; flex-wrap: wrap; gap: 30px; margin-bottom: 30px;'>\n<div style='flex: 1 1 100%;'> <img style='width: 100%; height: auto; border: 1px solid rgba(150&comma;150&comma;150&comma;0.3); border-radius: 8px;' src='https:\/\/ftp3.syscom.mx\/usuarios\/fotos\/DS3WF0AC2NT\/176008-ayab.png' alt='Aplicaci\u00f3n en elevador'> <\/div>\n<\/p><\/div>\n<\/p><\/div>\n","protected":false},"excerpt":{"rendered":"<p>Kit Completo (Transmisor &#8211; Receptor) para Enlace PTP en 5 GHz \/ Aplicaci\u00f3n para Elevadores \/ Antena Integrada de 7 dBi 2 x 2 MIMO \/ PoE af para alimentar una c\u00e1mara \/Autoajuste de Potencia \/ 500 Metros de Distancia<\/p>\n","protected":false},"featured_media":83131,"comment_status":"open","ping_status":"closed","template":"","meta":[],"product_brand":[],"product_cat":[2058],"product_tag":[2059,1980,54],"class_list":{"0":"post-83132","1":"product","2":"type-product","3":"status-publish","4":"has-post-thumbnail","6":"product_cat-2-4-ghz","7":"product_tag-2-4-ghz","8":"product_tag-enlaces-ptp-y-ptmp","9":"product_tag-hikvision","11":"first","12":"instock","13":"sale","14":"shipping-taxable","15":"purchasable","16":"product-type-simple"},"_links":{"self":[{"href":"https:\/\/soydeaqui.ddns.net\/pachuca\/index.php\/wp-json\/wp\/v2\/product\/83132","targetHints":{"allow":["GET"]}}],"collection":[{"href":"https:\/\/soydeaqui.ddns.net\/pachuca\/index.php\/wp-json\/wp\/v2\/product"}],"about":[{"href":"https:\/\/soydeaqui.ddns.net\/pachuca\/index.php\/wp-json\/wp\/v2\/types\/product"}],"replies":[{"embeddable":true,"href":"https:\/\/soydeaqui.ddns.net\/pachuca\/index.php\/wp-json\/wp\/v2\/comments?post=83132"}],"wp:featuredmedia":[{"embeddable":true,"href":"https:\/\/soydeaqui.ddns.net\/pachuca\/index.php\/wp-json\/wp\/v2\/media\/83131"}],"wp:attachment":[{"href":"https:\/\/soydeaqui.ddns.net\/pachuca\/index.php\/wp-json\/wp\/v2\/media?parent=83132"}],"wp:term":[{"taxonomy":"product_brand","embeddable":true,"href":"https:\/\/soydeaqui.ddns.net\/pachuca\/index.php\/wp-json\/wp\/v2\/product_brand?post=83132"},{"taxonomy":"product_cat","embeddable":true,"href":"https:\/\/soydeaqui.ddns.net\/pachuca\/index.php\/wp-json\/wp\/v2\/product_cat?post=83132"},{"taxonomy":"product_tag","embeddable":true,"href":"https:\/\/soydeaqui.ddns.net\/pachuca\/index.php\/wp-json\/wp\/v2\/product_tag?post=83132"}],"curies":[{"name":"wp","href":"https:\/\/api.w.org\/{rel}","templated":true}]}}