{"id":83124,"date":"2026-03-19T19:55:00","date_gmt":"2026-03-19T19:55:00","guid":{"rendered":"https:\/\/soydeaqui.ddns.net\/pachuca\/index.php\/producto\/switch-dci-para-data-center-32-puertos-qsfp28-100g-vxlan-que-permite-una-transmision-ilimitada-de-datos-y-una-asignacion-y-programacion-flexible-de-recursos\/"},"modified":"2026-03-19T19:55:12","modified_gmt":"2026-03-19T19:55:12","slug":"switch-dci-para-data-center-32-puertos-qsfp28-100g-vxlan-que-permite-una-transmision-ilimitada-de-datos-y-una-asignacion-y-programacion-flexible-de-recursos","status":"publish","type":"product","link":"https:\/\/soydeaqui.ddns.net\/pachuca\/index.php\/producto\/switch-dci-para-data-center-32-puertos-qsfp28-100g-vxlan-que-permite-una-transmision-ilimitada-de-datos-y-una-asignacion-y-programacion-flexible-de-recursos\/","title":{"rendered":"Switch DCI para Data Center , 32 Puertos QSFP28 100G, VXLAN que Permite una Transmisi\u00f3n Ilimitada de Datos y una Asignaci\u00f3n y Programaci\u00f3n Flexible de Recursos."},"content":{"rendered":"<div style='width: 100%; max-width: 1200px; margin: 0 auto; font-family: sans-serif; line-height: 1.6; color: inherit;'> <!-- Imagen principal --> <\/p>\n<div style='margin-bottom: 30px;'> <img style='width: 100%; height: auto; border: 1px solid rgba(150&comma;150&comma;150&comma;0.3); border-radius: 8px;' src='http:\/\/ftp3.syscom.mx\/usuarios\/ftp\/2025\/07\/10\/2251\/1751060770025__1_.png_froala_686fe90bd90cd' alt='Switch Ruijie RG-S6510-32CQ'> <\/div>\n<p> <!-- T\u00edtulo --> <\/p>\n<h2 style='font-size: 24px; margin-bottom: 20px; color: inherit;'> <span style='color: inherit;'>Switch Reyee modelo: RG-S6510-32CQ<\/span> <\/h2>\n<p> <!-- Descripci\u00f3n general --> <\/p>\n<div style='margin-bottom: 30px;'>\n<p style='font-size: 16px; color: inherit;'> Los switches de la serie RG-S6510 son equipos de nueva generaci\u00f3n&comma; de alto rendimiento y alta densidad 25G\/100G&comma; lanzados por Ruijie Networks. Est\u00e1n dise\u00f1ados para centros de datos en la nube y redes de campus de alta gama&comma; cumpliendo plenamente con los requisitos de dise\u00f1o de una arquitectura de red Spine-Leaf de Capa 3. <\/p>\n<\/p><\/div>\n<p> <!-- Secci\u00f3n de caracter\u00edsticas --> <\/p>\n<div style='display: flex; flex-wrap: wrap; gap: 30px; margin-bottom: 30px;'> <!-- Imagen y caracter\u00edsticas generales --> <\/p>\n<div style='flex: 1 1 300px; min-width: 280px;'> <img style='width: 100%; height: auto; border: 1px solid rgba(150&comma;150&comma;150&comma;0.3); border-radius: 16px; margin-bottom: 15px;' src='http:\/\/ftp3.syscom.mx\/usuarios\/ftp\/2025\/07\/10\/2251\/686f096875b647319ade6b32f5ceaa7c.png_froala_686ff7d9cf924' alt='Switch Ruijie RG-S6510-32CQ'> <\/p>\n<div style='border: 1px solid rgba(150&comma;150&comma;150&comma;0.3); border-radius: 8px; padding: 15px;'>\n<h3 style='font-size: 20px; border-bottom: 2px solid currentColor; padding-bottom: 5px; margin-top: 0; color: inherit;'>Caracter\u00edsticas Generales<\/h3>\n<ul style='padding-left: 20px; font-size: 14px; color: inherit;'>\n<li style='margin-bottom: 5px;'><strong style='color: inherit;'>Montaje:<\/strong> en Rack una Unidad<\/li>\n<li style='margin-bottom: 5px;'><strong style='color: inherit;'>Tipo:<\/strong> Administrable Capa 3<\/li>\n<li style='margin-bottom: 5px;'><strong style='color: inherit;'>Funciones Avanzadas:<\/strong> DHCP Snooping&comma; QoS&comma; 802.1q&comma; Multicast Storm Control y Broadcast Storm Control<\/li>\n<li style='margin-bottom: 5px;'><strong style='color: inherit;'>Stacking:<\/strong> Hasta 2 Unidades en Total<\/li>\n<li style='margin-bottom: 5px;'><strong style='color: inherit;'>Configuraci\u00f3n a trav\u00e9s de:<\/strong> Interfaz web (red local)&comma; CLI<\/li>\n<li style='margin-bottom: 5px;'><strong style='color: inherit;'>Puertos:<\/strong> 32 Puertos QSFP28 100G&comma; un Puerto Consola y un Puerto MGMT<\/li>\n<li style='margin-bottom: 5px;'><strong style='color: inherit;'>Garant\u00eda:<\/strong> 3 a\u00f1os<\/li>\n<\/ul><\/div>\n<\/p><\/div>\n<p> <!-- Cards de especificaciones --> <\/p>\n<div style='flex: 1 1 300px; min-width: 280px;'> <!-- Desempe\u00f1o --> <\/p>\n<div style='border: 1px solid rgba(150&comma;150&comma;150&comma;0.3); border-radius: 8px; overflow: hidden; margin-bottom: 20px;'>\n<div style='padding: 15px; border-bottom: 1px solid rgba(150&comma;150&comma;150&comma;0.2); font-weight: bold; font-size: 18px; color: inherit;'>Desempe\u00f1o<\/div>\n<div style='padding: 15px; color: inherit;'>\n<ul style='padding-left: 20px; margin: 0; font-size: 14px; list-style-type: disc;'>\n<li style='margin-bottom: 5px;'><strong style='color: inherit;'>Capacidad Switching:<\/strong> 4&comma;000 Gbps<\/li>\n<li style='margin-bottom: 5px;'><strong style='color: inherit;'>Forwarding Rate:<\/strong> 2&comma;030 Mpps<\/li>\n<li style='margin-bottom: 5px;'><strong style='color: inherit;'>Packet Buffer:<\/strong> 256 Mbit<\/li>\n<li style='margin-bottom: 5px;'><strong style='color: inherit;'>Direcciones MAC:<\/strong> 96&comma;000<\/li>\n<li style='margin-bottom: 5px;'><strong style='color: inherit;'>VLANs:<\/strong> 4&comma;094<\/li>\n<\/ul><\/div>\n<\/p><\/div>\n<p> <!-- Caracter\u00edsticas F\u00edsicas y El\u00e9ctricas --> <\/p>\n<div style='border: 1px solid rgba(150&comma;150&comma;150&comma;0.3); border-radius: 8px; overflow: hidden; margin-bottom: 20px;'>\n<div style='padding: 15px; border-bottom: 1px solid rgba(150&comma;150&comma;150&comma;0.2); font-weight: bold; font-size: 18px; color: inherit;'>Caracter\u00edsticas F\u00edsicas y El\u00e9ctricas<\/div>\n<div style='padding: 15px; color: inherit;'>\n<ul style='padding-left: 20px; margin: 0; font-size: 14px; list-style-type: disc;'>\n<li style='margin-bottom: 5px;'><strong style='color: inherit;'>Alimentaci\u00f3n:<\/strong> 100V &#8211; 7.2A o 240 &#8211; 3.5A \/ Consumo Max (300W)<\/li>\n<li style='margin-bottom: 5px;'><strong style='color: inherit;'>Dimensiones:<\/strong> 442 mm x 387 mm x 44 mm<\/li>\n<li style='margin-bottom: 5px;'><strong style='color: inherit;'>Peso:<\/strong> 8.2 Kg<\/li>\n<li style='margin-bottom: 5px;'><strong style='color: inherit;'>Temperatura en Operaci\u00f3n:<\/strong> 0\u00b0 a 45\u00b0C<\/li>\n<li style='margin-bottom: 5px;'><strong style='color: inherit;'>Grado de protecci\u00f3n El\u00e9ctrica:<\/strong> \u00b18kV<\/li>\n<li style='margin-bottom: 5px;'><strong style='color: inherit;'>Disipaci\u00f3n de Calor:<\/strong> Con Ventilador \/ 1&comma;535 BTU x hora<\/li>\n<\/ul><\/div>\n<\/p><\/div>\n<p> <!-- Contenido del Paquete --> <\/p>\n<div style='border: 1px solid rgba(150&comma;150&comma;150&comma;0.3); border-radius: 8px; overflow: hidden; margin-bottom: 20px;'>\n<div style='padding: 15px; border-bottom: 1px solid rgba(150&comma;150&comma;150&comma;0.2); font-weight: bold; font-size: 18px; color: inherit;'>Contenido del Paquete<\/div>\n<div style='padding: 15px; color: inherit;'>\n<ul style='padding-left: 20px; margin: 0; font-size: 14px; list-style-type: disc;'>\n<li style='margin-bottom: 5px;'>1 Pieza Switch modelo: RG-S6510-32CQ<\/li>\n<li style='margin-bottom: 5px;'>2 Piezas Fuente AC modelo: RG-PA550I-F<\/li>\n<li style='margin-bottom: 5px;'>4 Piezas Ventilador modelo: M6510-FAN-F<\/li>\n<li style='margin-bottom: 5px;'>Gu\u00eda r\u00e1pida de instalaci\u00f3n<\/li>\n<\/ul><\/div>\n<\/p><\/div>\n<\/p><\/div>\n<\/p><\/div>\n<p> <!-- Secci\u00f3n de informaci\u00f3n adicional --> <\/p>\n<div style='display: flex; flex-wrap: wrap; gap: 20px; margin-bottom: 30px;'> <!-- Documentaci\u00f3n y Firmware --> <\/p>\n<div style='flex: 1 1 250px; border: 1px solid rgba(150&comma;150&comma;150&comma;0.3); border-radius: 8px; overflow: hidden;'>\n<div style='padding: 15px; border-bottom: 1px solid rgba(150&comma;150&comma;150&comma;0.2); font-weight: bold; font-size: 18px; color: inherit;'>Documentaci\u00f3n y Firmware<\/div>\n<div style='padding: 15px; color: inherit;'>\n<ul style='padding-left: 20px; margin: 0; font-size: 14px; list-style-type: disc;'>\n<li style='margin-bottom: 5px;'>Hoja de Especificaciones<\/li>\n<li style='margin-bottom: 5px;'>Especificaciones de Hardware<\/li>\n<li style='margin-bottom: 5px;'>Firmware<\/li>\n<\/ul><\/div>\n<\/p><\/div>\n<p> <!-- Accesorios Sugeridos --> <\/p>\n<div style='flex: 1 1 250px; border: 1px solid rgba(150&comma;150&comma;150&comma;0.3); border-radius: 8px; overflow: hidden;'>\n<div style='padding: 15px; border-bottom: 1px solid rgba(150&comma;150&comma;150&comma;0.2); font-weight: bold; font-size: 18px; color: inherit;'>Accesorios Sugeridos<\/div>\n<div style='padding: 15px; color: inherit;'>\n<ul style='padding-left: 20px; margin: 0; font-size: 14px; list-style-type: disc;'>\n<li style='margin-bottom: 5px;'>Transceptor Monomodo QSFP28 100G modelo: <a href='https:\/\/www.syscom.mx\/producto\/LP-QSFP28-100G-SM-10-LINKEDPRO-BY-EPCOM-213585.html' target='_blank' rel='noopener noreferrer' style='color: inherit; text-decoration: underline;'>LP-QSFP28-100G-SM-10<\/a><\/li>\n<\/ul><\/div>\n<\/p><\/div>\n<p> <!-- Enlaces \u00datiles --> <\/p>\n<div style='flex: 1 1 250px; border: 1px solid rgba(150&comma;150&comma;150&comma;0.3); border-radius: 8px; overflow: hidden;'>\n<div style='padding: 15px; border-bottom: 1px solid rgba(150&comma;150&comma;150&comma;0.2); font-weight: bold; font-size: 18px; color: inherit;'>Enlaces \u00datiles<\/div>\n<div style='padding: 15px; color: inherit;'>\n<ul style='padding-left: 20px; margin: 0; font-size: 14px; list-style-type: disc;'>\n<li style='margin-bottom: 5px;'><a href='https:\/\/cloud-la.ruijienetworks.com\/' target='_blank' rel='noopener noreferrer' style='color: inherit; text-decoration: underline;'>Ruijie Cloud<\/a><\/li>\n<li style='margin-bottom: 5px;'><strong style='color: inherit;'>Ruijie APP:<\/strong> <a href='https:\/\/play.google.com\/store\/apps\/details?id=cn.com.ruijie.cloudapp&#038;hl=es_MX&#038;pli=1' target='_blank' rel='noopener noreferrer' style='color: inherit; text-decoration: underline;'>Android<\/a> \/ <a href='https:\/\/apps.apple.com\/us\/app\/ruijie-reyee\/id1423429270' target='_blank' rel='noopener noreferrer' style='color: inherit; text-decoration: underline;'>iOS<\/a><\/li>\n<li style='margin-bottom: 5px;'><a href='https:\/\/soporte.syscom.mx\/es\/collections\/3797236-ruijie-networks' target='_blank' rel='noopener noreferrer' style='color: inherit; text-decoration: underline;'>Manuales y Gu\u00edas R\u00e1pidas<\/a><\/li>\n<\/ul><\/div>\n<\/p><\/div>\n<\/p><\/div>\n<p> <!-- Separador --> <\/p>\n<hr style='border: 0; border-top: 1px solid rgba(150&comma;150&comma;150&comma;0.3); margin: 30px 0;'> <!-- Im\u00e1genes adicionales --> <\/p>\n<div style='display: flex; flex-wrap: wrap; gap: 20px; margin-bottom: 30px;'>\n<div style='flex: 1 1 100%;'> <img style='width: 100%; height: auto; border: 1px solid rgba(150&comma;150&comma;150&comma;0.3); border-radius: 8px;' src='https:\/\/ftp3.syscom.mx\/usuarios\/fotos\/RGS651032CQ\/233437-center_switches_rg-s6510-32cq_data_center_100ge.png' alt='Switch Ruijie RG-S6510-32CQ'> <\/div>\n<div style='flex: 1 1 100%;'> <img style='width: 100%; height: auto; border: 1px solid rgba(150&comma;150&comma;150&comma;0.3); border-radius: 8px;' src='https:\/\/ftp3.syscom.mx\/usuarios\/fotos\/RGS651032CQ\/233437-center_switches_rg-s6510-32cq_data_center_dci_access_switch.png' alt='Switch Ruijie RG-S6510-32CQ'> <\/div>\n<\/p><\/div>\n<\/p><\/div>\n","protected":false},"excerpt":{"rendered":"<p>Switch DCI para Data Center , 32 Puertos QSFP28 100G, VXLAN que Permite una Transmisi\u00f3n Ilimitada de Datos y una Asignaci\u00f3n y Programaci\u00f3n Flexible de Recursos.<\/p>\n","protected":false},"featured_media":83123,"comment_status":"open","ping_status":"closed","template":"","meta":[],"product_brand":[],"product_cat":[1970],"product_tag":[664,2123,1971],"class_list":{"0":"post-83124","1":"product","2":"type-product","3":"status-publish","4":"has-post-thumbnail","6":"product_cat-switches","7":"product_tag-networking","8":"product_tag-ruijie","9":"product_tag-switches","11":"first","12":"instock","13":"sale","14":"shipping-taxable","15":"purchasable","16":"product-type-simple"},"_links":{"self":[{"href":"https:\/\/soydeaqui.ddns.net\/pachuca\/index.php\/wp-json\/wp\/v2\/product\/83124","targetHints":{"allow":["GET"]}}],"collection":[{"href":"https:\/\/soydeaqui.ddns.net\/pachuca\/index.php\/wp-json\/wp\/v2\/product"}],"about":[{"href":"https:\/\/soydeaqui.ddns.net\/pachuca\/index.php\/wp-json\/wp\/v2\/types\/product"}],"replies":[{"embeddable":true,"href":"https:\/\/soydeaqui.ddns.net\/pachuca\/index.php\/wp-json\/wp\/v2\/comments?post=83124"}],"wp:featuredmedia":[{"embeddable":true,"href":"https:\/\/soydeaqui.ddns.net\/pachuca\/index.php\/wp-json\/wp\/v2\/media\/83123"}],"wp:attachment":[{"href":"https:\/\/soydeaqui.ddns.net\/pachuca\/index.php\/wp-json\/wp\/v2\/media?parent=83124"}],"wp:term":[{"taxonomy":"product_brand","embeddable":true,"href":"https:\/\/soydeaqui.ddns.net\/pachuca\/index.php\/wp-json\/wp\/v2\/product_brand?post=83124"},{"taxonomy":"product_cat","embeddable":true,"href":"https:\/\/soydeaqui.ddns.net\/pachuca\/index.php\/wp-json\/wp\/v2\/product_cat?post=83124"},{"taxonomy":"product_tag","embeddable":true,"href":"https:\/\/soydeaqui.ddns.net\/pachuca\/index.php\/wp-json\/wp\/v2\/product_tag?post=83124"}],"curies":[{"name":"wp","href":"https:\/\/api.w.org\/{rel}","templated":true}]}}