{"id":83119,"date":"2026-03-19T19:54:48","date_gmt":"2026-03-19T19:54:48","guid":{"rendered":"https:\/\/soydeaqui.ddns.net\/pachuca\/index.php\/producto\/switch-dci-para-data-center-64-puertos-qsfp28-100g-para-escenarios-de-alta-densidad-alta-disponibilidad-y-unificacion-de-centro-de-datos\/"},"modified":"2026-03-19T19:54:57","modified_gmt":"2026-03-19T19:54:57","slug":"switch-dci-para-data-center-64-puertos-qsfp28-100g-para-escenarios-de-alta-densidad-alta-disponibilidad-y-unificacion-de-centro-de-datos","status":"publish","type":"product","link":"https:\/\/soydeaqui.ddns.net\/pachuca\/index.php\/producto\/switch-dci-para-data-center-64-puertos-qsfp28-100g-para-escenarios-de-alta-densidad-alta-disponibilidad-y-unificacion-de-centro-de-datos\/","title":{"rendered":"Switch DCI para Data Center, 64 Puertos QSFP28 100G para Escenarios de Alta Densidad, Alta Disponibilidad y Unificaci\u00f3n de Centro de Datos."},"content":{"rendered":"<div style='width: 100%; max-width: 1200px; margin: 0 auto; font-family: sans-serif; line-height: 1.6; color: inherit; background-color: transparent;'> <!-- Imagen principal --> <\/p>\n<div style='margin-bottom: 30px;'> <img style='width: 100%; height: auto; border: 1px solid rgba(150&comma;150&comma;150&comma;0.3); border-radius: 8px; display: block;' src='http:\/\/ftp3.syscom.mx\/usuarios\/ftp\/2025\/07\/10\/2251\/1751060770025__1_.png_froala_686fe90bd90cd' alt='Switch Ruijie RG-S6520-64CQ'> <\/div>\n<p> <!-- T\u00edtulo y descripci\u00f3n general --> <\/p>\n<div style='margin-bottom: 30px;'>\n<h2 style='font-size: 24px; margin-top: 0; margin-bottom: 15px; color: inherit; opacity: 0.9;'>Switch Ruijie RG-S6520-64CQ<\/h2>\n<p style='font-size: 15px; margin-bottom: 15px; color: inherit;'>Los switches de la serie RG-S6520 son equipos de nueva generaci\u00f3n lanzados por Ruijie Networks para centros de datos en la nube. Se destacan por su alto rendimiento&comma; alta densidad y una velocidad de datos de hasta 100 Gbps.<\/p>\n<p style='font-size: 15px; color: inherit;'>Estos switches proveen un m\u00e1ximo de 64 puertos de 100GE. Cada puerto 100GE es adaptable a 100GE\/40GE. Los switches ofrecen redundancia de energ\u00eda 1+1 y redundancia de ventiladores 2+1&comma; y tanto los m\u00f3dulos de alimentaci\u00f3n como los m\u00f3dulos de ventiladores admiten hot swapping (intercambio en caliente).<\/p>\n<\/p><\/div>\n<p> <!-- Secci\u00f3n de caracter\u00edsticas --> <\/p>\n<div style='display: flex; flex-wrap: wrap; gap: 30px; margin-bottom: 30px;'>\n<div style='flex: 1 1 400px; min-width: 280px;'> <img style='width: 100%; height: auto; border: 1px solid rgba(150&comma;150&comma;150&comma;0.3); border-radius: 8px; margin-bottom: 15px;' src='http:\/\/ftp3.syscom.mx\/usuarios\/ftp\/2025\/07\/10\/2251\/68535.webp_froala_686feea886f0c' alt='Caracter\u00edsticas del switch'> <\/p>\n<h3 style='font-size: 22px; border-bottom: 2px solid currentColor; padding-bottom: 5px; margin-top: 0; color: inherit; opacity: 0.8;'>Caracter\u00edsticas Generales<\/h3>\n<ul style='padding-left: 20px; font-size: 15px; color: inherit;'>\n<li style='margin-bottom: 5px;'><strong>Montaje:<\/strong> en Rack dos Unidad<\/li>\n<li style='margin-bottom: 5px;'><strong>Tipo:<\/strong> Administrable Capa 3<\/li>\n<li style='margin-bottom: 5px;'><strong>Funciones Avanzadas:<\/strong> DHCP Snooping&comma; QoS&comma; 802.1q&comma; Multicast Storm Control y Broadcast Storm Control<\/li>\n<li style='margin-bottom: 5px;'><strong>Stacking:<\/strong> Hasta 2 Unidades en Total<\/li>\n<li style='margin-bottom: 5px;'><strong>Configuraci\u00f3n a trav\u00e9s de:<\/strong> Interfaz web (red local)&comma; CLI<\/li>\n<li style='margin-bottom: 5px;'><strong>Puertos:<\/strong> 64 Puertos QSFP28 100G&comma; un Puerto Consola y un Puerto MGMT<\/li>\n<li style='margin-bottom: 5px;'><strong>Garant\u00eda:<\/strong> 3 a\u00f1os<\/li>\n<\/ul><\/div>\n<\/p><\/div>\n<p> <!-- Separador --> <\/p>\n<hr style='border: 0; border-top: 1px solid rgba(150&comma; 150&comma; 150&comma; 0.3); margin: 30px 0;'> <!-- Secci\u00f3n de especificaciones --> <\/p>\n<div style='display: flex; flex-wrap: wrap; gap: 20px; margin-bottom: 30px;'>\n<div style='flex: 1 1 250px; border: 1px solid rgba(150&comma; 150&comma; 150&comma; 0.4); border-radius: 8px; overflow: hidden; display: flex; flex-direction: column;'>\n<div style='padding: 15px; border-bottom: 1px solid rgba(150&comma; 150&comma; 150&comma; 0.2); font-weight: bold; font-size: 18px; color: inherit;'>Desempe\u00f1o<\/div>\n<div style='padding: 15px; color: inherit;'>\n<ul style='padding-left: 20px; margin: 0; font-size: 14px; list-style-type: disc;'>\n<li style='margin-bottom: 5px;'><strong>Capacidad Switching:<\/strong> 12&comma;800 Gbps<\/li>\n<li style='margin-bottom: 5px;'><strong>Forwarding Rate:<\/strong> 4&comma;482 Mpps<\/li>\n<li style='margin-bottom: 5px;'><strong>Packet Buffer:<\/strong> 336 Mbit<\/li>\n<li style='margin-bottom: 5px;'><strong>Direcciones MAC:<\/strong> 264&comma;000<\/li>\n<li style='margin-bottom: 5px;'><strong>VLANs:<\/strong> 4&comma;094<\/li>\n<\/ul><\/div>\n<\/p><\/div>\n<div style='flex: 1 1 250px; border: 1px solid rgba(150&comma; 150&comma; 150&comma; 0.4); border-radius: 8px; overflow: hidden; display: flex; flex-direction: column;'>\n<div style='padding: 15px; border-bottom: 1px solid rgba(150&comma; 150&comma; 150&comma; 0.2); font-weight: bold; font-size: 18px; color: inherit;'>Caracter\u00edsticas F\u00edsicas y El\u00e9ctricas<\/div>\n<div style='padding: 15px; color: inherit;'>\n<ul style='padding-left: 20px; margin: 0; font-size: 14px; list-style-type: disc;'>\n<li style='margin-bottom: 5px;'><strong>Alimentaci\u00f3n:<\/strong> 100V &#8211; 10A o 240 &#8211; 5A \/ Consumo Max (600W)<\/li>\n<li style='margin-bottom: 5px;'><strong>Dimensiones:<\/strong> 442 mm x 450 mm x 88.1 mm<\/li>\n<li style='margin-bottom: 5px;'><strong>Peso:<\/strong> 20 Kg<\/li>\n<li style='margin-bottom: 5px;'><strong>Temperatura en Operaci\u00f3n:<\/strong> 0\u00b0 a 45\u00b0C<\/li>\n<li style='margin-bottom: 5px;'><strong>Grado de protecci\u00f3n El\u00e9ctrica:<\/strong> \u00b18kV<\/li>\n<li style='margin-bottom: 5px;'><strong>Disipaci\u00f3n de Calor:<\/strong> Con Ventilador \/ 2&comma;047 BTU x hora<\/li>\n<\/ul><\/div>\n<\/p><\/div>\n<div style='flex: 1 1 250px; border: 1px solid rgba(150&comma; 150&comma; 150&comma; 0.4); border-radius: 8px; overflow: hidden; display: flex; flex-direction: column;'>\n<div style='padding: 15px; border-bottom: 1px solid rgba(150&comma; 150&comma; 150&comma; 0.2); font-weight: bold; font-size: 18px; color: inherit;'>Contenido del Paquete<\/div>\n<div style='padding: 15px; color: inherit;'>\n<ul style='padding-left: 20px; margin: 0; font-size: 14px; list-style-type: disc;'>\n<li style='margin-bottom: 5px;'>1 Pieza Switch modelo: RG-S6520-64CQ<\/li>\n<li style='margin-bottom: 5px;'>2 Piezas Fuente AC modelo: RG-PA800I-F<\/li>\n<li style='margin-bottom: 5px;'>3 Piezas Ventilador modelo: M6520-FAN-F<\/li>\n<li style='margin-bottom: 5px;'>Gu\u00eda r\u00e1pida de instalaci\u00f3n<\/li>\n<\/ul><\/div>\n<\/p><\/div>\n<\/p><\/div>\n<p> <!-- Separador --> <\/p>\n<hr style='border: 0; border-top: 1px solid rgba(150&comma; 150&comma; 150&comma; 0.3); margin: 30px 0;'> <!-- Secci\u00f3n de recursos adicionales --> <\/p>\n<div style='display: flex; flex-wrap: wrap; gap: 20px; margin-bottom: 30px;'>\n<div style='flex: 1 1 250px; border: 1px solid rgba(150&comma; 150&comma; 150&comma; 0.4); border-radius: 8px; overflow: hidden; display: flex; flex-direction: column;'>\n<div style='padding: 15px; border-bottom: 1px solid rgba(150&comma; 150&comma; 150&comma; 0.2); font-weight: bold; font-size: 18px; color: inherit;'>Documentaci\u00f3n y Firmware<\/div>\n<div style='padding: 15px; color: inherit;'>\n<ul style='padding-left: 20px; margin: 0; font-size: 14px; list-style-type: disc;'>\n<li style='margin-bottom: 5px;'><a href='https:\/\/www.syscom.mx\/producto\/LP-QSFP28-100G-SM-10-LINKEDPRO-BY-EPCOM-213585.html' target='_blank' rel='noopener noreferrer' style='color: inherit; text-decoration: underline;'>Hoja de Especificaciones<\/a><\/li>\n<li style='margin-bottom: 5px;'><a href='https:\/\/www.syscom.mx\/producto\/LP-QSFP28-100G-SM-10-LINKEDPRO-BY-EPCOM-213585.html' target='_blank' rel='noopener noreferrer' style='color: inherit; text-decoration: underline;'>Especificaciones de Hardware<\/a><\/li>\n<li style='margin-bottom: 5px;'><a href='https:\/\/www.syscom.mx\/producto\/LP-QSFP28-100G-SM-10-LINKEDPRO-BY-EPCOM-213585.html' target='_blank' rel='noopener noreferrer' style='color: inherit; text-decoration: underline;'>Firmware<\/a><\/li>\n<\/ul><\/div>\n<\/p><\/div>\n<div style='flex: 1 1 250px; border: 1px solid rgba(150&comma; 150&comma; 150&comma; 0.4); border-radius: 8px; overflow: hidden; display: flex; flex-direction: column;'>\n<div style='padding: 15px; border-bottom: 1px solid rgba(150&comma; 150&comma; 150&comma; 0.2); font-weight: bold; font-size: 18px; color: inherit;'>Accesorios Sugeridos<\/div>\n<div style='padding: 15px; color: inherit;'>\n<ul style='padding-left: 20px; margin: 0; font-size: 14px; list-style-type: disc;'>\n<li style='margin-bottom: 5px;'><a href='https:\/\/www.syscom.mx\/producto\/LP-QSFP28-100G-SM-10-LINKEDPRO-BY-EPCOM-213585.html' target='_blank' rel='noopener noreferrer' style='color: inherit; text-decoration: underline;'>Transceptor Monomodo QSFP28 100G modelo: LP-QSFP28-100G-SM-10<\/a><\/li>\n<\/ul><\/div>\n<\/p><\/div>\n<div style='flex: 1 1 250px; border: 1px solid rgba(150&comma; 150&comma; 150&comma; 0.4); border-radius: 8px; overflow: hidden; display: flex; flex-direction: column;'>\n<div style='padding: 15px; border-bottom: 1px solid rgba(150&comma; 150&comma; 150&comma; 0.2); font-weight: bold; font-size: 18px; color: inherit;'>Enlaces \u00datiles<\/div>\n<div style='padding: 15px; color: inherit;'>\n<ul style='padding-left: 20px; margin: 0; font-size: 14px; list-style-type: disc;'>\n<li style='margin-bottom: 5px;'><a href='https:\/\/cloud-la.ruijienetworks.com\/' target='_blank' rel='noopener noreferrer' style='color: inherit; text-decoration: underline;'>Ruijie Cloud<\/a><\/li>\n<li style='margin-bottom: 5px;'><a href='https:\/\/play.google.com\/store\/apps\/details?id=cn.com.ruijie.cloudapp&#038;hl=es_MX&#038;pli=1' target='_blank' rel='noopener noreferrer' style='color: inherit; text-decoration: underline;'>Ruijie APP &#8211; Android<\/a> \/ <a href='https:\/\/apps.apple.com\/us\/app\/ruijie-reyee\/id1423429270' target='_blank' rel='noopener noreferrer' style='color: inherit; text-decoration: underline;'>iOS<\/a><\/li>\n<li style='margin-bottom: 5px;'><a href='https:\/\/soporte.syscom.mx\/es\/collections\/3797236-ruijie-networks' target='_blank' rel='noopener noreferrer' style='color: inherit; text-decoration: underline;'>Manuales y Gu\u00edas R\u00e1pidas<\/a><\/li>\n<\/ul><\/div>\n<\/p><\/div>\n<\/p><\/div>\n<p> <!-- Separador --> <\/p>\n<hr style='border: 0; border-top: 1px solid rgba(150&comma; 150&comma; 150&comma; 0.3); margin: 30px 0;'> <!-- Im\u00e1genes adicionales --> <\/p>\n<div style='display: flex; flex-wrap: wrap; gap: 30px;'>\n<div style='flex: 1 1 100%; min-width: 280px;'> <img style='width: 100%; height: auto; border: 1px solid rgba(150&comma;150&comma;150&comma;0.3); border-radius: 8px;' src='http:\/\/ftp3.syscom.mx\/usuarios\/ftp\/2025\/07\/10\/2251\/23343420250109_12_04_20.png_froala_686ff47f570ba' alt='Vista del switch Ruijie RG-S6520-64CQ'> <\/div>\n<div style='flex: 1 1 100%; min-width: 280px; margin-top: 30px;'> <img style='width: 100%; height: auto; border: 1px solid rgba(150&comma;150&comma;150&comma;0.3); border-radius: 8px;' src='http:\/\/ftp3.syscom.mx\/usuarios\/ftp\/2025\/07\/10\/2251\/23343420250109_12_04_51data_center_switches_rgs652064cq_100ge_data_center_access_switch.png_froala_686ff488aedc5' alt='Switch Ruijie RG-S6520-64CQ en configuraci\u00f3n de data center'> <\/div>\n<\/p><\/div>\n<\/p><\/div>\n","protected":false},"excerpt":{"rendered":"<p>Switch DCI para Data Center, 64 Puertos QSFP28 100G para Escenarios de Alta Densidad, Alta Disponibilidad y Unificaci\u00f3n de Centro de Datos.<\/p>\n","protected":false},"featured_media":83118,"comment_status":"open","ping_status":"closed","template":"","meta":[],"product_brand":[],"product_cat":[1970],"product_tag":[664,2123,1971],"class_list":{"0":"post-83119","1":"product","2":"type-product","3":"status-publish","4":"has-post-thumbnail","6":"product_cat-switches","7":"product_tag-networking","8":"product_tag-ruijie","9":"product_tag-switches","11":"first","12":"instock","13":"sale","14":"shipping-taxable","15":"purchasable","16":"product-type-simple"},"_links":{"self":[{"href":"https:\/\/soydeaqui.ddns.net\/pachuca\/index.php\/wp-json\/wp\/v2\/product\/83119","targetHints":{"allow":["GET"]}}],"collection":[{"href":"https:\/\/soydeaqui.ddns.net\/pachuca\/index.php\/wp-json\/wp\/v2\/product"}],"about":[{"href":"https:\/\/soydeaqui.ddns.net\/pachuca\/index.php\/wp-json\/wp\/v2\/types\/product"}],"replies":[{"embeddable":true,"href":"https:\/\/soydeaqui.ddns.net\/pachuca\/index.php\/wp-json\/wp\/v2\/comments?post=83119"}],"wp:featuredmedia":[{"embeddable":true,"href":"https:\/\/soydeaqui.ddns.net\/pachuca\/index.php\/wp-json\/wp\/v2\/media\/83118"}],"wp:attachment":[{"href":"https:\/\/soydeaqui.ddns.net\/pachuca\/index.php\/wp-json\/wp\/v2\/media?parent=83119"}],"wp:term":[{"taxonomy":"product_brand","embeddable":true,"href":"https:\/\/soydeaqui.ddns.net\/pachuca\/index.php\/wp-json\/wp\/v2\/product_brand?post=83119"},{"taxonomy":"product_cat","embeddable":true,"href":"https:\/\/soydeaqui.ddns.net\/pachuca\/index.php\/wp-json\/wp\/v2\/product_cat?post=83119"},{"taxonomy":"product_tag","embeddable":true,"href":"https:\/\/soydeaqui.ddns.net\/pachuca\/index.php\/wp-json\/wp\/v2\/product_tag?post=83119"}],"curies":[{"name":"wp","href":"https:\/\/api.w.org\/{rel}","templated":true}]}}