{"id":8311,"date":"2026-03-18T07:07:27","date_gmt":"2026-03-18T07:07:27","guid":{"rendered":"https:\/\/soydeaqui.ddns.net\/pachuca\/index.php\/producto\/motor-somfy-40-mm-para-persianas\/"},"modified":"2026-03-18T07:07:34","modified_gmt":"2026-03-18T07:07:34","slug":"motor-somfy-40-mm-para-persianas","status":"publish","type":"product","link":"https:\/\/soydeaqui.ddns.net\/pachuca\/index.php\/producto\/motor-somfy-40-mm-para-persianas\/","title":{"rendered":"Motor SOMFY 40 mm para persianas."},"content":{"rendered":"<div style='width: 100%; max-width: 1200px; margin: 0 auto; font-family: sans-serif; line-height: 1.6; color: inherit; background-color: transparent;'> <!-- Secci\u00f3n de caracter\u00edsticas principales --> <\/p>\n<div style='display: flex; flex-wrap: wrap; gap: 30px; margin-bottom: 30px;'>\n<div style='flex: 1 1 300px; min-width: 280px;'>\n<h3 style='font-size: 22px; border-bottom: 2px solid currentColor; padding-bottom: 5px; margin-top: 0; color: inherit; opacity: 0.8;'>Caracter\u00edsticas principales<\/h3>\n<ul style='padding-left: 20px; font-size: 15px; color: inherit;'>\n<li>L\u00edmites electr\u00f3nicos configurables a trav\u00e9s de un control remoto<\/li>\n<li>Se adapta f\u00e1cilmente a tubos con di\u00e1metro interno de 40 mm<\/li>\n<li>Antena interna de Radio Tecnolog\u00eda Somfy<\/li>\n<li>Compatible con sensores de protecci\u00f3n solar de interior<\/li>\n<li>Posici\u00f3n favorita &#8216;my&#8217;<\/li>\n<li>Convierte persianas tradicionales en persianas inteligentes<\/li>\n<\/ul><\/div>\n<\/p><\/div>\n<p> <!-- Secci\u00f3n de aplicaciones --> <\/p>\n<div style='display: flex; flex-wrap: wrap; gap: 30px; margin-bottom: 30px;'>\n<div style='flex: 1 1 300px; min-width: 280px;'>\n<h3 style='font-size: 22px; border-bottom: 2px solid currentColor; padding-bottom: 5px; margin-top: 0; color: inherit; opacity: 0.8;'>Aplicaciones<\/h3>\n<ul style='padding-left: 20px; font-size: 15px; color: inherit;'>\n<li>Cortinas enrollables<\/li>\n<li>Cortinas romanas<\/li>\n<li>Persianas celulares<\/li>\n<li>Toldo vertical<\/li>\n<\/ul>\n<p style='font-size: 14px; color: inherit; opacity: 0.8; margin-top: 15px; font-style: italic;'>* El desempe\u00f1o del motor en estos productos no es \u00f3ptimo&comma; consulte a su Ejecutivo de Ventas Somfy<\/p>\n<\/p><\/div>\n<\/p><\/div>\n<p> <!-- Secci\u00f3n de especificaciones t\u00e9cnicas --> <\/p>\n<div style='display: flex; flex-wrap: wrap; gap: 20px; margin-bottom: 30px;'>\n<div style='flex: 1 1 250px; border: 1px solid rgba(150&comma; 150&comma; 150&comma; 0.4); border-radius: 8px; overflow: hidden; display: flex; flex-direction: column;'>\n<div style='padding: 15px; border-bottom: 1px solid rgba(150&comma; 150&comma; 150&comma; 0.2); font-weight: bold; font-size: 18px; color: inherit;'>Especificaciones t\u00e9cnicas<\/div>\n<div style='padding: 15px; color: inherit;'>\n<ul style='padding-left: 20px; margin: 0; font-size: 14px; list-style-type: disc;'>\n<li style='margin-bottom: 5px;'><strong>Suministro de voltaje:<\/strong> 120V AC \/ 60Hz<\/li>\n<li style='margin-bottom: 5px;'><strong>Rango de temperatura:<\/strong> 0\u00b0C a 60\u00b0C<\/li>\n<li style='margin-bottom: 5px;'><strong>Corriente nominal:<\/strong> 1.2 A<\/li>\n<li style='margin-bottom: 5px;'><strong>Indice de protecci\u00f3n:<\/strong> IP30<\/li>\n<li style='margin-bottom: 5px;'><strong>L\u00edmites:<\/strong> Electr\u00f3nico (RTS)<\/li>\n<li style='margin-bottom: 5px;'><strong>Clase de aislamiento:<\/strong> Clase 1<\/li>\n<li style='margin-bottom: 5px;'><strong>Capacidad de l\u00edmite de carrera:<\/strong> Limitado a 3 minutos de rotaci\u00f3n sin parar<\/li>\n<li style='margin-bottom: 5px;'><strong>Cantidad de vueltas:<\/strong> 250 vueltas<\/li>\n<\/ul><\/div>\n<\/p><\/div>\n<p> <!-- Secci\u00f3n de dimensiones --> <\/p>\n<div style='flex: 1 1 250px; border: 1px solid rgba(150&comma; 150&comma; 150&comma; 0.4); border-radius: 8px; overflow: hidden; display: flex; flex-direction: column;'>\n<div style='padding: 15px; border-bottom: 1px solid rgba(150&comma; 150&comma; 150&comma; 0.2); font-weight: bold; font-size: 18px; color: inherit;'>Dimensiones<\/div>\n<div style='padding: 15px; color: inherit;'>\n<ul style='padding-left: 20px; margin: 0; font-size: 14px; list-style-type: disc;'>\n<li style='margin-bottom: 5px;'><strong>L1:<\/strong> 545 mm<\/li>\n<li style='margin-bottom: 5px;'><strong>L2:<\/strong> 530 mm<\/li>\n<li style='margin-bottom: 5px;'><strong>L3:<\/strong> 560 mm<\/li>\n<\/ul><\/div>\n<\/p><\/div>\n<p> <!-- Secci\u00f3n de especificaciones el\u00e9ctricas --> <\/p>\n<div style='flex: 1 1 250px; border: 1px solid rgba(150&comma; 150&comma; 150&comma; 0.4); border-radius: 8px; overflow: hidden; display: flex; flex-direction: column;'>\n<div style='padding: 15px; border-bottom: 1px solid rgba(150&comma; 150&comma; 150&comma; 0.2); font-weight: bold; font-size: 18px; color: inherit;'>Especificaciones el\u00e9ctricas<\/div>\n<div style='padding: 15px; color: inherit;'>\n<ul style='padding-left: 20px; margin: 0; font-size: 14px; list-style-type: disc;'>\n<li style='margin-bottom: 5px;'><strong>Voltaje nominal:<\/strong> 120 V \/ 60 Hz<\/li>\n<li style='margin-bottom: 5px;'><strong>Protecci\u00f3n t\u00e9rmica:<\/strong> 3 minutos<\/li>\n<li style='margin-bottom: 5px;'><strong>Tipo de cable:<\/strong> AWG-18<\/li>\n<li style='margin-bottom: 5px;'><strong>Conexi\u00f3n:<\/strong> 2 bornes con cuerda para instalaci\u00f3n (di\u00e1metro: 4 mm&comma; profundidad: 9.4 mm)<\/li>\n<\/ul><\/div>\n<\/p><\/div>\n<p> <!-- Secci\u00f3n de versiones disponibles --> <\/p>\n<div style='flex: 1 1 250px; border: 1px solid rgba(150&comma; 150&comma; 150&comma; 0.4); border-radius: 8px; overflow: hidden; display: flex; flex-direction: column;'>\n<div style='padding: 15px; border-bottom: 1px solid rgba(150&comma; 150&comma; 150&comma; 0.2); font-weight: bold; font-size: 18px; color: inherit;'>Versiones disponibles<\/div>\n<div style='padding: 15px; color: inherit;'>\n<ul style='padding-left: 20px; margin: 0; font-size: 14px; list-style-type: disc;'>\n<li style='margin-bottom: 5px;'><strong>Torque:<\/strong> 6 Nm<\/li>\n<li style='margin-bottom: 5px;'><strong>Velocidad:<\/strong> 18 rpm \/ 33 rpm<\/li>\n<li style='margin-bottom: 5px;'><strong>N\u00famero de parte:<\/strong> 406A2RTS \/ 406S2RTS<\/li>\n<\/ul><\/div>\n<\/p><\/div>\n<p> <!-- Secci\u00f3n de radio y certificaciones --> <\/p>\n<div style='flex: 1 1 250px; border: 1px solid rgba(150&comma; 150&comma; 150&comma; 0.4); border-radius: 8px; overflow: hidden; display: flex; flex-direction: column;'>\n<div style='padding: 15px; border-bottom: 1px solid rgba(150&comma; 150&comma; 150&comma; 0.2); font-weight: bold; font-size: 18px; color: inherit;'>Radio y certificaciones<\/div>\n<div style='padding: 15px; color: inherit;'>\n<ul style='padding-left: 20px; margin: 0; font-size: 14px; list-style-type: disc;'>\n<li style='margin-bottom: 5px;'><strong>Tecnolog\u00eda:<\/strong> RTS<\/li>\n<li style='margin-bottom: 5px;'><strong>Frecuencia:<\/strong> 433.42 MHz<\/li>\n<\/ul><\/div>\n<\/p><\/div>\n<\/p><\/div>\n<p> <!-- Separador --> <\/p>\n<hr style='border: 0; border-top: 1px solid rgba(150&comma; 150&comma; 150&comma; 0.3); margin: 30px 0;'> <\/div>\n","protected":false},"excerpt":{"rendered":"<p>Motor SOMFY 40 mm para persianas.<\/p>\n","protected":false},"featured_media":8310,"comment_status":"open","ping_status":"closed","template":"","meta":[],"product_brand":[],"product_cat":[29],"product_tag":[30,31,46],"class_list":{"0":"post-8311","1":"product","2":"type-product","3":"status-publish","4":"has-post-thumbnail","6":"product_cat-persianas-y-cortineros","7":"product_tag-automatizacion-casa-inteligente","8":"product_tag-persianas-y-cortineros","9":"product_tag-somfy","11":"first","12":"outofstock","13":"sale","14":"shipping-taxable","15":"purchasable","16":"product-type-simple"},"_links":{"self":[{"href":"https:\/\/soydeaqui.ddns.net\/pachuca\/index.php\/wp-json\/wp\/v2\/product\/8311","targetHints":{"allow":["GET"]}}],"collection":[{"href":"https:\/\/soydeaqui.ddns.net\/pachuca\/index.php\/wp-json\/wp\/v2\/product"}],"about":[{"href":"https:\/\/soydeaqui.ddns.net\/pachuca\/index.php\/wp-json\/wp\/v2\/types\/product"}],"replies":[{"embeddable":true,"href":"https:\/\/soydeaqui.ddns.net\/pachuca\/index.php\/wp-json\/wp\/v2\/comments?post=8311"}],"wp:featuredmedia":[{"embeddable":true,"href":"https:\/\/soydeaqui.ddns.net\/pachuca\/index.php\/wp-json\/wp\/v2\/media\/8310"}],"wp:attachment":[{"href":"https:\/\/soydeaqui.ddns.net\/pachuca\/index.php\/wp-json\/wp\/v2\/media?parent=8311"}],"wp:term":[{"taxonomy":"product_brand","embeddable":true,"href":"https:\/\/soydeaqui.ddns.net\/pachuca\/index.php\/wp-json\/wp\/v2\/product_brand?post=8311"},{"taxonomy":"product_cat","embeddable":true,"href":"https:\/\/soydeaqui.ddns.net\/pachuca\/index.php\/wp-json\/wp\/v2\/product_cat?post=8311"},{"taxonomy":"product_tag","embeddable":true,"href":"https:\/\/soydeaqui.ddns.net\/pachuca\/index.php\/wp-json\/wp\/v2\/product_tag?post=8311"}],"curies":[{"name":"wp","href":"https:\/\/api.w.org\/{rel}","templated":true}]}}