{"id":83088,"date":"2026-03-19T19:53:35","date_gmt":"2026-03-19T19:53:35","guid":{"rendered":"https:\/\/soydeaqui.ddns.net\/pachuca\/index.php\/producto\/mando-de-audio-de-3-canales-1\/"},"modified":"2026-03-19T19:53:37","modified_gmt":"2026-03-19T19:53:37","slug":"mando-de-audio-de-3-canales-1","status":"publish","type":"product","link":"https:\/\/soydeaqui.ddns.net\/pachuca\/index.php\/producto\/mando-de-audio-de-3-canales-1\/","title":{"rendered":"Mando de Audio de 3 canales +1"},"content":{"rendered":"<div style='width: 100%; max-width: 1200px; margin: 0 auto; font-family: sans-serif; line-height: 1.6; color: inherit;'> <!-- Imagen logo --> <\/p>\n<div style='width: 100%; margin: 20px 0;'> <img style='width: 40%; height: auto; margin: 0 30%; border: 1px solid rgba(150&comma;150&comma;150&comma;0.3); border-radius: 8px;' src='https:\/\/ftp3.syscom.mx\/usuarios\/luis.vargas\/EGI\/Logo.png' alt='Logo EGI'> <\/div>\n<p> <!-- Contenido principal --> <\/p>\n<div style='display: flex; flex-wrap: wrap; gap: 30px; margin: 30px 0;'> <!-- Imagen del producto --> <\/p>\n<div style='flex: 1 1 300px; min-width: 280px;'> <img style='width: 100%; height: auto; border: 1px solid rgba(150&comma;150&comma;150&comma;0.3); border-radius: 8px;' src='https:\/\/ftp3.syscom.mx\/usuarios\/luis.vargas\/EGI\/40292\/4029210.jpg' alt='Mando de Audio'> <\/div>\n<p> <!-- Descripci\u00f3n --> <\/p>\n<div style='flex: 1 1 300px; min-width: 280px;'>\n<h3 style='font-size: 22px; border-bottom: 2px solid currentColor; padding-bottom: 5px; margin-top: 0; color: inherit; opacity: 0.8;'><\/h3>\n<p style='font-size: 18px; color: inherit; margin-bottom: 20px;'>Formato de caja universal o 60&#215;60 para mecanismos&comma; a 15Vdc como variante mas econ\u00f3mica de la serie DOMOS2&comma; que incorpora nueva est\u00e9tica frontal disponible tambi\u00e9n en color negro. Ref: 40292&comma; con nueva carcasa frontal SIN TECLAS&comma; ya que incorpora teclado t\u00e1ctil&comma; con leds verdes y rojos.<\/p>\n<p style='font-size: 18px; color: inherit; margin-bottom: 20px;'>3 canales de audio est\u00e9reo\/mono (seg\u00fan conexi\u00f3n trasera) mas un canal con prioridad PIN o avisos.<\/p>\n<\/p><\/div>\n<\/p><\/div>\n<p> <!-- Separador --> <\/p>\n<hr style='border: 0; border-top: 1px solid rgba(150&comma; 150&comma; 150&comma; 0.3); margin: 30px 0;'> <\/div>\n","protected":false},"excerpt":{"rendered":"<p>Mando de Audio de 3 canales +1<\/p>\n","protected":false},"featured_media":32,"comment_status":"open","ping_status":"closed","template":"","meta":[],"product_brand":[],"product_cat":[2041],"product_tag":[697,2042,2004],"class_list":{"0":"post-83088","1":"product","2":"type-product","3":"status-publish","4":"has-post-thumbnail","6":"product_cat-sistemas-de-voceo-ip","7":"product_tag-egi-audio-solutions","8":"product_tag-sistemas-de-voceo-ip","9":"product_tag-voip-telefonia-ip-videoconferencia","11":"first","12":"outofstock","13":"sale","14":"shipping-taxable","15":"purchasable","16":"product-type-simple"},"_links":{"self":[{"href":"https:\/\/soydeaqui.ddns.net\/pachuca\/index.php\/wp-json\/wp\/v2\/product\/83088","targetHints":{"allow":["GET"]}}],"collection":[{"href":"https:\/\/soydeaqui.ddns.net\/pachuca\/index.php\/wp-json\/wp\/v2\/product"}],"about":[{"href":"https:\/\/soydeaqui.ddns.net\/pachuca\/index.php\/wp-json\/wp\/v2\/types\/product"}],"replies":[{"embeddable":true,"href":"https:\/\/soydeaqui.ddns.net\/pachuca\/index.php\/wp-json\/wp\/v2\/comments?post=83088"}],"wp:featuredmedia":[{"embeddable":true,"href":"https:\/\/soydeaqui.ddns.net\/pachuca\/index.php\/wp-json\/wp\/v2\/media\/32"}],"wp:attachment":[{"href":"https:\/\/soydeaqui.ddns.net\/pachuca\/index.php\/wp-json\/wp\/v2\/media?parent=83088"}],"wp:term":[{"taxonomy":"product_brand","embeddable":true,"href":"https:\/\/soydeaqui.ddns.net\/pachuca\/index.php\/wp-json\/wp\/v2\/product_brand?post=83088"},{"taxonomy":"product_cat","embeddable":true,"href":"https:\/\/soydeaqui.ddns.net\/pachuca\/index.php\/wp-json\/wp\/v2\/product_cat?post=83088"},{"taxonomy":"product_tag","embeddable":true,"href":"https:\/\/soydeaqui.ddns.net\/pachuca\/index.php\/wp-json\/wp\/v2\/product_tag?post=83088"}],"curies":[{"name":"wp","href":"https:\/\/api.w.org\/{rel}","templated":true}]}}