{"id":83078,"date":"2026-03-19T19:53:10","date_gmt":"2026-03-19T19:53:10","guid":{"rendered":"https:\/\/soydeaqui.ddns.net\/pachuca\/index.php\/producto\/amplificador-optico-eydfa-de-32-puertos-de-1550nm\/"},"modified":"2026-03-19T19:53:21","modified_gmt":"2026-03-19T19:53:21","slug":"amplificador-optico-eydfa-de-32-puertos-de-1550nm","status":"publish","type":"product","link":"https:\/\/soydeaqui.ddns.net\/pachuca\/index.php\/producto\/amplificador-optico-eydfa-de-32-puertos-de-1550nm\/","title":{"rendered":"Amplificador \u00d3ptico EYDFA de 32 puertos de 1550nm"},"content":{"rendered":"<div style=\"width: 100%; max-width: 1200px; margin: 0 auto; font-family: sans-serif; line-height: 1.6; color: inherit; background-color: transparent;\"><!-- Secci\u00f3n de im\u00e1genes con t\u00edtulos --> <\/p>\n<div style=\"display: flex; flex-direction: column; gap: 30px;\">\n<div style=\"display: flex; flex-direction: column; align-items: center; gap: 20px;\">\n<h2 style=\"font-size: 28px; margin: 0; padding: 0; font-weight: bold; text-align: center; color: inherit; opacity: 0.85;\">16 Puertos 1550nm Alta potencia PON EYDFA<\/h2>\n<p> <img decoding=\"async\" style=\"width: 100%; height: auto; border: 1px solid rgba(150&comma;150&comma;150&comma;0.3); border-radius: 8px;\" src=\"https:\/\/es.vsolcn.com\/wp-content\/uploads\/2023\/12\/16ports-EDFA_EN-1.jpg\" alt=\"\" \/><\/div>\n<div style=\"display: flex; flex-direction: column; align-items: center; gap: 20px;\">\n<h2 style=\"font-size: 28px; margin: 0; padding: 0; font-weight: bold; text-align: center; color: inherit; opacity: 0.85;\">40dBm Salida de alta potencia<\/h2>\n<p> <img decoding=\"async\" style=\"width: 100%; height: auto; border: 1px solid rgba(150&comma;150&comma;150&comma;0.3); border-radius: 8px;\" src=\"https:\/\/es.vsolcn.com\/wp-content\/uploads\/2023\/12\/16ports-EDFA_EN-3.jpg\" alt=\"\" \/><\/div>\n<div style=\"display: flex; flex-direction: column; align-items: center; gap: 20px;\">\n<h2 style=\"font-size: 28px; margin: 0; padding: 0; font-weight: bold; text-align: center; color: inherit; opacity: 0.85;\">Ingenioso dise&ntilde;o de circuitos &oacute;pticos<\/h2>\n<p> <img decoding=\"async\" style=\"width: 100%; height: auto; border: 1px solid rgba(150&comma;150&comma;150&comma;0.3); border-radius: 8px;\" src=\"https:\/\/es.vsolcn.com\/wp-content\/uploads\/2023\/12\/16ports-EDFA_EN-4.jpg\" alt=\"\" \/><\/div>\n<div style=\"display: flex; flex-direction: column; align-items: center; gap: 20px;\">\n<h2 style=\"font-size: 28px; margin: 0; padding: 0; font-weight: bold; text-align: center; color: inherit; opacity: 0.85;\">Excelente rendimiento y calidad fiable<\/h2>\n<p> <img decoding=\"async\" style=\"width: 100%; height: auto; border: 1px solid rgba(150&comma;150&comma;150&comma;0.3); border-radius: 8px;\" src=\"https:\/\/es.vsolcn.com\/wp-content\/uploads\/2023\/12\/16ports-EDFA_EN-5.jpg\" alt=\"\" \/><\/div>\n<div style=\"display: flex; flex-direction: column; align-items: center; gap: 20px;\">\n<h2 style=\"font-size: 28px; margin: 0; padding: 0; font-weight: bold; text-align: center; color: inherit; opacity: 0.85;\">Aplicaci&oacute;n EDFA<\/h2>\n<p> <img decoding=\"async\" style=\"width: 100%; height: auto; border: 1px solid rgba(150&comma;150&comma;150&comma;0.3); border-radius: 8px;\" src=\"https:\/\/es.vsolcn.com\/wp-content\/uploads\/2023\/12\/16-port-EDFA_DetailPg_EN-6-2.jpg\" alt=\"\" \/><\/div>\n<\/p><\/div>\n<\/p><\/div>\n","protected":false},"excerpt":{"rendered":"<p>Amplificador \u00d3ptico EYDFA de 32 puertos de 1550nm<\/p>\n","protected":false},"featured_media":83077,"comment_status":"open","ping_status":"closed","template":"","meta":[],"product_brand":[],"product_cat":[2157],"product_tag":[2158,2011,2013],"class_list":{"0":"post-83078","1":"product","2":"type-product","3":"status-publish","4":"has-post-thumbnail","6":"product_cat-catv","7":"product_tag-catv","8":"product_tag-redes-ftth-pon","9":"product_tag-v-sol","11":"first","12":"instock","13":"sale","14":"shipping-taxable","15":"purchasable","16":"product-type-simple"},"_links":{"self":[{"href":"https:\/\/soydeaqui.ddns.net\/pachuca\/index.php\/wp-json\/wp\/v2\/product\/83078","targetHints":{"allow":["GET"]}}],"collection":[{"href":"https:\/\/soydeaqui.ddns.net\/pachuca\/index.php\/wp-json\/wp\/v2\/product"}],"about":[{"href":"https:\/\/soydeaqui.ddns.net\/pachuca\/index.php\/wp-json\/wp\/v2\/types\/product"}],"replies":[{"embeddable":true,"href":"https:\/\/soydeaqui.ddns.net\/pachuca\/index.php\/wp-json\/wp\/v2\/comments?post=83078"}],"wp:featuredmedia":[{"embeddable":true,"href":"https:\/\/soydeaqui.ddns.net\/pachuca\/index.php\/wp-json\/wp\/v2\/media\/83077"}],"wp:attachment":[{"href":"https:\/\/soydeaqui.ddns.net\/pachuca\/index.php\/wp-json\/wp\/v2\/media?parent=83078"}],"wp:term":[{"taxonomy":"product_brand","embeddable":true,"href":"https:\/\/soydeaqui.ddns.net\/pachuca\/index.php\/wp-json\/wp\/v2\/product_brand?post=83078"},{"taxonomy":"product_cat","embeddable":true,"href":"https:\/\/soydeaqui.ddns.net\/pachuca\/index.php\/wp-json\/wp\/v2\/product_cat?post=83078"},{"taxonomy":"product_tag","embeddable":true,"href":"https:\/\/soydeaqui.ddns.net\/pachuca\/index.php\/wp-json\/wp\/v2\/product_tag?post=83078"}],"curies":[{"name":"wp","href":"https:\/\/api.w.org\/{rel}","templated":true}]}}