{"id":83047,"date":"2026-03-19T19:51:58","date_gmt":"2026-03-19T19:51:58","guid":{"rendered":"https:\/\/soydeaqui.ddns.net\/pachuca\/index.php\/producto\/telefono-ip-wi-fi-hotelero-c-poe-c-puerto-usb-p-carga-y-pantalla-lcd-d-3-5in\/"},"modified":"2026-03-19T19:52:04","modified_gmt":"2026-03-19T19:52:04","slug":"telefono-ip-wi-fi-hotelero-c-poe-c-puerto-usb-p-carga-y-pantalla-lcd-d-3-5in","status":"publish","type":"product","link":"https:\/\/soydeaqui.ddns.net\/pachuca\/index.php\/producto\/telefono-ip-wi-fi-hotelero-c-poe-c-puerto-usb-p-carga-y-pantalla-lcd-d-3-5in\/","title":{"rendered":"TELEFONO IP WI-FI HOTELERO C\/POE C\/PUERTO USB P\/CARGA Y PANTALLA LCD D\/3.5IN"},"content":{"rendered":"<div style='width: 100%; max-width: 1200px; margin: 0 auto; font-family: sans-serif; line-height: 1.6; color: inherit; background-color: transparent;'>\n<h1 style='text-align: center; font-size: 24px; margin-bottom: 20px; color: inherit;'>Telefono hotelero Wi-Fi H6WB<\/h1>\n<p style='text-align: justify; font-size: 16px; color: inherit;'> Fanvil H6W es un tel\u00e9fono IP Wi-Fi econ\u00f3mico con m\u00faltiples funciones y un aspecto elegante. Est\u00e1 equipado con 5 teclas programables para la l\u00ednea directa de servicios&comma; que se adaptan a diversos escenarios hoteleros. El H6W incorpora Wi-Fi de doble banda de 2&comma;4 GHz y 5 GHz (Wi-Fi 6)&comma; lo que garantiza una conectividad perfecta. Adem\u00e1s&comma; cuenta con voz HD&comma; Ethernet a 10\/100 Mbps y PoE&comma; lo que mejora la experiencia general del usuario y reduce los costes de instalaci\u00f3n en el hotel. Adem\u00e1s de en hoteles&comma; el H6W tambi\u00e9n es adecuado para centros comerciales&comma; hospitales&comma; supermercados y otros entornos. <\/p>\n<div style='display: flex; flex-wrap: wrap; gap: 30px; margin-top: 30px;'> <!-- Caracter\u00edsticas principales --> <\/p>\n<div style='flex: 1 1 300px; min-width: 280px;'>\n<div style='border-left: 5px solid #FF0800; border-radius: 5px; padding: 15px; box-shadow: 2px 2px 10px rgba(216&comma;216&comma;216&comma;0.5);'>\n<h3 style='margin-top: 0; margin-bottom: 15px; font-size: 18px; color: inherit; font-weight: bold;'>Caracter\u00edsticas principales:<\/h3>\n<ul style='padding-left: 20px; font-size: 15px; color: inherit; list-style-type: disc;'>\n<li style='margin-bottom: 8px;'>2 L\u00edneas SIP<\/li>\n<li style='margin-bottom: 8px;'>Wi-Fi dual-band 2.4GHz &#038; 5GHz<\/li>\n<li style='margin-bottom: 8px;'>5 teclas programables para servicio<\/li>\n<li style='margin-bottom: 8px;'>Pantalla IPS de 3&comma;5 pulgadas 320&#215;480&comma; personalizable<\/li>\n<li style='margin-bottom: 8px;'>Audio HD<\/li>\n<li style='margin-bottom: 8px;'>Llamada IP y Peer to Peer (punto a punto)<\/li>\n<li style='margin-bottom: 8px;'>PoE integrado<\/li>\n<li style='margin-bottom: 8px;'>1 puerto USB A para cargar el tel\u00e9fono<\/li>\n<li style='margin-bottom: 8px;'>Compatible con las principales plataformas: 3CX&comma; Asterisk&comma; Broadsoft&comma; Metaswitch&comma; Avaya etc.<\/li>\n<li style='margin-bottom: 8px;'>Garant\u00eda 3 a\u00f1os<\/li>\n<\/ul><\/div>\n<\/p><\/div>\n<p> <!-- Caracter\u00edsticas F\u00edsicas y El\u00e9ctricas --> <\/p>\n<div style='flex: 1 1 300px; min-width: 280px;'>\n<div style='border-left: 5px solid #FF0800; border-radius: 5px; padding: 15px; box-shadow: 2px 2px 10px rgba(216&comma;216&comma;216&comma;0.5);'>\n<h3 style='margin-top: 0; margin-bottom: 15px; font-size: 18px; color: inherit; font-weight: bold;'>Caracter\u00edsticas F\u00edsicas y El\u00e9ctricas:<\/h3>\n<ul style='padding-left: 20px; font-size: 15px; color: inherit; list-style-type: disc;'>\n<li style='margin-bottom: 8px;'><strong>Entrada de adaptador DC 5V \/ 2 A<\/strong> (No incluida)<\/li>\n<li style='margin-bottom: 8px;'>2 puertos Ethernet 10\/100 Mbps modo puente para bypass a PC<\/li>\n<li style='margin-bottom: 8px;'>Consumo de potencia: inactivo: 1.56W Activo: 8.29W<\/li>\n<li style='margin-bottom: 8px;'>Temperatura de operaci\u00f3n: 0~45\u2103<\/li>\n<li style='margin-bottom: 8px;'>Humedad relativa: 10~95%<\/li>\n<li style='margin-bottom: 8px;'>Dimensiones: 221&#215;127.5&#215;70.5 mm<\/li>\n<\/ul><\/div>\n<\/p><\/div>\n<p> <!-- Caracter\u00edsticas de Red --> <\/p>\n<div style='flex: 1 1 300px; min-width: 280px;'>\n<div style='border-left: 5px solid #FF0800; border-radius: 5px; padding: 15px; box-shadow: 2px 2px 10px rgba(216&comma;216&comma;216&comma;0.5);'>\n<h3 style='margin-top: 0; margin-bottom: 15px; font-size: 18px; color: inherit; font-weight: bold;'>Caracter\u00edsticas de Red:<\/h3>\n<ul style='padding-left: 20px; font-size: 15px; color: inherit; list-style-type: disc;'>\n<li style='margin-bottom: 8px;'>2 puertos Ethernet 10\/100 Mbps modo puente para bypass a PC<\/li>\n<li style='margin-bottom: 8px;'>Wi-Fi dual-band 2.4GHz &#038; 5GHz<\/li>\n<li style='margin-bottom: 8px;'>Configuraci\u00f3n de IP: est\u00e1tico \/ DHCP \/ PPPoE<\/li>\n<li style='margin-bottom: 8px;'>Control de acceso por red: 802.1x<\/li>\n<li style='margin-bottom: 8px;'>VPN: L2TP \/ OpenVPN<\/li>\n<li style='margin-bottom: 8px;'>VLAN<\/li>\n<li style='margin-bottom: 8px;'>QoS<\/li>\n<\/ul><\/div>\n<\/p><\/div>\n<\/p><\/div>\n<p> <!-- Im\u00e1genes --> <\/p>\n<div style='display: flex; flex-wrap: wrap; gap: 20px; margin-top: 30px; justify-content: center;'>\n<div style='flex: 1 1 300px; min-width: 280px;'> <img style='width: 100%; height: auto; border: 1px solid rgba(150&comma;150&comma;150&comma;0.3); border-radius: 8px;' src='https:\/\/ftp3.syscom.mx\/usuarios\/fotos\/H6WB\/233830-11220640h0_(1).jpg' alt=''> <\/div>\n<div style='flex: 1 1 300px; min-width: 280px;'> <img style='width: 100%; height: auto; border: 1px solid rgba(150&comma;150&comma;150&comma;0.3); border-radius: 8px;' src='https:\/\/ftp3.syscom.mx\/usuarios\/fotos\/H6WB\/233830-1122j046pb_(1).jpg' alt=''> <\/div>\n<div style='flex: 1 1 300px; min-width: 280px;'> <img style='width: 100%; height: auto; border: 1px solid rgba(150&comma;150&comma;150&comma;0.3); border-radius: 8px;' src='https:\/\/ftp3.syscom.mx\/usuarios\/fotos\/H6WB\/233830-1122n80prn_(1).jpg' alt=''> <\/div>\n<\/p><\/div>\n<\/p><\/div>\n","protected":false},"excerpt":{"rendered":"<p>TELEFONO IP WI-FI HOTELERO C\/POE C\/PUERTO USB P\/CARGA Y PANTALLA LCD D\/3.5IN<\/p>\n","protected":false},"featured_media":83046,"comment_status":"open","ping_status":"closed","template":"","meta":[],"product_brand":[],"product_cat":[2043],"product_tag":[859,2044,2004],"class_list":{"0":"post-83047","1":"product","2":"type-product","3":"status-publish","4":"has-post-thumbnail","6":"product_cat-telefonos-ip-para-hoteles","7":"product_tag-fanvil","8":"product_tag-telefonos-ip-para-hoteles","9":"product_tag-voip-telefonia-ip-videoconferencia","11":"first","12":"instock","13":"sale","14":"shipping-taxable","15":"purchasable","16":"product-type-simple"},"_links":{"self":[{"href":"https:\/\/soydeaqui.ddns.net\/pachuca\/index.php\/wp-json\/wp\/v2\/product\/83047","targetHints":{"allow":["GET"]}}],"collection":[{"href":"https:\/\/soydeaqui.ddns.net\/pachuca\/index.php\/wp-json\/wp\/v2\/product"}],"about":[{"href":"https:\/\/soydeaqui.ddns.net\/pachuca\/index.php\/wp-json\/wp\/v2\/types\/product"}],"replies":[{"embeddable":true,"href":"https:\/\/soydeaqui.ddns.net\/pachuca\/index.php\/wp-json\/wp\/v2\/comments?post=83047"}],"wp:featuredmedia":[{"embeddable":true,"href":"https:\/\/soydeaqui.ddns.net\/pachuca\/index.php\/wp-json\/wp\/v2\/media\/83046"}],"wp:attachment":[{"href":"https:\/\/soydeaqui.ddns.net\/pachuca\/index.php\/wp-json\/wp\/v2\/media?parent=83047"}],"wp:term":[{"taxonomy":"product_brand","embeddable":true,"href":"https:\/\/soydeaqui.ddns.net\/pachuca\/index.php\/wp-json\/wp\/v2\/product_brand?post=83047"},{"taxonomy":"product_cat","embeddable":true,"href":"https:\/\/soydeaqui.ddns.net\/pachuca\/index.php\/wp-json\/wp\/v2\/product_cat?post=83047"},{"taxonomy":"product_tag","embeddable":true,"href":"https:\/\/soydeaqui.ddns.net\/pachuca\/index.php\/wp-json\/wp\/v2\/product_tag?post=83047"}],"curies":[{"name":"wp","href":"https:\/\/api.w.org\/{rel}","templated":true}]}}