{"id":83031,"date":"2026-03-19T19:51:14","date_gmt":"2026-03-19T19:51:14","guid":{"rendered":"https:\/\/soydeaqui.ddns.net\/pachuca\/index.php\/producto\/onu-ont-bridge-xgspon-1-puerto-rj45-10-gbps-1-puerto-rj45-1-gbps-conector-sc-upc-ideal-para-servicios-empresariales\/"},"modified":"2026-03-19T19:51:23","modified_gmt":"2026-03-19T19:51:23","slug":"onu-ont-bridge-xgspon-1-puerto-rj45-10-gbps-1-puerto-rj45-1-gbps-conector-sc-upc-ideal-para-servicios-empresariales","status":"publish","type":"product","link":"https:\/\/soydeaqui.ddns.net\/pachuca\/index.php\/producto\/onu-ont-bridge-xgspon-1-puerto-rj45-10-gbps-1-puerto-rj45-1-gbps-conector-sc-upc-ideal-para-servicios-empresariales\/","title":{"rendered":"ONU\/ONT Bridge XGSPON \/ 1 Puerto RJ45 10 Gbps \/ 1 Puerto RJ45 1 Gbps \/ Conector SC\/UPC \/ Ideal para Servicios Empresariales"},"content":{"rendered":"<div style='width: 100%; max-width: 1200px; margin: 0 auto; font-family: sans-serif; line-height: 1.6; color: inherit; background-color: transparent;'>\n<div style='display: flex; flex-wrap: wrap; gap: 30px; margin-bottom: 30px;'>\n<div style='flex: 1 1 300px; min-width: 280px;'>\n<h3 style='font-size: 22px; border-bottom: 2px solid currentColor; padding-bottom: 5px; margin-top: 0; color: inherit; opacity: 0.8;'>Caracter\u00edsticas principales<\/h3>\n<ul style='padding-left: 20px; font-size: 15px; color: inherit;'>\n<li style='margin-bottom: 5px;'>Dimensiones: 140 \u00d7 140 \u00d7 34.5 mm (largo \u00d7 ancho \u00d7 alto)<\/li>\n<li style='margin-bottom: 5px;'>Aplicaciones de: <strong>Datos<\/strong><\/li>\n<li style='margin-bottom: 5px;'>Gesti\u00f3n y Monitoreo en l\u00ednea desde la OLT V-SOL<\/li>\n<li style='margin-bottom: 5px;'>Gesti\u00f3n amigable desde: EMS \/ Web \/ Telnet \/ CLI<\/li>\n<\/ul><\/div>\n<div style='flex: 1 1 300px; min-width: 280px;'>\n<h3 style='font-size: 22px; border-bottom: 2px solid currentColor; padding-bottom: 5px; margin-top: 0; color: inherit; opacity: 0.8;'>Caracter\u00edsticas F\u00edsicas y El\u00e9ctricas<\/h3>\n<ul style='padding-left: 20px; font-size: 15px; color: inherit;'>\n<li style='margin-bottom: 5px;'>Alimentaci\u00f3n: 12V 1A (Fuente Incluida)<\/li>\n<li style='margin-bottom: 5px;'>Consumo m\u00e1ximo: 12W<\/li>\n<li style='margin-bottom: 5px;'>Peso: 0.316 Kg<\/li>\n<li style='margin-bottom: 5px;'>Temperatura de operaci\u00f3n: -10 a 55\u00b0 C<\/li>\n<\/ul><\/div>\n<div style='flex: 1 1 300px; min-width: 280px;'>\n<h3 style='font-size: 22px; border-bottom: 2px solid currentColor; padding-bottom: 5px; margin-top: 0; color: inherit; opacity: 0.8;'>Caracter\u00edsticas de Red<\/h3>\n<ul style='padding-left: 20px; font-size: 15px; color: inherit;'>\n<li style='margin-bottom: 5px;'>1 Puerto RJ45 10 Gbps<\/li>\n<li style='margin-bottom: 5px;'>1 Puerto RJ45 1 Gbps<\/li>\n<\/ul><\/div>\n<\/p><\/div>\n<hr style='border: 0; border-top: 1px solid rgba(150&comma; 150&comma; 150&comma; 0.3); margin: 30px 0;'>\n<div style='text-align: center; margin-bottom: 30px;'>\n<h2 style='font-size: 28px; margin: 0 0 20px; color: inherit; opacity: 0.9;'>ONU Bridge XGSPON Para Una Nueva Experiencia a 10 Gbps de Velocidad<\/h2>\n<p> <img style='width: 100%; height: auto; border: 1px solid rgba(150&comma;150&comma;150&comma;0.3); border-radius: 8px;' src='https:\/\/www.vsolcn.com\/wp-content\/uploads\/2024\/06\/V2902A-Product-Page_EN-1-1.jpg' alt=''> <\/div>\n<hr style='border: 0; border-top: 1px solid rgba(150&comma; 150&comma; 150&comma; 0.3); margin: 30px 0;'>\n<div style='text-align: center; margin-bottom: 30px;'>\n<h2 style='font-size: 28px; margin: 0 0 20px; color: inherit; opacity: 0.9;'>El Siguiente Nivel para Los Servicios ISP<\/h2>\n<p> <img style='width: 100%; height: auto; border: 1px solid rgba(150&comma;150&comma;150&comma;0.3); border-radius: 8px;' src='https:\/\/www.vsolcn.com\/wp-content\/uploads\/2024\/06\/V2902A-Product-Page_EN-2-1.jpg' alt=''> <\/div>\n<hr style='border: 0; border-top: 1px solid rgba(150&comma; 150&comma; 150&comma; 0.3); margin: 30px 0;'>\n<div style='text-align: center; margin-bottom: 30px;'>\n<h2 style='font-size: 28px; margin: 0 0 20px; color: inherit; opacity: 0.9;'>Puertos RJ45 con Velocidades de 10 Gbps y 1 Gbps<\/h2>\n<p> <img style='width: 100%; height: auto; border: 1px solid rgba(150&comma;150&comma;150&comma;0.3); border-radius: 8px;' src='https:\/\/www.vsolcn.com\/wp-content\/uploads\/2024\/06\/V2902A-Product-Page_EN-3.jpg' alt=''> <\/div>\n<hr style='border: 0; border-top: 1px solid rgba(150&comma; 150&comma; 150&comma; 0.3); margin: 30px 0;'>\n<div style='text-align: center;'>\n<h2 style='font-size: 28px; margin: 0 0 20px; color: inherit; opacity: 0.9;'>Soluci\u00f3n de Gran Ancho de Banda<\/h2>\n<p> <img style='width: 100%; height: auto; border: 1px solid rgba(150&comma;150&comma;150&comma;0.3); border-radius: 8px;' src='https:\/\/www.vsolcn.com\/wp-content\/uploads\/2024\/06\/V2902A-Product-Page_EN-4.jpg' alt=''> <\/div>\n<hr style='border: 0; border-top: 1px solid rgba(150&comma; 150&comma; 150&comma; 0.3); margin: 30px 0;'>\n<div style='text-align: center;'>\n<h2 style='font-size: 28px; margin: 0 0 20px; color: inherit; opacity: 0.9;'>Dise\u00f1o Est\u00e9tico para Implementaci\u00f3n en Escritorio o Pared<\/h2>\n<p> <img style='width: 100%; height: auto; border: 1px solid rgba(150&comma;150&comma;150&comma;0.3); border-radius: 8px;' src='https:\/\/www.vsolcn.com\/wp-content\/uploads\/2024\/06\/V2902A-Product-Page_EN-5.jpg' alt=''> <\/div>\n<\/p><\/div>\n","protected":false},"excerpt":{"rendered":"<p>ONU\/ONT Bridge XGSPON \/ 1 Puerto RJ45 10 Gbps \/ 1 Puerto RJ45 1 Gbps \/ Conector SC\/UPC \/ Ideal para Servicios Empresariales<\/p>\n","protected":false},"featured_media":83030,"comment_status":"open","ping_status":"closed","template":"","meta":[],"product_brand":[],"product_cat":[2010],"product_tag":[2012,2011,2013],"class_list":{"0":"post-83031","1":"product","2":"type-product","3":"status-publish","4":"has-post-thumbnail","6":"product_cat-onus-onts","7":"product_tag-onus-onts","8":"product_tag-redes-ftth-pon","9":"product_tag-v-sol","11":"first","12":"instock","13":"sale","14":"shipping-taxable","15":"purchasable","16":"product-type-simple"},"_links":{"self":[{"href":"https:\/\/soydeaqui.ddns.net\/pachuca\/index.php\/wp-json\/wp\/v2\/product\/83031","targetHints":{"allow":["GET"]}}],"collection":[{"href":"https:\/\/soydeaqui.ddns.net\/pachuca\/index.php\/wp-json\/wp\/v2\/product"}],"about":[{"href":"https:\/\/soydeaqui.ddns.net\/pachuca\/index.php\/wp-json\/wp\/v2\/types\/product"}],"replies":[{"embeddable":true,"href":"https:\/\/soydeaqui.ddns.net\/pachuca\/index.php\/wp-json\/wp\/v2\/comments?post=83031"}],"wp:featuredmedia":[{"embeddable":true,"href":"https:\/\/soydeaqui.ddns.net\/pachuca\/index.php\/wp-json\/wp\/v2\/media\/83030"}],"wp:attachment":[{"href":"https:\/\/soydeaqui.ddns.net\/pachuca\/index.php\/wp-json\/wp\/v2\/media?parent=83031"}],"wp:term":[{"taxonomy":"product_brand","embeddable":true,"href":"https:\/\/soydeaqui.ddns.net\/pachuca\/index.php\/wp-json\/wp\/v2\/product_brand?post=83031"},{"taxonomy":"product_cat","embeddable":true,"href":"https:\/\/soydeaqui.ddns.net\/pachuca\/index.php\/wp-json\/wp\/v2\/product_cat?post=83031"},{"taxonomy":"product_tag","embeddable":true,"href":"https:\/\/soydeaqui.ddns.net\/pachuca\/index.php\/wp-json\/wp\/v2\/product_tag?post=83031"}],"curies":[{"name":"wp","href":"https:\/\/api.w.org\/{rel}","templated":true}]}}