{"id":83000,"date":"2026-03-19T19:49:51","date_gmt":"2026-03-19T19:49:51","guid":{"rendered":"https:\/\/soydeaqui.ddns.net\/pachuca\/index.php\/producto\/router-empresarial-1-puerto-10-100-1000-mbps-combo-1-puerto-sfp-wan-4-puerto-10-100-1000-mbpswan-lan-rendimiento-1-gbps-vpn-balanceo-de-cargas-hasta-200-clientes\/"},"modified":"2026-03-19T19:50:02","modified_gmt":"2026-03-19T19:50:02","slug":"router-empresarial-1-puerto-10-100-1000-mbps-combo-1-puerto-sfp-wan-4-puerto-10-100-1000-mbpswan-lan-rendimiento-1-gbps-vpn-balanceo-de-cargas-hasta-200-clientes","status":"publish","type":"product","link":"https:\/\/soydeaqui.ddns.net\/pachuca\/index.php\/producto\/router-empresarial-1-puerto-10-100-1000-mbps-combo-1-puerto-sfp-wan-4-puerto-10-100-1000-mbpswan-lan-rendimiento-1-gbps-vpn-balanceo-de-cargas-hasta-200-clientes\/","title":{"rendered":"Router Empresarial \/ 1 puerto 10\/100\/1000 Mbps combo 1 puerto SFP (WAN) \/ 4 puerto 10\/100\/1000 Mbps(WAN\/LAN) \/ Rendimiento 1 Gbps \/ VPN \/ Balanceo de Cargas \/ Hasta 200 Clientes"},"content":{"rendered":"<div style='width: 100%; max-width: 1200px; margin: 0 auto; font-family: sans-serif; line-height: 1.6; color: inherit; background-color: transparent;'> <!-- Descripci\u00f3n principal --> <\/p>\n<div style='margin-bottom: 30px;'>\n<p style='font-size: 15px; color: inherit; text-align: justify;'> El router empresarial eKitEngine AR303 de Huawei es un router fijo de nueva generaci\u00f3n dise\u00f1ado para peque\u00f1as y medianas empresas (PYMES). Integra diversas funciones de servicio&comma; como enrutamiento&comma; conmutaci\u00f3n y seguridad&comma; para satisfacer los diversos requisitos de servicio y rendimiento de los clientes empresariales. <\/p>\n<\/p><\/div>\n<p> <!-- Imagen principal --> <\/p>\n<div style='margin-bottom: 30px;'> <img style='width: 100%; height: auto; border: 1px solid rgba(150&comma;150&comma;150&comma;0.3); border-radius: 8px;' src='https:\/\/ftp3.syscom.mx\/usuarios\/fotos\/AR303\/231893-captura_de_pantalla_2024-07-02_a_la(s)_12.09.13.png' alt='Router Huawei AR303'> <\/div>\n<p> <!-- Caracter\u00edsticas Generales --> <\/p>\n<div style='display: flex; flex-wrap: wrap; gap: 20px; margin-bottom: 30px;'>\n<div style='flex: 1 1 300px; min-width: 280px;'>\n<h3 style='font-size: 22px; border-bottom: 2px solid currentColor; padding-bottom: 5px; margin-top: 0; color: inherit; opacity: 0.8;'>Caracter\u00edsticas Generales<\/h3>\n<ul style='padding-left: 20px; font-size: 15px; color: inherit;'>\n<li style='margin-bottom: 5px;'>Administraci\u00f3n v\u00eda Navegador web (Stand Alone).<\/li>\n<li style='margin-bottom: 5px; background-color: #ed0000; color: #ffffff; padding: 5px; border-radius: 4px;'><strong>Balanceo de Cargas<\/strong><\/li>\n<li style='margin-bottom: 5px; background-color: #ed0000; color: #ffffff; padding: 5px; border-radius: 4px;'><strong>Soporta hasta 200 clientes<\/strong><\/li>\n<li style='margin-bottom: 5px; background-color: #ed0000; color: #ffffff; padding: 5px; border-radius: 4px;'><strong>VPN: IPSec VPN&comma; GRE VPN&comma; DSVPN&comma; A2A VPN&comma; L2TP VPN&comma; y L2TPv3 VPN<\/strong><\/li>\n<li style='margin-bottom: 5px;'>Tasa de reenvio: 1 Mpps.<\/li>\n<li style='margin-bottom: 5px;'>Puertos: 1 x 10\/100\/1000BASE-T port combo 1 x GE SFP (WAN) + 4 x 10\/100\/1000BASE-T port(WAN\/LAN).<\/li>\n<li style='margin-bottom: 5px;'>Balanceo de Cargas: Recepci\u00f3n selectiva y con alimentaci\u00f3n m\u00faltiple&comma; equilibrio de carga por paquete.<\/li>\n<li style='margin-bottom: 5px;'>MultiCast: IGMPv1&comma; IGMPv2&comma; IGMPv3&comma; PIM SM&comma; PIM DM&comma; MSDP&comma; MBGP&comma; IPv6 PIM&comma; and MLD.<\/li>\n<li style='margin-bottom: 5px;'>Pol\u00edtica de enrutamiento IPv4&comma; ruta est\u00e1tica&comma; RIP&comma; OSPF&comma; IS-IS y BGP<\/li>\n<li style='margin-bottom: 5px;'>IPv6: ruta est\u00e1tica&comma; pol\u00edtica de enrutamiento&comma; RIPng&comma; OSPFv3&comma; IS-ISv6 y BGP4+.<\/li>\n<li style='margin-bottom: 5px; background-color: #ed0000; color: #ffffff; padding: 5px; border-radius: 4px;'><strong>Seguridad:<\/strong> ACLv4\/v6&comma; cortafuegos con seguimiento de estado basado en dominios&comma; autenticaci\u00f3n 802.1X&comma; autenticaci\u00f3n de direcciones MAC&comma; autenticaci\u00f3n de portales y AAA&comma; RADIUS&comma; HWTACACS&comma; PKI&comma; supresi\u00f3n de tormentas de difusi\u00f3n&comma; seguridad ARP&comma; defensa contra ataques ICMP&comma; URPF&comma; CPCAR&comma; lista negra&comma; algoritmos criptogr\u00e1ficos de la serie SM&comma; gesti\u00f3n de comportamiento en l\u00ednea y filtrado de URL.<\/li>\n<\/ul><\/div>\n<p> <!-- Especificaciones --> <\/p>\n<div style='flex: 1 1 300px; min-width: 280px;'>\n<h3 style='font-size: 22px; border-bottom: 2px solid currentColor; padding-bottom: 5px; margin-top: 0; color: inherit; opacity: 0.8;'>Especificaciones El\u00e9ctricas y F\u00edsicas<\/h3>\n<ul style='padding-left: 20px; font-size: 15px; color: inherit;'>\n<li style='margin-bottom: 5px;'>Dimensiones: 38 mm x 240 mm x 161.5 mm.<\/li>\n<li style='margin-bottom: 5px;'>Alimentaci\u00f3n el\u00e9ctrica: 100 V AC a 240 V AC&comma; 50\/60 Hz.<\/li>\n<li style='margin-bottom: 5px;'>Consumo m\u00e1ximo: 12W.<\/li>\n<li style='margin-bottom: 5px;'>Temperatura de operaci\u00f3n: 0\u00b0C a 40\u00b0C.<\/li>\n<\/ul>\n<h4 style='margin-top: 25px; margin-bottom: 15px; font-size: 18px; color: inherit; opacity: 0.7;'>Contenido del Paquete<\/h4>\n<ul style='padding-left: 20px; font-size: 15px; color: inherit;'>\n<li style='margin-bottom: 5px;'>1 AR303<\/li>\n<li style='margin-bottom: 5px;'>Manual de Instalaci\u00f3n<\/li>\n<li style='margin-bottom: 5px;'>Cable el\u00e9ctrico AC<\/li>\n<\/ul><\/div>\n<\/p><\/div>\n<p> <!-- Escenarios de Aplicaci\u00f3n --> <\/p>\n<h2 style='margin-top: 40px; margin-bottom: 20px; font-size: 24px; color: inherit;'>Escenarios de Aplicaci\u00f3n<\/h2>\n<p> <!-- Escenario Oficina --> <\/p>\n<div style='margin-bottom: 30px; border: 1px solid rgba(150&comma;150&comma;150&comma;0.3); border-radius: 8px; overflow: hidden;'>\n<div style='background-color: #f8f9fa; padding: 15px; font-weight: bold; color: inherit; cursor: pointer;'> Escenario Oficina <\/div>\n<div style='padding: 15px;'> <img style='width: 100%; height: auto; border: 1px solid rgba(150&comma;150&comma;150&comma;0.3); border-radius: 8px;' src='https:\/\/ftp3.syscom.mx\/usuarios\/fotos\/AP362\/223796-captura_de_pantalla_2023-12-06_a_la(s)_17.12.01.png' alt='Escenario Oficina'> <\/p>\n<h3 style='margin-top: 20px; font-size: 18px; color: inherit;'><strong>Equipos Recomendados:<\/strong><\/h3>\n<p><strong>Routers:<\/strong><\/p>\n<ul style='padding-left: 20px; font-size: 15px; color: inherit;'>\n<li style='margin-bottom: 5px;'><a href='https:\/\/www.syscom.mx\/principal\/searchcont?route=S380-L4T1T-HUAWEI-eKIT-223814&#038;autodetect=ekit' style='color: #ed0000; text-decoration: none; font-weight: 600;'>S380-L4T1T<\/a><\/li>\n<li style='margin-bottom: 5px;'><a href='https:\/\/www.syscom.mx\/principal\/searchcont?route=S380-S8P2T-HUAWEI-eKIT-223817&#038;autodetect=ekit' style='color: #ed0000; text-decoration: none; font-weight: 600;'>S380-S8P2T<\/a><\/li>\n<li style='margin-bottom: 5px;'><a href='https:\/\/www.syscom.mx\/principal\/searchcont?route=AR720-HUAWEI-eKIT-223819&#038;autodetect=ekit' style='color: #ed0000; text-decoration: none; font-weight: 600;'>AR720<\/a><\/li>\n<\/ul>\n<p><strong>Switches:<\/strong><\/p>\n<ul style='padding-left: 20px; font-size: 15px; color: inherit;'>\n<li style='margin-bottom: 5px;'><a href='https:\/\/www.syscom.mx\/principal\/searchcont?route=S310-24T4X-HUAWEI-eKIT-223803&#038;autodetect=ekit' style='color: #ed0000; text-decoration: none; font-weight: 600;'>S310-24T4X<\/a><\/li>\n<li style='margin-bottom: 5px;'><a href='https:\/\/www.syscom.mx\/principal\/searchcont?route=S220-24P4X-HUAWEI-eKIT-223806&#038;autodetect=ekit' style='color: #ed0000; text-decoration: none; font-weight: 600;'>S220-24P4X<\/a><\/li>\n<li style='margin-bottom: 5px;'><a href='https:\/\/www.syscom.mx\/principal\/searchcont?route=S220-24T4X-HUAWEI-eKIT-223798&#038;autodetect=ekit' style='color: #ed0000; text-decoration: none; font-weight: 600;'>S220-24T4X<\/a><\/li>\n<\/ul>\n<p><strong>Puntos de Acceso:<\/strong><\/p>\n<ul style='padding-left: 20px; font-size: 15px; color: inherit;'>\n<li style='margin-bottom: 5px;'><a href='https:\/\/www.syscom.mx\/principal\/searchcont?route=AP362-HUAWEI-eKIT-223796&#038;autodetect=ekit' style='color: #ed0000; text-decoration: none; font-weight: 600;'>AP362<\/a><\/li>\n<\/ul><\/div>\n<\/p><\/div>\n<p> <!-- Tiendas Comerciales --> <\/p>\n<div style='margin-bottom: 30px; border: 1px solid rgba(150&comma;150&comma;150&comma;0.3); border-radius: 8px; overflow: hidden;'>\n<div style='background-color: #f8f9fa; padding: 15px; font-weight: bold; color: inherit; cursor: pointer;'> Tiendas Comerciales <\/div>\n<div style='padding: 15px;'> <img style='width: 100%; height: auto; border: 1px solid rgba(150&comma;150&comma;150&comma;0.3); border-radius: 8px;' src='https:\/\/ftp3.syscom.mx\/usuarios\/fotos\/AP362\/223796-captura_de_pantalla_2023-12-06_a_la(s)_17.45.06.png' alt='Tiendas Comerciales'> <\/p>\n<h3 style='margin-top: 20px; font-size: 18px; color: inherit;'><strong>Equipos Recomendados:<\/strong><\/h3>\n<p><strong>Routers:<\/strong><\/p>\n<ul style='padding-left: 20px; font-size: 15px; color: inherit;'>\n<li style='margin-bottom: 5px;'><a href='https:\/\/www.syscom.mx\/principal\/searchcont?route=S380-L4T1T-HUAWEI-eKIT-223814&#038;autodetect=ekit' style='color: #ed0000; text-decoration: none; font-weight: 600;'>S380-L4T1T<\/a><\/li>\n<li style='margin-bottom: 5px;'><a href='https:\/\/www.syscom.mx\/principal\/searchcont?route=S380-S8P2T-HUAWEI-eKIT-223817&#038;autodetect=ekit' style='color: #ed0000; text-decoration: none; font-weight: 600;'>S380-S8P2T<\/a><\/li>\n<li style='margin-bottom: 5px;'><a href='https:\/\/www.syscom.mx\/principal\/searchcont?route=S380-L4P1T-HUAWEI-eKIT-223815&#038;autodetect=ekit' style='color: #ed0000; text-decoration: none; font-weight: 600;'>S380-L4P1T<\/a><\/li>\n<\/ul>\n<p><strong>Switches:<\/strong><\/p>\n<ul style='padding-left: 20px; font-size: 15px; color: inherit;'>\n<li style='margin-bottom: 5px;'><a href='https:\/\/www.syscom.mx\/principal\/searchcont?route=S220-24P4X-HUAWEI-eKIT-223806&#038;autodetect=ekit' style='color: #ed0000; text-decoration: none; font-weight: 600;'>S220-24P4X<\/a><\/li>\n<\/ul>\n<p><strong>Puntos de Acceso:<\/strong><\/p>\n<ul style='padding-left: 20px; font-size: 15px; color: inherit;'>\n<li style='margin-bottom: 5px;'><a href='https:\/\/www.syscom.mx\/principal\/searchcont?route=AP362-HUAWEI-eKIT-223796&#038;autodetect=ekit' style='color: #ed0000; text-decoration: none; font-weight: 600;'>AP362<\/a><\/li>\n<\/ul><\/div>\n<\/p><\/div>\n<p> <!-- Hoteles Peque\u00f1os y Medianos --> <\/p>\n<div style='margin-bottom: 30px; border: 1px solid rgba(150&comma;150&comma;150&comma;0.3); border-radius: 8px; overflow: hidden;'>\n<div style='background-color: #f8f9fa; padding: 15px; font-weight: bold; color: inherit; cursor: pointer;'> Hoteles Peque\u00f1os y Medianos <\/div>\n<div style='padding: 15px;'> <img style='width: 100%; height: auto; border: 1px solid rgba(150&comma;150&comma;150&comma;0.3); border-radius: 8px;' src='https:\/\/ftp3.syscom.mx\/usuarios\/fotos\/AP362\/223796-captura_de_pantalla_2023-12-06_a_la(s)_19.34.01.png' alt='Hoteles Peque\u00f1os y Medianos'> <\/p>\n<h3 style='margin-top: 20px; font-size: 18px; color: inherit;'><strong>Equipos Recomendados:<\/strong><\/h3>\n<p><strong>Routers:<\/strong><\/p>\n<ul style='padding-left: 20px; font-size: 15px; color: inherit;'>\n<li style='margin-bottom: 5px;'><a href='https:\/\/www.syscom.mx\/principal\/searchcont?route=AR730-HUAWEI-eKIT-223820&#038;autodetect=ekit' style='color: #ed0000; text-decoration: none; font-weight: 600;'>AR730<\/a><\/li>\n<li style='margin-bottom: 5px;'><a href='https:\/\/www.syscom.mx\/principal\/searchcont?route=AR720-HUAWEI-eKIT-223819&#038;autodetect=ekit' style='color: #ed0000; text-decoration: none; font-weight: 600;'>AR720<\/a><\/li>\n<\/ul>\n<p><strong>Controladora:<\/strong><\/p>\n<ul style='padding-left: 20px; font-size: 15px; color: inherit;'>\n<li style='margin-bottom: 5px;'><a href='https:\/\/www.syscom.mx\/principal\/searchcont?route=AC650-128AP-HUAWEI-eKIT-223821&#038;autodetect=ar650' style='color: #ed0000; text-decoration: none; font-weight: 600;'>AC650-128AP<\/a><\/li>\n<li style='margin-bottom: 5px;'><a href='https:\/\/www.syscom.mx\/principal\/searchcont?route=AC650-256AP-HUAWEI-eKIT-223859&#038;autodetect=ar650' style='color: #ed0000; text-decoration: none; font-weight: 600;'>AC650-256AP<\/a><\/li>\n<\/ul>\n<p><strong>Switches:<\/strong><\/p>\n<ul style='padding-left: 20px; font-size: 15px; color: inherit;'>\n<li style='margin-bottom: 5px;'><a href='https:\/\/www.syscom.mx\/principal\/searchcont?route=S310-24T4X-HUAWEI-eKIT-223803&#038;autodetect=ekit' style='color: #ed0000; text-decoration: none; font-weight: 600;'>S310-24T4X<\/a><\/li>\n<li style='margin-bottom: 5px;'><a href='https:\/\/www.syscom.mx\/principal\/searchcont?route=S220-24P4X-HUAWEI-eKIT-223806&#038;autodetect=ekit' style='color: #ed0000; text-decoration: none; font-weight: 600;'>S220-24P4X<\/a><\/li>\n<li style='margin-bottom: 5px;'><a href='https:\/\/www.syscom.mx\/principal\/searchcont?route=S220-24T4X-HUAWEI-eKIT-223798&#038;autodetect=ekit' style='color: #ed0000; text-decoration: none; font-weight: 600;'>S220-24T4X<\/a><\/li>\n<\/ul>\n<p><strong>Puntos de Acceso:<\/strong><\/p>\n<ul style='padding-left: 20px; font-size: 15px; color: inherit;'>\n<li style='margin-bottom: 5px;'><a href='https:\/\/www.syscom.mx\/principal\/searchcont?route=AP362-HUAWEI-eKIT-223796&#038;autodetect=ekit' style='color: #ed0000; text-decoration: none; font-weight: 600;'>AP362<\/a><\/li>\n<li style='margin-bottom: 5px;'><a href='https:\/\/www.syscom.mx\/principal\/searchcont?route=AP263-HUAWEI-eKIT-223858&#038;autodetect=ekit' style='color: #ed0000; text-decoration: none; font-weight: 600;'>AP263<\/a><\/li>\n<\/ul><\/div>\n<\/p><\/div>\n<p> <!-- Casa Habitaci\u00f3n --> <\/p>\n<div style='margin-bottom: 30px; border: 1px solid rgba(150&comma;150&comma;150&comma;0.3); border-radius: 8px; overflow: hidden;'>\n<div style='background-color: #f8f9fa; padding: 15px; font-weight: bold; color: inherit; cursor: pointer;'> Casa Habitaci\u00f3n <\/div>\n<div style='padding: 15px;'> <img style='width: 100%; height: auto; border: 1px solid rgba(150&comma;150&comma;150&comma;0.3); border-radius: 8px;' src='https:\/\/ftp3.syscom.mx\/usuarios\/fotos\/AP362\/223796-captura_de_pantalla_2023-12-06_a_la(s)_20.03.50.png' alt='Casa Habitaci\u00f3n'> <\/p>\n<h3 style='margin-top: 20px; font-size: 18px; color: inherit;'><strong>Equipos Recomendados:<\/strong><\/h3>\n<p><strong>Routers:<\/strong><\/p>\n<ul style='padding-left: 20px; font-size: 15px; color: inherit;'>\n<li style='margin-bottom: 5px;'><a href='https:\/\/www.syscom.mx\/principal\/searchcont?route=S380-S8P2T-HUAWEI-eKIT-223817&#038;autodetect=ekit' style='color: #ed0000; text-decoration: none; font-weight: 600;'>S380-S8P2T<\/a><\/li>\n<\/ul>\n<p><strong>Switches:<\/strong><\/p>\n<ul style='padding-left: 20px; font-size: 15px; color: inherit;'>\n<li style='margin-bottom: 5px;'><a href='https:\/\/www.syscom.mx\/principal\/searchcont?route=S310-24T4S-HUAWEI-eKIT-223801&#038;autodetect=ekit' style='color: #ed0000; text-decoration: none; font-weight: 600;'>S310-24T4S<\/a><\/li>\n<\/ul>\n<p><strong>Puntos de Acceso:<\/strong><\/p>\n<ul style='padding-left: 20px; font-size: 15px; color: inherit;'>\n<li style='margin-bottom: 5px;'><a href='https:\/\/www.syscom.mx\/principal\/searchcont?route=AP263-HUAWEI-eKIT-223858&#038;autodetect=ekit' style='color: #ed0000; text-decoration: none; font-weight: 600;'>AP263<\/a><\/li>\n<\/ul><\/div>\n<\/p><\/div>\n<p> <!-- Fabricas --> <\/p>\n<div style='margin-bottom: 30px; border: 1px solid rgba(150&comma;150&comma;150&comma;0.3); border-radius: 8px; overflow: hidden;'>\n<div style='background-color: #f8f9fa; padding: 15px; font-weight: bold; color: inherit; cursor: pointer;'> Fabricas <\/div>\n<div style='padding: 15px;'> <img style='width: 100%; height: auto; border: 1px solid rgba(150&comma;150&comma;150&comma;0.3); border-radius: 8px;' src='https:\/\/ftp3.syscom.mx\/usuarios\/fotos\/AP362\/223796-captura_de_pantalla_2023-12-06_a_la(s)_20.18.17.png' alt='Fabricas'> <\/p>\n<h3 style='margin-top: 20px; font-size: 18px; color: inherit;'><strong>Equipos Recomendados:<\/strong><\/h3>\n<p><strong>Routers:<\/strong><\/p>\n<ul style='padding-left: 20px; font-size: 15px; color: inherit;'>\n<li style='margin-bottom: 5px;'><a href='https:\/\/www.syscom.mx\/principal\/searchcont?route=AR730-HUAWEI-eKIT-223820&#038;autodetect=ekit' style='color: #ed0000; text-decoration: none; font-weight: 600;'>AR730<\/a><\/li>\n<\/ul>\n<p><strong>Controladora:<\/strong><\/p>\n<ul style='padding-left: 20px; font-size: 15px; color: inherit;'>\n<li style='margin-bottom: 5px;'><a href='https:\/\/www.syscom.mx\/principal\/searchcont?route=AC650-256AP-HUAWEI-eKIT-223859&#038;autodetect=ar650' style='color: #ed0000; text-decoration: none; font-weight: 600;'>AC650-256AP<\/a><\/li>\n<\/ul>\n<p><strong>Switches:<\/strong><\/p>\n<ul style='padding-left: 20px; font-size: 15px; color: inherit;'>\n<li style='margin-bottom: 5px;'><a href='https:\/\/www.syscom.mx\/principal\/searchcont?route=S310-24T4X-HUAWEI-eKIT-223803&#038;autodetect=ekit' style='color: #ed0000; text-decoration: none; font-weight: 600;'>S310-24T4X<\/a><\/li>\n<li style='margin-bottom: 5px;'><a href='https:\/\/www.syscom.mx\/principal\/searchcont?route=S220-24P4X-HUAWEI-eKIT-223806&#038;autodetect=ekit' style='color: #ed0000; text-decoration: none; font-weight: 600;'>S220-24P4X<\/a><\/li>\n<li style='margin-bottom: 5px;'><a href='https:\/\/www.syscom.mx\/principal\/searchcont?route=S220-24T4X-HUAWEI-eKIT-223798&#038;autodetect=ekit' style='color: #ed0000; text-decoration: none; font-weight: 600;'>S220-24T4X<\/a><\/li>\n<\/ul>\n<p><strong>Puntos de Acceso:<\/strong><\/p>\n<ul style='padding-left: 20px; font-size: 15px; color: inherit;'>\n<li style='margin-bottom: 5px;'><a href='https:\/\/www.syscom.mx\/principal\/searchcont?route=AP362-HUAWEI-eKIT-223796&#038;autodetect=ekit' style='color: #ed0000; text-decoration: none; font-weight: 600;'>AP362<\/a><\/li>\n<li style='margin-bottom: 5px;'><a href='https:\/\/www.syscom.mx\/principal\/searchcont?route=AP263-HUAWEI-eKIT-223858&#038;autodetect=ekit' style='color: #ed0000; text-decoration: none; font-weight: 600;'>AP263<\/a><\/li>\n<\/ul><\/div>\n<\/p><\/div>\n<p> <!-- Escuelas --> <\/p>\n<div style='margin-bottom: 30px; border: 1px solid rgba(150&comma;150&comma;150&comma;0.3); border-radius: 8px; overflow: hidden;'>\n<div style='background-color: #f8f9fa; padding: 15px; font-weight: bold; color: inherit; cursor: pointer;'> Escuelas (Primarias y Secundarias) <\/div>\n<div style='padding: 15px;'> <img style='width: 100%; height: auto; border: 1px solid rgba(150&comma;150&comma;150&comma;0.3); border-radius: 8px;' src='https:\/\/ftp3.syscom.mx\/usuarios\/fotos\/AP362\/223796-captura_de_pantalla_2023-12-06_a_la(s)_20.32.18.png' alt='Escuelas'> <\/p>\n<h3 style='margin-top: 20px; font-size: 18px; color: inherit;'><strong>Equipos Recomendados:<\/strong><\/h3>\n<p><strong>Routers:<\/strong><\/p>\n<ul style='padding-left: 20px; font-size: 15px; color: inherit;'>\n<li style='margin-bottom: 5px;'><a href='https:\/\/www.syscom.mx\/principal\/searchcont?route=AR730-HUAWEI-eKIT-223820&#038;autodetect=ekit' style='color: #ed0000; text-decoration: none; font-weight: 600;'>AR730<\/a><\/li>\n<\/ul>\n<p><strong>Controladora:<\/strong><\/p>\n<ul style='padding-left: 20px; font-size: 15px; color: inherit;'>\n<li style='margin-bottom: 5px;'><a href='https:\/\/www.syscom.mx\/principal\/searchcont?route=AC650-256AP-HUAWEI-eKIT-223859&#038;autodetect=ar650' style='color: #ed0000; text-decoration: none; font-weight: 600;'>AC650-256AP<\/a><\/li>\n<\/ul>\n<p><strong>Switches:<\/strong><\/p>\n<ul style='padding-left: 20px; font-size: 15px; color: inherit;'>\n<li style='margin-bottom: 5px;'><a href='https:\/\/www.syscom.mx\/principal\/searchcont?route=S310-24T4X-HUAWEI-eKIT-223803&#038;autodetect=ekit' style='color: #ed0000; text-decoration: none; font-weight: 600;'>S310-24T4X<\/a><\/li>\n<li style='margin-bottom: 5px;'><a href='https:\/\/www.syscom.mx\/principal\/searchcont?route=S220-24P4X-HUAWEI-eKIT-223806&#038;autodetect=ekit' style='color: #ed0000; text-decoration: none; font-weight: 600;'>S220-24P4X<\/a><\/li>\n<li style='margin-bottom: 5px;'><a href='https:\/\/www.syscom.mx\/principal\/searchcont?route=S220-24T4X-HUAWEI-eKIT-223798&#038;autodetect=ekit' style='color: #ed0000; text-decoration: none; font-weight: 600;'>S220-24T4X<\/a><\/li>\n<\/ul>\n<p><strong>Puntos de Acceso:<\/strong><\/p>\n<ul style='padding-left: 20px; font-size: 15px; color: inherit;'>\n<li style='margin-bottom: 5px;'><a href='https:\/\/www.syscom.mx\/principal\/searchcont?route=AP362-HUAWEI-eKIT-223796&#038;autodetect=ekit' style='color: #ed0000; text-decoration: none; font-weight: 600;'>AP362<\/a><\/li>\n<\/ul><\/div>\n<\/p><\/div>\n<p> <!-- Hospitales --> <\/p>\n<div style='margin-bottom: 30px; border: 1px solid rgba(150&comma;150&comma;150&comma;0.3); border-radius: 8px; overflow: hidden;'>\n<div style='background-color: #f8f9fa; padding: 15px; font-weight: bold; color: inherit; cursor: pointer;'> Hospitales Peque\u00f1os y Medianos <\/div>\n<div style='padding: 15px;'> <img style='width: 100%; height: auto; border: 1px solid rgba(150&comma;150&comma;150&comma;0.3); border-radius: 8px;' src='https:\/\/ftp3.syscom.mx\/usuarios\/fotos\/AP362\/223796-captura_de_pantalla_2023-12-06_a_la(s)_20.43.54.png' alt='Hospitales'> <\/p>\n<h3 style='margin-top: 20px; font-size: 18px; color: inherit;'><strong>Equipos Recomendados:<\/strong><\/h3>\n<p><strong>Routers:<\/strong><\/p>\n<ul style='padding-left: 20px; font-size: 15px; color: inherit;'>\n<li style='margin-bottom: 5px;'><a href='https:\/\/www.syscom.mx\/principal\/searchcont?route=AR730-HUAWEI-eKIT-223820&#038;autodetect=ekit' style='color: #ed0000; text-decoration: none; font-weight: 600;'>AR730<\/a><\/li>\n<\/ul>\n<p><strong>Controladora:<\/strong><\/p>\n<ul style='padding-left: 20px; font-size: 15px; color: inherit;'>\n<li style='margin-bottom: 5px;'><a href='https:\/\/www.syscom.mx\/principal\/searchcont?route=AC650-256AP-HUAWEI-eKIT-223859&#038;autodetect=ar650' style='color: #ed0000; text-decoration: none; font-weight: 600;'>AC650-256AP<\/a><\/li>\n<\/ul>\n<p><strong>Switches:<\/strong><\/p>\n<ul style='padding-left: 20px; font-size: 15px; color: inherit;'>\n<li style='margin-bottom: 5px;'><a href='https:\/\/www.syscom.mx\/principal\/searchcont?route=S310-24T4X-HUAWEI-eKIT-223803&#038;autodetect=ekit' style='color: #ed0000; text-decoration: none; font-weight: 600;'>S310-24T4X<\/a><\/li>\n<li style='margin-bottom: 5px;'><a href='https:\/\/www.syscom.mx\/principal\/searchcont?route=S220-24P4X-HUAWEI-eKIT-223806&#038;autodetect=ekit' style='color: #ed0000; text-decoration: none; font-weight: 600;'>S220-24P4X<\/a><\/li>\n<li style='margin-bottom: 5px;'><a href='https:\/\/www.syscom.mx\/principal\/searchcont?route=S220-24T4X-HUAWEI-eKIT-223798&#038;autodetect=ekit' style='color: #ed0000; text-decoration: none; font-weight: 600;'>S220-24T4X<\/a><\/li>\n<\/ul>\n<p><strong>Puntos de Acceso:<\/strong><\/p>\n<ul style='padding-left: 20px; font-size: 15px; color: inherit;'>\n<li style='margin-bottom: 5px;'><a href='https:\/\/www.syscom.mx\/principal\/searchcont?route=AP362-HUAWEI-eKIT-223796&#038;autodetect=ekit' style='color: #ed0000; text-decoration: none; font-weight: 600;'>AP362<\/a><\/li>\n<li style='margin-bottom: 5px;'><a href='https:\/\/www.syscom.mx\/principal\/searchcont?route=AP263-HUAWEI-eKIT-223858&#038;autodetect=ekit' style='color: #ed0000; text-decoration: none; font-weight: 600;'>AP263<\/a><\/li>\n<\/ul><\/div>\n<\/p><\/div>\n<\/p><\/div>\n","protected":false},"excerpt":{"rendered":"<p>Router Empresarial \/ 1 puerto 10\/100\/1000 Mbps combo 1 puerto SFP (WAN) \/ 4 puerto 10\/100\/1000 Mbps(WAN\/LAN) \/ Rendimiento 1 Gbps \/ VPN \/ Balanceo de Cargas \/ Hasta 200 Clientes<\/p>\n","protected":false},"featured_media":82999,"comment_status":"open","ping_status":"closed","template":"","meta":[],"product_brand":[],"product_cat":[2036,2035,2034],"product_tag":[2039,2038,718,664,2037],"class_list":{"0":"post-83000","1":"product","2":"type-product","3":"status-publish","4":"has-post-thumbnail","6":"product_cat-balanceadores","7":"product_cat-firewalls","8":"product_cat-routers","9":"product_tag-balanceadores","10":"product_tag-firewalls","11":"product_tag-huawei","12":"product_tag-networking","13":"product_tag-routers","15":"first","16":"instock","17":"sale","18":"shipping-taxable","19":"purchasable","20":"product-type-simple"},"_links":{"self":[{"href":"https:\/\/soydeaqui.ddns.net\/pachuca\/index.php\/wp-json\/wp\/v2\/product\/83000","targetHints":{"allow":["GET"]}}],"collection":[{"href":"https:\/\/soydeaqui.ddns.net\/pachuca\/index.php\/wp-json\/wp\/v2\/product"}],"about":[{"href":"https:\/\/soydeaqui.ddns.net\/pachuca\/index.php\/wp-json\/wp\/v2\/types\/product"}],"replies":[{"embeddable":true,"href":"https:\/\/soydeaqui.ddns.net\/pachuca\/index.php\/wp-json\/wp\/v2\/comments?post=83000"}],"wp:featuredmedia":[{"embeddable":true,"href":"https:\/\/soydeaqui.ddns.net\/pachuca\/index.php\/wp-json\/wp\/v2\/media\/82999"}],"wp:attachment":[{"href":"https:\/\/soydeaqui.ddns.net\/pachuca\/index.php\/wp-json\/wp\/v2\/media?parent=83000"}],"wp:term":[{"taxonomy":"product_brand","embeddable":true,"href":"https:\/\/soydeaqui.ddns.net\/pachuca\/index.php\/wp-json\/wp\/v2\/product_brand?post=83000"},{"taxonomy":"product_cat","embeddable":true,"href":"https:\/\/soydeaqui.ddns.net\/pachuca\/index.php\/wp-json\/wp\/v2\/product_cat?post=83000"},{"taxonomy":"product_tag","embeddable":true,"href":"https:\/\/soydeaqui.ddns.net\/pachuca\/index.php\/wp-json\/wp\/v2\/product_tag?post=83000"}],"curies":[{"name":"wp","href":"https:\/\/api.w.org\/{rel}","templated":true}]}}