{"id":830,"date":"2026-03-18T05:44:59","date_gmt":"2026-03-18T05:44:59","guid":{"rendered":"https:\/\/soydeaqui.ddns.net\/pachuca\/index.php\/producto\/sistema-de-notificacion-inalambrico-para-restaurantes-pequenos-camiones-de-comida-y-restaurantes-de-comida-rapida\/"},"modified":"2026-03-18T05:45:05","modified_gmt":"2026-03-18T05:45:05","slug":"sistema-de-notificacion-inalambrico-para-restaurantes-pequenos-camiones-de-comida-y-restaurantes-de-comida-rapida","status":"publish","type":"product","link":"https:\/\/soydeaqui.ddns.net\/pachuca\/index.php\/producto\/sistema-de-notificacion-inalambrico-para-restaurantes-pequenos-camiones-de-comida-y-restaurantes-de-comida-rapida\/","title":{"rendered":"Sistema de notificaci\u00f3n inal\u00e1mbrico para restaurantes peque\u00f1os, camiones de comida y restaurantes de comida rapida"},"content":{"rendered":"<div style='width: 100%; max-width: 1200px; margin: 0 auto; font-family: sans-serif; line-height: 1.6; color: inherit; background-color: transparent;'> <!-- T\u00edtulo del producto --> <\/p>\n<div style='width: 100%; background-color: #0b2a4a; color: #ffffff; padding: 18px 22px; box-sizing: border-box; border-radius: 8px;'>\n<h2 style='margin: 0; font-size: 22px; font-weight: bold; text-align: center; color: inherit;'>Sistema de notificaci\u00f3n inal\u00e1mbrico para restaurantes peque\u00f1os&comma; camiones de comida y restaurantes de comida rapida<\/h2>\n<\/p><\/div>\n<p> <!-- Contenido principal --> <\/p>\n<div style='max-width: 800px; margin: 20px auto; padding: 10px;'>\n<p style='margin: 0 0 1.5em; text-align: justify; color: inherit; font-size: 15px;'> El Sistema de Buscapersonas TD173 es una soluci\u00f3n avanzada para la comunicaci\u00f3n interna en entornos profesionales. Con una pantalla t\u00e1ctil acr\u00edlica y teclas sensibles&comma; ofrece una experiencia de usuario c\u00f3moda y eficiente. Este sistema soporta hasta 998 buscapersonas y tiene una distancia de trabajo de hasta 500 metros en \u00e1reas abiertas. Incluye funciones avanzadas como autoverificaci\u00f3n&comma; 7 modos de recordatorio y la capacidad de apagar todos los buscapersonas simult\u00e1neamente. <\/p>\n<p> <!-- Caracter\u00edsticas Principales --> <\/p>\n<h3 style='font-size: 19px; font-weight: bold; margin: 20px 0 10px; color: inherit; border-bottom: 2px solid rgba(150&comma;150&comma;150&comma;0.3); padding-bottom: 5px; opacity: 0.8;'>Caracter\u00edsticas Principales<\/h3>\n<ul style='padding-left: 20px; margin: 10px 0; color: inherit; font-size: 15px;'>\n<li style='margin-bottom: 5px; text-align: justify; color: inherit;'>Distancia de trabajo de hasta 500 metros en \u00e1reas abiertas<\/li>\n<li style='margin-bottom: 5px; text-align: justify; color: inherit;'>Personalizaci\u00f3n de logos en los buscapersonas (70mm x 47mm)<\/li>\n<li style='margin-bottom: 5px; text-align: justify; color: inherit;'>Soporta m\u00faltiples teclados transmisores para llamar al mismo buscapersonas<\/li>\n<li style='margin-bottom: 5px; text-align: justify; color: inherit;'>Bot\u00f3n de mute en cada buscapersonas<\/li>\n<\/ul>\n<p> <!-- Aplicaciones y Casos de Uso --> <\/p>\n<h3 style='font-size: 19px; font-weight: bold; margin: 20px 0 10px; color: inherit; border-bottom: 2px solid rgba(150&comma;150&comma;150&comma;0.3); padding-bottom: 5px; opacity: 0.8;'>Aplicaciones y Casos de Uso<\/h3>\n<ul style='padding-left: 20px; margin: 10px 0; color: inherit; font-size: 15px;'>\n<li style='margin-bottom: 5px; text-align: justify; color: inherit;'>Ideal para la gesti\u00f3n de pedidos y llamadas a clientes en restaurantes.<\/li>\n<\/ul>\n<p> <!-- Especificaciones T\u00e9cnicas --> <\/p>\n<h3 style='font-size: 19px; font-weight: bold; margin: 20px 0 10px; color: inherit; border-bottom: 2px solid rgba(150&comma;150&comma;150&comma;0.3); padding-bottom: 5px; opacity: 0.8;'>Especificaciones T\u00e9cnicas<\/h3>\n<div style='display: flex; flex-wrap: wrap; gap: 20px; margin-top: 15px;'>\n<div style='flex: 1 1 250px; border: 1px solid rgba(150&comma; 150&comma; 150&comma; 0.4); border-radius: 8px; overflow: hidden; display: flex; flex-direction: column;'>\n<div style='padding: 15px; border-bottom: 1px solid rgba(150&comma; 150&comma; 150&comma; 0.2); font-weight: bold; font-size: 18px; color: inherit;'>TD173<\/div>\n<div style='padding: 15px; color: inherit;'>\n<ul style='padding-left: 20px; margin: 0; font-size: 14px; list-style-type: disc;'>\n<li style='margin-bottom: 5px; color: inherit;'><strong>Frecuencia Operaci\u00f3n:<\/strong> 433.92 MHz<\/li>\n<li style='margin-bottom: 5px; color: inherit;'><strong>N\u00famero de buscapersonas admitidos por base:<\/strong> 998 buscapersonas<\/li>\n<li style='margin-bottom: 5px; color: inherit;'><strong>Voltaje de entrada:<\/strong> 12 VCC 2 A<\/li>\n<li style='margin-bottom: 5px; color: inherit;'><strong>Distancia de Transmisi\u00f3n:<\/strong> 500 Metros a linea de vista<\/li>\n<li style='margin-bottom: 5px; color: inherit;'><strong>Dimensiones:<\/strong> 285 mm \u00d7 155 mm x 32 mm<\/li>\n<li style='margin-bottom: 5px; color: inherit;'><strong>Capacidad de la Bater\u00eda (buscapersona):<\/strong> 200 mAh 3.7 VCC<\/li>\n<\/ul><\/div>\n<\/p><\/div>\n<\/p><\/div>\n<p> <!-- Separador final --> <\/p>\n<hr style='border: 0; border-top: 1px solid rgba(150&comma; 150&comma; 150&comma; 0.3); margin: 30px 0;'> <\/div>\n<\/p><\/div>\n","protected":false},"excerpt":{"rendered":"<p>Sistema de notificaci\u00f3n inal\u00e1mbrico para restaurantes peque\u00f1os, camiones de comida y restaurantes de comida rapida<\/p>\n","protected":false},"featured_media":829,"comment_status":"open","ping_status":"closed","template":"","meta":[],"product_brand":[],"product_cat":[167],"product_tag":[93,168,235],"class_list":{"0":"post-830","1":"product","2":"type-product","3":"status-publish","4":"has-post-thumbnail","6":"product_cat-botones-de-panico","7":"product_tag-accesorios","8":"product_tag-botones-de-panico","9":"product_tag-retekess","11":"first","12":"instock","13":"sale","14":"shipping-taxable","15":"purchasable","16":"product-type-simple"},"_links":{"self":[{"href":"https:\/\/soydeaqui.ddns.net\/pachuca\/index.php\/wp-json\/wp\/v2\/product\/830","targetHints":{"allow":["GET"]}}],"collection":[{"href":"https:\/\/soydeaqui.ddns.net\/pachuca\/index.php\/wp-json\/wp\/v2\/product"}],"about":[{"href":"https:\/\/soydeaqui.ddns.net\/pachuca\/index.php\/wp-json\/wp\/v2\/types\/product"}],"replies":[{"embeddable":true,"href":"https:\/\/soydeaqui.ddns.net\/pachuca\/index.php\/wp-json\/wp\/v2\/comments?post=830"}],"wp:featuredmedia":[{"embeddable":true,"href":"https:\/\/soydeaqui.ddns.net\/pachuca\/index.php\/wp-json\/wp\/v2\/media\/829"}],"wp:attachment":[{"href":"https:\/\/soydeaqui.ddns.net\/pachuca\/index.php\/wp-json\/wp\/v2\/media?parent=830"}],"wp:term":[{"taxonomy":"product_brand","embeddable":true,"href":"https:\/\/soydeaqui.ddns.net\/pachuca\/index.php\/wp-json\/wp\/v2\/product_brand?post=830"},{"taxonomy":"product_cat","embeddable":true,"href":"https:\/\/soydeaqui.ddns.net\/pachuca\/index.php\/wp-json\/wp\/v2\/product_cat?post=830"},{"taxonomy":"product_tag","embeddable":true,"href":"https:\/\/soydeaqui.ddns.net\/pachuca\/index.php\/wp-json\/wp\/v2\/product_tag?post=830"}],"curies":[{"name":"wp","href":"https:\/\/api.w.org\/{rel}","templated":true}]}}