{"id":82989,"date":"2026-03-19T19:49:23","date_gmt":"2026-03-19T19:49:23","guid":{"rendered":"https:\/\/soydeaqui.ddns.net\/pachuca\/index.php\/producto\/switch-poe-de-2-hilos-para-telefonos-fanvil-x303-2-24-puertos-rj11\/"},"modified":"2026-03-19T19:49:32","modified_gmt":"2026-03-19T19:49:32","slug":"switch-poe-de-2-hilos-para-telefonos-fanvil-x303-2-24-puertos-rj11","status":"publish","type":"product","link":"https:\/\/soydeaqui.ddns.net\/pachuca\/index.php\/producto\/switch-poe-de-2-hilos-para-telefonos-fanvil-x303-2-24-puertos-rj11\/","title":{"rendered":"Switch PoE de 2 Hilos para telefonos Fanvil X303-2 , 24 puertos RJ11"},"content":{"rendered":"<div style='width: 100%; max-width: 1200px; margin: 0 auto; font-family: sans-serif; line-height: 1.6; color: inherit; background-color: transparent;'>\n<div style='display: flex; flex-wrap: wrap; gap: 30px; margin-bottom: 30px;'>\n<div style='flex: 1 1 300px; min-width: 280px;'>\n<h3 style='font-size: 22px; border-bottom: 2px solid currentColor; padding-bottom: 5px; margin-top: 0; color: inherit; opacity: 0.8;'>Descripci\u00f3n<\/h3>\n<p style='font-size: 15px; color: inherit; margin-bottom: 15px; text-align: justify;'> Fanvil PN24 es un Switch PoE de 2 hilos con un dise\u00f1o \u00fanico que facilita la reutilizaci\u00f3n de los cables existentes. No requiere ninguna instalaci\u00f3n o cableado engorroso&comma; simplemente con\u00e9ctelo y estar\u00e1 listo para usar. Esto no s\u00f3lo ahorra tiempo de instalaci\u00f3n&comma; sino que tambi\u00e9n reduce significativamente los costes generales de cableado. <\/p>\n<p style='font-size: 15px; color: inherit; margin-bottom: 15px; text-align: justify;'> Esta innovadora caracter\u00edstica convierte a PN24 en la opci\u00f3n ideal para un despliegue r\u00e1pido y eficaz en la infraestructura existente&comma; proporcionando a los usuarios una experiencia m\u00e1s c\u00f3moda y rentable. <\/p>\n<\/p><\/div>\n<\/p><\/div>\n<div style='display: flex; flex-wrap: wrap; gap: 20px; margin-bottom: 30px; justify-content: center;'>\n<div style='flex: 1 1 300px; max-width: 800px;'> <img style='width: 100%; height: auto; border: 1px solid rgba(150&comma;150&comma;150&comma;0.3); border-radius: 8px;' src='https:\/\/ftp3.syscom.mx\/usuarios\/fotos\/PN24\/231911-pn241_(1).jpg' alt=''> <\/div>\n<div style='flex: 1 1 300px; max-width: 800px;'> <img style='width: 100%; height: auto; border: 1px solid rgba(150&comma;150&comma;150&comma;0.3); border-radius: 8px;' src='https:\/\/ftp3.syscom.mx\/usuarios\/fotos\/PN24\/231911-pn242.jpg' alt=''> <\/div>\n<div style='flex: 1 1 300px; max-width: 800px;'> <img style='width: 100%; height: auto; border: 1px solid rgba(150&comma;150&comma;150&comma;0.3); border-radius: 8px;' src='https:\/\/ftp3.syscom.mx\/usuarios\/fotos\/PN24\/231911-10336j6x60_(2).jpg' alt=''> <\/div>\n<div style='flex: 1 1 300px; max-width: 800px;'> <img style='width: 100%; height: auto; border: 1px solid rgba(150&comma;150&comma;150&comma;0.3); border-radius: 8px;' src='https:\/\/ftp3.syscom.mx\/usuarios\/fotos\/PN24\/231911-captura_de_pantalla_2024-09-11_a_la(s)_2.58.37 p.m..png' alt=''> <\/div>\n<\/p><\/div>\n<\/p><\/div>\n","protected":false},"excerpt":{"rendered":"<p>Switch PoE de 2 Hilos para telefonos Fanvil X303-2 , 24 puertos RJ11<\/p>\n","protected":false},"featured_media":82988,"comment_status":"open","ping_status":"closed","template":"","meta":[],"product_brand":[],"product_cat":[2070],"product_tag":[859,2071,2004],"class_list":{"0":"post-82989","1":"product","2":"type-product","3":"status-publish","4":"has-post-thumbnail","6":"product_cat-gateways-y-atas","7":"product_tag-fanvil","8":"product_tag-gateways-y-atas","9":"product_tag-voip-telefonia-ip-videoconferencia","11":"first","12":"instock","13":"sale","14":"shipping-taxable","15":"purchasable","16":"product-type-simple"},"_links":{"self":[{"href":"https:\/\/soydeaqui.ddns.net\/pachuca\/index.php\/wp-json\/wp\/v2\/product\/82989","targetHints":{"allow":["GET"]}}],"collection":[{"href":"https:\/\/soydeaqui.ddns.net\/pachuca\/index.php\/wp-json\/wp\/v2\/product"}],"about":[{"href":"https:\/\/soydeaqui.ddns.net\/pachuca\/index.php\/wp-json\/wp\/v2\/types\/product"}],"replies":[{"embeddable":true,"href":"https:\/\/soydeaqui.ddns.net\/pachuca\/index.php\/wp-json\/wp\/v2\/comments?post=82989"}],"wp:featuredmedia":[{"embeddable":true,"href":"https:\/\/soydeaqui.ddns.net\/pachuca\/index.php\/wp-json\/wp\/v2\/media\/82988"}],"wp:attachment":[{"href":"https:\/\/soydeaqui.ddns.net\/pachuca\/index.php\/wp-json\/wp\/v2\/media?parent=82989"}],"wp:term":[{"taxonomy":"product_brand","embeddable":true,"href":"https:\/\/soydeaqui.ddns.net\/pachuca\/index.php\/wp-json\/wp\/v2\/product_brand?post=82989"},{"taxonomy":"product_cat","embeddable":true,"href":"https:\/\/soydeaqui.ddns.net\/pachuca\/index.php\/wp-json\/wp\/v2\/product_cat?post=82989"},{"taxonomy":"product_tag","embeddable":true,"href":"https:\/\/soydeaqui.ddns.net\/pachuca\/index.php\/wp-json\/wp\/v2\/product_tag?post=82989"}],"curies":[{"name":"wp","href":"https:\/\/api.w.org\/{rel}","templated":true}]}}