{"id":82978,"date":"2026-03-19T19:48:55","date_gmt":"2026-03-19T19:48:55","guid":{"rendered":"https:\/\/soydeaqui.ddns.net\/pachuca\/index.php\/producto\/switch-de-acceso-ekit-administrable-capa-2-8-puertos-poe-gigabit-4-sfp-puerto-consola-poe-perpetuo-presupuesto-poe-125-w-sin-licenciamiento\/"},"modified":"2026-03-19T19:49:07","modified_gmt":"2026-03-19T19:49:07","slug":"switch-de-acceso-ekit-administrable-capa-2-8-puertos-poe-gigabit-4-sfp-puerto-consola-poe-perpetuo-presupuesto-poe-125-w-sin-licenciamiento","status":"publish","type":"product","link":"https:\/\/soydeaqui.ddns.net\/pachuca\/index.php\/producto\/switch-de-acceso-ekit-administrable-capa-2-8-puertos-poe-gigabit-4-sfp-puerto-consola-poe-perpetuo-presupuesto-poe-125-w-sin-licenciamiento\/","title":{"rendered":"Switch de acceso eKit Administrable \/ Capa 2 \/ 8 Puertos PoE+ Gigabit + 4 SFP + Puerto Consola \/ PoE Perpetuo \/ Presupuesto PoE 125 W \/ Sin licenciamiento"},"content":{"rendered":"<div style='width: 100%; max-width: 1200px; margin: 0 auto; font-family: sans-serif; line-height: 1.6; color: inherit; background-color: transparent;'> <!-- Imagen principal --> <\/p>\n<div style='margin-bottom: 30px;'> <img style='width: 100%; height: auto; border: 1px solid rgba(150&comma;150&comma;150&comma;0.3); border-radius: 8px;' src='https:\/\/ftp3.syscom.mx\/usuarios\/fotos\/AP362\/223796-captura_de_pantalla_2023-12-06_a_la(s)_15.46.50.png' alt=''> <\/div>\n<p> <!-- Secci\u00f3n de especificaciones en cards --> <\/p>\n<div style='display: flex; flex-wrap: wrap; gap: 20px; margin-bottom: 30px;'>\n<div style='flex: 1 1 250px; border: 1px solid rgba(150&comma; 150&comma; 150&comma; 0.4); border-radius: 8px; overflow: hidden; display: flex; flex-direction: column;'>\n<div style='padding: 15px; border-bottom: 1px solid rgba(150&comma; 150&comma; 150&comma; 0.2); font-weight: bold; font-size: 18px; color: inherit;'>Especificaciones<\/div>\n<div style='padding: 15px; color: inherit;'>\n<ul style='padding-left: 20px; margin: 0; font-size: 14px; list-style-type: disc;'>\n<li style='margin-bottom: 5px;'><strong>Dimesiones:<\/strong> 90 mm x 465 mm x 380 mm con caja<\/li>\n<li style='margin-bottom: 5px;'><strong>Dimesiones:<\/strong> 43.6 mm x 320 mm x 210 mm sin caja<\/li>\n<li style='margin-bottom: 5px;'><strong>Estandar PoE:<\/strong> 802.3 af\/at<\/li>\n<li style='margin-bottom: 5px;'><strong>Puertos PoE+ Gigabit:<\/strong> 8<\/li>\n<li style='margin-bottom: 5px;'><strong>Puertos SFP:<\/strong> 4<\/li>\n<li style='margin-bottom: 5px;'><strong>Material del chasis:<\/strong> Metal<\/li>\n<li style='margin-bottom: 5px;'><strong>Consumo del equipo:<\/strong> Sin PoE: 25.09 W \/ Con PoE: 166.65 W<\/li>\n<li style='margin-bottom: 5px;'><strong>Instalaci\u00f3n:<\/strong> En rack&comma; escritorio o pared<\/li>\n<li style='margin-bottom: 5px;'><strong>Capa:<\/strong> 2<\/li>\n<li style='margin-bottom: 5px;'><strong>Capacidad de Switching:<\/strong> 24 Gbps<\/li>\n<li style='margin-bottom: 5px;'><strong>Reenv\u00edo de paquetes:<\/strong> 18 Mpps<\/li>\n<li style='margin-bottom: 5px;'><strong>Fuente de alimentaci\u00f3n:<\/strong> 100 VCA &#8211; 240 VCA; 50 Hz &#8211; 60 Hz<\/li>\n<li style='margin-bottom: 5px;'><strong>Temperatura de operaci\u00f3n:<\/strong> -5\u00b0C a 50\u00b0C<\/li>\n<li style='margin-bottom: 5px;'><strong>Peso:<\/strong> 3.05 kg<\/li>\n<\/ul><\/div>\n<\/p><\/div>\n<div style='flex: 1 1 250px; border: 1px solid rgba(150&comma; 150&comma; 150&comma; 0.4); border-radius: 8px; overflow: hidden; display: flex; flex-direction: column;'>\n<div style='padding: 15px; border-bottom: 1px solid rgba(150&comma; 150&comma; 150&comma; 0.2); font-weight: bold; font-size: 18px; color: inherit;'>Caracter\u00edsticas de las interfaces<\/div>\n<div style='padding: 15px; color: inherit;'>\n<ul style='padding-left: 20px; margin: 0; font-size: 14px; list-style-type: disc;'>\n<li style='margin-bottom: 5px;'><strong>8 Puertos PoE+ (802.3 af\/at) 10\/100\/1000 Mbps (Autonegociable)<\/strong><\/li>\n<li style='margin-bottom: 5px;'><strong>4 Puertos Uplink SFP 1000 Mbps<\/strong><\/li>\n<li style='margin-bottom: 5px;'><strong>1 Puerto de consola<\/strong><\/li>\n<\/ul><\/div>\n<\/p><\/div>\n<div style='flex: 1 1 250px; border: 1px solid rgba(150&comma; 150&comma; 150&comma; 0.4); border-radius: 8px; overflow: hidden; display: flex; flex-direction: column;'>\n<div style='padding: 15px; border-bottom: 1px solid rgba(150&comma; 150&comma; 150&comma; 0.2); font-weight: bold; font-size: 18px; color: inherit;'>Funciones del equipo<\/div>\n<div style='padding: 15px; color: inherit;'>\n<ul style='padding-left: 20px; margin: 0; font-size: 14px; list-style-type: disc;'>\n<li style='margin-bottom: 5px;'>Refrigeraci\u00f3n por aire para disipar el calor&comma; ajuste inteligente de la velocidad del ventilador<\/li>\n<li style='margin-bottom: 5px;'>Sin licenciamiento oculto<\/li>\n<li style='margin-bottom: 5px;'>Gesti\u00f3n en la nube gratuita<\/li>\n<li style='margin-bottom: 5px;'>Modos de gesti\u00f3n: Interfaz web&comma; CLI o Nube de SNC de Huawei<\/li>\n<li style='margin-bottom: 5px;'>Soluci\u00f3n de problemas en cuesti\u00f3n de minutos desde la nube con IA<\/li>\n<li style='margin-bottom: 5px;'>Defensa contra ataques DoS&comma; ARP e ICMP<\/li>\n<li style='margin-bottom: 5px;'>Soporte DHCP Snooping<\/li>\n<li style='margin-bottom: 5px;'>Funci\u00f3n de PoE Perpetuo<\/li>\n<li style='margin-bottom: 5px;'>Funci\u00f3n STP&comma; RSTP y MSTP<\/li>\n<li style='margin-bottom: 5px;'>Funci\u00f3n de ERPS<\/li>\n<li style='margin-bottom: 5px;'>Funci\u00f3n IGMPv1\/v2\/v3 y IGMPv1\/v2\/v3 snooping<\/li>\n<\/ul><\/div>\n<\/p><\/div>\n<\/p><\/div>\n<p> <!-- Secci\u00f3n con im\u00e1genes y descripciones --> <\/p>\n<div style='display: flex; flex-wrap: wrap; gap: 30px; margin-bottom: 30px;'>\n<div style='flex: 1 1 400px; min-width: 280px;'> <img style='width: 100%; height: auto; border: 1px solid rgba(150&comma;150&comma;150&comma;0.3); border-radius: 8px;' src='https:\/\/ftp3.syscom.mx\/usuarios\/fotos\/S2208P4S\/231873-s220-8p4s_compact_desing.png' alt=''> <\/p>\n<p style='margin-top: 15px; font-size: 15px; color: inherit;'>Dise\u00f1o compacto y vers\u00e1til: dimensiones ideales para adaptarse a cualquier espacio&comma; necesidad o aplicaci\u00f3n.<\/p>\n<\/p><\/div>\n<div style='flex: 1 1 400px; min-width: 280px;'> <img style='width: 100%; height: auto; border: 1px solid rgba(150&comma;150&comma;150&comma;0.3); border-radius: 8px;' src='https:\/\/ftp3.syscom.mx\/usuarios\/fotos\/S31048HP4X\/241062-pertpetual_poe_ekit.png' alt=''> <\/p>\n<p style='margin-top: 15px; font-size: 15px; color: inherit;'>Compatible con PoE permanente. Los switches se reinician y la alimentaci\u00f3n de los dispositivos conectados no se interrumpe. Esto nos funciona en aplicaciones como video vigilancia donde las c\u00e1maras son cruciales y no deben de apagarse por ninguna raz\u00f3n.<\/p>\n<\/p><\/div>\n<div style='flex: 1 1 400px; min-width: 280px;'> <img style='width: 100%; height: auto; border: 1px solid rgba(150&comma;150&comma;150&comma;0.3); border-radius: 8px;' src='https:\/\/ftp3.syscom.mx\/usuarios\/fotos\/S2208P4S\/231873-s220-8p4s_loop_protection.png' alt=''> <\/p>\n<p style='margin-top: 15px; font-size: 15px; color: inherit;'>MSTP para protecci\u00f3n de bucle y ERPS (conmutaci\u00f3n r\u00e1pida en milisegundos)&comma; lo que garantiza la confiabilidad de la red en todo momento.<\/p>\n<\/p><\/div>\n<div style='flex: 1 1 400px; min-width: 280px;'> <img style='width: 100%; height: auto; border: 1px solid rgba(150&comma;150&comma;150&comma;0.3); border-radius: 8px;' src='https:\/\/ftp3.syscom.mx\/usuarios\/fotos\/AP271E\/241040-ekitqr.png' alt=''> <\/p>\n<p style='margin-top: 15px; font-size: 15px; color: inherit;'>Con el c\u00f3digo QR puedes descargar la aplicaci\u00f3n de Huawei eKit para dar de alta equipos como routers&comma; switch y puntos de acceso de la l\u00ednea eKit en cuesti\u00f3n de minutos y desplegar redes desde la comodidad de tu smartphone. Disponible para iOS&comma; Android y Harmony OS.<\/p>\n<\/p><\/div>\n<div style='flex: 1 1 400px; min-width: 280px;'> <img style='width: 100%; height: auto; border: 1px solid rgba(150&comma;150&comma;150&comma;0.3); border-radius: 8px;' src='https:\/\/ftp3.syscom.mx\/usuarios\/fotos\/AP271E\/241040-snc.png' alt=''> <\/p>\n<p style='margin-top: 15px; font-size: 15px; color: inherit;'>M\u00e9todos flexibles de gesti\u00f3n: desde la interfaz web&comma; APP (iOS\/Android\/Harmony OS) y desde la <a href='https:\/\/ekit.huawei.com\/' style='color: inherit; text-decoration: underline;'>nube SNC<\/a> de Huawei. Comparte proyectos para clientes espec\u00edficos&comma; gestiona y ofrece soporte t\u00e9cnico de manera remota sin costos adicionales&comma; ya que la plataforma de eKit es totalmente gratuita.<\/p>\n<\/p><\/div>\n<div style='flex: 1 1 400px; min-width: 280px;'> <img style='width: 100%; height: auto; border: 1px solid rgba(150&comma;150&comma;150&comma;0.3); border-radius: 8px;' src='https:\/\/ftp3.syscom.mx\/usuarios\/fotos\/AP271E\/241040-ia_troubleshooting.png' alt=''> <\/p>\n<p style='margin-top: 15px; font-size: 15px; color: inherit;'>Huawei revoluciona el soporte t\u00e9cnico con la funci\u00f3n de soluci\u00f3n de problemas impulsada por IA (Inteligencia Artificial) que ofrece un diagn\u00f3stico de la red en diferentes par\u00e1metros en cuesti\u00f3n de minutos&comma; indicando problemas y posibles soluciones.<\/p>\n<\/p><\/div>\n<\/p><\/div>\n<p> <!-- Tabla de diferencias entre series --> <\/p>\n<div style='margin: 30px 0;'>\n<p style='text-align: center; font-size: 18px; margin-bottom: 20px; color: inherit;'>Diferencias entre series de Switches Huawei eKit<\/p>\n<p> <img style='width: 100%; height: auto; border: 1px solid rgba(150&comma;150&comma;150&comma;0.3); border-radius: 8px; display: block; margin: 0 auto;' src='https:\/\/ftp3.syscom.mx\/usuarios\/fotos\/S220S8T2J\/234868-captura_de_pantalla_2024-11-06_a_la(s)_12.19.15.png' alt=''> <\/div>\n<\/p><\/div>\n","protected":false},"excerpt":{"rendered":"<p>Switch de acceso eKit Administrable \/ Capa 2 \/ 8 Puertos PoE+ Gigabit + 4 SFP + Puerto Consola \/ PoE Perpetuo \/ Presupuesto PoE 125 W \/ Sin licenciamiento<\/p>\n","protected":false},"featured_media":82977,"comment_status":"open","ping_status":"closed","template":"","meta":[],"product_brand":[],"product_cat":[1986],"product_tag":[718,664,1987],"class_list":{"0":"post-82978","1":"product","2":"type-product","3":"status-publish","4":"has-post-thumbnail","6":"product_cat-switches-poe","7":"product_tag-huawei","8":"product_tag-networking","9":"product_tag-switches-poe","11":"first","12":"instock","13":"sale","14":"shipping-taxable","15":"purchasable","16":"product-type-simple"},"_links":{"self":[{"href":"https:\/\/soydeaqui.ddns.net\/pachuca\/index.php\/wp-json\/wp\/v2\/product\/82978","targetHints":{"allow":["GET"]}}],"collection":[{"href":"https:\/\/soydeaqui.ddns.net\/pachuca\/index.php\/wp-json\/wp\/v2\/product"}],"about":[{"href":"https:\/\/soydeaqui.ddns.net\/pachuca\/index.php\/wp-json\/wp\/v2\/types\/product"}],"replies":[{"embeddable":true,"href":"https:\/\/soydeaqui.ddns.net\/pachuca\/index.php\/wp-json\/wp\/v2\/comments?post=82978"}],"wp:featuredmedia":[{"embeddable":true,"href":"https:\/\/soydeaqui.ddns.net\/pachuca\/index.php\/wp-json\/wp\/v2\/media\/82977"}],"wp:attachment":[{"href":"https:\/\/soydeaqui.ddns.net\/pachuca\/index.php\/wp-json\/wp\/v2\/media?parent=82978"}],"wp:term":[{"taxonomy":"product_brand","embeddable":true,"href":"https:\/\/soydeaqui.ddns.net\/pachuca\/index.php\/wp-json\/wp\/v2\/product_brand?post=82978"},{"taxonomy":"product_cat","embeddable":true,"href":"https:\/\/soydeaqui.ddns.net\/pachuca\/index.php\/wp-json\/wp\/v2\/product_cat?post=82978"},{"taxonomy":"product_tag","embeddable":true,"href":"https:\/\/soydeaqui.ddns.net\/pachuca\/index.php\/wp-json\/wp\/v2\/product_tag?post=82978"}],"curies":[{"name":"wp","href":"https:\/\/api.w.org\/{rel}","templated":true}]}}