{"id":82972,"date":"2026-03-19T19:48:42","date_gmt":"2026-03-19T19:48:42","guid":{"rendered":"https:\/\/soydeaqui.ddns.net\/pachuca\/index.php\/producto\/switch-de-acceso-ekit-administrable-capa-2-8-puertos-gigabit-4-puertos-sfp-1-puerto-de-consola-gestion-gratuita-desde-la-nube-libre-de-licenciamiento\/"},"modified":"2026-03-19T19:48:53","modified_gmt":"2026-03-19T19:48:53","slug":"switch-de-acceso-ekit-administrable-capa-2-8-puertos-gigabit-4-puertos-sfp-1-puerto-de-consola-gestion-gratuita-desde-la-nube-libre-de-licenciamiento","status":"publish","type":"product","link":"https:\/\/soydeaqui.ddns.net\/pachuca\/index.php\/producto\/switch-de-acceso-ekit-administrable-capa-2-8-puertos-gigabit-4-puertos-sfp-1-puerto-de-consola-gestion-gratuita-desde-la-nube-libre-de-licenciamiento\/","title":{"rendered":"Switch de Acceso eKit Administrable Capa 2 \/ 8 Puertos Gigabit \/ 4 Puertos SFP \/ 1 Puerto de Consola \/ Gesti\u00f3n Gratuita desde la Nube \/ Libre de Licenciamiento"},"content":{"rendered":"<div style='width: 100%; max-width: 1200px; margin: 0 auto; font-family: sans-serif; line-height: 1.6; color: inherit; background-color: transparent;'> <!-- Video section --> <\/p>\n<div style='display: flex; flex-wrap: wrap; gap: 30px; margin-bottom: 30px;'>\n<div style='flex: 1 1 300px; min-width: 280px;'>\n<div style='position: relative; padding-bottom: 56.25%; height: 0; overflow: hidden; margin-bottom: 30px;'> <video style='position: absolute; top: 0; left: 0; width: 100%; height: 100%; border: 1px solid rgba(150&comma;150&comma;150&comma;0.3); border-radius: 8px;' src='https:\/\/ftp3.syscom.mx\/usuarios\/axel\/Huawei\/eKit\/S220\/Huawei%20eKitEngine%20S220%20Series%20Switches%20Introduction%20Video.mp4' autoplay muted loop playsinline><\/video> <\/div>\n<\/p><\/div>\n<\/p><\/div>\n<p> <!-- Hero section with image and description --> <\/p>\n<div style='display: flex; flex-wrap: wrap; gap: 30px; margin-bottom: 30px;'>\n<div style='flex: 1 1 300px; min-width: 280px;'> <img style='width: 100%; height: auto; border: 1px solid rgba(150&comma;150&comma;150&comma;0.3); border-radius: 8px;' src='http:\/\/ftp3.syscom.mx\/usuarios\/ftp\/2026\/01\/16\/1971\/Captura_de_pantalla_20260116_a_la_s__1.56.07p.m..png_froala_696a97dc3bead' alt='Switch Industrial eKit S210I-8T4SX'> <\/div>\n<div style='flex: 2 1 500px; min-width: 280px;'>\n<h3 style='font-size: 22px; border-bottom: 2px solid currentColor; padding-bottom: 5px; margin-top: 0; color: inherit; opacity: 0.8;'>Switches eKitEngine S220: rendimiento y seguridad para redes SOHO y SMB<\/h3>\n<p>La serie Huawei eKitEngine S220 est\u00e1 compuesta por switches Capa 2 con puertos Gigabit y uplinks de hasta 10GE&comma; dise\u00f1ados espec\u00edficamente para cubrir las necesidades de oficinas peque\u00f1as&comma; home office (SOHO) y empresas peque\u00f1as y medianas (SMB). La familia incluye ocho modelos con diferentes configuraciones&comma; desde 8&comma; 24 y 48 puertos Gigabit el\u00e9ctricos&comma; en versiones PoE y no PoE&comma; lo que permite adaptarse a distintos tama\u00f1os y requerimientos de red.<\/p>\n<p>Gracias a su versatilidad&comma; la serie S220 es ideal para oficinas empresariales&comma; hoteles econ\u00f3micos&comma; f\u00e1bricas&comma; centros educativos de nivel b\u00e1sico y medio&comma; hospitales y sistemas de seguridad en edificios&comma; donde se requiere una red eficiente&comma; f\u00e1cil de administrar y preparada para crecer.<\/p>\n<\/p><\/div>\n<\/p><\/div>\n<p> <!-- Specifications cards --> <\/p>\n<div style='display: flex; flex-wrap: wrap; gap: 20px; margin-bottom: 30px;'> <!-- Main features card --> <\/p>\n<div style='flex: 1 1 250px; border: 1px solid rgba(150&comma; 150&comma; 150&comma; 0.4); border-radius: 8px; overflow: hidden; display: flex; flex-direction: column;'>\n<div style='padding: 15px; border-bottom: 1px solid rgba(150&comma; 150&comma; 150&comma; 0.2); font-weight: bold; font-size: 18px; color: inherit;'>Caracter\u00edsticas principales<\/div>\n<div style='padding: 15px; color: inherit;'>\n<ul style='padding-left: 20px; margin: 0; font-size: 14px; list-style-type: disc;'>\n<li style='margin-bottom: 5px;'>(8) Puertos Gigabit (10\/100\/1000 Mbps)<\/li>\n<li style='margin-bottom: 5px;'>(4) Puertos SFP (1 Gbps)<\/li>\n<li style='margin-bottom: 5px;'>(1) Puerto de consola<\/li>\n<li style='margin-bottom: 5px;'>(1) Bot\u00f3n de reset<\/li>\n<li style='margin-bottom: 5px;'>Capacidad de Switching: 24 Gbit\/s<\/li>\n<li style='margin-bottom: 5px;'>Forwarding Rate: 18 Mpps<\/li>\n<li style='margin-bottom: 5px;'>VLANs Soportadas: 4&comma;096<\/li>\n<li style='margin-bottom: 5px;'>Capa 2<\/li>\n<\/ul><\/div>\n<\/p><\/div>\n<p> <!-- Physical and electrical features card --> <\/p>\n<div style='flex: 1 1 250px; border: 1px solid rgba(150&comma; 150&comma; 150&comma; 0.4); border-radius: 8px; overflow: hidden; display: flex; flex-direction: column;'>\n<div style='padding: 15px; border-bottom: 1px solid rgba(150&comma; 150&comma; 150&comma; 0.2); font-weight: bold; font-size: 18px; color: inherit;'>Caracter\u00edsticas f\u00edsicas y el\u00e9ctricas<\/div>\n<div style='padding: 15px; color: inherit;'>\n<ul style='padding-left: 20px; margin: 0; font-size: 14px; list-style-type: disc;'>\n<li style='margin-bottom: 5px;'>Dimensiones: 90.0 mm x 370.0 mm x 380.0 mm<\/li>\n<li style='margin-bottom: 5px;'>Material de la carcasa: Metal<\/li>\n<li style='margin-bottom: 5px;'>Alimentaci\u00f3n: 90 V AC a 264 V AC; 45 Hz a 65 Hz<\/li>\n<li style='margin-bottom: 5px;'>Consumo m\u00e1ximo: 21.52 W<\/li>\n<li style='margin-bottom: 5px;'>Temperatura de operaci\u00f3n: \u20135\u00b0C a +50\u00b0C<\/li>\n<li style='margin-bottom: 5px;'>Humedad de operaci\u00f3n: 5 a 95% sin condensaci\u00f3n<\/li>\n<\/ul><\/div>\n<\/p><\/div>\n<p> <!-- Advanced features card --> <\/p>\n<div style='flex: 1 1 250px; border: 1px solid rgba(150&comma; 150&comma; 150&comma; 0.4); border-radius: 8px; overflow: hidden; display: flex; flex-direction: column;'>\n<div style='padding: 15px; border-bottom: 1px solid rgba(150&comma; 150&comma; 150&comma; 0.2); font-weight: bold; font-size: 18px; color: inherit;'>Caracter\u00edsticas avanzadas<\/div>\n<div style='padding: 15px; color: inherit;'>\n<ul style='padding-left: 20px; margin: 0; font-size: 14px; list-style-type: disc;'>\n<li style='margin-bottom: 5px;'>Refrigeraci\u00f3n por aire para disipaci\u00f3n de calor&comma; ajuste inteligente de la velocidad del ventilador<\/li>\n<li style='margin-bottom: 5px;'>Sin licenciamiento oculto<\/li>\n<li style='margin-bottom: 5px;'>Gesti\u00f3n en la nube gratuita<\/li>\n<li style='margin-bottom: 5px;'>Modos de gesti\u00f3n: Interfaz web&comma; CLI o Nube de SNC de Huawei<\/li>\n<li style='margin-bottom: 5px;'>Soluci\u00f3n de problemas en cuesti\u00f3n de minutos desde la nube con IA<\/li>\n<li style='margin-bottom: 5px;'>Defensa contra ataques DoS&comma; ARP e ICMP<\/li>\n<li style='margin-bottom: 5px;'>Soporte DHCP Snooping<\/li>\n<li style='margin-bottom: 5px;'>Funci\u00f3n de protecci\u00f3n contra bucles MSTP<\/li>\n<li style='margin-bottom: 5px;'>Funci\u00f3n de ERPS<\/li>\n<li style='margin-bottom: 5px;'>Funci\u00f3n IGMPv1\/v2\/v3 y IGMPv1\/v2\/v3 snooping<\/li>\n<\/ul><\/div>\n<\/p><\/div>\n<p> <!-- Package contents card --> <\/p>\n<div style='flex: 1 1 250px; border: 1px solid rgba(150&comma; 150&comma; 150&comma; 0.4); border-radius: 8px; overflow: hidden; display: flex; flex-direction: column;'>\n<div style='padding: 15px; border-bottom: 1px solid rgba(150&comma; 150&comma; 150&comma; 0.2); font-weight: bold; font-size: 18px; color: inherit;'>Contenido del paquete<\/div>\n<div style='padding: 15px; color: inherit;'>\n<ul style='padding-left: 20px; margin: 0; font-size: 14px; list-style-type: disc;'>\n<li style='margin-bottom: 5px;'>(1) Switch S220-8T4S<\/li>\n<li style='margin-bottom: 5px;'>(1) Cable de corriente<\/li>\n<li style='margin-bottom: 5px;'>(1) Kit para montaje en rack<\/li>\n<li style='margin-bottom: 5px;'>(4) Gomas antiderrape<\/li>\n<li style='margin-bottom: 5px;'>(4) Tornillos<\/li>\n<li style='margin-bottom: 5px;'>(1) Cable para aterrizar<\/li>\n<\/ul>\n<p> <img style='width: 100%; height: auto; border: 1px solid rgba(150&comma;150&comma;150&comma;0.3); border-radius: 8px; margin-top: 15px;' src='http:\/\/ftp3.syscom.mx\/usuarios\/ftp\/2026\/01\/16\/1971\/1768593859004.png_froala_696a99c3a4882' alt=''> <\/div>\n<\/p><\/div>\n<\/p><\/div>\n<p> <!-- Additional sections --> <\/p>\n<div style='display: flex; flex-wrap: wrap; gap: 30px; margin-bottom: 30px;'>\n<div style='flex: 1 1 300px; min-width: 280px;'> <img style='width: 100%; height: auto; border: 1px solid rgba(150&comma;150&comma;150&comma;0.3); border-radius: 8px;' src='http:\/\/ftp3.syscom.mx\/usuarios\/ftp\/2026\/01\/16\/1971\/Captura_de_pantalla_20260116_a_la_s__2.10.06p.m..png_froala_696a9b20615b6' alt='Switch Industrial eKit S210I-8T4SX'> <\/div>\n<div style='flex: 2 1 500px; min-width: 280px;'>\n<h3 style='font-size: 22px; border-bottom: 2px solid currentColor; padding-bottom: 5px; margin-top: 0; color: inherit; opacity: 0.8;'>Dise\u00f1o compacto que se adapta a cualquier espacio<\/h3>\n<p>Este switch de red cuenta con un dise\u00f1o compacto y discreto&comma; ideal para instalaciones donde el espacio es limitado. Su formato permite una integraci\u00f3n sencilla en escritorios&comma; gabinetes peque\u00f1os o racks&comma; sin sacrificar rendimiento ni funcionalidades. Adem\u00e1s&comma; facilita una instalaci\u00f3n limpia y ordenada&comma; siendo una soluci\u00f3n pr\u00e1ctica para oficinas&comma; tiendas&comma; salas t\u00e9cnicas y entornos donde se busca eficiencia&comma; est\u00e9tica y optimizaci\u00f3n del espacio.<\/p>\n<\/p><\/div>\n<\/p><\/div>\n<div style='display: flex; flex-wrap: wrap; gap: 30px; margin-bottom: 30px;'>\n<div style='flex: 2 1 500px; min-width: 280px;'>\n<h3 style='font-size: 22px; border-bottom: 2px solid currentColor; padding-bottom: 5px; margin-top: 0; color: inherit; opacity: 0.8;'>M\u00faltiples puertos con alto rendimiento de conmutaci\u00f3n<\/h3>\n<p>Este switch de red incorpora m\u00faltiples puertos de alta capacidad&comma; dise\u00f1ados para ofrecer un desempe\u00f1o de reenv\u00edo eficiente y sin bloqueos. Su arquitectura de alto rendimiento permite manejar grandes vol\u00famenes de tr\u00e1fico de forma simult\u00e1nea&comma; garantizando baja latencia&comma; estabilidad y transmisi\u00f3n fluida de datos&comma; incluso en entornos con alta demanda de conectividad. Es ideal para redes que requieren velocidad&comma; confiabilidad y escalabilidad.<\/p>\n<\/p><\/div>\n<div style='flex: 1 1 300px; min-width: 280px;'> <img style='width: 100%; height: auto; border: 1px solid rgba(150&comma;150&comma;150&comma;0.3); border-radius: 8px;' src='http:\/\/ftp3.syscom.mx\/usuarios\/ftp\/2026\/01\/16\/1971\/Captura_de_pantalla_20260116_a_la_s__2.13.37p.m..png_froala_696a9bf515645' alt='Switch Industrial eKit S210I-8T4SX'> <\/div>\n<\/p><\/div>\n<div style='display: flex; flex-wrap: wrap; gap: 30px; margin-bottom: 30px;'>\n<div style='flex: 1 1 300px; min-width: 280px;'> <img style='width: 100%; height: auto; border: 1px solid rgba(150&comma;150&comma;150&comma;0.3); border-radius: 8px;' src='http:\/\/ftp3.syscom.mx\/usuarios\/ftp\/2026\/01\/16\/1971\/Captura_de_pantalla_20260116_a_la_s__2.16.10p.m..png_froala_696a9c8f9e0e5' alt='Switch Industrial eKit S210I-8T4SX'> <\/div>\n<div style='flex: 2 1 500px; min-width: 280px;'>\n<h3 style='font-size: 22px; border-bottom: 2px solid currentColor; padding-bottom: 5px; margin-top: 0; color: inherit; opacity: 0.8;'>Protecci\u00f3n de bucles para una red siempre disponible<\/h3>\n<p>El switch integra MSTP para protecci\u00f3n contra bucles y ERPS&comma; que permite una conmutaci\u00f3n r\u00e1pida en milisegundos ante fallas en la red. Esta combinaci\u00f3n garantiza una alta confiabilidad y continuidad del servicio&comma; evitando interrupciones y manteniendo la red estable incluso en topolog\u00edas redundantes o entornos cr\u00edticos.<\/p>\n<\/p><\/div>\n<\/p><\/div>\n<div style='display: flex; flex-wrap: wrap; gap: 30px; margin-bottom: 30px;'>\n<div style='flex: 2 1 500px; min-width: 280px;'>\n<h3 style='font-size: 22px; border-bottom: 2px solid currentColor; padding-bottom: 5px; margin-top: 0; color: inherit; opacity: 0.8;'>Gesti\u00f3n flexible en todo momento<\/h3>\n<p>Gestiona tu red de manera r\u00e1pida&comma; unificada y flexible. Puedes administrarlos f\u00e1cilmente mediante la interfaz web&comma; la APP de eKit o a trav\u00e9s de la plataforma en la nube SNC&comma; que es totalmente gratuita.<\/p>\n<p>Con las \u00faltimas dos opciones&comma; la APP y la nube&comma; tienes la ventaja de realizar gesti\u00f3n remota&comma; permiti\u00e9ndote monitorear&comma; configurar y controlar tu red desde cualquier lugar. Esta flexibilidad asegura que tu infraestructura se mantenga siempre optimizada&comma; accesible y bajo control&comma; ahorrando tiempo y facilitando la operaci\u00f3n de tu red sin complicaciones.<\/p>\n<\/p><\/div>\n<div style='flex: 1 1 300px; min-width: 280px;'> <img style='width: 100%; height: auto; border: 1px solid rgba(150&comma;150&comma;150&comma;0.3); border-radius: 8px;' src='http:\/\/ftp3.syscom.mx\/usuarios\/ftp\/2026\/01\/15\/1971\/1768500062901.png_froala_69692b5f36ac7' alt='Switch Industrial eKit S210I-8T4SX'> <\/div>\n<\/p><\/div>\n<div style='display: flex; flex-wrap: wrap; gap: 30px; margin-bottom: 30px;'>\n<div style='flex: 1 1 300px; min-width: 280px;'> <img style='width: 100%; height: auto; border: 1px solid rgba(150&comma;150&comma;150&comma;0.3); border-radius: 8px;' src='http:\/\/ftp3.syscom.mx\/usuarios\/ftp\/2026\/01\/15\/1971\/1768500089431.png_froala_69692b798e5fe' alt='Switch Industrial eKit S210I-8T4SX'> <\/div>\n<div style='flex: 2 1 500px; min-width: 280px;'>\n<h3 style='font-size: 22px; border-bottom: 2px solid currentColor; padding-bottom: 5px; margin-top: 0; color: inherit; opacity: 0.8;'>Descarga aplicaci\u00f3n de eKit<\/h3>\n<p>Con el c\u00f3digo QR puedes descargar la aplicaci\u00f3n Huawei eKit&comma; dise\u00f1ada para que puedas dar de alta equipos como routers&comma; switches y puntos de acceso de la l\u00ednea eKit en cuesti\u00f3n de minutos.<\/p>\n<p>Con ella&comma; podr\u00e1s desplegar y gestionar tus redes c\u00f3modamente desde tu smartphone&comma; sin necesidad de procesos complicados ni configuraciones extensas.<\/p>\n<p>La aplicaci\u00f3n est\u00e1 disponible para iOS&comma; Android y Harmony OS.<\/p>\n<\/p><\/div>\n<\/p><\/div>\n<\/p><\/div>\n","protected":false},"excerpt":{"rendered":"<p>Switch de Acceso eKit Administrable Capa 2 \/ 8 Puertos Gigabit \/ 4 Puertos SFP \/ 1 Puerto de Consola \/ Gesti\u00f3n Gratuita desde la Nube \/ Libre de Licenciamiento<\/p>\n","protected":false},"featured_media":82971,"comment_status":"open","ping_status":"closed","template":"","meta":[],"product_brand":[],"product_cat":[1970],"product_tag":[718,664,1971],"class_list":{"0":"post-82972","1":"product","2":"type-product","3":"status-publish","4":"has-post-thumbnail","6":"product_cat-switches","7":"product_tag-huawei","8":"product_tag-networking","9":"product_tag-switches","11":"first","12":"instock","13":"sale","14":"shipping-taxable","15":"purchasable","16":"product-type-simple"},"_links":{"self":[{"href":"https:\/\/soydeaqui.ddns.net\/pachuca\/index.php\/wp-json\/wp\/v2\/product\/82972","targetHints":{"allow":["GET"]}}],"collection":[{"href":"https:\/\/soydeaqui.ddns.net\/pachuca\/index.php\/wp-json\/wp\/v2\/product"}],"about":[{"href":"https:\/\/soydeaqui.ddns.net\/pachuca\/index.php\/wp-json\/wp\/v2\/types\/product"}],"replies":[{"embeddable":true,"href":"https:\/\/soydeaqui.ddns.net\/pachuca\/index.php\/wp-json\/wp\/v2\/comments?post=82972"}],"wp:featuredmedia":[{"embeddable":true,"href":"https:\/\/soydeaqui.ddns.net\/pachuca\/index.php\/wp-json\/wp\/v2\/media\/82971"}],"wp:attachment":[{"href":"https:\/\/soydeaqui.ddns.net\/pachuca\/index.php\/wp-json\/wp\/v2\/media?parent=82972"}],"wp:term":[{"taxonomy":"product_brand","embeddable":true,"href":"https:\/\/soydeaqui.ddns.net\/pachuca\/index.php\/wp-json\/wp\/v2\/product_brand?post=82972"},{"taxonomy":"product_cat","embeddable":true,"href":"https:\/\/soydeaqui.ddns.net\/pachuca\/index.php\/wp-json\/wp\/v2\/product_cat?post=82972"},{"taxonomy":"product_tag","embeddable":true,"href":"https:\/\/soydeaqui.ddns.net\/pachuca\/index.php\/wp-json\/wp\/v2\/product_tag?post=82972"}],"curies":[{"name":"wp","href":"https:\/\/api.w.org\/{rel}","templated":true}]}}