{"id":82968,"date":"2026-03-19T19:48:31","date_gmt":"2026-03-19T19:48:31","guid":{"rendered":"https:\/\/soydeaqui.ddns.net\/pachuca\/index.php\/producto\/cloud-router-switch-520-4xs-16xq-rm-con-16-puertos-100-gbps-qsfp28\/"},"modified":"2026-03-19T19:48:38","modified_gmt":"2026-03-19T19:48:38","slug":"cloud-router-switch-520-4xs-16xq-rm-con-16-puertos-100-gbps-qsfp28","status":"publish","type":"product","link":"https:\/\/soydeaqui.ddns.net\/pachuca\/index.php\/producto\/cloud-router-switch-520-4xs-16xq-rm-con-16-puertos-100-gbps-qsfp28\/","title":{"rendered":"Cloud Router Switch 520-4XS-16XQ-RM con 16 puertos 100 Gbps QSFP28"},"content":{"rendered":"<div style='width: 100%; max-width: 1200px; margin: 0 auto; font-family: sans-serif; line-height: 1.6; color: inherit; background-color: transparent;'> <!-- Descripci\u00f3n principal --> <\/p>\n<div style='margin-bottom: 30px;'>\n<h2 style='font-size: 20px; color: inherit; margin-top: 0; margin-bottom: 15px;'>\u00a1Un switch empresarial ultrarr\u00e1pido con potencia de procesamiento adicional gracias a la CPU de la serie CCR y el mejor precio por puerto de 100 Gigabit del mercado!<\/h2>\n<p style='margin-bottom: 15px; font-size: 15px; color: inherit;'>Bienvenido a la vanguardia de las redes: el CRS520-4XS-16XQ-RM preparado para el futuro con potencia de procesamiento adicional&comma; 4 GB de RAM DDR4 y el mejor precio por puerto de 100 Gigabit que hemos visto hasta ahora.<\/p>\n<p style='margin-bottom: 15px; font-size: 15px; color: inherit;'>Con 16 puertos QSFP28 de 100 Gigabit&comma; 4 puertos SFP28 de 25 Gigabit y un par adicional de puertos Ethernet de 10 Gigabit&comma; este switch puede aportar mucho valor a redes empresariales complicadas&comma; centros de datos&comma; estudios multimedia y otras configuraciones en las que normalmente utilizar\u00eda varios dispositivos. Ahora&comma; \u00a1un solo CRS520 puede ser suficiente!<\/p>\n<p style='margin-bottom: 15px; font-size: 15px; color: inherit;'>Los usuarios de CCR podr\u00edan reconocer la potente CPU ARM de cuatro n\u00facleos que funciona a 2 GHz y preguntarse: \u00bfpor qu\u00e9 un switch necesitar\u00eda toda esa potencia? Dos razones:<\/p>\n<ul style='padding-left: 20px; margin-bottom: 15px; font-size: 15px; color: inherit;'>\n<li style='margin-bottom: 5px;'>CRS520 es m\u00e1s que un switch. Puede ejecutar OSPF\/BGP&comma; VPN de administraci\u00f3n\/fuera de banda&comma; ACL&comma; tramas Jumbo e incluso enrutamiento descargado L3HW;<\/li>\n<li style='margin-bottom: 5px;'>Preparaci\u00f3n para el futuro: mientras nuestros amigos de Marvell siguen ampliando las capacidades de sus espectaculares chips de conmutaci\u00f3n&comma; nuestro equipo de software interno est\u00e1 ocupado explorando formas de agregar a\u00fan m\u00e1s funciones de descarga de hardware. \u00a1Puede esperar actualizaciones de software que llevar\u00e1n al CRS520 al siguiente nivel! Y todo eso sin muros de pago ni suscripciones.<\/li>\n<\/ul><\/div>\n<p> <!-- Especificaciones principales --> <\/p>\n<div style='display: flex; flex-wrap: wrap; gap: 30px; margin-bottom: 30px;'>\n<div style='flex: 1 1 300px; min-width: 280px;'>\n<h3 style='font-size: 22px; border-bottom: 2px solid currentColor; padding-bottom: 5px; margin-top: 0; color: inherit; opacity: 0.8;'>Caracter\u00edsticas<\/h3>\n<ul style='padding-left: 20px; font-size: 15px; color: inherit;'>\n<li style='margin-bottom: 5px;'><strong>C\u00f3digo de producto:<\/strong> CRS520-4XS-16XQ-RM<\/li>\n<li style='margin-bottom: 5px;'><strong>Arquitectura:<\/strong> ARM de 64 bits<\/li>\n<li style='margin-bottom: 5px;'><strong>CPU:<\/strong> AL52400<\/li>\n<li style='margin-bottom: 5px;'><strong>N\u00facleos de CPU:<\/strong> 4<\/li>\n<li style='margin-bottom: 5px;'><strong>Frecuencia de CPU:<\/strong> 2 GHz<\/li>\n<li style='margin-bottom: 5px;'><strong>Modelo de chip:<\/strong> 98CX8410<\/li>\n<li style='margin-bottom: 5px;'><strong>Licencia RouterOS:<\/strong> Nivel 5<\/li>\n<li style='margin-bottom: 5px;'><strong>Sistema operativo:<\/strong> <a style='color: inherit; text-decoration: underline;' href='https:\/\/help.mikrotik.com\/docs\/display\/ROS\/RouterOS' target='_blank' rel='noopener'>RouterOS v7<\/a><\/li>\n<\/ul><\/div>\n<div style='flex: 1 1 300px; min-width: 280px;'>\n<h3 style='font-size: 22px; border-bottom: 2px solid currentColor; padding-bottom: 5px; margin-top: 0; color: inherit; opacity: 0.8;'>Memoria<\/h3>\n<ul style='padding-left: 20px; font-size: 15px; color: inherit;'>\n<li style='margin-bottom: 5px;'><strong>RAM:<\/strong> 4 GB<\/li>\n<li style='margin-bottom: 5px;'><strong>Almacenamiento:<\/strong> 128 MB NAND<\/li>\n<\/ul>\n<h3 style='font-size: 22px; border-bottom: 2px solid currentColor; padding-bottom: 5px; margin-top: 20px; margin-bottom: 15px; color: inherit; opacity: 0.8;'>Temperatura<\/h3>\n<ul style='padding-left: 20px; font-size: 15px; color: inherit;'>\n<li style='margin-bottom: 5px;'><strong>Temperatura ambiente:<\/strong> -20\u00b0C a 50\u00b0C<\/li>\n<li style='margin-bottom: 15px;'><strong>MTBF:<\/strong> Aproximadamente 200&comma;000 horas a 25\u00b0C<\/li>\n<\/ul><\/div>\n<\/p><\/div>\n<p> <!-- Secci\u00f3n de puertos --> <\/p>\n<div style='display: flex; flex-wrap: wrap; gap: 30px; margin-bottom: 30px;'>\n<div style='flex: 1 1 300px; min-width: 280px;'>\n<h3 style='font-size: 22px; border-bottom: 2px solid currentColor; padding-bottom: 5px; margin-top: 0; color: inherit; opacity: 0.8;'>Puertos<\/h3>\n<ul style='padding-left: 20px; font-size: 15px; color: inherit;'>\n<li style='margin-bottom: 5px;'><strong>16 puertos QSFP28:<\/strong> 100 Gbps<\/li>\n<li style='margin-bottom: 5px;'><strong>4 puertos SFP28:<\/strong> 25 Gbps<\/li>\n<li style='margin-bottom: 5px;'><strong>2 puertos Ethernet:<\/strong> 10 Gbps<\/li>\n<li style='margin-bottom: 5px;'><strong>Puerto de consola:<\/strong> RJ45<\/li>\n<\/ul><\/div>\n<div style='flex: 1 1 300px; min-width: 280px;'>\n<h3 style='font-size: 22px; border-bottom: 2px solid currentColor; padding-bottom: 5px; margin-top: 0; color: inherit; opacity: 0.8;'>Alimentaci\u00f3n<\/h3>\n<ul style='padding-left: 20px; font-size: 15px; color: inherit;'>\n<li style='margin-bottom: 5px;'><strong>Entrada CA:<\/strong> 100-240V AC<\/li>\n<li style='margin-bottom: 5px;'><strong>Frecuencia:<\/strong> 47-63 Hz<\/li>\n<li style='margin-bottom: 5px;'><strong>Consumo m\u00e1ximo:<\/strong> 183W<\/li>\n<li style='margin-bottom: 5px;'><strong>Consumo sin accesorios:<\/strong> 123W<\/li>\n<li style='margin-bottom: 5px;'><strong>Refrigeraci\u00f3n:<\/strong> 4 ventiladores (hotswap)<\/li>\n<li style='margin-bottom: 5px;'><strong>Entradas de CA:<\/strong> 2 (hotswap)<\/li>\n<\/ul><\/div>\n<\/p><\/div>\n<p> <!-- Secci\u00f3n de monitores y certificaciones --> <\/p>\n<div style='display: flex; flex-wrap: wrap; gap: 30px; margin-bottom: 30px;'>\n<div style='flex: 1 1 300px; min-width: 280px;'>\n<h3 style='font-size: 22px; border-bottom: 2px solid currentColor; padding-bottom: 5px; margin-top: 0; color: inherit; opacity: 0.8;'>Monitores<\/h3>\n<ul style='padding-left: 20px; font-size: 15px; color: inherit;'>\n<li style='margin-bottom: 5px;'><strong>Temperatura CPU:<\/strong> S\u00ed<\/li>\n<li style='margin-bottom: 5px;'><strong>Temperatura PCB:<\/strong> S\u00ed<\/li>\n<li style='margin-bottom: 5px;'><strong>Voltaje:<\/strong> S\u00ed<\/li>\n<\/ul><\/div>\n<div style='flex: 1 1 300px; min-width: 280px;'>\n<h3 style='font-size: 22px; border-bottom: 2px solid currentColor; padding-bottom: 5px; margin-top: 0; color: inherit; opacity: 0.8;'>Certificaciones<\/h3>\n<ul style='padding-left: 20px; font-size: 15px; color: inherit;'>\n<li style='margin-bottom: 5px;'><strong>Est\u00e1ndares:<\/strong> CE&comma; CAO&comma; ROHS<\/li>\n<li style='margin-bottom: 5px;'><strong>Propiedad intelectual:<\/strong> 20<\/li>\n<\/ul><\/div>\n<\/p><\/div>\n<p> <!-- Secci\u00f3n de piezas incluidas --> <\/p>\n<div style='margin-bottom: 30px;'>\n<h3 style='font-size: 22px; border-bottom: 2px solid currentColor; padding-bottom: 5px; margin-top: 0; margin-bottom: 15px; color: inherit; opacity: 0.8;'>Piezas incluidas<\/h3>\n<div style='display: grid; grid-template-columns: repeat(auto-fill&comma; minmax(120px&comma; 1fr)); gap: 15px;'>\n<div style='text-align: center; padding: 10px; border: 1px solid rgba(150&comma;150&comma;150&comma;0.3); border-radius: 8px;'> <a style='color: inherit; text-decoration: none;' href='https:\/\/i.mt.lv\/cdn\/rb_images\/part741522226845m.jpg' target='_blank'> <img style='width: 100%; height: auto; border: 1px solid rgba(150&comma;150&comma;150&comma;0.3); border-radius: 8px;' src='https:\/\/i.mt.lv\/cdn\/rb_images\/part741522226845s.jpg' alt=''> <\/p>\n<div style='margin-top: 8px; font-size: 14px; color: inherit;'>2x cables IEC<\/div>\n<p> <\/a> <\/div>\n<div style='text-align: center; padding: 10px; border: 1px solid rgba(150&comma;150&comma;150&comma;0.3); border-radius: 8px;'> <a style='color: inherit; text-decoration: none;' href='https:\/\/i.mt.lv\/cdn\/rb_images\/part971579601989m.jpg' target='_blank'> <img style='width: 100%; height: auto; border: 1px solid rgba(150&comma;150&comma;150&comma;0.3); border-radius: 8px;' src='https:\/\/i.mt.lv\/cdn\/rb_images\/part971579601989s.jpg' alt=''> <\/p>\n<div style='margin-top: 8px; font-size: 14px; color: inherit;'>Orejas para montaje en rack (CRS)<\/div>\n<p> <\/a> <\/div>\n<div style='text-align: center; padding: 10px; border: 1px solid rgba(150&comma;150&comma;150&comma;0.3); border-radius: 8px;'> <a style='color: inherit; text-decoration: none;' href='https:\/\/i.mt.lv\/cdn\/rb_images\/part1011582125783m.jpg' target='_blank'> <img style='width: 100%; height: auto; border: 1px solid rgba(150&comma;150&comma;150&comma;0.3); border-radius: 8px;' src='https:\/\/i.mt.lv\/cdn\/rb_images\/part1011582125783s.jpg' alt=''> <\/p>\n<div style='margin-top: 8px; font-size: 14px; color: inherit;'>Orejas de soporte traseras<\/div>\n<p> <\/a> <\/div>\n<div style='text-align: center; padding: 10px; border: 1px solid rgba(150&comma;150&comma;150&comma;0.3); border-radius: 8px;'> <a style='color: inherit; text-decoration: none;' href='https:\/\/i.mt.lv\/cdn\/rb_images\/part961579601494m.jpg' target='_blank'> <img style='width: 100%; height: auto; border: 1px solid rgba(150&comma;150&comma;150&comma;0.3); border-radius: 8px;' src='https:\/\/i.mt.lv\/cdn\/rb_images\/part961579601494s.jpg' alt=''> <\/p>\n<div style='margin-top: 8px; font-size: 14px; color: inherit;'>Soportes gesti\u00f3n de cables<\/div>\n<p> <\/a> <\/div>\n<div style='text-align: center; padding: 10px; border: 1px solid rgba(150&comma;150&comma;150&comma;0.3); border-radius: 8px;'> <a style='color: inherit; text-decoration: none;' href='https:\/\/i.mt.lv\/cdn\/rb_images\/part1451644321481m.jpg' target='_blank'> <img style='width: 100%; height: auto; border: 1px solid rgba(150&comma;150&comma;150&comma;0.3); border-radius: 8px;' src='https:\/\/i.mt.lv\/cdn\/rb_images\/part1451644321481s.jpg' alt=''> <\/p>\n<div style='margin-top: 8px; font-size: 14px; color: inherit;'>Juego de fijaci\u00f3n K-82<\/div>\n<p> <\/a> <\/div>\n<\/p><\/div>\n<\/p><\/div>\n<p> <!-- Informaci\u00f3n de software --> <\/p>\n<div style='margin-bottom: 30px;'>\n<p style='font-style: italic; font-size: 14px; color: inherit; margin: 0;'>El dispositivo dispone de un sistema operativo preinstalado y licenciado. No es necesaria ninguna compra por separado y el producto est\u00e1 listo para usar. El dispositivo incluye actualizaciones de software gratuitas durante la vida \u00fatil del producto o un m\u00ednimo de 5 a\u00f1os a partir de la fecha de compra.<\/p>\n<\/p><\/div>\n<p> <!-- Separador final --> <\/p>\n<hr style='border: 0; border-top: 1px solid rgba(150&comma; 150&comma; 150&comma; 0.3); margin: 30px 0;'> <\/div>\n","protected":false},"excerpt":{"rendered":"<p>Cloud Router Switch 520-4XS-16XQ-RM con 16 puertos 100 Gbps QSFP28<\/p>\n","protected":false},"featured_media":82967,"comment_status":"open","ping_status":"closed","template":"","meta":[],"product_brand":[],"product_cat":[1970],"product_tag":[643,664,1971],"class_list":{"0":"post-82968","1":"product","2":"type-product","3":"status-publish","4":"has-post-thumbnail","6":"product_cat-switches","7":"product_tag-mikrotik","8":"product_tag-networking","9":"product_tag-switches","11":"first","12":"outofstock","13":"sale","14":"shipping-taxable","15":"purchasable","16":"product-type-simple"},"_links":{"self":[{"href":"https:\/\/soydeaqui.ddns.net\/pachuca\/index.php\/wp-json\/wp\/v2\/product\/82968","targetHints":{"allow":["GET"]}}],"collection":[{"href":"https:\/\/soydeaqui.ddns.net\/pachuca\/index.php\/wp-json\/wp\/v2\/product"}],"about":[{"href":"https:\/\/soydeaqui.ddns.net\/pachuca\/index.php\/wp-json\/wp\/v2\/types\/product"}],"replies":[{"embeddable":true,"href":"https:\/\/soydeaqui.ddns.net\/pachuca\/index.php\/wp-json\/wp\/v2\/comments?post=82968"}],"wp:featuredmedia":[{"embeddable":true,"href":"https:\/\/soydeaqui.ddns.net\/pachuca\/index.php\/wp-json\/wp\/v2\/media\/82967"}],"wp:attachment":[{"href":"https:\/\/soydeaqui.ddns.net\/pachuca\/index.php\/wp-json\/wp\/v2\/media?parent=82968"}],"wp:term":[{"taxonomy":"product_brand","embeddable":true,"href":"https:\/\/soydeaqui.ddns.net\/pachuca\/index.php\/wp-json\/wp\/v2\/product_brand?post=82968"},{"taxonomy":"product_cat","embeddable":true,"href":"https:\/\/soydeaqui.ddns.net\/pachuca\/index.php\/wp-json\/wp\/v2\/product_cat?post=82968"},{"taxonomy":"product_tag","embeddable":true,"href":"https:\/\/soydeaqui.ddns.net\/pachuca\/index.php\/wp-json\/wp\/v2\/product_tag?post=82968"}],"curies":[{"name":"wp","href":"https:\/\/api.w.org\/{rel}","templated":true}]}}