{"id":82933,"date":"2026-03-19T19:46:59","date_gmt":"2026-03-19T19:46:59","guid":{"rendered":"https:\/\/soydeaqui.ddns.net\/pachuca\/index.php\/producto\/conmutador-kvm-lcd-de-riel-unico-vga-ps-2-usb-de-8-puertos\/"},"modified":"2026-03-19T19:47:01","modified_gmt":"2026-03-19T19:47:01","slug":"conmutador-kvm-lcd-de-riel-unico-vga-ps-2-usb-de-8-puertos","status":"publish","type":"product","link":"https:\/\/soydeaqui.ddns.net\/pachuca\/index.php\/producto\/conmutador-kvm-lcd-de-riel-unico-vga-ps-2-usb-de-8-puertos\/","title":{"rendered":"Conmutador KVM | LCD de riel \u00fanico | VGA PS\/2 | USB de 8 puertos"},"content":{"rendered":"<div style='width: 100%; max-width: 1200px; margin: 0 auto; font-family: sans-serif; line-height: 1.6; color: inherit; background-color: transparent;'> <!-- Imagen logo --> <\/p>\n<div style='display: flex; justify-content: center; margin: 30px 0;'> <img style='width: 40%; height: auto; border: 1px solid rgba(150&comma;150&comma;150&comma;0.3); border-radius: 8px;' src='https:\/\/ftp3.syscom.mx\/usuarios\/luis.vargas\/ATEN\/VS184B\/Logo-Aten.jpg' alt='Logo ATEN'> <\/div>\n<p> <!-- Secci\u00f3n con imagen y descripci\u00f3n --> <\/p>\n<div style='display: flex; flex-wrap: wrap; gap: 30px; margin: 30px 0;'>\n<div style='flex: 1 1 300px; min-width: 280px;'> <img style='width: 80%; height: auto; border: 1px solid rgba(150&comma;150&comma;150&comma;0.3); border-radius: 8px; margin: 0 auto; display: block;' src='https:\/\/ftp3.syscom.mx\/usuarios\/luis.vargas\/ATEN\/CL1308\/CL1308.jpeg' alt='Conmutador KVM ATEN CL1308N'> <\/div>\n<div style='flex: 1 1 300px; min-width: 280px;'>\n<h3 style='font-size: 22px; border-bottom: 2px solid currentColor; padding-bottom: 5px; margin-top: 0; color: inherit; opacity: 0.8;'>Switch KVM LCD<\/h3>\n<p style='font-size: 15px; color: inherit; text-align: justify;'> Soluci\u00f3n compacta y eficiente para la tecnolog\u00eda de conmutaci\u00f3n KVM. Integra un panel LCD&comma; un teclado completo y un panel t\u00e1ctil en una carcasa deslizante de montaje en bastidor de 1U. Cuenta con un panel LCD retroiluminado por LED de 19&#8242; y permite el acceso y control de hasta 8 ordenadores desde una sola consola. Se pueden conectar en cascada hasta 8 conmutadores adicionales&comma; lo que permite controlar hasta 128 ordenadores desde una sola consola. Configuraci\u00f3n sencilla&comma; utilizando los cables apropiados&comma; y el conmutador admite conexiones USB y PS\/2. El cambio entre computadoras se puede hacer manualmente presionando los botones del panel frontal&comma; utilizando combinaciones de teclas de acceso r\u00e1pido desde el teclado o mediante un men\u00fa multiling\u00fce en la pantalla. <\/p>\n<\/p><\/div>\n<\/p><\/div>\n<p> <!-- Caracter\u00edsticas generales --> <\/p>\n<h3 style='font-size: 22px; border-bottom: 2px solid currentColor; padding-bottom: 5px; margin-top: 30px; color: inherit; opacity: 0.8;'>Caracter\u00edsticas generales<\/h3>\n<p> <!-- Secci\u00f3n de especificaciones --> <\/p>\n<div style='display: flex; flex-wrap: wrap; gap: 20px; margin: 30px 0;'> <!-- Columna 1 --> <\/p>\n<div style='flex: 1 1 300px; min-width: 280px;'>\n<div style='border: 1px solid rgba(150&comma; 150&comma; 150&comma; 0.4); border-radius: 8px; overflow: hidden; margin-bottom: 20px;'>\n<div style='padding: 15px; border-bottom: 1px solid rgba(150&comma; 150&comma; 150&comma; 0.2); font-weight: bold; font-size: 18px; color: inherit;'>Conectores<\/div>\n<div style='padding: 15px; color: inherit;'>\n<ul style='padding-left: 20px; margin: 0; font-size: 14px; list-style-type: disc;'>\n<li style='margin-bottom: 5px;'>Puertos KVM: 8x SPHD hembra (amarillo)<\/li>\n<li style='margin-bottom: 5px;'>1x conector RJ-11 hembra<\/li>\n<\/ul><\/div>\n<\/p><\/div>\n<div style='border: 1px solid rgba(150&comma; 150&comma; 150&comma; 0.4); border-radius: 8px; overflow: hidden; margin-bottom: 20px;'>\n<div style='padding: 15px; border-bottom: 1px solid rgba(150&comma; 150&comma; 150&comma; 0.2); font-weight: bold; font-size: 18px; color: inherit;'>Especificaciones del panel<\/div>\n<div style='padding: 15px; color: inherit;'>\n<ul style='padding-left: 20px; margin: 0; font-size: 14px; list-style-type: disc;'>\n<li style='margin-bottom: 5px;'><strong>M\u00f3dulo LCD:<\/strong> LCD TFT de 19&#8242;<\/li>\n<li style='margin-bottom: 5px;'><strong>Resoluci\u00f3n:<\/strong> 1280x 1024 a 75 Hz<\/li>\n<li style='margin-bottom: 5px;'><strong>Tiempo de respuesta:<\/strong> 5 ms<\/li>\n<li style='margin-bottom: 5px;'><strong>\u00c1ngulo de visi\u00f3n:<\/strong> 170\u00b0 (H)&comma; 160\u00b0 (V)<\/li>\n<li style='margin-bottom: 5px;'><strong>Tama\u00f1o de pixel:<\/strong> 0&comma;294 mm x 0&comma;294 mm<\/li>\n<li style='margin-bottom: 5px;'><strong>Color de soporte:<\/strong> 16&comma;77 millones de colores<\/li>\n<li style='margin-bottom: 5px;'><strong>Relaci\u00f3n de contraste:<\/strong> 1000:1<\/li>\n<li style='margin-bottom: 5px;'><strong>Luminancia:<\/strong> 250 cd\/m\u00b2<\/li>\n<\/ul><\/div>\n<\/p><\/div>\n<div style='border: 1px solid rgba(150&comma; 150&comma; 150&comma; 0.4); border-radius: 8px; overflow: hidden; margin-bottom: 20px;'>\n<div style='padding: 15px; border-bottom: 1px solid rgba(150&comma; 150&comma; 150&comma; 0.2); font-weight: bold; font-size: 18px; color: inherit;'>Video<\/div>\n<div style='padding: 15px; color: inherit;'>\n<ul style='padding-left: 20px; margin: 0; font-size: 14px; list-style-type: disc;'>\n<li style='margin-bottom: 5px;'><strong>Resoluci\u00f3n m\u00e1xima:<\/strong> hasta 1920 \u00d7 1200 a 60 Hz; 1280 \u00d7 1024 a 75 Hz&comma; DDC2B<\/li>\n<\/ul><\/div>\n<\/p><\/div>\n<\/p><\/div>\n<p> <!-- Columna 2 --> <\/p>\n<div style='flex: 1 1 300px; min-width: 280px;'>\n<div style='border: 1px solid rgba(150&comma; 150&comma; 150&comma; 0.4); border-radius: 8px; overflow: hidden; margin-bottom: 20px;'>\n<div style='padding: 15px; border-bottom: 1px solid rgba(150&comma; 150&comma; 150&comma; 0.2); font-weight: bold; font-size: 18px; color: inherit;'>Alimentaci\u00f3n<\/div>\n<div style='padding: 15px; color: inherit;'>\n<ul style='padding-left: 20px; margin: 0; font-size: 14px; list-style-type: disc;'>\n<li style='margin-bottom: 5px;'>1 x Toma de CA de 3 clavijas<\/li>\n<li style='margin-bottom: 5px;'>100-240 VCA; 50-60 Hz; 1&comma;0 A<\/li>\n<\/ul><\/div>\n<\/p><\/div>\n<div style='border: 1px solid rgba(150&comma; 150&comma; 150&comma; 0.4); border-radius: 8px; overflow: hidden; margin-bottom: 20px;'>\n<div style='padding: 15px; border-bottom: 1px solid rgba(150&comma; 150&comma; 150&comma; 0.2); font-weight: bold; font-size: 18px; color: inherit;'>Consumo de energ\u00eda<\/div>\n<div style='padding: 15px; color: inherit;'>\n<ul style='padding-left: 20px; margin: 0; font-size: 14px; list-style-type: disc;'>\n<li style='margin-bottom: 5px;'>110 V CA: 24&comma;4 W: 114 BTU<\/li>\n<li style='margin-bottom: 5px;'>220 V CA: 24&comma;7 W: 116 BTU<\/li>\n<\/ul><\/div>\n<\/p><\/div>\n<div style='border: 1px solid rgba(150&comma; 150&comma; 150&comma; 0.4); border-radius: 8px; overflow: hidden; margin-bottom: 20px;'>\n<div style='padding: 15px; border-bottom: 1px solid rgba(150&comma; 150&comma; 150&comma; 0.2); font-weight: bold; font-size: 18px; color: inherit;'>Condiciones ambientales<\/div>\n<div style='padding: 15px; color: inherit;'>\n<ul style='padding-left: 20px; margin: 0; font-size: 14px; list-style-type: disc;'>\n<li style='margin-bottom: 5px;'>Temperatura de funcionamiento 0-50 \u00b0C<\/li>\n<li style='margin-bottom: 5px;'>Temperatura de almacenamiento -20 &#8211; 60\u00b0C<\/li>\n<li style='margin-bottom: 5px;'>Humedad HR del 0 &#8211; 80%&comma; sin condensaci\u00f3n<\/li>\n<\/ul><\/div>\n<\/p><\/div>\n<div style='border: 1px solid rgba(150&comma; 150&comma; 150&comma; 0.4); border-radius: 8px; overflow: hidden; margin-bottom: 20px;'>\n<div style='padding: 15px; border-bottom: 1px solid rgba(150&comma; 150&comma; 150&comma; 0.2); font-weight: bold; font-size: 18px; color: inherit;'>Propiedades f\u00edsicas<\/div>\n<div style='padding: 15px; color: inherit;'>\n<ul style='padding-left: 20px; margin: 0; font-size: 14px; list-style-type: disc;'>\n<li style='margin-bottom: 5px;'>Carcasa Met\u00e1lica + Pl\u00e1stico<\/li>\n<li style='margin-bottom: 5px;'><strong>Peso:<\/strong> 12&comma;59 kg (27&comma;73 libras)<\/li>\n<li style='margin-bottom: 5px;'><strong>Dimensiones (LA x AN x AL):<\/strong> 48&comma;30 x 68&comma;92 x 4&comma;40 cm (19&comma;02 x 27&comma;13 x 1&comma;73 pulgadas)<\/li>\n<\/ul><\/div>\n<\/p><\/div>\n<\/p><\/div>\n<\/p><\/div>\n<p> <!-- Contenido incluido --> <\/p>\n<div style='border: 1px solid rgba(150&comma; 150&comma; 150&comma; 0.4); border-radius: 8px; overflow: hidden; margin: 30px 0; padding: 20px;'>\n<h4 style='font-size: 18px; margin-top: 0; color: inherit; opacity: 0.8;'>Contenido del equipo<\/h4>\n<p style='font-size: 14px; color: inherit; margin: 0;'> 1x switch KVM LCD CL1308 con kit de montaje en bastidor&comma; 2x cables KVM personalizados (VGA&comma; USB; 1&comma;8m\/6 pies)&comma; 1x cable de actualizacion de firmware&comma; 1x cable de alimentacion&comma; 1x Manual Instrucciones de usuario. <\/p>\n<\/p><\/div>\n<p> <!-- Videos --> <\/p>\n<h3 style='font-size: 22px; border-bottom: 2px solid currentColor; padding-bottom: 5px; margin-top: 30px; color: inherit; opacity: 0.8;'>VIDEOS<\/h3>\n<div style='margin: 30px 0;'>\n<div style='position: relative; padding-bottom: 56.25%; height: 0; overflow: hidden; margin-bottom: 30px;'>   <\/div>\n<\/p><\/div>\n<p> <!-- Separador final --> <\/p>\n<hr style='border: 0; border-top: 1px solid rgba(150&comma; 150&comma; 150&comma; 0.3); margin: 30px 0;'> <\/div>\n","protected":false},"excerpt":{"rendered":"<p>Conmutador KVM | LCD de riel \u00fanico | VGA PS\/2 | USB de 8 puertos<\/p>\n","protected":false},"featured_media":82932,"comment_status":"open","ping_status":"closed","template":"","meta":[],"product_brand":[],"product_cat":[2132],"product_tag":[2121,2133,2120],"class_list":{"0":"post-82933","1":"product","2":"type-product","3":"status-publish","4":"has-post-thumbnail","6":"product_cat-kvm","7":"product_tag-aten","8":"product_tag-kvm","9":"product_tag-proav","11":"first","12":"instock","13":"sale","14":"shipping-taxable","15":"purchasable","16":"product-type-simple"},"_links":{"self":[{"href":"https:\/\/soydeaqui.ddns.net\/pachuca\/index.php\/wp-json\/wp\/v2\/product\/82933","targetHints":{"allow":["GET"]}}],"collection":[{"href":"https:\/\/soydeaqui.ddns.net\/pachuca\/index.php\/wp-json\/wp\/v2\/product"}],"about":[{"href":"https:\/\/soydeaqui.ddns.net\/pachuca\/index.php\/wp-json\/wp\/v2\/types\/product"}],"replies":[{"embeddable":true,"href":"https:\/\/soydeaqui.ddns.net\/pachuca\/index.php\/wp-json\/wp\/v2\/comments?post=82933"}],"wp:featuredmedia":[{"embeddable":true,"href":"https:\/\/soydeaqui.ddns.net\/pachuca\/index.php\/wp-json\/wp\/v2\/media\/82932"}],"wp:attachment":[{"href":"https:\/\/soydeaqui.ddns.net\/pachuca\/index.php\/wp-json\/wp\/v2\/media?parent=82933"}],"wp:term":[{"taxonomy":"product_brand","embeddable":true,"href":"https:\/\/soydeaqui.ddns.net\/pachuca\/index.php\/wp-json\/wp\/v2\/product_brand?post=82933"},{"taxonomy":"product_cat","embeddable":true,"href":"https:\/\/soydeaqui.ddns.net\/pachuca\/index.php\/wp-json\/wp\/v2\/product_cat?post=82933"},{"taxonomy":"product_tag","embeddable":true,"href":"https:\/\/soydeaqui.ddns.net\/pachuca\/index.php\/wp-json\/wp\/v2\/product_tag?post=82933"}],"curies":[{"name":"wp","href":"https:\/\/api.w.org\/{rel}","templated":true}]}}