{"id":82904,"date":"2026-03-19T19:45:38","date_gmt":"2026-03-19T19:45:38","guid":{"rendered":"https:\/\/soydeaqui.ddns.net\/pachuca\/index.php\/producto\/unidad-de-expansion-fx2421-para-synology-flashstation-24-receptaculos-de-unidad-2-5-compatible-con-ssd-sata-sat5200-diseno-de-alta-fiabilidad-fuentes-de-alimentacion-redundantes\/"},"modified":"2026-03-19T19:45:56","modified_gmt":"2026-03-19T19:45:56","slug":"unidad-de-expansion-fx2421-para-synology-flashstation-24-receptaculos-de-unidad-2-5-compatible-con-ssd-sata-sat5200-diseno-de-alta-fiabilidad-fuentes-de-alimentacion-redundantes","status":"publish","type":"product","link":"https:\/\/soydeaqui.ddns.net\/pachuca\/index.php\/producto\/unidad-de-expansion-fx2421-para-synology-flashstation-24-receptaculos-de-unidad-2-5-compatible-con-ssd-sata-sat5200-diseno-de-alta-fiabilidad-fuentes-de-alimentacion-redundantes\/","title":{"rendered":"Unidad de Expansi\u00f3n FX2421 para Synology FlashStation | 24 Recept\u00e1culos de Unidad 2.5&#8243; | Compatible con SSD SATA SAT5200 | Dise\u00f1o de Alta Fiabilidad | Fuentes de Alimentaci\u00f3n Redundantes."},"content":{"rendered":"<div style='width: 100%; max-width: 1200px; margin: 0 auto; font-family: sans-serif; line-height: 1.6; color: inherit; background-color: transparent;'> <!-- Banner promocional --> <\/p>\n<div style='width: 100%; margin-bottom: 30px; background-color: #007BFF; border-radius: 8px; overflow: hidden;'>\n<div style='display: flex; flex-wrap: wrap; align-items: center; padding: 15px; background-color: #007BFF;'>\n<div style='flex: 1 1 100px; min-width: 100px; display: flex; align-items: center; justify-content: center; margin-right: 15px;'> <img style='height: 70px; width: auto; border: 1px solid rgba(150&comma;150&comma;150&comma;0.3); border-radius: 8px;' src='https:\/\/ftp3.syscom.mx\/usuarios\/hallende\/Videos\/Synology\/Logo%20Synology.png' alt='Synology Logo'> <\/div>\n<div style='flex: 2 1 200px; min-width: 200px; color: white;'>\n<h5 style='font-size: 18px; font-weight: bold; margin: 0 0 5px 0; color: inherit;'>Precios Especiales para tu Proyecto. \u00a1Solicita el tuyo!<\/h5>\n<p style='margin: 0 0 10px 0; color: rgba(255&comma;255&comma;255&comma;0.8);'>Consigue tu cotizaci\u00f3n con descuento dando clic en Registrar mi Proyecto.<\/p>\n<\/p><\/div>\n<div style='flex: 1 1 150px; min-width: 150px;'> <a style='background-color: #ffcd00; color: black; font-weight: 600; border: none; padding: 0.75rem 1.75rem; text-decoration: none; display: inline-block; border-radius: 4px;' href='https:\/\/event.synology.com\/es-mx\/proyecto' target='_blank' rel='noopener'>Registrar mi Proyecto<\/a> <\/div>\n<\/p><\/div>\n<\/p><\/div>\n<p> <!-- Secci\u00f3n de recursos --> <\/p>\n<div style='width: 100%; margin-bottom: 30px;'>\n<div style='font-size: 22px; font-weight: bold; border-bottom: 2px solid currentColor; padding-bottom: 5px; margin-bottom: 15px; color: inherit;'> Expande las Posibilidades de tu Synology NAS <\/div>\n<div style='display: flex; flex-wrap: wrap; gap: 20px;'> <!-- Card 1 --> <\/p>\n<div style='flex: 1 1 250px; min-width: 280px; border: 1px solid rgba(150&comma;150&comma;150&comma;0.4); border-radius: 8px; overflow: hidden; display: flex; flex-direction: column;'>\n<div style='padding: 15px; border-bottom: 1px solid rgba(150&comma;150&comma;150&comma;0.2); font-weight: bold; font-size: 18px; color: #f25c05;'>HDD y SSD Compatibles<\/div>\n<div style='padding: 15px; flex: 1 1 auto; display: flex; flex-direction: column; justify-content: space-between; color: inherit;'>\n<p style='font-size: 14px; margin-bottom: 15px;'>Verifica f\u00e1cilmente qu\u00e9 unidades HDD y SSD son compatibles con tu modelo para un rendimiento y confiabilidad \u00f3ptimos.<\/p>\n<div style='display: flex; gap: 10px; justify-content: center; margin-top: auto;'> <a style='background-color: #0d0d0d; color: white; padding: 8px 16px; border-radius: 4px; text-decoration: none; font-size: 14px;' href='https:\/\/www.synology.com\/es-mx\/compatibility' target='_blank'>Ver Compatibilidad<\/a> <a style='background-color: #bfbfbf; color: white; padding: 8px 16px; border-radius: 4px; text-decoration: none; font-size: 14px;' href='https:\/\/www.youtube.com\/watch?v=2SU-j5uCxUQ&#038;t=1s' target='_blank'>Gu\u00eda de Uso<\/a> <\/div>\n<\/p><\/div>\n<\/p><\/div>\n<p> <!-- Card 2 --> <\/p>\n<div style='flex: 1 1 250px; min-width: 280px; border: 1px solid rgba(150&comma;150&comma;150&comma;0.4); border-radius: 8px; overflow: hidden; display: flex; flex-direction: column;'>\n<div style='padding: 15px; border-bottom: 1px solid rgba(150&comma;150&comma;150&comma;0.2); font-weight: bold; font-size: 18px; color: #f25c05;'>Accesorios Compatibles<\/div>\n<div style='padding: 15px; flex: 1 1 auto; display: flex; flex-direction: column; justify-content: space-between; color: inherit;'>\n<p style='font-size: 14px; margin-bottom: 15px;'>Descubre los accesorios oficiales dise\u00f1ados para optimizar el rendimiento y funcionalidad de tu NAS.<\/p>\n<div style='display: flex; gap: 10px; justify-content: center; margin-top: auto;'> <a style='background-color: #0d0d0d; color: white; padding: 8px 16px; border-radius: 4px; text-decoration: none; font-size: 14px;' href='https:\/\/www.synology.com\/es-mx\/compatibility' target='_blank'>Ver Accesorios<\/a> <a style='background-color: #bfbfbf; color: white; padding: 8px 16px; border-radius: 4px; text-decoration: none; font-size: 14px;' href='https:\/\/www.youtube.com\/watch?v=btI3QR9oW3Q&#038;t=1s' target='_blank'>Gu\u00eda de Uso<\/a> <\/div>\n<\/p><\/div>\n<\/p><\/div>\n<p> <!-- Card 3 --> <\/p>\n<div style='flex: 1 1 250px; min-width: 280px; border: 1px solid rgba(150&comma;150&comma;150&comma;0.4); border-radius: 8px; overflow: hidden; display: flex; flex-direction: column;'>\n<div style='padding: 15px; border-bottom: 1px solid rgba(150&comma;150&comma;150&comma;0.2); font-weight: bold; font-size: 18px; color: #f25c05;'>Calculadora RAID<\/div>\n<div style='padding: 15px; flex: 1 1 auto; display: flex; flex-direction: column; justify-content: space-between; color: inherit;'>\n<p style='font-size: 14px; margin-bottom: 15px;'>Calcula la capacidad \u00fatil y encuentra la configuraci\u00f3n RAID m\u00e1s eficiente y segura para tus necesidades.<\/p>\n<div style='display: flex; gap: 10px; justify-content: center; margin-top: auto;'> <a style='background-color: #0d0d0d; color: white; padding: 8px 16px; border-radius: 4px; text-decoration: none; font-size: 14px;' href='https:\/\/www.synology.com\/es-mx\/support\/RAID_calculator' target='_blank'>Ver Calculadora<\/a> <a style='background-color: #bfbfbf; color: white; padding: 8px 16px; border-radius: 4px; text-decoration: none; font-size: 14px;' href='https:\/\/www.youtube.com\/watch?v=NnnlUfMRR2U' target='_blank'>Gu\u00eda de Uso<\/a> <\/div>\n<\/p><\/div>\n<\/p><\/div>\n<\/p><\/div>\n<\/p><\/div>\n<p> <!-- Secci\u00f3n de descripci\u00f3n --> <\/p>\n<div style='width: 100%; margin-bottom: 30px;'>\n<div style='border: 1px solid rgba(150&comma;150&comma;150&comma;0.4); border-radius: 8px; overflow: hidden;'>\n<div style='background-color: #0d0d0d; color: white; padding: 10px; font-weight: bold; font-size: 16px; border-bottom: 1px solid rgba(150&comma;150&comma;150&comma;0.3);'>Descripci\u00f3n<\/div>\n<div style='padding: 15px; background-color: rgba(240&comma;240&comma;240&comma;0.8); color: inherit;'>\n<p style='font-size: 15px; margin-bottom: 15px;'>La Unidad de Expansi\u00f3n Synology FX2421 es una soluci\u00f3n de almacenamiento todo flash dise\u00f1ada para ampliar la capacidad de su Synology FlashStation. Con 24 recept\u00e1culos de unidad de 2.5&#8217;&comma; esta unidad de montaje en rack 2U permite la expansi\u00f3n de almacenamiento sobre la marcha utilizando un cable de expansi\u00f3n de alta velocidad. Compatible con SSD SATA SAT5200 de Synology&comma; ofrece un rendimiento empresarial&comma; alta fiabilidad y una configuraci\u00f3n integrada. Con componentes modulares&comma; fuentes de alimentaci\u00f3n redundantes y ventiladores del sistema&comma; garantiza el m\u00e1ximo tiempo de actividad y una f\u00e1cil configuraci\u00f3n del hardware.<\/p>\n<\/p><\/div>\n<\/p><\/div>\n<\/p><\/div>\n<p> <!-- Secci\u00f3n de caracter\u00edsticas --> <\/p>\n<div style='width: 100%; margin-bottom: 30px;'>\n<div style='border: 1px solid rgba(150&comma;150&comma;150&comma;0.4); border-radius: 8px; overflow: hidden;'>\n<div style='background-color: #0d0d0d; color: white; padding: 10px; font-weight: bold; font-size: 16px; border-bottom: 1px solid rgba(150&comma;150&comma;150&comma;0.3);'>Caracter\u00edsticas Principales<\/div>\n<div style='padding: 15px; background-color: rgba(240&comma;240&comma;240&comma;0.8); color: inherit;'>\n<ul style='padding-left: 20px; font-size: 14px; list-style-type: disc; margin: 0;'>\n<li style='margin-bottom: 5px;'>Ampliaci\u00f3n de almacenamiento sin problemas con 24 recept\u00e1culos de unidad de 2.5&#8242;.<\/li>\n<li style='margin-bottom: 5px;'>Compatibilidad con SSD SATA SAT5200 de Synology para alto rendimiento y resistencia.<\/li>\n<li style='margin-bottom: 5px;'>Dise\u00f1o de alta fiabilidad con componentes modulares y fuentes de alimentaci\u00f3n redundantes.<\/li>\n<li style='margin-bottom: 5px;'>Configuraci\u00f3n sencilla del hardware con dise\u00f1o &#8216;conectar y usar&#8217;.<\/li>\n<li style='margin-bottom: 0;'>Garant\u00eda limitada de 3 a\u00f1os de Synology.<\/li>\n<\/ul><\/div>\n<\/p><\/div>\n<\/p><\/div>\n<p> <!-- Secci\u00f3n de especificaciones --> <\/p>\n<div style='width: 100%; margin-bottom: 30px;'>\n<div style='border: 1px solid rgba(150&comma;150&comma;150&comma;0.4); border-radius: 8px; overflow: hidden;'>\n<div style='background-color: #0d0d0d; color: white; padding: 10px; font-weight: bold; font-size: 16px; border-bottom: 1px solid rgba(150&comma;150&comma;150&comma;0.3);'>Detalles T\u00e9cnicos<\/div>\n<div style='padding: 15px; background-color: rgba(240&comma;240&comma;240&comma;0.8); color: inherit;'>\n<div style='display: flex; flex-wrap: wrap; gap: 20px;'>\n<div style='flex: 1 1 400px; min-width: 280px;'>\n<h3 style='font-size: 18px; font-weight: bold; margin: 0 0 10px 0; color: inherit;'>Especificaciones<\/h3>\n<ul style='padding-left: 20px; font-size: 14px; list-style-type: disc; margin: 0;'>\n<li style='margin-bottom: 5px;'>Tipo de disco compatible: 24 x SSD\/HDD SAS de 2.5&#8242; o SSD SATA de 2.5&#8242;.<\/li>\n<li style='margin-bottom: 5px;'>Disco intercambiable en caliente: S\u00ed.<\/li>\n<li style='margin-bottom: 5px;'>Tama\u00f1o (sin aletas): 88 x 430.5 x 692 mm.<\/li>\n<li style='margin-bottom: 5px;'>Peso: 14.5 kg.<\/li>\n<li style='margin-bottom: 5px;'>Ventilador del sistema: 4 (80 x 80 x 32 mm).<\/li>\n<li style='margin-bottom: 0;'>Tensi\u00f3n de alimentaci\u00f3n de entrada CA: 100 a 240 V CA.<\/li>\n<\/ul><\/div>\n<div style='flex: 1 1 400px; min-width: 280px;'>\n<h3 style='font-size: 18px; font-weight: bold; margin: 0 0 10px 0; color: inherit;'>Interfaces y Conectividad<\/h3>\n<ul style='padding-left: 20px; font-size: 14px; list-style-type: disc; margin: 0;'>\n<li style='margin-bottom: 5px;'>Puerto externo: 1 x SAS IN&comma; 1 x SAS OUT.<\/li>\n<li style='margin-bottom: 5px;'>Cable de expansi\u00f3n de alta velocidad incluido.<\/li>\n<li style='margin-bottom: 5px;'>Fuente de alimentaci\u00f3n: Redundante.<\/li>\n<li style='margin-bottom: 0;'>Dise\u00f1o: Todo Flash.<\/li>\n<\/ul><\/div>\n<\/p><\/div>\n<\/p><\/div>\n<\/p><\/div>\n<\/p><\/div>\n<p> <!-- Secci\u00f3n de aplicaciones y casos de uso --> <\/p>\n<div style='width: 100%; margin-bottom: 30px;'>\n<div style='border: 1px solid rgba(150&comma;150&comma;150&comma;0.4); border-radius: 8px; overflow: hidden;'>\n<div style='background-color: #0d0d0d; color: white; padding: 10px; font-weight: bold; font-size: 16px; border-bottom: 1px solid rgba(150&comma;150&comma;150&comma;0.3);'>Aplicaciones y Casos de Uso<\/div>\n<div style='padding: 15px; background-color: rgba(240&comma;240&comma;240&comma;0.8); color: inherit;'>\n<div style='display: flex; flex-wrap: wrap; gap: 20px;'>\n<div style='flex: 1 1 300px; min-width: 280px; background-color: rgba(255&comma;255&comma;255&comma;0.8); border: 1px solid rgba(150&comma;150&comma;150&comma;0.2); border-radius: 8px; padding: 15px;'>\n<h3 style='font-size: 16px; font-weight: bold; margin: 0 0 10px 0; color: inherit;'>Expansi\u00f3n de Almacenamiento Flash<\/h3>\n<p style='font-size: 14px; margin: 0;'>Ampl\u00ede la capacidad de su Synology FlashStation de manera r\u00e1pida y eficiente con el m\u00e1ximo rendimiento de SSD.<\/p>\n<\/p><\/div>\n<div style='flex: 1 1 300px; min-width: 280px; background-color: rgba(255&comma;255&comma;255&comma;0.8); border: 1px solid rgba(150&comma;150&comma;150&comma;0.2); border-radius: 8px; padding: 15px;'>\n<h3 style='font-size: 16px; font-weight: bold; margin: 0 0 10px 0; color: inherit;'>Copia de Seguridad de Alto Rendimiento<\/h3>\n<p style='font-size: 14px; margin: 0;'>Utilice la FX2421 como destino de copia de seguridad local dedicado&comma; de <strong>r\u00e1pido acceso<\/strong> y alta fiabilidad.<\/p>\n<\/p><\/div>\n<div style='flex: 1 1 300px; min-width: 280px; background-color: rgba(255&comma;255&comma;255&comma;0.8); border: 1px solid rgba(150&comma;150&comma;150&comma;0.2); border-radius: 8px; padding: 15px;'>\n<h3 style='font-size: 16px; font-weight: bold; margin: 0 0 10px 0; color: inherit;'>Almacenamiento Empresarial Cr\u00edtico<\/h3>\n<p style='font-size: 14px; margin: 0;'>Ideal para una configuraci\u00f3n de almacenamiento empresarial <strong>altamente fiable<\/strong> que requiere la velocidad de las unidades SSD.<\/p>\n<\/p><\/div>\n<\/p><\/div>\n<\/p><\/div>\n<\/p><\/div>\n<\/p><\/div>\n<p> <!-- CTA final --> <\/p>\n<div style='width: 100%; margin-bottom: 30px;'>\n<div style='background-color: rgba(240&comma;240&comma;240&comma;0.8); border-radius: 8px; padding: 30px; text-align: center;'>\n<h2 style='font-size: 24px; font-weight: bold; margin: 0 0 15px 0; color: inherit;'>\u00bfListo para Optimizar tu Synology NAS?<\/h2>\n<p style='font-size: 16px; margin: 0 0 20px 0; color: inherit;'>Conoce toda nuestra l\u00ednea de productos y accesorios compatibles para potenciar tu equipo<\/p>\n<p> <a style='background-color: #f25c05; color: white; padding: 10px 20px; border-radius: 4px; text-decoration: none; font-size: 16px; font-weight: 600; display: inline-block;' href='https:\/\/ftp3.syscom.mx\/usuarios\/hallende\/Videos\/Sitio%20en%20construccion.jpg' target='_blank' rel='noopener'> <strong>Descubrir Productos<\/strong> <\/a> <\/div>\n<\/p><\/div>\n<\/p><\/div>\n","protected":false},"excerpt":{"rendered":"<p>Unidad de Expansi\u00f3n FX2421 para Synology FlashStation | 24 Recept\u00e1culos de Unidad 2.5&#8243; | Compatible con SSD SATA SAT5200 | Dise\u00f1o de Alta Fiabilidad | Fuentes de Alimentaci\u00f3n Redundantes.<\/p>\n","protected":false},"featured_media":82903,"comment_status":"open","ping_status":"closed","template":"","meta":[],"product_brand":[],"product_cat":[2067],"product_tag":[1974,2068,1976],"class_list":{"0":"post-82904","1":"product","2":"type-product","3":"status-publish","4":"has-post-thumbnail","6":"product_cat-servidores-nas","7":"product_tag-almacenamiento","8":"product_tag-servidores-nas","9":"product_tag-synology","11":"first","12":"outofstock","13":"sale","14":"shipping-taxable","15":"purchasable","16":"product-type-simple"},"_links":{"self":[{"href":"https:\/\/soydeaqui.ddns.net\/pachuca\/index.php\/wp-json\/wp\/v2\/product\/82904","targetHints":{"allow":["GET"]}}],"collection":[{"href":"https:\/\/soydeaqui.ddns.net\/pachuca\/index.php\/wp-json\/wp\/v2\/product"}],"about":[{"href":"https:\/\/soydeaqui.ddns.net\/pachuca\/index.php\/wp-json\/wp\/v2\/types\/product"}],"replies":[{"embeddable":true,"href":"https:\/\/soydeaqui.ddns.net\/pachuca\/index.php\/wp-json\/wp\/v2\/comments?post=82904"}],"wp:featuredmedia":[{"embeddable":true,"href":"https:\/\/soydeaqui.ddns.net\/pachuca\/index.php\/wp-json\/wp\/v2\/media\/82903"}],"wp:attachment":[{"href":"https:\/\/soydeaqui.ddns.net\/pachuca\/index.php\/wp-json\/wp\/v2\/media?parent=82904"}],"wp:term":[{"taxonomy":"product_brand","embeddable":true,"href":"https:\/\/soydeaqui.ddns.net\/pachuca\/index.php\/wp-json\/wp\/v2\/product_brand?post=82904"},{"taxonomy":"product_cat","embeddable":true,"href":"https:\/\/soydeaqui.ddns.net\/pachuca\/index.php\/wp-json\/wp\/v2\/product_cat?post=82904"},{"taxonomy":"product_tag","embeddable":true,"href":"https:\/\/soydeaqui.ddns.net\/pachuca\/index.php\/wp-json\/wp\/v2\/product_tag?post=82904"}],"curies":[{"name":"wp","href":"https:\/\/api.w.org\/{rel}","templated":true}]}}