{"id":82859,"date":"2026-03-19T19:43:44","date_gmt":"2026-03-19T19:43:44","guid":{"rendered":"https:\/\/soydeaqui.ddns.net\/pachuca\/index.php\/producto\/adaptador-twistport-para-force4600c-y-epmp4600l-rango-de-frecuencia-de-5700-7125-mhz-proteccion-ip65\/"},"modified":"2026-03-19T19:43:59","modified_gmt":"2026-03-19T19:43:59","slug":"adaptador-twistport-para-force4600c-y-epmp4600l-rango-de-frecuencia-de-5700-7125-mhz-proteccion-ip65","status":"publish","type":"product","link":"https:\/\/soydeaqui.ddns.net\/pachuca\/index.php\/producto\/adaptador-twistport-para-force4600c-y-epmp4600l-rango-de-frecuencia-de-5700-7125-mhz-proteccion-ip65\/","title":{"rendered":"Adaptador Twistport para FORCE4600C y EPMP4600L \/ Rango de Frecuencia de 5700 &#8211; 7125 MHz \/ Protecci\u00f3n IP65"},"content":{"rendered":"<div style='width: 100%; max-width: 1200px; margin: 0 auto; font-family: sans-serif; line-height: 1.6; color: inherit; background-color: transparent;'> <!-- T\u00edtulo principal --> <\/p>\n<div style='display: flex; flex-direction: column; align-items: center; margin-bottom: 30px;'>\n<h2 style='font-size: 22px; border-bottom: 2px solid currentColor; padding-bottom: 5px; margin: 0; color: inherit; opacity: 0.8;'>Adaptador TwistPort<span style='font-size: 13px; vertical-align: super;'>TM<\/span> ePMP-B-6 en 6 GHz para radios Cambium<\/h2>\n<p style='font-size: 14px; margin-top: 10px; text-align: center; color: inherit;'>El adaptador TwistPort<span style='font-size: 9px; vertical-align: super;'>TM<\/span> ePMP-B-6 es compatible con los radios EPMP4600L y FORCE4600C de Cambium Networks<span style='font-size: 9px; vertical-align: super;'>TM<\/span>.<\/p>\n<\/p><\/div>\n<p> <!-- Imagen principal --> <\/p>\n<div style='display: flex; justify-content: center; margin-bottom: 30px;'> <img style='width: 100%; max-width: 550px; height: auto; border: 1px solid rgba(150&comma;150&comma;150&comma;0.3); border-radius: 8px;' src='https:\/\/rfelements.com\/assets\/Uploads\/TPA-ePMP-B-6-web.jpg' alt='TPA ePMP B 6 web'> <\/div>\n<p> <!-- Secci\u00f3n: \u00bfQu\u00e9 es el adaptador TwistPort? --> <\/p>\n<div style='margin-bottom: 30px;'>\n<h3 style='font-size: 20px; border-bottom: 2px solid currentColor; padding-bottom: 5px; margin-top: 0; margin-bottom: 15px; color: inherit; opacity: 0.8;'>\u00bfQu\u00e9 es el adaptador TwistPort<span style='font-size: 12px; vertical-align: super;'>TM<\/span>?<\/h3>\n<p style='font-size: 14px; margin-bottom: 15px; color: inherit;'>El adaptador TwistPort<span style='font-size: 9px; vertical-align: super;'>TM<\/span> adapta radios de terceros al conector de gu\u00eda de ondas TwistPort<span style='font-size: 9px; vertical-align: super;'>TM<\/span> patentado por RF elements\u00ae. La integraci\u00f3n de la radio es sencilla y no requiere herramientas. Hacer que las radios de terceros sean compatibles con TwistPort<span style='font-size: 9px; vertical-align: super;'>TM<\/span> permite usar la radio con cualquier antena TwistPort<span style='font-size: 9px; vertical-align: super;'>TM<\/span> jam\u00e1s fabricada y permite un rendimiento superior&comma; inmunidad al ruido y escalabilidad de la red.<\/p>\n<\/p><\/div>\n<p> <!-- Video explicativo --> <\/p>\n<div style='margin-bottom: 30px;'>\n<div style='position: relative; padding-bottom: 56.25%; height: 0; overflow: hidden; margin-bottom: 30px;'> <video style='position: absolute; top: 0; left: 0; width: 100%; height: 100%;' poster='' loop muted controls><source src='https:\/\/content.jwplatform.com\/videos\/bSRSWeye-MyIEwxty.mp4' type='video\/mp4'>Tu navegador no soporta el elemento de video.<\/video> <\/div>\n<\/p><\/div>\n<p> <!-- Secci\u00f3n: Rendimiento l\u00edder en el mercado --> <\/p>\n<div style='margin-bottom: 30px;'>\n<h3 style='font-size: 20px; border-bottom: 2px solid currentColor; padding-bottom: 5px; margin-top: 0; margin-bottom: 15px; color: inherit; opacity: 0.8;'>Rendimiento l\u00edder en el mercado<\/h3>\n<p style='font-size: 14px; margin-bottom: 15px; color: inherit;'>Los adaptadores TwistPort<span style='font-size: 9px; vertical-align: super;'>TM<\/span> cubren un espectro de banda ultra ancha y funcionan con excelente eficiencia con un VSWR muy bien administrado en todo el espectro.<\/p>\n<p> <!-- Im\u00e1genes del slider (mostrando todas como carrusel simple) --> <\/p>\n<div style='display: flex; flex-wrap: wrap; gap: 15px; justify-content: center; margin-top: 20px;'> <img style='width: 100%; max-width: 500px; height: auto; border: 1px solid rgba(150&comma;150&comma;150&comma;0.3); border-radius: 8px;' src='https:\/\/rfelements.com\/assets\/Uploads\/Gain-b-6-03.jpg' alt='Gain b 6 03'> <img style='width: 100%; max-width: 500px; height: auto; border: 1px solid rgba(150&comma;150&comma;150&comma;0.3); border-radius: 8px;' src='https:\/\/rfelements.com\/assets\/Uploads\/Gain-B-5-03.jpg' alt='Gain B 5 03'> <img style='width: 100%; max-width: 500px; height: auto; border: 1px solid rgba(150&comma;150&comma;150&comma;0.3); border-radius: 8px;' src='https:\/\/rfelements.com\/assets\/Uploads\/Gain-b-6-03.jpg' alt='Gain b 6 03'> <img style='width: 100%; max-width: 500px; height: auto; border: 1px solid rgba(150&comma;150&comma;150&comma;0.3); border-radius: 8px;' src='https:\/\/rfelements.com\/assets\/Uploads\/Gain-B-5-03.jpg' alt='Gain B 5 03'> <\/div>\n<\/p><\/div>\n<p> <!-- Secci\u00f3n: F\u00e1cil instalaci\u00f3n --> <\/p>\n<div style='margin-bottom: 30px;'>\n<h3 style='font-size: 20px; border-bottom: 2px solid currentColor; padding-bottom: 5px; margin-top: 0; margin-bottom: 15px; color: inherit; opacity: 0.8;'>F\u00e1cil instalaci\u00f3n<\/h3>\n<p style='font-size: 14px; margin-bottom: 15px; color: inherit;'>Somos campeones de lo f\u00e1cil. Compru\u00e9belo usted mismo:<\/p>\n<p> <!-- Video de instalaci\u00f3n --> <\/p>\n<div style='position: relative; padding-bottom: 56.25%; height: 0; overflow: hidden; margin-bottom: 30px;'>   <\/div>\n<\/p><\/div>\n<p> <!-- Separador final --> <\/p>\n<hr style='border: 0; border-top: 1px solid rgba(150&comma; 150&comma; 150&comma; 0.3); margin: 30px 0;'> <\/div>\n","protected":false},"excerpt":{"rendered":"<p>Adaptador Twistport para FORCE4600C y EPMP4600L \/ Rango de Frecuencia de 5700 &#8211; 7125 MHz \/ Protecci\u00f3n IP65<\/p>\n","protected":false},"featured_media":82858,"comment_status":"open","ping_status":"closed","template":"","meta":[],"product_brand":[],"product_cat":[1895],"product_tag":[1404,1988,1896],"class_list":{"0":"post-82859","1":"product","2":"type-product","3":"status-publish","4":"has-post-thumbnail","6":"product_cat-sectoriales","7":"product_tag-antenas","8":"product_tag-rf-elements","9":"product_tag-sectoriales","11":"first","12":"outofstock","13":"sale","14":"shipping-taxable","15":"purchasable","16":"product-type-simple"},"_links":{"self":[{"href":"https:\/\/soydeaqui.ddns.net\/pachuca\/index.php\/wp-json\/wp\/v2\/product\/82859","targetHints":{"allow":["GET"]}}],"collection":[{"href":"https:\/\/soydeaqui.ddns.net\/pachuca\/index.php\/wp-json\/wp\/v2\/product"}],"about":[{"href":"https:\/\/soydeaqui.ddns.net\/pachuca\/index.php\/wp-json\/wp\/v2\/types\/product"}],"replies":[{"embeddable":true,"href":"https:\/\/soydeaqui.ddns.net\/pachuca\/index.php\/wp-json\/wp\/v2\/comments?post=82859"}],"wp:featuredmedia":[{"embeddable":true,"href":"https:\/\/soydeaqui.ddns.net\/pachuca\/index.php\/wp-json\/wp\/v2\/media\/82858"}],"wp:attachment":[{"href":"https:\/\/soydeaqui.ddns.net\/pachuca\/index.php\/wp-json\/wp\/v2\/media?parent=82859"}],"wp:term":[{"taxonomy":"product_brand","embeddable":true,"href":"https:\/\/soydeaqui.ddns.net\/pachuca\/index.php\/wp-json\/wp\/v2\/product_brand?post=82859"},{"taxonomy":"product_cat","embeddable":true,"href":"https:\/\/soydeaqui.ddns.net\/pachuca\/index.php\/wp-json\/wp\/v2\/product_cat?post=82859"},{"taxonomy":"product_tag","embeddable":true,"href":"https:\/\/soydeaqui.ddns.net\/pachuca\/index.php\/wp-json\/wp\/v2\/product_tag?post=82859"}],"curies":[{"name":"wp","href":"https:\/\/api.w.org\/{rel}","templated":true}]}}