{"id":82810,"date":"2026-03-19T19:41:40","date_gmt":"2026-03-19T19:41:40","guid":{"rendered":"https:\/\/soydeaqui.ddns.net\/pachuca\/index.php\/producto\/microfono-de-techo-para-conferencia-poe-conexion-dante-adecia-color-negro\/"},"modified":"2026-03-19T19:41:49","modified_gmt":"2026-03-19T19:41:49","slug":"microfono-de-techo-para-conferencia-poe-conexion-dante-adecia-color-negro","status":"publish","type":"product","link":"https:\/\/soydeaqui.ddns.net\/pachuca\/index.php\/producto\/microfono-de-techo-para-conferencia-poe-conexion-dante-adecia-color-negro\/","title":{"rendered":"Micr\u00f3fono de Techo para Conferencia | PoE | Conexi\u00f3n Dante | ADECIA | Color Negro"},"content":{"rendered":"<div style='width: 100%; max-width: 1200px; margin: 0 auto; font-family: sans-serif; line-height: 1.6; color: inherit; background-color: transparent;'> <!-- Logos --> <\/p>\n<div style='display: flex; flex-direction: column; align-items: center; margin-bottom: 30px;'> <img style='width: 40%; border: 1px solid rgba(150&comma;150&comma;150&comma;0.3); border-radius: 8px;' src='https:\/\/ftp3.syscom.mx\/usuarios\/luis.vargas\/YAMAHA\/Yamaha_logo.png' alt='Logo Yamaha'> <img style='width: 100%; border: 1px solid rgba(150&comma;150&comma;150&comma;0.3); border-radius: 8px; margin-top: 15px;' src='https:\/\/ftp3.syscom.mx\/usuarios\/luis.vargas\/YAMAHA\/Linea.PNG' alt='L\u00ednea de productos'> <\/div>\n<p> <!-- Imagen principal --> <\/p>\n<div style='margin-bottom: 30px;'> <img style='width: 100%; height: auto; border: 1px solid rgba(150&comma;150&comma;150&comma;0.3); border-radius: 8px;' src='https:\/\/ftp3.syscom.mx\/usuarios\/luis.vargas\/YAMAHA\/RMCGW\/RM-CG-Image.jpg' alt='Micr\u00f3fono de techo RM-CG'> <\/div>\n<p> <!-- Secci\u00f3n con imagen y texto --> <\/p>\n<div style='display: flex; flex-wrap: wrap; gap: 30px; margin-bottom: 30px;'>\n<div style='flex: 1 1 300px; min-width: 280px;'> <img style='width: 100%; height: auto; border: 1px solid rgba(150&comma;150&comma;150&comma;0.3); border-radius: 8px;' src='https:\/\/ftp3.syscom.mx\/usuarios\/luis.vargas\/YAMAHA\/RMCGW\/RM-CG-direccion1.JPG' alt='Instalaci\u00f3n RM-CG'> <\/div>\n<div style='flex: 1 1 300px; min-width: 280px;'>\n<h3 style='font-size: 22px; border-bottom: 2px solid currentColor; padding-bottom: 5px; margin-top: 0; color: inherit; opacity: 0.8;'>Un procesador de se\u00f1ales como centro neur\u00e1lgico de ADECIA<\/h3>\n<p style='font-size: 15px; color: inherit; margin-bottom: 15px;'> Los procesadores de conferencias remotas resuelven f\u00e1cilmente varios problemas complejos relacionados con el cableado&comma; el establecimiento de entornos de red y la optimizaci\u00f3n de la ac\u00fastica para el entorno de cada sala. <\/p>\n<p style='font-size: 15px; color: inherit; margin-bottom: 15px;'><strong>Distancia de cobertura m\u00e1xima recomendada 5mts x 5mts.<\/strong><\/p>\n<\/p><\/div>\n<\/p><\/div>\n<p> <!-- Secci\u00f3n con imagen y texto (reverso) --> <\/p>\n<div style='display: flex; flex-wrap: wrap; gap: 30px; margin-bottom: 30px;'>\n<div style='flex: 1 1 300px; min-width: 280px; order: 2;'> <img style='width: 100%; height: auto; border: 1px solid rgba(150&comma;150&comma;150&comma;0.3); border-radius: 8px;' src='https:\/\/ftp3.syscom.mx\/usuarios\/cesar.garcia\/Yamaha\/Adecia\/RMCG\/RMCGBL.jpg' alt='Instalaci\u00f3n RM-CG'> <\/div>\n<div style='flex: 1 1 300px; min-width: 280px; order: 1;'>\n<h3 style='font-size: 22px; border-bottom: 2px solid currentColor; padding-bottom: 5px; margin-top: 0; color: inherit; opacity: 0.8;'>RM-CG Micr\u00f3fono de techo<\/h3>\n<p style='font-size: 15px; color: inherit; margin-bottom: 15px;'> Compatibilidad con audio de red est\u00e1ndar para Dante: todos los dispositivos compatibles se pueden conectar con un solo cable de red&comma; adem\u00e1s de recibir alimentaci\u00f3n a trav\u00e9s del m\u00e9todo PoE&comma; cuenta con reconocimiento autom\u00e1tico de los dispositivos conectados en la misma red&comma; lo que facilita el direccionamiento de audio. El RM-CG cuenta con tres m\u00e9todos de montaje para diferentes techos. <\/p>\n<\/p><\/div>\n<\/p><\/div>\n<p> <!-- Imagen de \u00e1rea --> <\/p>\n<div style='display: flex; flex-wrap: wrap; gap: 30px; margin-bottom: 30px;'>\n<div style='flex: 1 1 300px; min-width: 280px;'> <img style='width: 100%; height: auto; border: 1px solid rgba(150&comma;150&comma;150&comma;0.3); border-radius: 8px;' src='https:\/\/ftp3.syscom.mx\/usuarios\/luis.vargas\/YAMAHA\/RMCGW\/RM-CG-area.jpg' alt='\u00c1rea de cobertura RM-CG'> <\/div>\n<div style='flex: 1 1 300px; min-width: 280px;'>\n<p style='font-size: 15px; color: inherit; margin-bottom: 15px;'> No se requieren conocimientos de programaci\u00f3n especializados. Una interfaz intuitiva facilita la creaci\u00f3n de fader para el control de volumen y el encendido\/apagado del RM-CR. Y coloque fotograf\u00edas u otros elementos gr\u00e1ficos en la pantalla seg\u00fan sea necesario. <\/p>\n<\/p><\/div>\n<\/p><\/div>\n<p> <!-- Diagrama ADECIA --> <\/p>\n<div style='margin-bottom: 30px;'> <img style='width: 70%; height: auto; margin-left: 15%; border: 1px solid rgba(150&comma;150&comma;150&comma;0.3); border-radius: 8px;' src='https:\/\/ftp3.syscom.mx\/usuarios\/luis.vargas\/YAMAHA\/RMCGW\/DiagramaAdecia.png' alt='Diagrama ADECIA'> <\/div>\n<p> <!-- Caracter\u00edsticas --> <\/p>\n<div style='display: flex; flex-wrap: wrap; gap: 20px; margin-bottom: 30px;'>\n<div style='flex: 1 1 250px; border: 1px solid rgba(150&comma; 150&comma; 150&comma; 0.4); border-radius: 8px; overflow: hidden; display: flex; flex-direction: column;'>\n<div style='padding: 15px; border-bottom: 1px solid rgba(150&comma; 150&comma; 150&comma; 0.2); font-weight: bold; font-size: 18px; color: inherit;'>Caracter\u00edsticas Generales<\/div>\n<div style='padding: 15px; color: inherit;'>\n<ul style='padding-left: 20px; margin: 0; font-size: 14px; list-style-type: disc;'>\n<li style='margin-bottom: 5px;'><strong>Tipo:<\/strong> Micr\u00f3fono de techo<\/li>\n<li style='margin-bottom: 5px;'><strong>Alimentaci\u00f3n:<\/strong> PoE<\/li>\n<li style='margin-bottom: 5px;'><strong>Consumo:<\/strong> 7.2 W<\/li>\n<li style='margin-bottom: 5px;'><strong>Respuesta de frecuencia:<\/strong> 1600Hz-16kHz<\/li>\n<li style='margin-bottom: 5px;'><strong>Indicador de encendido<\/strong><\/li>\n<li style='margin-bottom: 5px;'><strong>Color:<\/strong> Negro<\/li>\n<li style='margin-bottom: 5px;'><strong>Conectores:<\/strong> RJ45<\/li>\n<\/ul><\/div>\n<\/p><\/div>\n<div style='flex: 1 1 250px; border: 1px solid rgba(150&comma; 150&comma; 150&comma; 0.4); border-radius: 8px; overflow: hidden; display: flex; flex-direction: column;'>\n<div style='padding: 15px; border-bottom: 1px solid rgba(150&comma; 150&comma; 150&comma; 0.2); font-weight: bold; font-size: 18px; color: inherit;'>Especificaciones<\/div>\n<div style='padding: 15px; color: inherit;'>\n<ul style='padding-left: 20px; margin: 0; font-size: 14px; list-style-type: disc;'>\n<li style='margin-bottom: 5px;'><strong>Protecci\u00f3n contra polvo:<\/strong> IP5X<\/li>\n<li style='margin-bottom: 5px;'><strong>Tasa de muestreo:<\/strong> 48kHz<\/li>\n<li style='margin-bottom: 5px;'><strong>Profundidad de bit:<\/strong> 24 bit<\/li>\n<li style='margin-bottom: 5px;'><strong>Latencia:<\/strong> 8ms<\/li>\n<li style='margin-bottom: 5px;'><strong>Dimensiones (An x F x Al):<\/strong> 560mm x 560mm x 48 mm<\/li>\n<li style='margin-bottom: 5px;'><strong>Peso:<\/strong> 5.6 kg\/unidad<\/li>\n<\/ul><\/div>\n<\/p><\/div>\n<\/p><\/div>\n<p> <!-- Videos --> <\/p>\n<div style='display: flex; flex-wrap: wrap; gap: 20px; margin-bottom: 30px;'>\n<div style='flex: 1 1 280px; min-width: 280px;'>\n<div style='position: relative; padding-bottom: 56.25%; height: 0; overflow: hidden;'>   <\/div>\n<\/p><\/div>\n<div style='flex: 1 1 280px; min-width: 280px;'>\n<div style='position: relative; padding-bottom: 56.25%; height: 0; overflow: hidden;'>   <\/div>\n<\/p><\/div>\n<div style='flex: 1 1 280px; min-width: 280px;'>\n<div style='position: relative; padding-bottom: 56.25%; height: 0; overflow: hidden;'>   <\/div>\n<\/p><\/div>\n<\/p><\/div>\n<\/p><\/div>\n","protected":false},"excerpt":{"rendered":"<p>Micr\u00f3fono de Techo para Conferencia | PoE | Conexi\u00f3n Dante | ADECIA | Color Negro<\/p>\n","protected":false},"featured_media":82809,"comment_status":"open","ping_status":"closed","template":"","meta":[],"product_brand":[],"product_cat":[2048],"product_tag":[2049,2004,2128],"class_list":{"0":"post-82810","1":"product","2":"type-product","3":"status-publish","4":"has-post-thumbnail","6":"product_cat-audio-video-conferencia","7":"product_tag-audio-video-conferencia","8":"product_tag-voip-telefonia-ip-videoconferencia","9":"product_tag-yamaha","11":"first","12":"outofstock","13":"sale","14":"shipping-taxable","15":"purchasable","16":"product-type-simple"},"_links":{"self":[{"href":"https:\/\/soydeaqui.ddns.net\/pachuca\/index.php\/wp-json\/wp\/v2\/product\/82810","targetHints":{"allow":["GET"]}}],"collection":[{"href":"https:\/\/soydeaqui.ddns.net\/pachuca\/index.php\/wp-json\/wp\/v2\/product"}],"about":[{"href":"https:\/\/soydeaqui.ddns.net\/pachuca\/index.php\/wp-json\/wp\/v2\/types\/product"}],"replies":[{"embeddable":true,"href":"https:\/\/soydeaqui.ddns.net\/pachuca\/index.php\/wp-json\/wp\/v2\/comments?post=82810"}],"wp:featuredmedia":[{"embeddable":true,"href":"https:\/\/soydeaqui.ddns.net\/pachuca\/index.php\/wp-json\/wp\/v2\/media\/82809"}],"wp:attachment":[{"href":"https:\/\/soydeaqui.ddns.net\/pachuca\/index.php\/wp-json\/wp\/v2\/media?parent=82810"}],"wp:term":[{"taxonomy":"product_brand","embeddable":true,"href":"https:\/\/soydeaqui.ddns.net\/pachuca\/index.php\/wp-json\/wp\/v2\/product_brand?post=82810"},{"taxonomy":"product_cat","embeddable":true,"href":"https:\/\/soydeaqui.ddns.net\/pachuca\/index.php\/wp-json\/wp\/v2\/product_cat?post=82810"},{"taxonomy":"product_tag","embeddable":true,"href":"https:\/\/soydeaqui.ddns.net\/pachuca\/index.php\/wp-json\/wp\/v2\/product_tag?post=82810"}],"curies":[{"name":"wp","href":"https:\/\/api.w.org\/{rel}","templated":true}]}}