{"id":82765,"date":"2026-03-19T19:39:44","date_gmt":"2026-03-19T19:39:44","guid":{"rendered":"https:\/\/soydeaqui.ddns.net\/pachuca\/index.php\/producto\/licencia-threat-protection-antivirus-ips-y-filtrado-por-web-aplicacion-para-firewall-usg6510fd-por-1-ano\/"},"modified":"2026-03-19T19:39:46","modified_gmt":"2026-03-19T19:39:46","slug":"licencia-threat-protection-antivirus-ips-y-filtrado-por-web-aplicacion-para-firewall-usg6510fd-por-1-ano","status":"publish","type":"product","link":"https:\/\/soydeaqui.ddns.net\/pachuca\/index.php\/producto\/licencia-threat-protection-antivirus-ips-y-filtrado-por-web-aplicacion-para-firewall-usg6510fd-por-1-ano\/","title":{"rendered":"Licencia Threat Protection (Antivirus, IPS, y Filtrado por web\/aplicaci\u00f3n) para Firewall USG6510FD por 1 a\u00f1o"},"content":{"rendered":"<div style='width: 100%; max-width: 1200px; margin: 0 auto; font-family: sans-serif; line-height: 1.6; color: inherit; background-color: transparent;'>\n<div style='display: flex; flex-wrap: wrap; gap: 30px; margin-bottom: 30px;'>\n<div style='flex: 1 1 300px; min-width: 280px;'>\n<h3 style='font-size: 22px; border-bottom: 2px solid currentColor; padding-bottom: 5px; margin-top: 0; color: inherit; opacity: 0.8;'>Protecci\u00f3n contra amenazas<\/h3>\n<ul style='padding-left: 20px; font-size: 15px; color: inherit;'>\n<li style='margin-bottom: 5px;'>Protege tu negocio contra las crecientes amenazas cibern\u00e9ticas con nuestra soluci\u00f3n de Threat Protection. Mant\u00e9n tus sistemas y datos a salvo de malware&comma; hackers y actividades maliciosas.<\/li>\n<li style='margin-bottom: 5px;'>Nuestra soluci\u00f3n de vanguardia utiliza tecnolog\u00edas avanzadas para detectar&comma; prevenir y neutralizar ataques en tiempo real.<\/li>\n<li style='margin-bottom: 5px;'>Con una defensa robusta y actualizaciones constantes&comma; puedes estar tranquilo sabiendo que tu organizaci\u00f3n est\u00e1 protegida contra las amenazas m\u00e1s sofisticadas en el mundo digital.<\/li>\n<\/ul><\/div>\n<\/p><\/div>\n<div style='display: flex; flex-wrap: wrap; gap: 20px; margin-bottom: 30px;'>\n<div style='flex: 1 1 250px; border: 1px solid rgba(150&comma; 150&comma; 150&comma; 0.4); border-radius: 8px; overflow: hidden; display: flex; flex-direction: column;'>\n<div style='padding: 15px; border-bottom: 1px solid rgba(150&comma; 150&comma; 150&comma; 0.2); font-weight: bold; font-size: 18px; color: inherit;'>IPS: Sistema de Prevenci\u00f3n de Intrusiones<\/div>\n<div style='padding: 15px; color: inherit;'>\n<ul style='padding-left: 20px; margin: 0; font-size: 14px; list-style-type: disc;'>\n<li style='margin-bottom: 5px;'>Tecnolog\u00eda de seguridad utilizada en firewalls y otros dispositivos de red<\/li>\n<li style='margin-bottom: 5px;'>Detecta y previene ataques maliciosos y actividades no autorizadas en tiempo real<\/li>\n<li style='margin-bottom: 5px;'>Examina el tr\u00e1fico de red en busca de comportamientos anormales y patrones de ataque<\/li>\n<li style='margin-bottom: 5px;'>Toma medidas para bloquear o mitigar las amenazas detectadas<\/li>\n<\/ul><\/div>\n<\/p><\/div>\n<div style='flex: 1 1 250px; border: 1px solid rgba(150&comma; 150&comma; 150&comma; 0.4); border-radius: 8px; overflow: hidden; display: flex; flex-direction: column;'>\n<div style='padding: 15px; border-bottom: 1px solid rgba(150&comma; 150&comma; 150&comma; 0.2); font-weight: bold; font-size: 18px; color: inherit;'>Antivirus<\/div>\n<div style='padding: 15px; color: inherit;'>\n<ul style='padding-left: 20px; margin: 0; font-size: 14px; list-style-type: disc;'>\n<li style='margin-bottom: 5px;'>Proporciona una capa adicional de seguridad para los sistemas y dispositivos protegidos<\/li>\n<li style='margin-bottom: 5px;'>Ayuda a mantener los dispositivos libres de malware y a prevenir infecciones<\/li>\n<li style='margin-bottom: 5px;'>Previene que se comprometa la seguridad y el rendimiento del dispositivo<\/li>\n<li style='margin-bottom: 5px;'>Requiere actualizaciones constantes con las \u00faltimas definiciones de amenazas<\/li>\n<\/ul><\/div>\n<\/p><\/div>\n<div style='flex: 1 1 250px; border: 1px solid rgba(150&comma; 150&comma; 150&comma; 0.4); border-radius: 8px; overflow: hidden; display: flex; flex-direction: column;'>\n<div style='padding: 15px; border-bottom: 1px solid rgba(150&comma; 150&comma; 150&comma; 0.2); font-weight: bold; font-size: 18px; color: inherit;'>Filtrado de URL<\/div>\n<div style='padding: 15px; color: inherit;'>\n<ul style='padding-left: 20px; margin: 0; font-size: 14px; list-style-type: disc;'>\n<li style='margin-bottom: 5px;'>Basado en una base de datos actualizada de categor\u00edas de sitios web<\/li>\n<li style='margin-bottom: 5px;'>Verifica URLs contra la base de datos de categor\u00edas al intentar acceder a sitios web<\/li>\n<li style='margin-bottom: 5px;'>Bloquea o genera advertencias para URLs clasificadas como peligrosas o inapropiadas<\/li>\n<li style='margin-bottom: 5px;'>Categor\u00edas incluyen: seguros&comma; inapropiados&comma; maliciosos&comma; redes sociales&comma; compras&comma; etc.<\/li>\n<\/ul><\/div>\n<\/p><\/div>\n<\/p><\/div>\n<div style='display: flex; flex-wrap: wrap; gap: 30px;'>\n<div style='flex: 1 1 300px; min-width: 280px;'>\n<div style='padding: 15px; border: 1px solid rgba(255&comma; 165&comma; 0&comma; 0.4); border-radius: 8px; background-color: rgba(255&comma; 165&comma; 0&comma; 0.05); color: inherit;'> <strong style='color: inherit;'>Nota:<\/strong> Al adquirir un Firewall no ser\u00e1 necesario adquirir estas licencias&comma; ya que al adquirir el equipo ya lo incluye por un a\u00f1o. <\/div>\n<\/p><\/div>\n<\/p><\/div>\n<\/p><\/div>\n","protected":false},"excerpt":{"rendered":"<p>Licencia Threat Protection (Antivirus, IPS, y Filtrado por web\/aplicaci\u00f3n) para Firewall USG6510FD por 1 a\u00f1o<\/p>\n","protected":false},"featured_media":82764,"comment_status":"open","ping_status":"closed","template":"","meta":[],"product_brand":[],"product_cat":[1996],"product_tag":[718,1997,664],"class_list":{"0":"post-82765","1":"product","2":"type-product","3":"status-publish","4":"has-post-thumbnail","6":"product_cat-licencias-suscripciones","7":"product_tag-huawei","8":"product_tag-licencias-suscripciones","9":"product_tag-networking","11":"first","12":"outofstock","13":"sale","14":"shipping-taxable","15":"purchasable","16":"product-type-simple"},"_links":{"self":[{"href":"https:\/\/soydeaqui.ddns.net\/pachuca\/index.php\/wp-json\/wp\/v2\/product\/82765","targetHints":{"allow":["GET"]}}],"collection":[{"href":"https:\/\/soydeaqui.ddns.net\/pachuca\/index.php\/wp-json\/wp\/v2\/product"}],"about":[{"href":"https:\/\/soydeaqui.ddns.net\/pachuca\/index.php\/wp-json\/wp\/v2\/types\/product"}],"replies":[{"embeddable":true,"href":"https:\/\/soydeaqui.ddns.net\/pachuca\/index.php\/wp-json\/wp\/v2\/comments?post=82765"}],"wp:featuredmedia":[{"embeddable":true,"href":"https:\/\/soydeaqui.ddns.net\/pachuca\/index.php\/wp-json\/wp\/v2\/media\/82764"}],"wp:attachment":[{"href":"https:\/\/soydeaqui.ddns.net\/pachuca\/index.php\/wp-json\/wp\/v2\/media?parent=82765"}],"wp:term":[{"taxonomy":"product_brand","embeddable":true,"href":"https:\/\/soydeaqui.ddns.net\/pachuca\/index.php\/wp-json\/wp\/v2\/product_brand?post=82765"},{"taxonomy":"product_cat","embeddable":true,"href":"https:\/\/soydeaqui.ddns.net\/pachuca\/index.php\/wp-json\/wp\/v2\/product_cat?post=82765"},{"taxonomy":"product_tag","embeddable":true,"href":"https:\/\/soydeaqui.ddns.net\/pachuca\/index.php\/wp-json\/wp\/v2\/product_tag?post=82765"}],"curies":[{"name":"wp","href":"https:\/\/api.w.org\/{rel}","templated":true}]}}