{"id":82761,"date":"2026-03-19T19:39:34","date_gmt":"2026-03-19T19:39:34","guid":{"rendered":"https:\/\/soydeaqui.ddns.net\/pachuca\/index.php\/producto\/panel-de-distribucin-de-fibra-ptica-acepta-8-placas-fap-o-fmp-bandeja-deslizable-hasta-192-fibras-color-negro-2-ur\/"},"modified":"2026-03-19T19:39:41","modified_gmt":"2026-03-19T19:39:41","slug":"panel-de-distribucin-de-fibra-ptica-acepta-8-placas-fap-o-fmp-bandeja-deslizable-hasta-192-fibras-color-negro-2-ur","status":"publish","type":"product","link":"https:\/\/soydeaqui.ddns.net\/pachuca\/index.php\/producto\/panel-de-distribucin-de-fibra-ptica-acepta-8-placas-fap-o-fmp-bandeja-deslizable-hasta-192-fibras-color-negro-2-ur\/","title":{"rendered":"Panel de Distribuci?n de Fibra ?ptica, Acepta 8 Placas FAP o FMP, Bandeja Deslizable, Hasta 192 Fibras, Color Negro, 2 UR"},"content":{"rendered":"<div style='width: 100%; max-width: 1200px; margin: 0 auto; font-family: sans-serif; line-height: 1.6; color: inherit; background-color: transparent;'>\n<div style='display: flex; flex-wrap: wrap; gap: 30px; margin-bottom: 30px;'>\n<div style='flex: 1 1 300px; min-width: 280px;'>\n<h3 style='font-size: 22px; border-bottom: 2px solid currentColor; padding-bottom: 5px; margin-top: 0; color: inherit; opacity: 0.8;'>Descripci\u00f3n<\/h3>\n<p style='font-size: 15px; color: inherit; margin-top: 0; margin-bottom: 15px;'>El gabinete para montaje en rack Opticom\u00ae de Panduit\u00ae garantiza la confiabilidad de la red al alojar&comma; organizar&comma; administrar y proteger hasta 192 terminaciones&comma; empalmes&comma; conectores y cables de conexi\u00f3n de fibra \u00f3ptica. El FRE2U es de color negro&comma; est\u00e1 hecho de acero y cuenta con 8 ranuras para casetes\/FAP. Puede alojar 8 paneles adaptadores FAP&comma; 8 casetes Opticom&comma; 16 casetes HD Flex o m\u00f3dulos de empalme FOSM en un espacio de 2 RU. Se puede acceder f\u00e1cilmente a las fibras a trav\u00e9s de cajones extra\u00edbles delanteros y traseros.<\/p>\n<\/p><\/div>\n<\/p><\/div>\n<div style='display: flex; flex-wrap: wrap; gap: 20px; margin-bottom: 30px;'>\n<div style='flex: 1 1 250px; border: 1px solid rgba(150&comma; 150&comma; 150&comma; 0.4); border-radius: 8px; overflow: hidden; display: flex; flex-direction: column;'>\n<div style='padding: 15px; border-bottom: 1px solid rgba(150&comma; 150&comma; 150&comma; 0.2); font-weight: bold; font-size: 18px; color: inherit;'>Especificaciones t\u00e9cnicas<\/div>\n<div style='padding: 15px; color: inherit;'>\n<ul style='padding-left: 20px; margin: 0; font-size: 14px; list-style-type: disc;'>\n<li style='margin-bottom: 5px;'><strong>Material:<\/strong> Acero<\/li>\n<li style='margin-bottom: 5px;'><strong>N\u00famero de unidades de rack:<\/strong> 2<\/li>\n<li style='margin-bottom: 5px;'><strong>Ancho total (pulg.):<\/strong> 19.98<\/li>\n<li style='margin-bottom: 5px;'><strong>Ancho total (mm):<\/strong> 482<\/li>\n<li style='margin-bottom: 5px;'><strong>Profundidad total (pulg.):<\/strong> 15.63<\/li>\n<li style='margin-bottom: 5px;'><strong>Profundidad total (mm):<\/strong> 397<\/li>\n<li style='margin-bottom: 5px;'><strong>Altura total (pulg.):<\/strong> 3.46<\/li>\n<li style='margin-bottom: 5px;'><strong>Altura total (mm):<\/strong> 88<\/li>\n<li style='margin-bottom: 5px;'><strong>Est\u00e1ndares cumplidos:<\/strong> TIA<\/li>\n<\/ul><\/div>\n<\/p><\/div>\n<\/p><\/div>\n<hr style='border: 0; border-top: 1px solid rgba(150&comma; 150&comma; 150&comma; 0.3); margin: 30px 0;'> <\/div>\n","protected":false},"excerpt":{"rendered":"<p>Panel de Distribuci?n de Fibra ?ptica, Acepta 8 Placas FAP o FMP, Bandeja Deslizable, Hasta 192 Fibras, Color Negro, 2 UR<\/p>\n","protected":false},"featured_media":82760,"comment_status":"open","ping_status":"closed","template":"","meta":[],"product_brand":[],"product_cat":[621],"product_tag":[622,611,445],"class_list":{"0":"post-82761","1":"product","2":"type-product","3":"status-publish","4":"has-post-thumbnail","6":"product_cat-distribuidores-de-fibra-optica","7":"product_tag-distribuidores-de-fibra-optica","8":"product_tag-fibra-optica","9":"product_tag-panduit","11":"first","12":"outofstock","13":"sale","14":"shipping-taxable","15":"purchasable","16":"product-type-simple"},"_links":{"self":[{"href":"https:\/\/soydeaqui.ddns.net\/pachuca\/index.php\/wp-json\/wp\/v2\/product\/82761","targetHints":{"allow":["GET"]}}],"collection":[{"href":"https:\/\/soydeaqui.ddns.net\/pachuca\/index.php\/wp-json\/wp\/v2\/product"}],"about":[{"href":"https:\/\/soydeaqui.ddns.net\/pachuca\/index.php\/wp-json\/wp\/v2\/types\/product"}],"replies":[{"embeddable":true,"href":"https:\/\/soydeaqui.ddns.net\/pachuca\/index.php\/wp-json\/wp\/v2\/comments?post=82761"}],"wp:featuredmedia":[{"embeddable":true,"href":"https:\/\/soydeaqui.ddns.net\/pachuca\/index.php\/wp-json\/wp\/v2\/media\/82760"}],"wp:attachment":[{"href":"https:\/\/soydeaqui.ddns.net\/pachuca\/index.php\/wp-json\/wp\/v2\/media?parent=82761"}],"wp:term":[{"taxonomy":"product_brand","embeddable":true,"href":"https:\/\/soydeaqui.ddns.net\/pachuca\/index.php\/wp-json\/wp\/v2\/product_brand?post=82761"},{"taxonomy":"product_cat","embeddable":true,"href":"https:\/\/soydeaqui.ddns.net\/pachuca\/index.php\/wp-json\/wp\/v2\/product_cat?post=82761"},{"taxonomy":"product_tag","embeddable":true,"href":"https:\/\/soydeaqui.ddns.net\/pachuca\/index.php\/wp-json\/wp\/v2\/product_tag?post=82761"}],"curies":[{"name":"wp","href":"https:\/\/api.w.org\/{rel}","templated":true}]}}