{"id":82745,"date":"2026-03-19T19:38:55","date_gmt":"2026-03-19T19:38:55","guid":{"rendered":"https:\/\/soydeaqui.ddns.net\/pachuca\/index.php\/producto\/punto-de-acceso-omada-wi-fi-7-be10000-mu-mimo-2x2-1-puerto-10-gbps-mesh-omada-operaciones-multiencale-mlo-configuracion-por-controlador-o-stand-alone-para-montaje-en-techo-pared-alimen\/"},"modified":"2026-03-19T19:39:03","modified_gmt":"2026-03-19T19:39:03","slug":"punto-de-acceso-omada-wi-fi-7-be10000-mu-mimo-2x2-1-puerto-10-gbps-mesh-omada-operaciones-multiencale-mlo-configuracion-por-controlador-o-stand-alone-para-montaje-en-techo-pared-alimen","status":"publish","type":"product","link":"https:\/\/soydeaqui.ddns.net\/pachuca\/index.php\/producto\/punto-de-acceso-omada-wi-fi-7-be10000-mu-mimo-2x2-1-puerto-10-gbps-mesh-omada-operaciones-multiencale-mlo-configuracion-por-controlador-o-stand-alone-para-montaje-en-techo-pared-alimen\/","title":{"rendered":"Punto de Acceso Omada \/ Wi-Fi 7 BE10000 MU-MIMO 2&#215;2 \/ 1 Puerto 10 Gbps \/ Mesh Omada \/ Operaciones Multiencale (MLO) \/ Configuraci\u00f3n por Controlador o Stand-Alone \/ Para Montaje en Techo\/pared \/ Alimentaci\u00f3n PoE+"},"content":{"rendered":"<div style='width: 100%; max-width: 1200px; margin: 0 auto; font-family: sans-serif; line-height: 1.6; color: inherit; background-color: transparent;'> <!-- Hero Section --> <\/p>\n<div style='display: flex; flex-wrap: wrap; gap: 30px; align-items: center; border: 1px solid rgba(150&comma;150&comma;150&comma;0.3); border-radius: 8px; padding: 20px; margin-bottom: 30px;'> <!-- Imagen --> <\/p>\n<div style='flex: 1 1 300px; min-width: 280px;'> <img style='width: 100%; height: auto; border: 1px solid rgba(150&comma;150&comma;150&comma;0.3); border-radius: 8px;' src='http:\/\/ftp3.syscom.mx\/usuarios\/ftp\/2025\/10\/20\/1908\/1.jpg_froala_68f67b61cf6db' alt='Switch Industrial eKit S210I-8T4SX'> <\/div>\n<p> <!-- Descripci\u00f3n --> <\/p>\n<div style='flex: 1 1 360px; min-width: 280px;'>\n<h2 style='font-size: 24px; margin-top: 0; color: inherit;'>Punto de Acceso WiFi 7<\/h2>\n<div style='font-weight: 600; margin: 10px 0; color: inherit;'>Modelo: EAP773<\/div>\n<p style='color: inherit;'>Presentamos el est\u00e1ndar de oro para el networking empresarial del futuro. No es una simple evoluci\u00f3n; es un salto cu\u00e1ntico. Al adoptar la m\u00e1s avanzada tecnolog\u00eda WiFi 7 (BE)&comma; se ofrece un rendimiento bruto agregado de hasta 11 Gbps (BE11000)&comma; estableciendo un nuevo paradigma de lo que el wireless puede lograr en entornos cr\u00edticos.<\/p>\n<\/p><\/div>\n<\/p><\/div>\n<p> <!-- Especificaciones principales --> <\/p>\n<div style='display: flex; flex-wrap: wrap; gap: 20px; margin-bottom: 30px;'>\n<div style='flex: 1 1 250px; border: 1px solid rgba(150&comma; 150&comma; 150&comma; 0.4); border-radius: 8px; overflow: hidden; display: flex; flex-direction: column;'>\n<div style='padding: 15px; border-bottom: 1px solid rgba(150&comma; 150&comma; 150&comma; 0.2); font-weight: bold; font-size: 18px; color: inherit;'>Caracter\u00edsticas principales<\/div>\n<div style='padding: 15px; color: inherit;'>\n<ul style='padding-left: 20px; margin: 0; font-size: 14px; list-style-type: disc;'>\n<li style='margin-bottom: 5px;'>(1) Puertos PoE+ LAN RJ45 10GE<\/li>\n<li style='margin-bottom: 5px;'>Gesti\u00f3n Web \/ App Omada \/ Controladora Omada<\/li>\n<li style='margin-bottom: 5px;'>Certificaciones: CE&comma; FCC&comma; RoHS&comma; IC<\/li>\n<li style='margin-bottom: 5px;'>Estandares WiFi: IEEE 802.11 a\/b\/g\/n\/ac\/ax\/be<\/li>\n<li style='margin-bottom: 5px;'>Gesti\u00f3n centralizada:\n<ul style='padding-left: 20px; margin: 8px 0;'>\n<li style='margin-bottom: 5px;'>OC200<\/li>\n<li style='margin-bottom: 5px;'>OC300<\/li>\n<li style='margin-bottom: 5px;'><a href='https:\/\/support.omadanetworks.com\/es\/product\/omada-software-controller\/?resourceType=download' target='_blank' rel='noopener noreferrer' style='color: inherit; text-decoration: underline;'>Omada Software<\/a><\/li>\n<li style='margin-bottom: 5px;'><a href='https:\/\/omada.tplinkcloud.com\/' target='_blank' rel='noopener noreferrer' style='color: inherit; text-decoration: underline;'>Omada basado en la nube<\/a><\/li>\n<\/ul>\n<\/li>\n<li style='margin-bottom: 5px;'>Bot\u00f3n: Reset<\/li>\n<li style='margin-bottom: 5px;'>Puede trabajar con TP-Link Mesh<\/li>\n<\/ul><\/div>\n<\/p><\/div>\n<div style='flex: 1 1 250px; border: 1px solid rgba(150&comma; 150&comma; 150&comma; 0.4); border-radius: 8px; overflow: hidden; display: flex; flex-direction: column;'>\n<div style='padding: 15px; border-bottom: 1px solid rgba(150&comma; 150&comma; 150&comma; 0.2); font-weight: bold; font-size: 18px; color: inherit;'>Caracter\u00edsticas f\u00edsicas y el\u00e9ctricas<\/div>\n<div style='padding: 15px; color: inherit;'>\n<ul style='padding-left: 20px; margin: 0; font-size: 14px; list-style-type: disc;'>\n<li style='margin-bottom: 5px;'>Dimensiones: 220 x 220 x 32.5 mm<\/li>\n<li style='margin-bottom: 5px;'>Alimentaci\u00f3n: 802.3bt PoE+ \/ 12.5 Vcc <span style='color: #b8312f;'>No incluye el adaptador<\/span><\/li>\n<li style='margin-bottom: 5px;'>Consumo m\u00e1ximo: 25.44 W<\/li>\n<li style='margin-bottom: 5px;'>Temperatura de operaci\u00f3n: 0\u00ba a 40\u00ba<\/li>\n<li style='margin-bottom: 5px;'>Humedad de operaci\u00f3n: 10 a 90% sin condensaci\u00f3n<\/li>\n<li style='margin-bottom: 5px;'>Frecuencia: 2.4 GHz \/ 5 GHz \/ 6 GHz<\/li>\n<li style='margin-bottom: 5px;'>Potencia de transmisi\u00f3n:\n<ul style='padding-left: 20px; margin: 8px 0;'>\n<li style='margin-bottom: 5px;'>FCC: < 28 dBm (2.4Ghz)<\/li>\n<li style='margin-bottom: 5px;'>< 28 dBm (5G&comma; banda 1 &#038; banda 4)<\/li>\n<li style='margin-bottom: 5px;'>< 24 dBm (5G&comma; banda 21 &#038; banda 3)<\/li>\n<li style='margin-bottom: 5px;'>< 28 dBm (6 GHz)<\/li>\n<\/ul>\n<\/li>\n<li style='margin-bottom: 5px;'>Multi SSID: 8 SSID por banda (16 en total)<\/li>\n<\/ul><\/div>\n<\/p><\/div>\n<div style='flex: 1 1 250px; border: 1px solid rgba(150&comma; 150&comma; 150&comma; 0.4); border-radius: 8px; overflow: hidden; display: flex; flex-direction: column;'>\n<div style='padding: 15px; border-bottom: 1px solid rgba(150&comma; 150&comma; 150&comma; 0.2); font-weight: bold; font-size: 18px; color: inherit;'>Contenido del Paquete<\/div>\n<div style='padding: 15px; color: inherit;'>\n<ul style='padding-left: 20px; margin: 0; font-size: 14px; list-style-type: disc;'>\n<li style='margin-bottom: 5px;'>Punto de Acceso WiFi 7: EAP773<\/li>\n<li style='margin-bottom: 5px;'>Kit montaje en techo\/pared<\/li>\n<li style='margin-bottom: 5px;'>Gu\u00eda de instalaci\u00f3n<\/li>\n<li style='margin-bottom: 5px;'>&nbsp;<\/li>\n<\/ul><\/div>\n<\/p><\/div>\n<div style='flex: 1 1 250px; border: 1px solid rgba(150&comma; 150&comma; 150&comma; 0.4); border-radius: 8px; overflow: hidden; display: flex; flex-direction: column;'>\n<div style='padding: 15px; border-bottom: 1px solid rgba(150&comma; 150&comma; 150&comma; 0.2); font-weight: bold; font-size: 18px; color: inherit;'>Funciones Avanzadas:<\/div>\n<div style='padding: 15px; color: inherit;'>\n<ul style='padding-left: 20px; margin: 0; font-size: 14px; list-style-type: disc;'>\n<li style='margin-bottom: 5px;'>Roaming sin interrupciones<\/li>\n<li style='margin-bottom: 5px;'>Seguridad Inal\u00e1mbrica: WPA\/WPA2\/WPA3-PSK \/ PPSK<\/li>\n<li style='margin-bottom: 5px;'>UL\/DL&comma; OFDMA&comma; MLO&comma; 4K-QAM<\/li>\n<li style='margin-bottom: 5px;'>Tecnolog\u00eda Mesh: Omada Mesh<\/li>\n<li style='margin-bottom: 5px;'>Red de invitados&comma; Aislamiento entre clientes<\/li>\n<li style='margin-bottom: 5px;'>Balance de carga<\/li>\n<li style='margin-bottom: 5px;'>Limite de velocidades<\/li>\n<li style='margin-bottom: 5px;'>AI Roaming&comma; Beamforming&comma; Band Steering<\/li>\n<li style='margin-bottom: 5px;'>BSS coloring<\/li>\n<li style='margin-bottom: 5px;'>Canales de hasta 320 MHz (HE320)<\/li>\n<li style='margin-bottom: 5px;'>Filtrado de direcciones MAC inal\u00e1mbrica<\/li>\n<li style='margin-bottom: 5px;'>Autenticaci\u00f3n de portal cautivo<\/li>\n<\/ul><\/div>\n<\/p><\/div>\n<\/p><\/div>\n<p> <!-- Secci\u00f3n de contenido con im\u00e1genes adicionales --> <\/p>\n<div style='display: flex; flex-wrap: wrap; gap: 30px; margin-bottom: 30px;'>\n<div style='flex: 1 1 300px; min-width: 280px;'> <img style='width: 100%; height: auto; border: 1px solid rgba(150&comma;150&comma;150&comma;0.3); border-radius: 8px;' src='http:\/\/ftp3.syscom.mx\/usuarios\/ftp\/2025\/11\/06\/1908\/12.png_froala_690cd9af3878a' alt='Switch Industrial eKit S210I-8T4SX'> <\/p>\n<h3 style='font-size: 22px; border-bottom: 2px solid currentColor; padding-bottom: 5px; margin-top: 15px; color: inherit; opacity: 0.8;'>Soluci\u00f3n completa para redes de mayor velocidad<\/h3>\n<ul style='padding-left: 20px; font-size: 15px; color: inherit;'>\n<li style='margin-bottom: 5px;'><strong>Es rapid\u00edsimo:<\/strong> usa tres &#8216;carriles&#8217; de internet (2.4 GHz&comma; 5 GHz y 6 GHz) a la vez para que no haya cortes.<\/li>\n<li style='margin-bottom: 5px;'><strong>Conexi\u00f3n m\u00e1s estable:<\/strong> Una tecnolog\u00eda nueva (MLO) evita los &#8216;tirones&#8217; o lag&comma; ideal para videollamadas y juegos.<\/li>\n<li style='margin-bottom: 5px;'><strong>Puerto 10GE:<\/strong> Puerto de entrada 10GE con capacidad de aceptar PoE+.<\/li>\n<li style='margin-bottom: 5px;'><strong>F\u00e1cil de instalar y usar:<\/strong> Se configura solo para dar el mejor rendimiento&comma; se puede alimentar por el mismo cable de red (PoE++) y se controla todo f\u00e1cilmente desde una app en la nube.<\/li>\n<li style='margin-bottom: 5px;'><strong>Cubre toda tu \u00e1rea:<\/strong> Puedes conectar varios de estos equipos para crear una red malla que cubra desde una oficina grande hasta una casa sin dead zones<\/li>\n<\/ul><\/div>\n<\/p><\/div>\n<p> <!-- Secci\u00f3n de contenido con im\u00e1genes adicionales --> <\/p>\n<div style='display: flex; flex-wrap: wrap; gap: 30px; margin-bottom: 30px;'>\n<div style='flex: 1 1 300px; min-width: 280px;'>\n<h3 style='font-size: 22px; border-bottom: 2px solid currentColor; padding-bottom: 5px; margin-top: 0; color: inherit; opacity: 0.8;'>Wi-Fi 7: M\u00e1s r\u00e1pido&comma; m\u00e1s fluido&comma; m\u00e1s potente<\/h3>\n<p style='color: inherit;'>Potencia Bruta: Pasamos de 2 a 4 flujos de datos&comma; lo que duplica la capacidad para conectar todos tus dispositivos sin esfuerzo.<\/p>\n<p style='color: inherit;'>Eficiencia M\u00e1xima: Implementamos una modulaci\u00f3n de 4096-QAM&comma; enviando m\u00e1s datos por se\u00f1al para una conexi\u00f3n incre\u00edblemente eficiente.<\/p>\n<p style='color: inherit;'>Cero Tirones: La tecnolog\u00eda Multienlace (MLO) permite que tus dispositivos usen varias bandas a la vez&comma; eliminando la latencia y haciendo que juegos&comma; videollamadas y streaming en 4K sean ultrafluidos.<\/p>\n<\/p><\/div>\n<div style='flex: 1 1 300px; min-width: 280px;'> <img style='width: 100%; height: auto; border: 1px solid rgba(150&comma;150&comma;150&comma;0.3); border-radius: 8px;' src='http:\/\/ftp3.syscom.mx\/usuarios\/ftp\/2025\/10\/31\/1908\/4.png_froala_6904fd5f00297' alt='Switch Industrial eKit S210I-8T4SX'> <\/div>\n<\/p><\/div>\n<p> <!-- Secci\u00f3n de contenido con im\u00e1genes adicionales --> <\/p>\n<div style='display: flex; flex-wrap: wrap; gap: 30px; margin-bottom: 30px;'>\n<div style='flex: 1 1 300px; min-width: 280px;'> <img style='width: 100%; height: auto; border: 1px solid rgba(150&comma;150&comma;150&comma;0.3); border-radius: 8px;' src='http:\/\/ftp3.syscom.mx\/usuarios\/ftp\/2025\/10\/31\/1908\/6.png_froala_690511436792d' alt='Switch Industrial eKit S210I-8T4SX'> <\/div>\n<div style='flex: 1 1 300px; min-width: 280px;'>\n<h3 style='font-size: 22px; border-bottom: 2px solid currentColor; padding-bottom: 5px; margin-top: 0; color: inherit; opacity: 0.8;'>Administraci\u00f3n centralizada en la nube sin complicaciones<\/h3>\n<p style='color: inherit;'>La plataforma de redes definidas por software (SDN) de Omada integra dispositivos de red&comma; incluidos puntos de acceso&comma; conmutadores y enrutadores&comma; para proporcionar una gesti\u00f3n de la nube 100 % centralizada y crear una red altamente escalable&comma; todo ello controlado desde una \u00fanica interfaz.<\/p>\n<ul style='padding-left: 20px; font-size: 15px; color: inherit;'>\n<li style='margin-bottom: 5px;'>Gesti\u00f3n centralizada en la nube<\/li>\n<li style='margin-bottom: 5px;'>Monitoreo inteligente<\/li>\n<li style='margin-bottom: 5px;'>Aprovisionamiento sin intervenci\u00f3n<\/li>\n<li style='margin-bottom: 5px;'>Controladores de hardware&comma; software o en la nube<\/li>\n<\/ul><\/div>\n<\/p><\/div>\n<p> <!-- Secci\u00f3n de contenido con im\u00e1genes adicionales --> <\/p>\n<div style='display: flex; flex-wrap: wrap; gap: 30px; margin-bottom: 30px;'>\n<div style='flex: 1 1 300px; min-width: 280px;'> <img style='width: 100%; height: auto; border: 1px solid rgba(150&comma;150&comma;150&comma;0.3); border-radius: 8px;' src='http:\/\/ftp3.syscom.mx\/usuarios\/ftp\/2025\/10\/31\/1908\/7.png_froala_690511e38e0d7' alt='Switch Industrial eKit S210I-8T4SX'> <\/div>\n<div style='flex: 1 1 300px; min-width: 280px;'>\n<h3 style='font-size: 22px; border-bottom: 2px solid currentColor; padding-bottom: 5px; margin-top: 0; color: inherit; opacity: 0.8;'>Administraci\u00f3n centralizada en la nube sin complicaciones<\/h3>\n<p style='color: inherit;'>Administraci\u00f3n 100% centralizada en la nube de toda la red desde distintos sitios&comma; todo controlado desde una sola interfaz&comma; en cualquier lugar y en cualquier momento.<\/p>\n<ul style='padding-left: 20px; font-size: 15px; color: inherit;'>\n<li style='margin-bottom: 5px;'>Contralodara basada en la nube<\/li>\n<li style='margin-bottom: 5px;'>Controladora por hardware<\/li>\n<li style='margin-bottom: 5px;'>Controladora por software<\/li>\n<\/ul><\/div>\n<\/p><\/div>\n<\/p><\/div>\n","protected":false},"excerpt":{"rendered":"<p>Punto de Acceso Omada \/ Wi-Fi 7 BE10000 MU-MIMO 2&#215;2 \/ 1 Puerto 10 Gbps \/ Mesh Omada \/ Operaciones Multiencale (MLO) \/ Configuraci\u00f3n por Controlador o Stand-Alone \/ Para Montaje en Techo\/pared \/ Alimentaci\u00f3n PoE+<\/p>\n","protected":false},"featured_media":82744,"comment_status":"open","ping_status":"closed","template":"","meta":[],"product_brand":[],"product_cat":[1794],"product_tag":[1795,1479,71],"class_list":{"0":"post-82745","1":"product","2":"type-product","3":"status-publish","4":"has-post-thumbnail","6":"product_cat-puntos-de-acceso","7":"product_tag-puntos-de-acceso","8":"product_tag-redes-wifi","9":"product_tag-tp-link","11":"first","12":"instock","13":"sale","14":"shipping-taxable","15":"purchasable","16":"product-type-simple"},"_links":{"self":[{"href":"https:\/\/soydeaqui.ddns.net\/pachuca\/index.php\/wp-json\/wp\/v2\/product\/82745","targetHints":{"allow":["GET"]}}],"collection":[{"href":"https:\/\/soydeaqui.ddns.net\/pachuca\/index.php\/wp-json\/wp\/v2\/product"}],"about":[{"href":"https:\/\/soydeaqui.ddns.net\/pachuca\/index.php\/wp-json\/wp\/v2\/types\/product"}],"replies":[{"embeddable":true,"href":"https:\/\/soydeaqui.ddns.net\/pachuca\/index.php\/wp-json\/wp\/v2\/comments?post=82745"}],"wp:featuredmedia":[{"embeddable":true,"href":"https:\/\/soydeaqui.ddns.net\/pachuca\/index.php\/wp-json\/wp\/v2\/media\/82744"}],"wp:attachment":[{"href":"https:\/\/soydeaqui.ddns.net\/pachuca\/index.php\/wp-json\/wp\/v2\/media?parent=82745"}],"wp:term":[{"taxonomy":"product_brand","embeddable":true,"href":"https:\/\/soydeaqui.ddns.net\/pachuca\/index.php\/wp-json\/wp\/v2\/product_brand?post=82745"},{"taxonomy":"product_cat","embeddable":true,"href":"https:\/\/soydeaqui.ddns.net\/pachuca\/index.php\/wp-json\/wp\/v2\/product_cat?post=82745"},{"taxonomy":"product_tag","embeddable":true,"href":"https:\/\/soydeaqui.ddns.net\/pachuca\/index.php\/wp-json\/wp\/v2\/product_tag?post=82745"}],"curies":[{"name":"wp","href":"https:\/\/api.w.org\/{rel}","templated":true}]}}