{"id":8274,"date":"2026-03-18T07:06:57","date_gmt":"2026-03-18T07:06:57","guid":{"rendered":"https:\/\/soydeaqui.ddns.net\/pachuca\/index.php\/producto\/micalert-cable-sensor-para-paredes-rejas-rigidas-o-barandales-2-zonas-de-305-metros-610-metros-de-proteccion-total\/"},"modified":"2026-03-18T07:06:58","modified_gmt":"2026-03-18T07:06:58","slug":"micalert-cable-sensor-para-paredes-rejas-rigidas-o-barandales-2-zonas-de-305-metros-610-metros-de-proteccion-total","status":"publish","type":"product","link":"https:\/\/soydeaqui.ddns.net\/pachuca\/index.php\/producto\/micalert-cable-sensor-para-paredes-rejas-rigidas-o-barandales-2-zonas-de-305-metros-610-metros-de-proteccion-total\/","title":{"rendered":"MICALERT Cable Sensor para Paredes, Rejas Rigidas o barandales \/ 2 zonas de 305 metros \/ 610 Metros de Protecci\u00f3n Total"},"content":{"rendered":"<div style='width: 100%; max-width: 1200px; margin: 0 auto; font-family: sans-serif; line-height: 1.6; color: inherit; background-color: transparent;'> <!-- Imagen principal --> <\/p>\n<div style='margin-bottom: 30px; text-align: center;'> <img style='width: 100%; max-width: 653px; height: auto; border: 1px solid rgba(150&comma;150&comma;150&comma;0.3); border-radius: 8px;' src='https:\/\/directory.ifsecglobal.com\/c232368th_S-comp232368.jpg' alt=''> <\/div>\n<p> <!-- Descripci\u00f3n general --> <\/p>\n<div style='margin-bottom: 30px;'>\n<p style='font-size: 15px; color: inherit; margin-bottom: 15px;'>MICALERT es un sistema de detecci\u00f3n de intrusos en cercos de cable microf\u00f3nico&comma; conformando un sistema electr\u00f3nico pasivo para detecci\u00f3n de intrusi\u00f3n. El sistema es ideal para la protecci\u00f3n de exteriores y puede ser instalado f\u00e1cilmente en hierro forjado&comma; paneles de acero&comma; cercos met\u00e1licas (r\u00edgidos)&comma; etc.<\/p>\n<p style='font-size: 15px; color: inherit; margin-bottom: 15px;'>El sistema sensor microf\u00f3nico del MICALERT est\u00e1 basado en un cable sensor con un sistema de audio frecuencia en miniatura que incluye un procesador digital de se\u00f1ales (DSP).<\/p>\n<p style='font-size: 15px; color: inherit; margin-bottom: 15px;'>El cable sensor microf\u00f3nico de MICALERT ofrece una soluci\u00f3n de detecci\u00f3n de intrusos mediante el an\u00e1lisis de los patrones de ruido t\u00edpicos que se producen por un intento de entrada forzada. El sistema puede reconocer movimiento causado por un intento de cruzar el cerco y desestimar se\u00f1ales producidas por condiciones clim\u00e1ticas&comma; previniendo alarmas no deseadas.<\/p>\n<\/p><\/div>\n<p> <!-- Falsas alarmas --> <\/p>\n<div style='margin-bottom: 30px;'>\n<h3 style='font-size: 20px; border-bottom: 2px solid currentColor; padding-bottom: 5px; margin-top: 0; color: inherit; opacity: 0.8;'>Sistema de filtraci\u00f3n de falsas alarmas<\/h3>\n<div style='display: flex; flex-direction: column; gap: 15px; margin-top: 15px;'>\n<div style='padding: 15px; background-color: rgba(150&comma;150&comma;150&comma;0.05); border-radius: 8px;'>\n<p style='margin: 0; color: inherit; font-size: 14px;'><strong>1. Filtrado de frecuencias:<\/strong> El algoritmo de detecci\u00f3n ha sido dise\u00f1ado para detectar s\u00f3lo vibraciones agudas de frecuencias asociadas con los intentos de intrusi\u00f3n&comma; mientras que filtra las frecuencias largas del clima.<\/p>\n<\/p><\/div>\n<div style='padding: 15px; background-color: rgba(150&comma;150&comma;150&comma;0.05); border-radius: 8px;'>\n<p style='margin: 0; color: inherit; font-size: 14px;'><strong>2. Niveles de sensibilidad:<\/strong> 11 niveles de sensibilidad por zona f\u00e1cilmente ajustables con interruptores DIP.<\/p>\n<\/p><\/div>\n<div style='padding: 15px; background-color: rgba(150&comma;150&comma;150&comma;0.05); border-radius: 8px;'>\n<p style='margin: 0; color: inherit; font-size: 14px;'><strong>3. Estaci\u00f3n meteorol\u00f3gica:<\/strong> Para evitar falsas alarmas causadas por condiciones clim\u00e1ticas.<\/p>\n<\/p><\/div>\n<\/p><\/div>\n<\/p><\/div>\n<p> <!-- Videos --> <\/p>\n<div style='display: flex; flex-wrap: wrap; gap: 30px; margin-bottom: 30px;'>\n<div style='flex: 1 1 300px; min-width: 280px;'>\n<div style='position: relative; padding-bottom: 56.25%; height: 0; overflow: hidden;'>   <\/div>\n<\/p><\/div>\n<div style='flex: 1 1 300px; min-width: 280px;'>\n<div style='position: relative; padding-bottom: 56.25%; height: 0; overflow: hidden;'>   <\/div>\n<\/p><\/div>\n<div style='flex: 1 1 300px; min-width: 280px;'>\n<div style='position: relative; padding-bottom: 56.25%; height: 0; overflow: hidden;'>   <\/div>\n<\/p><\/div>\n<\/p><\/div>\n<p> <!-- Secci\u00f3n de caracter\u00edsticas --> <\/p>\n<div style='display: flex; flex-wrap: wrap; gap: 30px; margin-bottom: 30px;'>\n<div style='flex: 1 1 300px; min-width: 280px;'>\n<h3 style='font-size: 20px; border-bottom: 2px solid currentColor; padding-bottom: 5px; margin-top: 0; color: inherit; opacity: 0.8;'>Caracter\u00edsticas principales<\/h3>\n<ul style='padding-left: 20px; font-size: 14px; color: inherit; list-style-type: disc;'>\n<li style='margin-bottom: 8px;'>Ideal para la instalaci\u00f3n en hierro forjado&comma; paneles de acero&comma; cercos de metal (r\u00edgidos).<\/li>\n<li style='margin-bottom: 8px;'>Viene en kits listos para instalar con carretes de 75m&comma; 150m o 300m.<\/li>\n<li style='margin-bottom: 8px;'>F\u00e1cil de instalar y ajustar.<\/li>\n<li style='margin-bottom: 8px;'>No se necesitan herramientas especiales&comma; ninguna calibraci\u00f3n.<\/li>\n<li style='margin-bottom: 8px;'>11 niveles de sensibilidad por zona.<\/li>\n<li style='margin-top: 15px; font-weight: bold; color: inherit;'>NOTA: SI LA INSTALACION LA REQUIERE EN MURO&comma; FAVOR DE COMUNICARSE AL DEPARTAMENTO DE INGENIERIA.<\/li>\n<\/ul><\/div>\n<div style='flex: 1 1 300px; min-width: 280px;'>\n<h3 style='font-size: 20px; border-bottom: 2px solid currentColor; padding-bottom: 5px; margin-top: 0; color: inherit; opacity: 0.8;'>Caracter\u00edsticas F\u00edsicas y El\u00e9ctricas<\/h3>\n<ul style='padding-left: 20px; font-size: 14px; color: inherit; list-style-type: disc;'>\n<li style='margin-bottom: 8px;'><strong>Potencia de Operaci\u00f3n requerida:<\/strong> 12VDC<\/li>\n<li style='margin-bottom: 8px;'><strong>Protecci\u00f3n contra rayos:<\/strong> Dispositivos de descarga de gas en todas las entradas\/salidas y l\u00ednea de comunicaci\u00f3n.<\/li>\n<li style='margin-bottom: 8px;'><strong>Salidas de Alarma:<\/strong> Salida de Intrusi\u00f3n y monitoreo de l\u00ednea para cada zona. Rel\u00e9s de contacto seco con contactos N.O y N.C estimados en 1A @ 12VDC.<\/li>\n<li style='margin-bottom: 8px;'><strong>Indicadores de Alarma:<\/strong> LED de Encendido&comma; LED de Estado del Rel\u00e9 de Alarma&comma; LED indicador de sabotaje<\/li>\n<li style='margin-bottom: 8px;'><strong>Conector:<\/strong> entrada de Cable Sensor Coaxial de tipo F para cada zona.<\/li>\n<li style='margin-bottom: 8px;'><strong>Caja:<\/strong> NEMA 4x&comma; IP-66&comma; 9.5&#8242; x 7.5&#8242; x 2.75&#8242; (24cm x 19.5cm x 7.0cm)&comma; Peso: 2.2 lbs (1Kg)<\/li>\n<li style='margin-bottom: 8px;'><strong>Entorno:<\/strong> Temperatura de Operaci\u00f3n: &#8211; 40\u00b0F a 176\u00b0F (-40\u00b0C a 80\u00b0C)&comma; Humedad relativa de hasta el 98% sin condensaci\u00f3n.<\/li>\n<li style='margin-bottom: 8px;'><strong>Cable sensor y accesorios:<\/strong> longitud m\u00e1xima por zona: 1000ft (305m). Disponible en carretes de 250\/500\/1000ft (75\/152\/305m)&comma; Piel exterior de Acero&comma; Di\u00e1metro: 0.197&#8242; (5mm)&comma; Color: Negro&comma; Ataduras resistentes UV (610 por zona)&comma; Modelo: <a href='https:\/\/www.syscom.mx\/principal\/searchcont?route=TIES-610-RBTEC-89115&#038;autodetect=ties610' style='color: inherit; text-decoration: underline;'>TIES-610<\/a><\/li>\n<\/ul><\/div>\n<div style='flex: 1 1 300px; min-width: 280px;'>\n<h3 style='font-size: 20px; border-bottom: 2px solid currentColor; padding-bottom: 5px; margin-top: 0; color: inherit; opacity: 0.8;'>Caracter\u00edsticas Destacadas<\/h3>\n<ul style='padding-left: 20px; font-size: 14px; color: inherit; list-style-type: disc;'>\n<li style='margin-bottom: 8px;'>\u00c1reas comerciales e industriales.<\/li>\n<li style='margin-bottom: 8px;'>Autos&comma; RV&comma; barcos o equipo de \u00e1reas de almacenamiento.<\/li>\n<li style='margin-bottom: 8px;'>Solares y parques e\u00f3licos.<\/li>\n<li style='margin-bottom: 8px;'>Agua&comma; subestaciones el\u00e9ctricas.<\/li>\n<li style='margin-bottom: 8px;'>Patios de casas grandes.<\/li>\n<li style='margin-bottom: 8px;'>Ubicaciones de Almacenamiento.<\/li>\n<li style='margin-top: 15px; font-weight: bold; color: inherit;'><a href='https:\/\/www.youtube.com\/watch?v=FJHRJiGBEeg&#038;t=222s' style='color: inherit; text-decoration: underline;'>Vea nuestro webinar sobre como dise\u00f1ar una soluci\u00f3n de protecci\u00f3n perimetral con IRONCLAD\/MICALERT<\/a><\/li>\n<\/ul><\/div>\n<\/p><\/div>\n<p> <!-- Imagen adicional --> <\/p>\n<div style='margin-bottom: 30px; text-align: center;'> <img style='width: 100%; max-width: 1200px; height: auto; border: 1px solid rgba(150&comma;150&comma;150&comma;0.3); border-radius: 8px;' src='https:\/\/i.ibb.co\/SQtMKcH\/imagen2.png' alt=''> <\/div>\n<\/p><\/div>\n","protected":false},"excerpt":{"rendered":"<p>MICALERT Cable Sensor para Paredes, Rejas Rigidas o barandales \/ 2 zonas de 305 metros \/ 610 Metros de Protecci\u00f3n Total<\/p>\n","protected":false},"featured_media":8273,"comment_status":"open","ping_status":"closed","template":"","meta":[],"product_brand":[],"product_cat":[103],"product_tag":[105,104,220],"class_list":{"0":"post-8274","1":"product","2":"type-product","3":"status-publish","4":"has-post-thumbnail","6":"product_cat-cable-sensor-perimetral","7":"product_tag-cable-sensor-perimetral","8":"product_tag-proteccion-perimetral","9":"product_tag-rbtec","11":"first","12":"outofstock","13":"sale","14":"shipping-taxable","15":"purchasable","16":"product-type-simple"},"_links":{"self":[{"href":"https:\/\/soydeaqui.ddns.net\/pachuca\/index.php\/wp-json\/wp\/v2\/product\/8274","targetHints":{"allow":["GET"]}}],"collection":[{"href":"https:\/\/soydeaqui.ddns.net\/pachuca\/index.php\/wp-json\/wp\/v2\/product"}],"about":[{"href":"https:\/\/soydeaqui.ddns.net\/pachuca\/index.php\/wp-json\/wp\/v2\/types\/product"}],"replies":[{"embeddable":true,"href":"https:\/\/soydeaqui.ddns.net\/pachuca\/index.php\/wp-json\/wp\/v2\/comments?post=8274"}],"wp:featuredmedia":[{"embeddable":true,"href":"https:\/\/soydeaqui.ddns.net\/pachuca\/index.php\/wp-json\/wp\/v2\/media\/8273"}],"wp:attachment":[{"href":"https:\/\/soydeaqui.ddns.net\/pachuca\/index.php\/wp-json\/wp\/v2\/media?parent=8274"}],"wp:term":[{"taxonomy":"product_brand","embeddable":true,"href":"https:\/\/soydeaqui.ddns.net\/pachuca\/index.php\/wp-json\/wp\/v2\/product_brand?post=8274"},{"taxonomy":"product_cat","embeddable":true,"href":"https:\/\/soydeaqui.ddns.net\/pachuca\/index.php\/wp-json\/wp\/v2\/product_cat?post=8274"},{"taxonomy":"product_tag","embeddable":true,"href":"https:\/\/soydeaqui.ddns.net\/pachuca\/index.php\/wp-json\/wp\/v2\/product_tag?post=8274"}],"curies":[{"name":"wp","href":"https:\/\/api.w.org\/{rel}","templated":true}]}}