{"id":82725,"date":"2026-03-19T19:38:08","date_gmt":"2026-03-19T19:38:08","guid":{"rendered":"https:\/\/soydeaqui.ddns.net\/pachuca\/index.php\/producto\/memoria-microsd-con-adaptador-ideal-para-celular-o-tablet-128-gb-multiproposito-clase-10-92-mb-s-lectura-50-mb-s-escritura\/"},"modified":"2026-03-19T19:38:12","modified_gmt":"2026-03-19T19:38:12","slug":"memoria-microsd-con-adaptador-ideal-para-celular-o-tablet-128-gb-multiproposito-clase-10-92-mb-s-lectura-50-mb-s-escritura","status":"publish","type":"product","link":"https:\/\/soydeaqui.ddns.net\/pachuca\/index.php\/producto\/memoria-microsd-con-adaptador-ideal-para-celular-o-tablet-128-gb-multiproposito-clase-10-92-mb-s-lectura-50-mb-s-escritura\/","title":{"rendered":"Memoria microSD con Adaptador Ideal para Celular o Tablet \/ 128 GB \/ Multiprop\u00f3sito \/ Clase 10 \/ 92 MB\/s Lectura \/ 50 MB\/s Escritura"},"content":{"rendered":"<div style='width: 100%; max-width: 1200px; margin: 0 auto; font-family: sans-serif; line-height: 1.6; color: inherit; background-color: transparent;'> <!-- Banner --> <\/p>\n<div style='width: 100%; text-align: center; margin: 30px 0;'> <img style='width: 100%; height: auto; border: 1px solid rgba(150&comma;150&comma;150&comma;0.3); border-radius: 8px;' src='https:\/\/ftp3.syscom.mx\/usuarios\/gmagos\/HIK\/storage\/Vaners\/hiksemi.png' alt='HIKSEMI Banner'> <\/div>\n<p> <!-- Especificaciones --> <\/p>\n<div style='display: flex; flex-direction: column; align-items: center; margin-bottom: 30px;'>\n<div style='width: 100%; max-width: 1200px;'>\n<div style='width: 100%; text-align: center; margin-bottom: 20px;'>\n<h1 style='font-size: 28px; color: inherit; opacity: 0.8; margin: 0;'>Especificaciones<\/h1>\n<\/p><\/div>\n<div style='display: flex; flex-wrap: wrap; gap: 20px;'>\n<div style='flex: 1 1 300px; min-width: 280px; border: 1px solid rgba(150&comma; 150&comma; 150&comma; 0.3); border-radius: 8px; overflow: hidden;'>\n<div style='padding: 15px; background-color: rgba(150&comma; 150&comma; 150&comma; 0.1); border-bottom: 1px solid rgba(150&comma; 150&comma; 150&comma; 0.2); font-weight: bold; font-size: 18px; color: inherit;'>Caracter\u00edsticas Principales:<\/div>\n<ul style='padding: 15px 20px; font-size: 15px; margin: 0; list-style-type: disc; color: inherit;'>\n<li style='margin-bottom: 5px;'>Formato: Micro SDXC.<\/li>\n<li style='margin-bottom: 5px;'>Capacidad: 128 GB.<\/li>\n<li style='margin-bottom: 5px;'>Velocidad de Lectura: 92 MB\/s.<\/li>\n<li style='margin-bottom: 5px;'>Velocidad de Escritura: 40 MB\/s.<\/li>\n<li style='margin-bottom: 5px;'>Memoria flash NAND: TLC (Triple-Level Cell).<\/li>\n<li style='margin-bottom: 5px;'>Dimensiones: 14.99 x 10.92 x 1.02 mm (0.59 x 0.43 x 0.04 in).<\/li>\n<li style='margin-bottom: 5px;'>Temperatura de Operaci\u00f3n: 0 \u00b0C a 70 \u00b0C (32 \u00b0F to 158 \u00b0F).<\/li>\n<li style='margin-bottom: 5px;'>Recomendado para uso en celulares&comma; tablets&comma; videojuegos. (no recomendado para CCTV).<\/li>\n<\/ul><\/div>\n<\/p><\/div>\n<\/p><\/div>\n<\/p><\/div>\n<p> <!-- Videos --> <\/p>\n<div style='display: flex; flex-wrap: wrap; gap: 20px; margin-bottom: 30px;'>\n<div style='flex: 1 1 500px; min-width: 300px;'>\n<h3 style='font-size: 20px; margin: 0 0 15px 0; color: inherit; text-align: center;'><strong>\u00bfQui\u00e9n es HIKSEMI?<\/strong><\/h3>\n<div style='position: relative; padding-bottom: 56.25%; height: 0; overflow: hidden; margin-bottom: 30px;'>   <\/div>\n<\/p><\/div>\n<div style='flex: 1 1 500px; min-width: 300px;'>\n<h3 style='font-size: 20px; margin: 0 0 15px 0; color: inherit; text-align: center;'><strong>Unidades de Estado S\u00f3lido<\/strong><\/h3>\n<div style='position: relative; padding-bottom: 56.25%; height: 0; overflow: hidden; margin-bottom: 30px;'>   <\/div>\n<\/p><\/div>\n<\/p><\/div>\n<p> <!-- Imagen 1 con overlay --> <\/p>\n<div style='position: relative; width: 100%; margin-bottom: 30px;'> <img style='width: 100%; height: auto; border: 1px solid rgba(150&comma;150&comma;150&comma;0.3); border-radius: 8px;' src='https:\/\/ftp3.syscom.mx\/usuarios\/gmagos\/HIK\/storage\/Pagina%20WEB\/C1\/1.jpg' alt='Imagen de Fondo'> <\/p>\n<div style='position: absolute; top: 50%; left: 50%; transform: translate(-50%&comma; -50%); text-align: center; padding: 30px; background: rgba(0&comma; 0&comma; 0&comma; 0.5); width: 100%; max-width: 600px;'>\n<h1 style='font-size: 35px; color: white; margin: 0 0 10px 0; font-weight: bold; font-family: verdana&comma; geneva&comma; sans-serif;'>Altas Velocidades de Lectura y Escritura<\/h1>\n<h2 style='font-size: 20px; color: white; margin: 0; font-family: verdana&comma; geneva&comma; sans-serif;'>Garantiza una Transferencia R\u00e1pida de Datos<\/h2>\n<\/p><\/div>\n<\/p><\/div>\n<p> <!-- Secci\u00f3n con imagen y texto --> <\/p>\n<div style='display: flex; flex-wrap: wrap; gap: 20px; margin-bottom: 30px;'>\n<div style='flex: 1 1 300px; min-width: 280px;'> <img style='width: 100%; height: auto; border: 1px solid rgba(150&comma;150&comma;150&comma;0.3); border-radius: 8px;' src='https:\/\/ftp3.syscom.mx\/usuarios\/gmagos\/HIK\/storage\/Pagina%20WEB\/C1\/2.jpg' alt='Capacidad y almacenamiento'> <\/div>\n<div style='flex: 2 1 400px; min-width: 300px;'>\n<h2 style='font-size: 22px; margin-top: 0; color: inherit;'>Capacidad y almacenamiento<\/h2>\n<p style='font-size: 15px; color: inherit;'>Disponibles en diversas capacidades&comma; lo que permite elegir el tama\u00f1o m\u00e1s adecuado seg\u00fan las necesidades del usuario. Desde capacidades m\u00e1s peque\u00f1as para almacenar documentos y archivos&comma; hasta opciones m\u00e1s grandes para guardar una gran cantidad de fotos&comma; videos o aplicaciones.<\/p>\n<p style='font-size: 15px; color: inherit;'>P\u00e1rrafo 2<\/p>\n<\/p><\/div>\n<\/p><\/div>\n<p> <!-- Secci\u00f3n con imagen y texto invertida --> <\/p>\n<div style='display: flex; flex-wrap: wrap-reverse; gap: 20px; margin-bottom: 30px;'>\n<div style='flex: 1 1 300px; min-width: 280px;'>\n<h2 style='font-size: 22px; margin-top: 0; color: inherit;'>Calidad y protecci\u00f3n<\/h2>\n<p style='font-size: 15px; color: inherit;'>Las tarjetas micro SD de Hik Semi cuentan con un controlador de alta calidad&comma; dise\u00f1ado para garantizar resistencia al agua&comma; golpes&comma; rayos X y con tecnolog\u00eda de memoria flash NAND. Estas caracter\u00edsticas ofrecen una protecci\u00f3n excepcional ante condiciones adversas y aseguran una mayor durabilidad y seguridad para tus datos.<\/p>\n<\/p><\/div>\n<div style='flex: 1 1 300px; min-width: 280px;'> <img style='width: 100%; height: auto; border: 1px solid rgba(150&comma;150&comma;150&comma;0.3); border-radius: 8px;' src='https:\/\/ftp3.syscom.mx\/usuarios\/gmagos\/HIK\/storage\/Pagina%20WEB\/C1\/3.jpg' alt='Calidad y protecci\u00f3n'> <\/div>\n<\/p><\/div>\n<p> <!-- Banner final --> <\/p>\n<div style='width: 100%; text-align: center; margin: 30px 0;'> <img style='width: 100%; height: auto; border: 1px solid rgba(150&comma;150&comma;150&comma;0.3); border-radius: 8px;' src='https:\/\/ftp3.syscom.mx\/usuarios\/gmagos\/HIK\/storage\/Vaners\/HIKSEMI-banner1.jpg' alt='Banner Final'> <\/div>\n<p> <!-- Separador final --> <\/p>\n<hr style='border: 0; border-top: 1px solid rgba(150&comma; 150&comma; 150&comma; 0.3); margin: 30px 0;'> <\/div>\n","protected":false},"excerpt":{"rendered":"<p>Memoria microSD con Adaptador Ideal para Celular o Tablet \/ 128 GB \/ Multiprop\u00f3sito \/ Clase 10 \/ 92 MB\/s Lectura \/ 50 MB\/s Escritura<\/p>\n","protected":false},"featured_media":82724,"comment_status":"open","ping_status":"closed","template":"","meta":[],"product_brand":[],"product_cat":[2109],"product_tag":[1974,2129,2110],"class_list":{"0":"post-82725","1":"product","2":"type-product","3":"status-publish","4":"has-post-thumbnail","6":"product_cat-memorias-sd-microsd","7":"product_tag-almacenamiento","8":"product_tag-hiksemi-by-hikvision","9":"product_tag-memorias-sd-microsd","11":"first","12":"instock","13":"sale","14":"shipping-taxable","15":"purchasable","16":"product-type-simple"},"_links":{"self":[{"href":"https:\/\/soydeaqui.ddns.net\/pachuca\/index.php\/wp-json\/wp\/v2\/product\/82725","targetHints":{"allow":["GET"]}}],"collection":[{"href":"https:\/\/soydeaqui.ddns.net\/pachuca\/index.php\/wp-json\/wp\/v2\/product"}],"about":[{"href":"https:\/\/soydeaqui.ddns.net\/pachuca\/index.php\/wp-json\/wp\/v2\/types\/product"}],"replies":[{"embeddable":true,"href":"https:\/\/soydeaqui.ddns.net\/pachuca\/index.php\/wp-json\/wp\/v2\/comments?post=82725"}],"wp:featuredmedia":[{"embeddable":true,"href":"https:\/\/soydeaqui.ddns.net\/pachuca\/index.php\/wp-json\/wp\/v2\/media\/82724"}],"wp:attachment":[{"href":"https:\/\/soydeaqui.ddns.net\/pachuca\/index.php\/wp-json\/wp\/v2\/media?parent=82725"}],"wp:term":[{"taxonomy":"product_brand","embeddable":true,"href":"https:\/\/soydeaqui.ddns.net\/pachuca\/index.php\/wp-json\/wp\/v2\/product_brand?post=82725"},{"taxonomy":"product_cat","embeddable":true,"href":"https:\/\/soydeaqui.ddns.net\/pachuca\/index.php\/wp-json\/wp\/v2\/product_cat?post=82725"},{"taxonomy":"product_tag","embeddable":true,"href":"https:\/\/soydeaqui.ddns.net\/pachuca\/index.php\/wp-json\/wp\/v2\/product_tag?post=82725"}],"curies":[{"name":"wp","href":"https:\/\/api.w.org\/{rel}","templated":true}]}}