{"id":82716,"date":"2026-03-19T19:37:46","date_gmt":"2026-03-19T19:37:46","guid":{"rendered":"https:\/\/soydeaqui.ddns.net\/pachuca\/index.php\/producto\/punto-de-acceso-gpon-omada-wifi-6-ax1800-1-puerto-gpon-1-puerto-fxs-2-puertos-10-100-1000-rj45-mesh-omada-configuracion-por-controlador-o-stand-alone-para-montaje-en-pared\/"},"modified":"2026-03-19T19:37:58","modified_gmt":"2026-03-19T19:37:58","slug":"punto-de-acceso-gpon-omada-wifi-6-ax1800-1-puerto-gpon-1-puerto-fxs-2-puertos-10-100-1000-rj45-mesh-omada-configuracion-por-controlador-o-stand-alone-para-montaje-en-pared","status":"publish","type":"product","link":"https:\/\/soydeaqui.ddns.net\/pachuca\/index.php\/producto\/punto-de-acceso-gpon-omada-wifi-6-ax1800-1-puerto-gpon-1-puerto-fxs-2-puertos-10-100-1000-rj45-mesh-omada-configuracion-por-controlador-o-stand-alone-para-montaje-en-pared\/","title":{"rendered":"Punto de Acceso GPON Omada \/ WiFi 6 AX1800 \/ 1 puerto GPON \/ 1 Puerto FXS \/ 2 Puertos 10\/100\/1000 RJ45 \/ Mesh Omada \/ Configuraci\u00f3n por Controlador o Stand-Alone \/ Para Montaje en Pared"},"content":{"rendered":"<div style='width: 100%; max-width: 1200px; margin: 0 auto; font-family: sans-serif; line-height: 1.6; color: inherit; background-color: transparent;'> <!-- Hero Section --> <\/p>\n<div style='display: flex; flex-wrap: wrap; gap: 30px; align-items: center; border: 1px solid rgba(150&comma;150&comma;150&comma;0.3); border-radius: 12px; padding: 20px; margin-bottom: 30px;'>\n<div style='flex: 1 1 300px; min-width: 280px;'> <img style='width: 100%; height: auto; border: 1px solid rgba(150&comma;150&comma;150&comma;0.3); border-radius: 8px;' src='http:\/\/ftp3.syscom.mx\/usuarios\/ftp\/2025\/10\/20\/1908\/1.png_froala_68f652e3c80b7' alt='Switch Industrial eKit S210I-8T4SX'> <\/div>\n<div style='flex: 1 1 360px; min-width: 280px;'>\n<h2 style='font-size: 24px; margin: 0 0 10px; color: inherit;'>Router GPON AX1800 OMADA<\/h2>\n<div style='margin: 0 0 15px; color: rgba(120&comma;120&comma;120&comma;0.8); font-weight: 600; color: inherit;'>Modelo: EAP615GP-WALL<\/div>\n<p style='margin: 0; color: inherit;'>Transforma cualquier enchufe en un centro de conectividad profesional con el EAP615GP-WALL. Este punto de acceso de montaje en pared no solo ofrece Wi-Fi 6 de alto rendimiento&comma; sino que tambi\u00e9n inyecta energ\u00eda y datos a trav\u00e9s de PoE&comma; eliminando cableados complicados y entregando una soluci\u00f3n limpia&comma; poderosa y discreta para hoteles&comma; oficinas&comma; cl\u00ednicas y hogares.<\/p>\n<\/p><\/div>\n<\/p><\/div>\n<p> <!-- Features Grid --> <\/p>\n<div style='display: grid; grid-template-columns: repeat(auto-fill&comma; minmax(260px&comma; 1fr)); gap: 20px; margin-bottom: 30px;'> <!-- Puertos y Gesti\u00f3n --> <\/p>\n<div style='border: 1px solid rgba(150&comma;150&comma;150&comma;0.3); border-radius: 8px; overflow: hidden;'>\n<div style='padding: 15px; border-bottom: 1px solid rgba(150&comma;150&comma;150&comma;0.2); font-weight: bold; font-size: 16px; color: inherit;'>Puertos y Gesti\u00f3n<\/div>\n<ul style='padding: 15px 20px; margin: 0; list-style: none; color: inherit; font-size: 14px;'>\n<li style='margin-bottom: 5px; padding: 5px 0;'><strong>(2) Puertos LAN:<\/strong> RJ45 (10\/100\/1000 Mbps)<\/li>\n<li style='margin-bottom: 5px; padding: 5px 0;'><strong>(1) Puerto:<\/strong> SC\/APC GPON<\/li>\n<li style='margin-bottom: 5px; padding: 5px 0;'><strong>(1) Puerto:<\/strong> FXS RJ11<\/li>\n<li style='margin-bottom: 5px; padding: 5px 0;'><strong>Gesti\u00f3n:<\/strong> Web \/ App Omada \/ Controladora Omada<\/li>\n<li style='margin-bottom: 5px; padding: 5px 0;'><strong>Certificaciones:<\/strong> CE&comma; FCC&comma; RoHS<\/li>\n<li style='margin-bottom: 5px; padding: 5px 0;'><strong>Distancia m\u00e1xima:<\/strong> 20 Km<\/li>\n<li style='margin-bottom: 5px; padding: 5px 0;'><strong>Gesti\u00f3n centralizada:<\/strong><\/li>\n<li style='margin-bottom: 5px; padding-left: 15px; color: rgba(120&comma;120&comma;120&comma;0.9); color: inherit;'>\u2022 OC200<\/li>\n<li style='margin-bottom: 5px; padding-left: 15px; color: inherit;'>\u2022 OC300<\/li>\n<li style='margin-bottom: 5px; padding-left: 15px; color: inherit;'>\u2022 <a href='https:\/\/support.omadanetworks.com\/es\/product\/omada-software-controller\/?resourceType=download' target='_blank' rel='noopener noreferrer' style='color: inherit; text-decoration: underline;'>Omada Software<\/a><\/li>\n<li style='margin-bottom: 5px; padding-left: 15px; color: inherit;'>\u2022 <a href='https:\/\/omada.tplinkcloud.com\/' target='_blank' rel='noopener noreferrer' style='color: inherit; text-decoration: underline;'>Omada basado en la nube<\/a><\/li>\n<li style='margin-bottom: 5px; padding: 5px 0;'><strong>Bot\u00f3n:<\/strong> Reset<\/li>\n<li style='margin-bottom: 5px; padding: 5px 0;'><a href='https:\/\/www.tp-link.com\/es\/wifi6\/' target='_blank' rel='noopener noreferrer' style='color: inherit; text-decoration: underline;'>Aprende M\u00e1s Sobre WiFi 6<\/a><\/li>\n<\/ul><\/div>\n<p> <!-- Caracter\u00edsticas f\u00edsicas y el\u00e9ctricas --> <\/p>\n<div style='border: 1px solid rgba(150&comma;150&comma;150&comma;0.3); border-radius: 8px; overflow: hidden;'>\n<div style='padding: 15px; border-bottom: 1px solid rgba(150&comma;150&comma;150&comma;0.2); font-weight: bold; font-size: 16px; color: inherit;'>Caracter\u00edsticas f\u00edsicas y el\u00e9ctricas<\/div>\n<ul style='padding: 15px 20px; margin: 0; list-style: none; color: inherit; font-size: 14px;'>\n<li style='margin-bottom: 5px; padding: 5px 0;'><strong>Dimensiones:<\/strong> 143 x 86 x 37.6 mm<\/li>\n<li style='margin-bottom: 5px; padding: 5px 0;'><strong>Alimentaci\u00f3n:<\/strong> 100-240 Vca&comma; 50\/60 Hz&comma; 0.5 A<\/li>\n<li style='margin-bottom: 5px; padding: 5px 0;'><strong>Consumo m\u00e1ximo:<\/strong> 12.2 W<\/li>\n<li style='margin-bottom: 5px; padding: 5px 0;'><strong>Temperatura de operaci\u00f3n:<\/strong> 0\u00ba a 40\u00ba<\/li>\n<li style='margin-bottom: 5px; padding: 5px 0;'><strong>Humedad de operaci\u00f3n:<\/strong> 10 a 90% sin condensaci\u00f3n<\/li>\n<li style='margin-bottom: 5px; padding: 5px 0;'><strong>Frecuencia:<\/strong> 2.4 GHz \/ 5 GHz<\/li>\n<li style='margin-bottom: 5px; padding: 5px 0;'><strong>Potencia de transmisi\u00f3n:<\/strong><\/li>\n<li style='margin-bottom: 5px; padding-left: 15px; color: inherit;'>\u2022 CE: 2.4 GHz: 20dBm(EIRP)&comma; 5 GHz: 23dBm(EIRP)<\/li>\n<li style='margin-bottom: 5px; padding-left: 15px; color: inherit;'>\u2022 FCC: 2.4 GHz: 25dBm(EIRP)&comma; 5 GHz: 25dBm(EIRP)<\/li>\n<li style='margin-bottom: 5px; padding: 5px 0;'><strong>Multi SSID:<\/strong> 8 SSID por Banda (16 en total)<\/li>\n<\/ul><\/div>\n<p> <!-- Contenido del Paquete --> <\/p>\n<div style='border: 1px solid rgba(150&comma;150&comma;150&comma;0.3); border-radius: 8px; overflow: hidden;'>\n<div style='padding: 15px; border-bottom: 1px solid rgba(150&comma;150&comma;150&comma;0.2); font-weight: bold; font-size: 16px; color: inherit;'>Contenido del Paquete<\/div>\n<ul style='padding: 15px 20px; margin: 0; list-style: none; color: inherit; font-size: 14px;'>\n<li style='margin-bottom: 5px; padding: 5px 0;'><strong>Punto de Acceso GPON:<\/strong> EAP615GP-WALL<\/li>\n<li style='margin-bottom: 5px; padding: 5px 0;'><strong>Kit montaje:<\/strong> en pared<\/li>\n<li style='margin-bottom: 5px; padding: 5px 0;'><strong>Gu\u00eda de instalaci\u00f3n<\/strong><\/li>\n<li style='margin-bottom: 5px; padding: 5px 0;'><\/li>\n<\/ul><\/div>\n<p> <!-- Funciones Avanzadas --> <\/p>\n<div style='border: 1px solid rgba(150&comma;150&comma;150&comma;0.3); border-radius: 8px; overflow: hidden;'>\n<div style='padding: 15px; border-bottom: 1px solid rgba(150&comma;150&comma;150&comma;0.2); font-weight: bold; font-size: 16px; color: inherit;'>Funciones Avanzadas<\/div>\n<ul style='padding: 15px 20px; margin: 0; list-style: disc; color: inherit; font-size: 14px;'>\n<li style='margin-bottom: 5px; padding: 5px 0;'>Roaming sin interrupciones<\/li>\n<li style='margin-bottom: 5px; padding: 5px 0;'>Seguridad Inal\u00e1mbrica: WPA\/WPA2\/WPA3-PSK<\/li>\n<li style='margin-bottom: 5px; padding: 5px 0;'>Tecnolog\u00eda Mesh: Omada Mesh<\/li>\n<li style='margin-bottom: 5px; padding: 5px 0;'>OFDMA<\/li>\n<li style='margin-bottom: 5px; padding: 5px 0;'>Red de invitados<\/li>\n<li style='margin-bottom: 5px; padding: 5px 0;'>Balance de carga<\/li>\n<li style='margin-bottom: 5px; padding: 5px 0;'>Limite de velocidades<\/li>\n<li style='margin-bottom: 5px; padding: 5px 0;'>VLAN<\/li>\n<li style='margin-bottom: 5px; padding: 5px 0;'>Aislamiento entre clientes<\/li>\n<li style='margin-bottom: 5px; padding: 5px 0;'>Registro SIP<\/li>\n<li style='margin-bottom: 5px; padding: 5px 0;'>Filtrado de direcciones MAC inal\u00e1mbrica<\/li>\n<li style='margin-bottom: 5px; padding: 5px 0;'>Autenticaci\u00f3n de portal cautivo<\/li>\n<\/ul><\/div>\n<\/p><\/div>\n<p> <!-- Video Section 1 --> <\/p>\n<div style='position: relative; padding-bottom: 56.25%; height: 0; overflow: hidden; margin-bottom: 30px;'> <img style='width: 100%; height: auto; border: 1px solid rgba(150&comma;150&comma;150&comma;0.3); border-radius: 8px;' src='http:\/\/ftp3.syscom.mx\/usuarios\/ftp\/2025\/10\/20\/1908\/1.png_froala_68f6568855d7e' alt='Switch Industrial eKit S210I-8T4SX'> <\/div>\n<p> <!-- Video Section 2 --> <\/p>\n<div style='position: relative; padding-bottom: 56.25%; height: 0; overflow: hidden; margin-bottom: 30px;'> <img style='width: 100%; height: auto; border: 1px solid rgba(150&comma;150&comma;150&comma;0.3); border-radius: 8px;' src='http:\/\/ftp3.syscom.mx\/usuarios\/ftp\/2025\/10\/20\/1908\/2.jpg_froala_68f65709849d7' alt='Switch Industrial eKit S210I-8T4SX'> <\/div>\n<p> <!-- Video Section 3 --> <\/p>\n<div style='position: relative; padding-bottom: 56.25%; height: 0; overflow: hidden; margin-bottom: 30px;'> <img style='width: 100%; height: auto; border: 1px solid rgba(150&comma;150&comma;150&comma;0.3); border-radius: 8px;' src='http:\/\/ftp3.syscom.mx\/usuarios\/ftp\/2025\/10\/20\/1908\/3.png_froala_68f657bb2c77b' alt='Switch Industrial eKit S210I-8T4SX'> <\/div>\n<p> <!-- Installation Steps --> <\/p>\n<div style='display: flex; flex-wrap: wrap; gap: 30px; align-items: center; margin-bottom: 30px;'>\n<div style='flex: 1 1 360px; min-width: 280px; order: 1;'>\n<h3 style='font-size: 20px; margin: 0 0 15px; color: inherit;'>Instalaci\u00f3n en cinco pasos<\/h3>\n<ol style='padding-left: 20px; margin: 0; color: inherit; font-size: 14px;'>\n<li style='margin-bottom: 10px;'>Retire la placa frontal de la caja de conexiones con un destornillador.<\/li>\n<li style='margin-bottom: 10px;'>Asegure el soporte de montaje.<\/li>\n<li style='margin-bottom: 10px;'>Conecte el cable de alimentaci\u00f3n Vca.<\/li>\n<li style='margin-bottom: 10px;'>Conecte la fibra \u00f3ptica.<\/li>\n<li style='margin-bottom: 10px;'>Conecte el EAP al soporte de montaje.<\/li>\n<\/ol><\/div>\n<div style='flex: 1 1 320px; min-width: 280px; order: 2;'> <img style='width: 100%; height: auto; border: 1px solid rgba(150&comma;150&comma;150&comma;0.3); border-radius: 8px;' src='http:\/\/ftp3.syscom.mx\/usuarios\/ftp\/2025\/10\/20\/1908\/1.png_froala_68f659de501c7' alt='Switch Industrial eKit S210I-8T4SX'> <\/div>\n<\/p><\/div>\n<p> <!-- Soluci\u00f3n de Redes \u00d3pticas --> <\/p>\n<div style='display: flex; flex-wrap: wrap; gap: 30px; align-items: center; margin-bottom: 30px;'>\n<div style='flex: 1 1 320px; min-width: 280px;'> <img style='width: 100%; height: auto; border: 1px solid rgba(150&comma;150&comma;150&comma;0.3); border-radius: 8px;' src='http:\/\/ftp3.syscom.mx\/usuarios\/ftp\/2025\/10\/20\/1908\/1.png_froala_68f6568855d7e' alt='Switch Industrial eKit S210I-8T4SX'> <\/div>\n<div style='flex: 1 1 360px; min-width: 280px;'>\n<h3 style='font-size: 20px; margin: 0 0 15px; color: inherit;'>Soluci\u00f3n completa de redes \u00f3pticas Omada<\/h3>\n<p style='margin: 0 0 15px; color: inherit;'>La soluci\u00f3n de redes \u00f3pticas Omada ofrece redes \u00f3pticas pasivas gigabit de nivel empresarial. Integra a la perfecci\u00f3n componentes esenciales como conmutadores&comma; puertas de enlace&comma; OLT (terminales de l\u00ednea \u00f3ptica) y ONU (unidades de red \u00f3ptica) Omada&comma; lo que resulta ideal para entornos P2MP (punto a multipunto) como hoteles y unidades multid\u00faplex (MDU).<\/p>\n<\/p><\/div>\n<\/p><\/div>\n<p> <!-- Red de Malla WiFi 6 --> <\/p>\n<div style='display: flex; flex-wrap: wrap; gap: 30px; align-items: center; margin-bottom: 30px;'>\n<div style='flex: 1 1 360px; min-width: 280px;'>\n<h3 style='font-size: 20px; margin: 0 0 15px; color: inherit;'>Red de malla WiFi 6 sin interrupciones<\/h3>\n<p style='margin: 0 0 15px; color: inherit;'>Aproveche la tecnolog\u00eda GPON WiFi 6 para disfrutar de una experiencia de red s\u00f3lida y fluida&comma; con velocidades de hasta 1&comma;8 Gbps.<\/p>\n<p style='margin: 0 0 15px; color: inherit;'>Omada Mesh y el roaming 802.11k\/v garantizan una conexi\u00f3n fluida y confiable de manera constante.<\/p>\n<\/p><\/div>\n<div style='flex: 1 1 320px; min-width: 280px;'> <img style='width: 100%; height: auto; border: 1px solid rgba(150&comma;150&comma;150&comma;0.3); border-radius: 8px;' src='http:\/\/ftp3.syscom.mx\/usuarios\/ftp\/2025\/10\/20\/1908\/2.jpg_froala_68f65709849d7' alt='Switch Industrial eKit S210I-8T4SX'> <\/div>\n<\/p><\/div>\n<p> <!-- Fibra \u00f3ptica --> <\/p>\n<div style='display: flex; flex-wrap: wrap; gap: 30px; align-items: center; margin-bottom: 30px;'>\n<div style='flex: 1 1 320px; min-width: 280px;'> <img style='width: 100%; height: auto; border: 1px solid rgba(150&comma;150&comma;150&comma;0.3); border-radius: 8px;' src='http:\/\/ftp3.syscom.mx\/usuarios\/ftp\/2025\/10\/20\/1908\/3.png_froala_68f657bb2c77b' alt='Switch Industrial eKit S210I-8T4SX'> <\/div>\n<div style='flex: 1 1 360px; min-width: 280px;'>\n<h3 style='font-size: 20px; margin: 0 0 15px; color: inherit;'>Una fibra&comma; m\u00faltiples servicios<\/h3>\n<p style='margin: 0 0 15px; color: inherit;'>Conecte un cable de fibra \u00f3ptica al EAP615GP-Wall para conectar c\u00e1maras&comma; computadoras y televisores para transmitir datos&comma; voz&comma; Internet cableado e inal\u00e1mbrico&comma; video HD y servicios de VoIP.<\/p>\n<\/p><\/div>\n<\/p><\/div>\n<\/p><\/div>\n","protected":false},"excerpt":{"rendered":"<p>Punto de Acceso GPON Omada \/ WiFi 6 AX1800 \/ 1 puerto GPON \/ 1 Puerto FXS \/ 2 Puertos 10\/100\/1000 RJ45 \/ Mesh Omada \/ Configuraci\u00f3n por Controlador o Stand-Alone \/ Para Montaje en Pared<\/p>\n","protected":false},"featured_media":82715,"comment_status":"open","ping_status":"closed","template":"","meta":[],"product_brand":[],"product_cat":[1794],"product_tag":[1795,1479,71],"class_list":{"0":"post-82716","1":"product","2":"type-product","3":"status-publish","4":"has-post-thumbnail","6":"product_cat-puntos-de-acceso","7":"product_tag-puntos-de-acceso","8":"product_tag-redes-wifi","9":"product_tag-tp-link","11":"first","12":"instock","13":"sale","14":"shipping-taxable","15":"purchasable","16":"product-type-simple"},"_links":{"self":[{"href":"https:\/\/soydeaqui.ddns.net\/pachuca\/index.php\/wp-json\/wp\/v2\/product\/82716","targetHints":{"allow":["GET"]}}],"collection":[{"href":"https:\/\/soydeaqui.ddns.net\/pachuca\/index.php\/wp-json\/wp\/v2\/product"}],"about":[{"href":"https:\/\/soydeaqui.ddns.net\/pachuca\/index.php\/wp-json\/wp\/v2\/types\/product"}],"replies":[{"embeddable":true,"href":"https:\/\/soydeaqui.ddns.net\/pachuca\/index.php\/wp-json\/wp\/v2\/comments?post=82716"}],"wp:featuredmedia":[{"embeddable":true,"href":"https:\/\/soydeaqui.ddns.net\/pachuca\/index.php\/wp-json\/wp\/v2\/media\/82715"}],"wp:attachment":[{"href":"https:\/\/soydeaqui.ddns.net\/pachuca\/index.php\/wp-json\/wp\/v2\/media?parent=82716"}],"wp:term":[{"taxonomy":"product_brand","embeddable":true,"href":"https:\/\/soydeaqui.ddns.net\/pachuca\/index.php\/wp-json\/wp\/v2\/product_brand?post=82716"},{"taxonomy":"product_cat","embeddable":true,"href":"https:\/\/soydeaqui.ddns.net\/pachuca\/index.php\/wp-json\/wp\/v2\/product_cat?post=82716"},{"taxonomy":"product_tag","embeddable":true,"href":"https:\/\/soydeaqui.ddns.net\/pachuca\/index.php\/wp-json\/wp\/v2\/product_tag?post=82716"}],"curies":[{"name":"wp","href":"https:\/\/api.w.org\/{rel}","templated":true}]}}