{"id":82714,"date":"2026-03-19T19:37:43","date_gmt":"2026-03-19T19:37:43","guid":{"rendered":"https:\/\/soydeaqui.ddns.net\/pachuca\/index.php\/producto\/controlador-iot-2-puertos-10-100-mbps-administracion-y-monitoreo-desde-la-nube-ideal-para-sistemas-solares-multiples-metodos-de-alimentacion\/"},"modified":"2026-03-19T19:37:44","modified_gmt":"2026-03-19T19:37:44","slug":"controlador-iot-2-puertos-10-100-mbps-administracion-y-monitoreo-desde-la-nube-ideal-para-sistemas-solares-multiples-metodos-de-alimentacion","status":"publish","type":"product","link":"https:\/\/soydeaqui.ddns.net\/pachuca\/index.php\/producto\/controlador-iot-2-puertos-10-100-mbps-administracion-y-monitoreo-desde-la-nube-ideal-para-sistemas-solares-multiples-metodos-de-alimentacion\/","title":{"rendered":"Controlador IoT \/  2 Puertos 10\/100 Mbps \/ Administraci\u00f3n y Monitoreo desde la nube \/ Ideal para Sistemas Solares \/ Multiples m\u00e9todos de Alimentaci\u00f3n"},"content":{"rendered":"<div style='width: 100%; max-width: 1200px; margin: 0 auto; font-family: sans-serif; line-height: 1.6; color: inherit; background-color: transparent;'>\n<div style='display: flex; flex-wrap: wrap; gap: 30px; margin-bottom: 30px;'>\n<div style='flex: 1 1 300px; min-width: 280px;'>\n<h2 style='font-size: 24px; margin-top: 0; color: inherit;'>WI-IOT100<\/h2>\n<p style='font-size: 15px; color: inherit;'>El WI-IOT100 est\u00e1 dise\u00f1ado para soluciones PoE de energ\u00eda solar. Ofrece interfaces Ethernet y RS-485. La energ\u00eda fotovoltaica&comma; el estado de la bater\u00eda y los datos del switch PoE de energ\u00eda solar Wi-Tek se pueden gestionar visualmente en la nube de Wi-Tek. Es compatible con IEEE 802.3af PoE y una fuente de alimentaci\u00f3n de CC de 12 a 54 V. Se puede alimentar mediante PoE en soluciones PoE de energ\u00eda solar para construir un sistema de comunicaci\u00f3n sin emisiones de carbono y desarrollar energ\u00eda limpia y digitalizada para un futuro m\u00e1s brillante y verde.<\/p>\n<\/p><\/div>\n<div style='flex: 1 1 300px; min-width: 280px;'> <img style='width: 100%; height: auto; border: 1px solid rgba(150&comma;150&comma;150&comma;0.3); border-radius: 8px;' src='https:\/\/ftp3.syscom.mx\/usuarios\/fotos\/WIPCES210GO\/234799-wi-iot100_imagen.jpg' alt='Controlador WI-IOT100'> <\/div>\n<\/p><\/div>\n<div style='margin-bottom: 30px; text-align: center;'>\n<h1 style='font-size: 26px; border-bottom: 2px solid currentColor; padding-bottom: 5px; display: inline-block; color: inherit; opacity: 0.8;'>Especificaciones<\/h1>\n<\/p><\/div>\n<div style='display: flex; flex-wrap: wrap; gap: 20px; margin-bottom: 30px;'>\n<div style='flex: 1 1 250px; border: 1px solid rgba(150&comma; 150&comma; 150&comma; 0.4); border-radius: 8px; overflow: hidden; display: flex; flex-direction: column;'>\n<div style='padding: 15px; border-bottom: 1px solid rgba(150&comma; 150&comma; 150&comma; 0.2); font-weight: bold; font-size: 18px; color: inherit;'>Caracter\u00edsticas Principales:<\/div>\n<div style='padding: 15px; color: inherit;'>\n<ul style='padding-left: 20px; margin: 0; font-size: 14px; list-style-type: disc; color: inherit;'>\n<li style='margin-bottom: 5px;'><span style='color: inherit;'>1 Puerto 10\/100Mbps PoE IN RJ45<\/span><\/li>\n<li style='margin-bottom: 5px;'><span style='color: inherit;'>1 Puerto 10\/100Mbps RJ45<\/span><\/li>\n<li style='margin-bottom: 5px;'><span style='color: inherit;'>1 Puerto RS-485 (Signal: 485-A&comma; 485-B \/ GND&comma; VCC(5V)\/ Baud Rate: 300-230400 bps\/ Data bits: 8bits&comma; 7bits&comma; Stop bit: 1 bit&comma; 2bits)<\/span><\/li>\n<li style='margin-bottom: 5px;'><span style='color: inherit;'>DTU&comma; Modbus Master&comma; Modbus Slave<\/span><\/li>\n<li style='margin-bottom: 5px;'><span style='color: inherit;'>Gesti\u00f3n Web local \/ <a href='https:\/\/app-gateway.wireless-tek.com\/witek-auth\/oauth2\/authorize?access_type=online&#038;client_id=671944230925173991&#038;code_challenge=UZAr9_TA2fAZJjIRZFRkeZpdEQyJ6XjCx5oVlnfP8sE&#038;code_challenge_method=S256&#038;redirect_uri=https%3A%2F%2Fcloud2.wireless-tek.com%2Fv1%2Fuser%2Foauth2&#038;response_type=code&#038;state=1#\/login' target='_blank' rel='noopener' style='color: inherit; text-decoration: underline;'>Cloud<\/a><\/span><\/li>\n<\/ul><\/div>\n<\/p><\/div>\n<div style='flex: 1 1 250px; border: 1px solid rgba(150&comma; 150&comma; 150&comma; 0.4); border-radius: 8px; overflow: hidden; display: flex; flex-direction: column;'>\n<div style='padding: 15px; border-bottom: 1px solid rgba(150&comma; 150&comma; 150&comma; 0.2); font-weight: bold; font-size: 18px; color: inherit;'>Caracter\u00edsticas F\u00edsicas y El\u00e9ctricas:<\/div>\n<div style='padding: 15px; color: inherit;'>\n<ul style='padding-left: 20px; margin: 0; font-size: 14px; list-style-type: disc; color: inherit;'>\n<li style='margin-bottom: 5px;'><span style='color: inherit;'>Dimensiones : 105*74*30mm<\/span><\/li>\n<li style='margin-bottom: 5px;'><span style='color: inherit;'>Alimentaci\u00f3n: IEEE 802.3af PoE IN&comma; 12~54V DC (Las dos fuentes de alimentaci\u00f3n no se pueden conectar al mismo tiempo)<\/span><\/li>\n<li style='margin-bottom: 5px;'><span style='color: inherit;'>Consumo M\u00e1ximo: <1.8 W (sin salida VCC RS-485)<\/span><\/li>\n<li style='margin-bottom: 5px;'><span style='color: inherit;'>Temperatura de operaci\u00f3n: -20 \u00b0C a 65 \u00b0C<\/span><\/li>\n<li style='margin-bottom: 5px;'><span style='color: inherit;'>Humedad de operaci\u00f3n: 5 % ~ 95 % (sin condensaci\u00f3n)<\/span><\/li>\n<li style='margin-bottom: 5px;'><span style='color: inherit;'>Bot\u00f3n: Reset<\/span><\/li>\n<li style='margin-bottom: 5px;'><span style='color: inherit;'>Sin Ventiladores<\/span><\/li>\n<li style='margin-bottom: 5px;'><span style='color: inherit;'>DIN-rail \/ Escritorio<\/span><\/li>\n<li style='margin-bottom: 5px;'><span style='color: inherit;'>Peso: 0.21kg<\/span><\/li>\n<li style='margin-bottom: 5px;'><span style='color: inherit;'>Protecci\u00f3n ESD Descarga de contacto: \u00b16 kV<\/span><\/li>\n<\/ul><\/div>\n<\/p><\/div>\n<div style='flex: 1 1 250px; border: 1px solid rgba(150&comma; 150&comma; 150&comma; 0.4); border-radius: 8px; overflow: hidden; display: flex; flex-direction: column;'>\n<div style='padding: 15px; border-bottom: 1px solid rgba(150&comma; 150&comma; 150&comma; 0.2); font-weight: bold; font-size: 18px; color: inherit;'>Contenido del Paquete:<\/div>\n<div style='padding: 15px; color: inherit;'>\n<ul style='padding-left: 20px; margin: 0; font-size: 14px; list-style-type: disc; color: inherit;'>\n<li style='margin-bottom: 5px;'><span style='color: inherit;'>WI-IOT100 1 Pieza<\/span><\/li>\n<li style='margin-bottom: 5px;'><span style='color: inherit;'>Accesorios DIN-rail<\/span><\/li>\n<li style='margin-bottom: 5px;'><span style='color: inherit;'>Gu\u00eda r\u00e1pida de instalaci\u00f3n<\/span><\/li>\n<\/ul><\/div>\n<\/p><\/div>\n<\/p><\/div>\n<hr style='border: 0; border-top: 1px solid rgba(150&comma; 150&comma; 150&comma; 0.3); margin: 30px 0;'> <\/div>\n","protected":false},"excerpt":{"rendered":"<p>Controlador IoT \/  2 Puertos 10\/100 Mbps \/ Administraci\u00f3n y Monitoreo desde la nube \/ Ideal para Sistemas Solares \/ Multiples m\u00e9todos de Alimentaci\u00f3n<\/p>\n","protected":false},"featured_media":82713,"comment_status":"open","ping_status":"closed","template":"","meta":[],"product_brand":[],"product_cat":[1986],"product_tag":[664,1987,1262],"class_list":{"0":"post-82714","1":"product","2":"type-product","3":"status-publish","4":"has-post-thumbnail","6":"product_cat-switches-poe","7":"product_tag-networking","8":"product_tag-switches-poe","9":"product_tag-wi-tek","11":"first","12":"instock","13":"sale","14":"shipping-taxable","15":"purchasable","16":"product-type-simple"},"_links":{"self":[{"href":"https:\/\/soydeaqui.ddns.net\/pachuca\/index.php\/wp-json\/wp\/v2\/product\/82714","targetHints":{"allow":["GET"]}}],"collection":[{"href":"https:\/\/soydeaqui.ddns.net\/pachuca\/index.php\/wp-json\/wp\/v2\/product"}],"about":[{"href":"https:\/\/soydeaqui.ddns.net\/pachuca\/index.php\/wp-json\/wp\/v2\/types\/product"}],"replies":[{"embeddable":true,"href":"https:\/\/soydeaqui.ddns.net\/pachuca\/index.php\/wp-json\/wp\/v2\/comments?post=82714"}],"wp:featuredmedia":[{"embeddable":true,"href":"https:\/\/soydeaqui.ddns.net\/pachuca\/index.php\/wp-json\/wp\/v2\/media\/82713"}],"wp:attachment":[{"href":"https:\/\/soydeaqui.ddns.net\/pachuca\/index.php\/wp-json\/wp\/v2\/media?parent=82714"}],"wp:term":[{"taxonomy":"product_brand","embeddable":true,"href":"https:\/\/soydeaqui.ddns.net\/pachuca\/index.php\/wp-json\/wp\/v2\/product_brand?post=82714"},{"taxonomy":"product_cat","embeddable":true,"href":"https:\/\/soydeaqui.ddns.net\/pachuca\/index.php\/wp-json\/wp\/v2\/product_cat?post=82714"},{"taxonomy":"product_tag","embeddable":true,"href":"https:\/\/soydeaqui.ddns.net\/pachuca\/index.php\/wp-json\/wp\/v2\/product_tag?post=82714"}],"curies":[{"name":"wp","href":"https:\/\/api.w.org\/{rel}","templated":true}]}}