{"id":82683,"date":"2026-03-19T19:36:23","date_gmt":"2026-03-19T19:36:23","guid":{"rendered":"https:\/\/soydeaqui.ddns.net\/pachuca\/index.php\/producto\/punto-de-acceso-wifi-7-con-diseno-de-pared-tribanda-en-2-4-5-y-6-ghz-hasta-10-688-gbps-puerto-ethernet-1-2-5-gbe-300-clientes-simultaneos\/"},"modified":"2026-03-19T19:36:41","modified_gmt":"2026-03-19T19:36:41","slug":"punto-de-acceso-wifi-7-con-diseno-de-pared-tribanda-en-2-4-5-y-6-ghz-hasta-10-688-gbps-puerto-ethernet-1-2-5-gbe-300-clientes-simultaneos","status":"publish","type":"product","link":"https:\/\/soydeaqui.ddns.net\/pachuca\/index.php\/producto\/punto-de-acceso-wifi-7-con-diseno-de-pared-tribanda-en-2-4-5-y-6-ghz-hasta-10-688-gbps-puerto-ethernet-1-2-5-gbe-300-clientes-simultaneos\/","title":{"rendered":"Punto de Acceso WiFi 7 Con Dise\u00f1o de Pared, Tribanda en 2.4, 5 y 6 GHz, Hasta 10.688 Gbps, Puerto Ethernet 1\/2.5 GbE, 300+ Clientes Simult\u00e1neos"},"content":{"rendered":"<div style='width: 100%; max-width: 1200px; margin: 0 auto; font-family: sans-serif; line-height: 1.6; color: inherit; background-color: transparent;'> <!-- T\u00edtulo y subt\u00edtulo --> <\/p>\n<div style='display: flex; flex-wrap: wrap; gap: 0 8px; color: rgba(0&comma;0&comma;0&comma;0.65); font-size: 16px;'> <span style='font-size: 20px; font-weight: bold; color: inherit; opacity: 0.8; margin-bottom: -4px;'>U7 Pro Wall<\/span> <\/div>\n<p style='color: rgba(0&comma;0&comma;0&comma;0.5); font-size: 14px; margin: 16px 0;'>U7-Pro-Wall<\/p>\n<p> <!-- Descripci\u00f3n principal --> <\/p>\n<div style='padding-top: 20px; margin-top: 20px; border-top: 1px solid rgba(150&comma;150&comma;150&comma;0.3);'>\n<div style='font-size: 14px; line-height: 1.4; margin-bottom: 20px; color: inherit;'> Punto de acceso WiFi 7 montado en la pared con 6 transmisiones espaciales y soporte de 6 GHz dise\u00f1ado para constructores de viviendas con opciones de instalaci\u00f3n perfectas. <\/div>\n<p> <!-- Caracter\u00edsticas con iconos --> <\/p>\n<div style='margin: 20px 0;'>\n<div style='display: flex; align-items: center; margin-bottom: 12px;'> <img style='width: 20px; height: 20px; border: none;' src='https:\/\/assets.ecomm.ui.com\/static\/key-features\/wifi7.svg' alt='WiFi 7'> <span style='margin-left: 8px; color: inherit;'>WiFi 7 con soporte de 6 GHz<\/span> <\/div>\n<div style='display: flex; align-items: center; margin-bottom: 12px;'> <img style='width: 20px; height: 20px; border: none;' src='https:\/\/assets.ecomm.ui.com\/static\/key-features\/streams.svg' alt='Cadenas espaciales'> <span style='margin-left: 8px; color: inherit;'>6 cadenas espaciales<\/span> <\/div>\n<div style='display: flex; align-items: center; margin-bottom: 12px;'> <img style='width: 20px; height: 20px; border: none;' src='https:\/\/assets.ecomm.ui.com\/static\/key-features\/floorplan.svg' alt='Cobertura'> <span style='margin-left: 8px; color: inherit;'>140 m\u00b2 (1&comma;500 ft\u00b2) cobertura<\/span> <\/div>\n<div style='display: flex; align-items: center; margin-bottom: 12px;'> <img style='width: 20px; height: 20px; border: none;' src='https:\/\/assets.ecomm.ui.com\/static\/key-features\/connection.svg' alt='Dispositivos'> <span style='margin-left: 8px; color: inherit;'>300+ dispositivos conectados<\/span> <\/div>\n<div style='display: flex; align-items: center; margin-bottom: 12px;'> <img style='width: 20px; height: 20px; border: none;' src='https:\/\/assets.ecomm.ui.com\/static\/key-features\/poe_plus.svg' alt='PoE+'> <span style='margin-left: 8px; color: inherit;'>Se energiza con PoE+ (NO incluido&comma; se recomienda Switch UniFi PoE+&comma; o inyector <a style='color: #3598db; text-decoration: none;' href='https:\/\/www.syscom.mx\/producto\/U-POE+-Ubiquiti-Inc-237732.html' target='_blank' rel='noopener'>U-POE+<\/a>)<\/span> <\/div>\n<div style='display: flex; align-items: center; margin-bottom: 12px;'> <img style='width: 20px; height: 20px; border: none;' src='https:\/\/assets.ecomm.ui.com\/static\/key-features\/uplink.svg' alt='Uplink'> <span style='margin-left: 8px; color: inherit;'>Puerto Uplink 2.5 GbE<\/span> <\/div>\n<div style='display: flex; align-items: center; margin-bottom: 12px;'> <img style='width: 20px; height: 20px; border: none;' src='https:\/\/assets.ecomm.ui.com\/static\/key-features\/mount.svg' alt='Montaje'> <span style='margin-left: 8px; color: inherit;'>Montaje vers\u00e1til: para pared (incluido)&comma; o con accesorio para mesa (no incluido)<\/span> <\/div>\n<\/p><\/div>\n<p> <!-- Notas importantes --> <\/p>\n<div style='margin: 20px 0; font-size: 14px;'>\n<div style='margin-bottom: 12px; font-size: 10.5px; line-height: 1; vertical-align: baseline; bottom: -0.25em;'> <span style='font-weight: bold;'>Nota: 6 GHz est\u00e1 disponible solo en<\/span> <a style='color: #006fff; text-decoration: none;' href='https:\/\/help.ui.com\/hc\/en-us\/articles\/8691786444567'>estos pa\u00edses<\/a>.<br \/> La capacidad de operaci\u00f3n de enlaces m\u00faltiples (MLO) estar\u00e1 disponible pr\u00f3ximamente y se proporcionar\u00e1 mediante una actualizaci\u00f3n de software.+<\/div>\n<\/p><\/div>\n<p> <!-- Im\u00e1genes del producto --> <\/p>\n<div style='display: flex; flex-wrap: wrap; gap: 20px; margin: 20px 0;'> <img style='width: 100%; height: auto; border: 1px solid rgba(150&comma;150&comma;150&comma;0.3); border-radius: 8px;' src='https:\/\/images.svc.ui.com\/?u=https%3A%2F%2Fcdn.ecomm.ui.com%2Fproducts%2F7dacb4f6-b703-4154-9264-784f2eb0dbda%2F58e233c0-6bf1-4199-b998-b2c63b806098.png&#038;q=75&#038;w=3840' alt=''> <img style='width: 100%; height: auto; border: 1px solid rgba(150&comma;150&comma;150&comma;0.3); border-radius: 8px;' src='https:\/\/images.svc.ui.com\/?u=https%3A%2F%2Fcdn.ecomm.ui.com%2Fproducts%2F7dacb4f6-b703-4154-9264-784f2eb0dbda%2F736cbf6d-3b12-4de5-a7c0-8c7ac0c2aee3.png&#038;q=75&#038;w=3840' alt=''> <img style='width: 100%; height: auto; border: 1px solid rgba(150&comma;150&comma;150&comma;0.3); border-radius: 8px;' src='https:\/\/images.svc.ui.com\/?u=https%3A%2F%2Fcdn.ecomm.ui.com%2Fproducts%2F7dacb4f6-b703-4154-9264-784f2eb0dbda%2Fdd9ee8d0-32d6-4ddd-9f3c-191fb188569f.png&#038;q=75&#038;w=3840' alt=''> <img style='width: 100%; height: auto; border: 1px solid rgba(150&comma;150&comma;150&comma;0.3); border-radius: 8px;' src='https:\/\/images.svc.ui.com\/?u=https%3A%2F%2Fcdn.ecomm.ui.com%2Fproducts%2F7dacb4f6-b703-4154-9264-784f2eb0dbda%2F5890a014-54b6-4cbd-9bf6-29f7cc32be64.png&#038;q=75&#038;w=3840' alt=''> <img style='width: 100%; height: auto; border: 1px solid rgba(150&comma;150&comma;150&comma;0.3); border-radius: 8px;' src='https:\/\/images.svc.ui.com\/?u=https%3A%2F%2Fcdn.ecomm.ui.com%2Fproducts%2F7dacb4f6-b703-4154-9264-784f2eb0dbda%2F88bed964-9557-4ddd-9be7-8a39a99aa482.png&#038;q=75&#038;w=3840' alt=''> <img style='width: 100%; height: auto; border: 1px solid rgba(150&comma;150&comma;150&comma;0.3); border-radius: 8px;' src='https:\/\/images.svc.ui.com\/?u=https%3A%2F%2Fcdn.ecomm.ui.com%2Fproducts%2F7dacb4f6-b703-4154-9264-784f2eb0dbda%2Fc2370d7b-af73-48b1-a8c4-83de9876aa80.png&#038;q=75&#038;w=3840' alt=''> <\/div>\n<p> <!-- Especificaciones --> <\/p>\n<div style='margin: 30px 0;'>\n<h3 style='font-size: 22px; border-bottom: 2px solid currentColor; padding-bottom: 5px; margin-top: 0; color: inherit; opacity: 0.8;'>Especificaciones<\/h3>\n<div style='display: flex; flex-wrap: wrap; gap: 20px; margin-top: 20px;'>\n<div style='flex: 1 1 250px; border: 1px solid rgba(150&comma;150&comma;150&comma;0.4); border-radius: 8px; overflow: hidden; display: flex; flex-direction: column;'>\n<div style='padding: 15px; border-bottom: 1px solid rgba(150&comma;150&comma;150&comma;0.2); font-weight: bold; font-size: 18px; color: inherit;'>Dimensiones<\/div>\n<div style='padding: 15px; color: inherit;'>\n<ul style='padding-left: 20px; margin: 0; font-size: 14px; list-style-type: disc;'>\n<li style='margin-bottom: 5px;'>150 x 103 x 36 mm (5&comma;9 x 4&comma;1 x 1&comma;4&#8242;)<\/li>\n<\/ul><\/div>\n<\/p><\/div>\n<div style='flex: 1 1 250px; border: 1px solid rgba(150&comma;150&comma;150&comma;0.4); border-radius: 8px; overflow: hidden; display: flex; flex-direction: column;'>\n<div style='padding: 15px; border-bottom: 1px solid rgba(150&comma;150&comma;150&comma;0.2); font-weight: bold; font-size: 18px; color: inherit;'>Est\u00e1ndar WiFi<\/div>\n<div style='padding: 15px; color: inherit;'>\n<ul style='padding-left: 20px; margin: 0; font-size: 14px; list-style-type: disc;'>\n<li style='margin-bottom: 5px;'>Wi-Fi 7<\/li>\n<\/ul><\/div>\n<\/p><\/div>\n<div style='flex: 1 1 250px; border: 1px solid rgba(150&comma;150&comma;150&comma;0.4); border-radius: 8px; overflow: hidden; display: flex; flex-direction: column;'>\n<div style='padding: 15px; border-bottom: 1px solid rgba(150&comma;150&comma;150&comma;0.2); font-weight: bold; font-size: 18px; color: inherit;'>Flujos espaciales<\/div>\n<div style='padding: 15px; color: inherit;'>\n<ul style='padding-left: 20px; margin: 0; font-size: 14px; list-style-type: disc;'>\n<li style='margin-bottom: 5px;'>6<\/li>\n<\/ul><\/div>\n<\/p><\/div>\n<div style='flex: 1 1 250px; border: 1px solid rgba(150&comma;150&comma;150&comma;0.4); border-radius: 8px; overflow: hidden; display: flex; flex-direction: column;'>\n<div style='padding: 15px; border-bottom: 1px solid rgba(150&comma;150&comma;150&comma;0.2); font-weight: bold; font-size: 18px; color: inherit;'>\u00c1rea de cobertura<\/div>\n<div style='padding: 15px; color: inherit;'>\n<ul style='padding-left: 20px; margin: 0; font-size: 14px; list-style-type: disc;'>\n<li style='margin-bottom: 5px;'>140 m\u00b2 (1.500 pies\u00b2)<\/li>\n<\/ul><\/div>\n<\/p><\/div>\n<div style='flex: 1 1 250px; border: 1px solid rgba(150&comma;150&comma;150&comma;0.4); border-radius: 8px; overflow: hidden; display: flex; flex-direction: column;'>\n<div style='padding: 15px; border-bottom: 1px solid rgba(150&comma;150&comma;150&comma;0.2); font-weight: bold; font-size: 18px; color: inherit;'>N\u00famero m\u00e1ximo de clientes<\/div>\n<div style='padding: 15px; color: inherit;'>\n<ul style='padding-left: 20px; margin: 0; font-size: 14px; list-style-type: disc;'>\n<li style='margin-bottom: 5px;'>m\u00e1s de 300<\/li>\n<\/ul><\/div>\n<\/p><\/div>\n<div style='flex: 1 1 250px; border: 1px solid rgba(150&comma;150&comma;150&comma;0.4); border-radius: 8px; overflow: hidden; display: flex; flex-direction: column;'>\n<div style='padding: 15px; border-bottom: 1px solid rgba(150&comma;150&comma;150&comma;0.2); font-weight: bold; font-size: 18px; color: inherit;'>Enlace ascendente<\/div>\n<div style='padding: 15px; color: inherit;'>\n<ul style='padding-left: 20px; margin: 0; font-size: 14px; list-style-type: disc;'>\n<li style='margin-bottom: 5px;'>2&comma;5 GbE<\/li>\n<\/ul><\/div>\n<\/p><\/div>\n<div style='flex: 1 1 250px; border: 1px solid rgba(150&comma;150&comma;150&comma;0.4); border-radius: 8px; overflow: hidden; display: flex; flex-direction: column;'>\n<div style='padding: 15px; border-bottom: 1px solid rgba(150&comma;150&comma;150&comma;0.2); font-weight: bold; font-size: 18px; color: inherit;'>Montaje<\/div>\n<div style='padding: 15px; color: inherit;'>\n<ul style='padding-left: 20px; margin: 0; font-size: 14px; list-style-type: disc;'>\n<li style='margin-bottom: 5px;'>Pared (soporte incluido)<\/li>\n<\/ul><\/div>\n<\/p><\/div>\n<div style='flex: 1 1 250px; border: 1px solid rgba(150&comma;150&comma;150&comma;0.4); border-radius: 8px; overflow: hidden; display: flex; flex-direction: column;'>\n<div style='padding: 15px; border-bottom: 1px solid rgba(150&comma;150&comma;150&comma;0.2); font-weight: bold; font-size: 18px; color: inherit;'>M\u00e9todo de potencia<\/div>\n<div style='padding: 15px; color: inherit;'>\n<ul style='padding-left: 20px; margin: 0; font-size: 14px; list-style-type: disc;'>\n<li style='margin-bottom: 5px;'>PoE+<\/li>\n<\/ul><\/div>\n<\/p><\/div>\n<div style='flex: 1 1 250px; border: 1px solid rgba(150&comma;150&comma;150&comma;0.4); border-radius: 8px; overflow: hidden; display: flex; flex-direction: column;'>\n<div style='padding: 15px; border-bottom: 1px solid rgba(150&comma;150&comma;150&comma;0.2); font-weight: bold; font-size: 18px; color: inherit;'>MIMO<\/div>\n<div style='padding: 15px; color: inherit;'>\n<ul style='padding-left: 20px; margin: 0; font-size: 14px; list-style-type: disc;'>\n<li style='margin-bottom: 5px;'>6 GHz: 2 x 2 (DL\/UL MU-MIMO)<\/li>\n<li style='margin-bottom: 5px;'>5 GHz: 2 x 2 (DL\/UL MU-MIMO)<\/li>\n<li style='margin-bottom: 5px;'>2&comma;4 GHz: 2 x 2 (DL\/UL MU-MIMO)<\/li>\n<\/ul><\/div>\n<\/p><\/div>\n<div style='flex: 1 1 250px; border: 1px solid rgba(150&comma;150&comma;150&comma;0.4); border-radius: 8px; overflow: hidden; display: flex; flex-direction: column;'>\n<div style='padding: 15px; border-bottom: 1px solid rgba(150&comma;150&comma;150&comma;0.2); font-weight: bold; font-size: 18px; color: inherit;'>Velocidad m\u00e1xima de datos<\/div>\n<div style='padding: 15px; color: inherit;'>\n<ul style='padding-left: 20px; margin: 0; font-size: 14px; list-style-type: disc;'>\n<li style='margin-bottom: 5px;'>6 GHz: 5&comma;7 Gbps (BW320)<\/li>\n<li style='margin-bottom: 5px;'>5 GHz: 4&comma;3 Gbps (BW240)<\/li>\n<li style='margin-bottom: 5px;'>2&comma;4 GHz: 688 Mbps (BW40)<\/li>\n<\/ul><\/div>\n<\/p><\/div>\n<div style='flex: 1 1 250px; border: 1px solid rgba(150&comma;150&comma;150&comma;0.4); border-radius: 8px; overflow: hidden; display: flex; flex-direction: column;'>\n<div style='padding: 15px; border-bottom: 1px solid rgba(150&comma;150&comma;150&comma;0.2); font-weight: bold; font-size: 18px; color: inherit;'>Ganancia de la antena<\/div>\n<div style='padding: 15px; color: inherit;'>\n<ul style='padding-left: 20px; margin: 0; font-size: 14px; list-style-type: disc;'>\n<li style='margin-bottom: 5px;'>6 GHz: 6 dBi<\/li>\n<li style='margin-bottom: 5px;'>5 GHz: 5 dBi<\/li>\n<li style='margin-bottom: 5px;'>2&comma;4 GHz: 4 dBi<\/li>\n<\/ul><\/div>\n<\/p><\/div>\n<div style='flex: 1 1 250px; border: 1px solid rgba(150&comma;150&comma;150&comma;0.4); border-radius: 8px; overflow: hidden; display: flex; flex-direction: column;'>\n<div style='padding: 15px; border-bottom: 1px solid rgba(150&comma;150&comma;150&comma;0.2); font-weight: bold; font-size: 18px; color: inherit;'>Potencia m\u00e1xima de transmisi\u00f3n<\/div>\n<div style='padding: 15px; color: inherit;'>\n<ul style='padding-left: 20px; margin: 0; font-size: 14px; list-style-type: disc;'>\n<li style='margin-bottom: 5px;'>6 GHz: 23 dBm<\/li>\n<li style='margin-bottom: 5px;'>5 GHz: 26 dBm<\/li>\n<li style='margin-bottom: 5px;'>2&comma;4 GHz: 22 dBm<\/li>\n<\/ul><\/div>\n<\/p><\/div>\n<div style='flex: 1 1 250px; border: 1px solid rgba(150&comma;150&comma;150&comma;0.4); border-radius: 8px; overflow: hidden; display: flex; flex-direction: column;'>\n<div style='padding: 15px; border-bottom: 1px solid rgba(150&comma;150&comma;150&comma;0.2); font-weight: bold; font-size: 18px; color: inherit;'>M\u00e1ximo de BSSID<\/div>\n<div style='padding: 15px; color: inherit;'>\n<ul style='padding-left: 20px; margin: 0; font-size: 14px; list-style-type: disc;'>\n<li style='margin-bottom: 5px;'>8 por radio<\/li>\n<\/ul><\/div>\n<\/p><\/div>\n<div style='flex: 1 1 250px; border: 1px solid rgba(150&comma;150&comma;150&comma;0.4); border-radius: 8px; overflow: hidden; display: flex; flex-direction: column;'>\n<div style='padding: 15px; border-bottom: 1px solid rgba(150&comma;150&comma;150&comma;0.2); font-weight: bold; font-size: 18px; color: inherit;'>Consumo m\u00e1ximo de energ\u00eda<\/div>\n<div style='padding: 15px; color: inherit;'>\n<ul style='padding-left: 20px; margin: 0; font-size: 14px; list-style-type: disc;'>\n<li style='margin-bottom: 5px;'>22W<\/li>\n<\/ul><\/div>\n<\/p><\/div>\n<div style='flex: 1 1 250px; border: 1px solid rgba(150&comma;150&comma;150&comma;0.4); border-radius: 8px; overflow: hidden; display: flex; flex-direction: column;'>\n<div style='padding: 15px; border-bottom: 1px solid rgba(150&comma;150&comma;150&comma;0.2); font-weight: bold; font-size: 18px; color: inherit;'>Rango de voltaje admitido<\/div>\n<div style='padding: 15px; color: inherit;'>\n<ul style='padding-left: 20px; margin: 0; font-size: 14px; list-style-type: disc;'>\n<li style='margin-bottom: 5px;'>44\u201457 V CC<\/li>\n<\/ul><\/div>\n<\/p><\/div>\n<div style='flex: 1 1 250px; border: 1px solid rgba(150&comma;150&comma;150&comma;0.4); border-radius: 8px; overflow: hidden; display: flex; flex-direction: column;'>\n<div style='padding: 15px; border-bottom: 1px solid rgba(150&comma;150&comma;150&comma;0.2); font-weight: bold; font-size: 18px; color: inherit;'>Interfaz de red<\/div>\n<div style='padding: 15px; color: inherit;'>\n<ul style='padding-left: 20px; margin: 0; font-size: 14px; list-style-type: disc;'>\n<li style='margin-bottom: 5px;'>(1) puerto RJ45 de 1\/2&comma;5 GbE<\/li>\n<\/ul><\/div>\n<\/p><\/div>\n<div style='flex: 1 1 250px; border: 1px solid rgba(150&comma;150&comma;150&comma;0.4); border-radius: 8px; overflow: hidden; display: flex; flex-direction: column;'>\n<div style='padding: 15px; border-bottom: 1px solid rgba(150&comma;150&comma;150&comma;0.2); font-weight: bold; font-size: 18px; color: inherit;'>Peso<\/div>\n<div style='padding: 15px; color: inherit;'>\n<ul style='padding-left: 20px; margin: 0; font-size: 14px; list-style-type: disc;'>\n<li style='margin-bottom: 5px;'>580 g (1&comma;3 libras)<\/li>\n<\/ul><\/div>\n<\/p><\/div>\n<div style='flex: 1 1 250px; border: 1px solid rgba(150&comma;150&comma;150&comma;0.4); border-radius: 8px; overflow: hidden; display: flex; flex-direction: column;'>\n<div style='padding: 15px; border-bottom: 1px solid rgba(150&comma;150&comma;150&comma;0.2); font-weight: bold; font-size: 18px; color: inherit;'>Gesti\u00f3n<\/div>\n<div style='padding: 15px; color: inherit;'>\n<ul style='padding-left: 20px; margin: 0; font-size: 14px; list-style-type: disc;'>\n<li style='margin-bottom: 5px;'>Ethernet<\/li>\n<\/ul><\/div>\n<\/p><\/div>\n<div style='flex: 1 1 250px; border: 1px solid rgba(150&comma;150&comma;150&comma;0.4); border-radius: 8px; overflow: hidden; display: flex; flex-direction: column;'>\n<div style='padding: 15px; border-bottom: 1px solid rgba(150&comma;150&comma;150&comma;0.2); font-weight: bold; font-size: 18px; color: inherit;'>Material del recinto<\/div>\n<div style='padding: 15px; color: inherit;'>\n<ul style='padding-left: 20px; margin: 0; font-size: 14px; list-style-type: disc;'>\n<li style='margin-bottom: 5px;'>Policarbonato&comma; aluminio<\/li>\n<\/ul><\/div>\n<\/p><\/div>\n<div style='flex: 1 1 250px; border: 1px solid rgba(150&comma;150&comma;150&comma;0.4); border-radius: 1px solid rgba(150&comma;150&comma;150&comma;0.4); border-radius: 8px; overflow: hidden; display: flex; flex-direction: column;'>\n<div style='padding: 15px; border-bottom: 1px solid rgba(150&comma;150&comma;150&comma;0.2); font-weight: bold; font-size: 18px; color: inherit;'>Material de montaje<\/div>\n<div style='padding: 15px; color: inherit;'>\n<ul style='padding-left: 20px; margin: 0; font-size: 14px; list-style-type: disc;'>\n<li style='margin-bottom: 5px;'>Aluminio<\/li>\n<\/ul><\/div>\n<\/p><\/div>\n<div style='flex: 1 1 250px; border: 1px solid rgba(150&comma;150&comma;150&comma;0.4); border-radius: 8px; overflow: hidden; display: flex; flex-direction: column;'>\n<div style='padding: 15px; border-bottom: 1px solid rgba(150&comma;150&comma;150&comma;0.2); font-weight: bold; font-size: 18px; color: inherit;'>LED<\/div>\n<div style='padding: 15px; color: inherit;'>\n<ul style='padding-left: 20px; margin: 0; font-size: 14px; list-style-type: disc;'>\n<li style='margin-bottom: 5px;'>Blanco\/Azul<\/li>\n<\/ul><\/div>\n<\/p><\/div>\n<div style='flex: 1 1 250px; border: 1px solid rgba(150&comma;150&comma;150&comma;0.4); border-radius: 8px; overflow: hidden; display: flex; flex-direction: column;'>\n<div style='padding: 15px; border-bottom: 1px solid rgba(150&comma;150&comma;150&comma;0.2); font-weight: bold; font-size: 18px; color: inherit;'>Ancho de banda del canal<\/div>\n<div style='padding: 15px; color: inherit;'>\n<ul style='padding-left: 20px; margin: 0; font-size: 14px; list-style-type: disc;'>\n<li style='margin-bottom: 5px;'>HT 20\/40&comma; VHT 20\/40\/80\/160&comma; HE 20\/40\/80\/160&comma; EHT 20\/40\/80\/160\/240\/320 (MHz)<\/li>\n<\/ul><\/div>\n<\/p><\/div>\n<\/p><\/div>\n<\/p><\/div>\n<p> <!-- Contenido del paquete --> <\/p>\n<div style='margin: 30px 0;'>\n<h3 style='font-size: 18px; margin-bottom: 16px; color: inherit; opacity: 0.8;'>Contenido del paquete:<\/h3>\n<p> <img style='width: 100%; height: auto; border: 1px solid rgba(150&comma;150&comma;150&comma;0.3); border-radius: 8px;' src='https:\/\/images.svc.ui.com\/?u=https%3A%2F%2Fcdn.ecomm.ui.com%2Fproducts%2F7dacb4f6-b703-4154-9264-784f2eb0dbda%2F2f24ac5e-4767-4ef9-8ff4-32d47d457538.png&#038;q=75&#038;w=3840' alt=''> <\/div>\n<\/p><\/div>\n<\/p><\/div>\n","protected":false},"excerpt":{"rendered":"<p>Punto de Acceso WiFi 7 Con Dise\u00f1o de Pared, Tribanda en 2.4, 5 y 6 GHz, Hasta 10.688 Gbps, Puerto Ethernet 1\/2.5 GbE, 300+ Clientes Simult\u00e1neos<\/p>\n","protected":false},"featured_media":82682,"comment_status":"open","ping_status":"closed","template":"","meta":[],"product_brand":[],"product_cat":[1794],"product_tag":[1795,1479,166],"class_list":{"0":"post-82683","1":"product","2":"type-product","3":"status-publish","4":"has-post-thumbnail","6":"product_cat-puntos-de-acceso","7":"product_tag-puntos-de-acceso","8":"product_tag-redes-wifi","9":"product_tag-ubiquiti","11":"first","12":"instock","13":"sale","14":"shipping-taxable","15":"purchasable","16":"product-type-simple"},"_links":{"self":[{"href":"https:\/\/soydeaqui.ddns.net\/pachuca\/index.php\/wp-json\/wp\/v2\/product\/82683","targetHints":{"allow":["GET"]}}],"collection":[{"href":"https:\/\/soydeaqui.ddns.net\/pachuca\/index.php\/wp-json\/wp\/v2\/product"}],"about":[{"href":"https:\/\/soydeaqui.ddns.net\/pachuca\/index.php\/wp-json\/wp\/v2\/types\/product"}],"replies":[{"embeddable":true,"href":"https:\/\/soydeaqui.ddns.net\/pachuca\/index.php\/wp-json\/wp\/v2\/comments?post=82683"}],"wp:featuredmedia":[{"embeddable":true,"href":"https:\/\/soydeaqui.ddns.net\/pachuca\/index.php\/wp-json\/wp\/v2\/media\/82682"}],"wp:attachment":[{"href":"https:\/\/soydeaqui.ddns.net\/pachuca\/index.php\/wp-json\/wp\/v2\/media?parent=82683"}],"wp:term":[{"taxonomy":"product_brand","embeddable":true,"href":"https:\/\/soydeaqui.ddns.net\/pachuca\/index.php\/wp-json\/wp\/v2\/product_brand?post=82683"},{"taxonomy":"product_cat","embeddable":true,"href":"https:\/\/soydeaqui.ddns.net\/pachuca\/index.php\/wp-json\/wp\/v2\/product_cat?post=82683"},{"taxonomy":"product_tag","embeddable":true,"href":"https:\/\/soydeaqui.ddns.net\/pachuca\/index.php\/wp-json\/wp\/v2\/product_tag?post=82683"}],"curies":[{"name":"wp","href":"https:\/\/api.w.org\/{rel}","templated":true}]}}