{"id":82652,"date":"2026-03-19T19:35:05","date_gmt":"2026-03-19T19:35:05","guid":{"rendered":"https:\/\/soydeaqui.ddns.net\/pachuca\/index.php\/producto\/kit-de-enalce-inalambrico-omada-para-exterior-frecuencia-de-5ghz-emparejamiento-automatico-3-puertos-gigabit-poe-pasivo-24-vcc-o-802-3-poeaf-antena-direccional-de-7-dbi-mimo-2x2-adminsitra\/"},"modified":"2026-03-19T19:35:12","modified_gmt":"2026-03-19T19:35:12","slug":"kit-de-enalce-inalambrico-omada-para-exterior-frecuencia-de-5ghz-emparejamiento-automatico-3-puertos-gigabit-poe-pasivo-24-vcc-o-802-3-poeaf-antena-direccional-de-7-dbi-mimo-2x2-adminsitra","status":"publish","type":"product","link":"https:\/\/soydeaqui.ddns.net\/pachuca\/index.php\/producto\/kit-de-enalce-inalambrico-omada-para-exterior-frecuencia-de-5ghz-emparejamiento-automatico-3-puertos-gigabit-poe-pasivo-24-vcc-o-802-3-poeaf-antena-direccional-de-7-dbi-mimo-2x2-adminsitra\/","title":{"rendered":"KIT de Enalce Inal\u00e1mbrico Omada para Exterior \/ Frecuencia de 5GHz \/ Emparejamiento Autom\u00e1tico \/ 3 puertos Gigabit \/ PoE Pasivo 24 Vcc o 802.3 PoEaf \/ Antena Direccional de 7 dBi MIMO 2&#215;2 \/ Adminsitraci\u00f3n Remota Mediante Omada"},"content":{"rendered":"<div style='width: 100%; max-width: 1200px; margin: 0 auto; font-family: sans-serif; line-height: 1.6; color: inherit; background-color: transparent;'>\n<div style='display: flex; flex-wrap: wrap; gap: 30px; margin-bottom: 30px;'>\n<div style='flex: 1 1 300px; min-width: 280px;'>\n<h3 style='font-size: 22px; border-bottom: 2px solid currentColor; padding-bottom: 5px; margin-top: 0; color: inherit; opacity: 0.8;'>Caracter\u00edsticas Generales<\/h3>\n<ul style='padding-left: 20px; font-size: 15px; color: inherit;'>\n<li style='margin-bottom: 5px;'>Es la soluci\u00f3n profesional&comma; econ\u00f3mica y de alto rendimiento para crear un enlace punto a punto (PTP) robusto y confiable hasta 1000 metros de distancia.<\/li>\n<li style='margin-bottom: 5px;'>Dise\u00f1ado espec\u00edficamente para entornos desafiantes&comma; este kit todo en uno te permite extender tu red de forma seamless como si estuvieras cableado&comma; pero con la flexibilidad de lo inal\u00e1mbrico.<\/li>\n<\/ul><\/div>\n<\/p><\/div>\n<div style='display: flex; flex-wrap: wrap; gap: 20px; margin-bottom: 30px;'>\n<div style='flex: 1 1 250px; border: 1px solid rgba(150&comma; 150&comma; 150&comma; 0.4); border-radius: 8px; overflow: hidden; display: flex; flex-direction: column;'>\n<div style='padding: 15px; border-bottom: 1px solid rgba(150&comma; 150&comma; 150&comma; 0.2); font-weight: bold; font-size: 18px; color: inherit;'>Caracter\u00edsticas principales<\/div>\n<div style='padding: 15px; color: inherit;'>\n<ul style='padding-left: 20px; margin: 0; font-size: 14px; list-style-type: disc;'>\n<li style='margin-bottom: 5px;'>(1) Puerto Gigabit Entrada PoE \/ 24V pasivo<\/li>\n<li style='margin-bottom: 5px;'>(2) Puertos Gigabit<\/li>\n<li style='margin-bottom: 5px;'>Gesti\u00f3n Web \/ App Omada \/ Controladora Omada<\/li>\n<li style='margin-bottom: 5px;'><a href='https:\/\/www.omadanetworks.com\/es\/omada-sdn\/' target='_blank' rel='noopener noreferrer' style='color: inherit; text-decoration: underline;'>Aprende m\u00e1s sobre Omada<\/a><\/li>\n<li style='margin-bottom: 5px;'>Certificaciones: CE&comma; FCC&comma; RoHS<\/li>\n<li style='margin-bottom: 5px;'>Estandares WiFi: IEEE 802.11 a\/n\/ac<\/li>\n<li style='margin-bottom: 5px;'>Gesti\u00f3n centralizada:\n<ul style='margin-top: 5px; margin-bottom: 5px; padding-left: 20px;'>\n<li style='margin-bottom: 5px;'>OC200<\/li>\n<li style='margin-bottom: 5px;'>OC300<\/li>\n<li style='margin-bottom: 5px;'><a href='https:\/\/support.omadanetworks.com\/es\/product\/omada-software-controller\/?resourceType=download' target='_blank' rel='noopener noreferrer' style='color: inherit; text-decoration: underline;'>Omada Software<\/a><\/li>\n<li style='margin-bottom: 5px;'><a href='https:\/\/omada.tplinkcloud.com\/' target='_blank' rel='noopener noreferrer' style='color: inherit; text-decoration: underline;'>Omada basado en la nube<\/a><\/li>\n<\/ul>\n<\/li>\n<li style='margin-bottom: 5px;'>Bot\u00f3n: Reset<\/li>\n<li style='margin-bottom: 5px;'>DIP Switch: AP \/ CPE<\/li>\n<\/ul><\/div>\n<\/p><\/div>\n<div style='flex: 1 1 250px; border: 1px solid rgba(150&comma; 150&comma; 150&comma; 0.4); border-radius: 8px; overflow: hidden; display: flex; flex-direction: column;'>\n<div style='padding: 15px; border-bottom: 1px solid rgba(150&comma; 150&comma; 150&comma; 0.2); font-weight: bold; font-size: 18px; color: inherit;'>Caracter\u00edsticas f\u00edsicas y el\u00e9ctricas<\/div>\n<div style='padding: 15px; color: inherit;'>\n<ul style='padding-left: 20px; margin: 0; font-size: 14px; list-style-type: disc;'>\n<li style='margin-bottom: 5px;'>Dimensiones: 79 x 60 x 22.4 mm<\/li>\n<li style='margin-bottom: 5px;'>Alimentaci\u00f3n: 802.3af PoE \/ PoE 24V pasivo \/ 12 Vcc (Incluye el adaptador 24v pasivo)<\/li>\n<li style='margin-bottom: 5px;'>Consumo m\u00e1ximo: 11.5 W<\/li>\n<li style='margin-bottom: 5px;'>Temperatura de operaci\u00f3n: 0\u00ba a 40\u00ba<\/li>\n<li style='margin-bottom: 5px;'>Humedad de operaci\u00f3n: 10 a 90% sin condensaci\u00f3n<\/li>\n<li style='margin-bottom: 5px;'>Frecuencia: 5 GHz<\/li>\n<li style='margin-bottom: 5px;'>Potencia de transmisi\u00f3n:\n<ul style='margin-top: 5px; margin-bottom: 5px; padding-left: 20px;'>\n<li style='margin-bottom: 5px;'>CE: <23dBm (5 GHz&comma; banda 1\/2&comma; EIRP); <30dBm (5 GHz&comma; banda3&comma; EIRP)<\/li>\n<li style='margin-bottom: 5px;'>FCC: <23dBm (5 GHz&comma; banda1) <25dBm (5 GHz&comma; banda4)<\/li>\n<\/ul>\n<\/li>\n<li style='margin-bottom: 5px;'>Protecci\u00f3n contra descargas:\n<ul style='margin-top: 5px; margin-bottom: 5px; padding-left: 20px;'>\n<li style='margin-bottom: 5px;'>Descarga de aire: \u00b18 kV<\/li>\n<li style='margin-bottom: 5px;'>Descarga de contacto: \u00b14 kV<\/li>\n<li style='margin-bottom: 5px;'>Modo com\u00fan 10\/700: \u00b16 kV<\/li>\n<\/ul>\n<\/li>\n<\/ul><\/div>\n<\/p><\/div>\n<div style='flex: 1 1 250px; border: 1px solid rgba(150&comma; 150&comma; 150&comma; 0.4); border-radius: 8px; overflow: hidden; display: flex; flex-direction: column;'>\n<div style='padding: 15px; border-bottom: 1px solid rgba(150&comma; 150&comma; 150&comma; 0.2); font-weight: bold; font-size: 18px; color: inherit;'>Contenido del Paquete<\/div>\n<div style='padding: 15px; color: inherit;'>\n<ul style='padding-left: 20px; margin: 0; font-size: 14px; list-style-type: disc;'>\n<li style='margin-bottom: 5px;'>Enlace Inal\u00e1mbrico: EAP211-Bridge-KIT<\/li>\n<li style='margin-bottom: 5px;'>Gu\u00eda de Instalaci\u00f3n<\/li>\n<li style='margin-bottom: 5px;'>Kit de Montaje<\/li>\n<li style='margin-bottom: 5px;'>Adaptador PoE pasivo<\/li>\n<\/ul><\/div>\n<\/p><\/div>\n<div style='flex: 1 1 250px; border: 1px solid rgba(150&comma; 150&comma; 150&comma; 0.4); border-radius: 8px; overflow: hidden; display: flex; flex-direction: column;'>\n<div style='padding: 15px; border-bottom: 1px solid rgba(150&comma; 150&comma; 150&comma; 0.2); font-weight: bold; font-size: 18px; color: inherit;'>Funciones Avanzadas<\/div>\n<div style='padding: 15px; color: inherit;'>\n<ul style='padding-left: 20px; margin: 0; font-size: 14px; list-style-type: disc;'>\n<li style='margin-bottom: 5px;'>MU-MIMO; 5G 2&#215;2 MU-MIMO DL<\/li>\n<li style='margin-bottom: 5px;'>Estad\u00edsticas inal\u00e1mbricas<\/li>\n<li style='margin-bottom: 5px;'>VLAN<\/li>\n<li style='margin-bottom: 5px;'>Detecci\u00f3n de AP no autorizados<\/li>\n<li style='margin-bottom: 5px;'>Cifrado inal\u00e1mbrico<\/li>\n<li style='margin-bottom: 5px;'>Autenticaci\u00f3n de portal cautivo<\/li>\n<li style='margin-bottom: 5px;'>Limite de velocidades<\/li>\n<li style='margin-bottom: 5px;'>Limite de velocidad<\/li>\n<li style='margin-bottom: 5px;'>Programa de Reinicio<\/li>\n<li style='margin-bottom: 5px;'>Alertas por correo<\/li>\n<li style='margin-bottom: 5px;'>Filtrado de direcciones MAC inal\u00e1mbrica: 4000<\/li>\n<\/ul><\/div>\n<\/p><\/div>\n<\/p><\/div>\n<hr style='border: 0; border-top: 1px solid rgba(150&comma; 150&comma; 150&comma; 0.3); margin: 30px 0;'>\n<div style='display: flex; flex-wrap: wrap; gap: 30px; margin-bottom: 30px;'>\n<div style='flex: 1 1 300px; min-width: 280px;'>\n<h3 style='font-size: 22px; border-bottom: 2px solid currentColor; padding-bottom: 5px; margin-top: 0; color: inherit; opacity: 0.8;'>Emparejamiento Autom\u00e1tico<\/h3>\n<p style='margin-top: 0;'>El kit ya viene preconfigurado para una mejor configuraci\u00f3n.<\/p>\n<p>LEDs indicadores de se\u00f1al&comma; para una mejor alineaci\u00f3n.<\/p>\n<\/p><\/div>\n<\/p><\/div>\n<hr style='border: 0; border-top: 1px solid rgba(150&comma; 150&comma; 150&comma; 0.3); margin: 30px 0;'>\n<div style='display: flex; flex-wrap: wrap; gap: 30px; margin-bottom: 30px;'>\n<div style='flex: 1 1 300px; min-width: 280px;'>\n<h3 style='font-size: 22px; border-bottom: 2px solid currentColor; padding-bottom: 5px; margin-top: 0; color: inherit; opacity: 0.8;'>Aplicaciones<\/h3>\n<ul style='padding-left: 20px; font-size: 15px; color: inherit;'>\n<li style='margin-bottom: 5px;'>Granjas \/ Huertos \/ Ranchos<\/li>\n<li style='margin-bottom: 5px;'>Oficinas Adicionales<\/li>\n<li style='margin-bottom: 5px;'>Sisitos en Construcci\u00f3n<\/li>\n<li style='margin-bottom: 5px;'>Estacionamientos<\/li>\n<\/ul><\/div>\n<\/p><\/div>\n<hr style='border: 0; border-top: 1px solid rgba(150&comma; 150&comma; 150&comma; 0.3); margin: 30px 0;'>\n<div style='display: flex; flex-wrap: wrap; gap: 30px; margin-bottom: 30px;'>\n<div style='flex: 1 1 300px; min-width: 280px;'>\n<h3 style='font-size: 22px; border-bottom: 2px solid currentColor; padding-bottom: 5px; margin-top: 0; color: inherit; opacity: 0.8;'>Administraci\u00f3n centralizada en la nube<\/h3>\n<p style='margin-top: 0;'>Administraci\u00f3n 100% centralizada en la nube de toda la red desde distintos sitios&comma; todo controlado desde una sola interfaz&comma; en cualquier lugar y en cualquier momento.<\/p>\n<ul style='padding-left: 20px; font-size: 15px; color: inherit;'>\n<li style='margin-bottom: 5px;'>Contralodara basada en la nube<\/li>\n<li style='margin-bottom: 5px;'>Controladora por hardware<\/li>\n<li style='margin-bottom: 5px;'>Controladora por software<\/li>\n<\/ul><\/div>\n<\/p><\/div>\n<hr style='border: 0; border-top: 1px solid rgba(150&comma; 150&comma; 150&comma; 0.3); margin: 30px 0;'>\n<div style='display: flex; flex-wrap: wrap; gap: 30px; margin-bottom: 30px;'>\n<div style='flex: 1 1 300px; min-width: 280px;'>\n<h3 style='font-size: 22px; border-bottom: 2px solid currentColor; padding-bottom: 5px; margin-top: 0; color: inherit; opacity: 0.8;'>Caracter\u00edsticas t\u00e9cnicas adicionales<\/h3>\n<ul style='padding-left: 20px; font-size: 15px; color: inherit;'>\n<li style='margin-bottom: 5px;'>3 puertos Gigabit<\/li>\n<li style='margin-bottom: 5px;'>Antena Direccional de 7 dBi MIMO 2&#215;2<\/li>\n<li style='margin-bottom: 5px;'>PoE Pasivo 24 Vcc o 802.3 PoEaf<\/li>\n<\/ul><\/div>\n<\/p><\/div>\n<hr style='border: 0; border-top: 1px solid rgba(150&comma; 150&comma; 150&comma; 0.3); margin: 30px 0;'>\n<div style='display: flex; flex-wrap: wrap; gap: 30px; margin-bottom: 30px;'>\n<div style='flex: 1 1 300px; min-width: 280px;'>\n<h3 style='font-size: 22px; border-bottom: 2px solid currentColor; padding-bottom: 5px; margin-top: 0; color: inherit; opacity: 0.8;'>Contenido del Paquete<\/h3>\n<ul style='padding-left: 20px; font-size: 15px; color: inherit;'>\n<li style='margin-bottom: 5px;'>Enlace Inal\u00e1mbrico: EAP211-Bridge-KIT<\/li>\n<li style='margin-bottom: 5px;'>Gu\u00eda de Instalaci\u00f3n<\/li>\n<li style='margin-bottom: 5px;'>Kit de Montaje<\/li>\n<li style='margin-bottom: 5px;'>Adaptador PoE pasivo<\/li>\n<\/ul><\/div>\n<\/p><\/div>\n<div style='display: flex; flex-wrap: wrap; gap: 30px; margin-bottom: 30px;'>\n<div style='flex: 1 1 100%;'> <img style='width: 100%; height: auto; border: 1px solid rgba(150&comma;150&comma;150&comma;0.3); border-radius: 8px;' src='http:\/\/ftp3.syscom.mx\/usuarios\/ftp\/2025\/11\/28\/1908\/1.jpg_froala_6929d02c4c0c3' alt=''> <\/div>\n<\/p><\/div>\n<div style='display: flex; flex-wrap: wrap; gap: 30px; margin-bottom: 30px;'>\n<div style='flex: 1 1 100%;'> <img style='width: 100%; height: auto; border: 1px solid rgba(150&comma;150&comma;150&comma;0.3); border-radius: 8px;' src='http:\/\/ftp3.syscom.mx\/usuarios\/ftp\/2025\/11\/28\/1908\/1.jpg_froala_6929e6e21d296' alt=''> <\/div>\n<\/p><\/div>\n<div style='display: flex; flex-wrap: wrap; gap: 30px; margin-bottom: 30px;'>\n<div style='flex: 1 1 100%;'> <img style='width: 100%; height: auto; border: 1px solid rgba(150&comma;150&comma;150&comma;0.3); border-radius: 8px;' src='http:\/\/ftp3.syscom.mx\/usuarios\/ftp\/2025\/11\/28\/1908\/Captura_de_pantalla_20251128_a_la_s__12.15.32p.m..png_froala_6929e7707d168' alt=''> <\/div>\n<\/p><\/div>\n<div style='display: flex; flex-wrap: wrap; gap: 30px; margin-bottom: 30px;'>\n<div style='flex: 1 1 100%;'> <img style='width: 100%; height: auto; border: 1px solid rgba(150&comma;150&comma;150&comma;0.3); border-radius: 8px;' src='http:\/\/ftp3.syscom.mx\/usuarios\/ftp\/2025\/11\/28\/1908\/1.jpg_froala_6929fc347711b' alt=''> <\/div>\n<\/p><\/div>\n<div style='display: flex; flex-wrap: wrap; gap: 30px; margin-bottom: 30px;'>\n<div style='flex: 1 1 100%;'> <img style='width: 100%; height: auto; border: 1px solid rgba(150&comma;150&comma;150&comma;0.3); border-radius: 8px;' src='http:\/\/ftp3.syscom.mx\/usuarios\/ftp\/2025\/11\/28\/1908\/Captura_de_pantalla_20251128_a_la_s__1.49.26p.m..png_froala_6929fd323eca4' alt=''> <\/div>\n<\/p><\/div>\n<\/p><\/div>\n","protected":false},"excerpt":{"rendered":"<p>KIT de Enalce Inal\u00e1mbrico Omada para Exterior \/ Frecuencia de 5GHz \/ Emparejamiento Autom\u00e1tico \/ 3 puertos Gigabit \/ PoE Pasivo 24 Vcc o 802.3 PoEaf \/ Antena Direccional de 7 dBi MIMO 2&#215;2 \/ Adminsitraci\u00f3n Remota Mediante Omada<\/p>\n","protected":false},"featured_media":82651,"comment_status":"open","ping_status":"closed","template":"","meta":[],"product_brand":[],"product_cat":[1998],"product_tag":[1999,1980,71],"class_list":{"0":"post-82652","1":"product","2":"type-product","3":"status-publish","4":"has-post-thumbnail","6":"product_cat-5-y-6-ghz","7":"product_tag-5-y-6-ghz","8":"product_tag-enlaces-ptp-y-ptmp","9":"product_tag-tp-link","11":"first","12":"instock","13":"sale","14":"shipping-taxable","15":"purchasable","16":"product-type-simple"},"_links":{"self":[{"href":"https:\/\/soydeaqui.ddns.net\/pachuca\/index.php\/wp-json\/wp\/v2\/product\/82652","targetHints":{"allow":["GET"]}}],"collection":[{"href":"https:\/\/soydeaqui.ddns.net\/pachuca\/index.php\/wp-json\/wp\/v2\/product"}],"about":[{"href":"https:\/\/soydeaqui.ddns.net\/pachuca\/index.php\/wp-json\/wp\/v2\/types\/product"}],"replies":[{"embeddable":true,"href":"https:\/\/soydeaqui.ddns.net\/pachuca\/index.php\/wp-json\/wp\/v2\/comments?post=82652"}],"wp:featuredmedia":[{"embeddable":true,"href":"https:\/\/soydeaqui.ddns.net\/pachuca\/index.php\/wp-json\/wp\/v2\/media\/82651"}],"wp:attachment":[{"href":"https:\/\/soydeaqui.ddns.net\/pachuca\/index.php\/wp-json\/wp\/v2\/media?parent=82652"}],"wp:term":[{"taxonomy":"product_brand","embeddable":true,"href":"https:\/\/soydeaqui.ddns.net\/pachuca\/index.php\/wp-json\/wp\/v2\/product_brand?post=82652"},{"taxonomy":"product_cat","embeddable":true,"href":"https:\/\/soydeaqui.ddns.net\/pachuca\/index.php\/wp-json\/wp\/v2\/product_cat?post=82652"},{"taxonomy":"product_tag","embeddable":true,"href":"https:\/\/soydeaqui.ddns.net\/pachuca\/index.php\/wp-json\/wp\/v2\/product_tag?post=82652"}],"curies":[{"name":"wp","href":"https:\/\/api.w.org\/{rel}","templated":true}]}}