{"id":82638,"date":"2026-03-19T19:34:29","date_gmt":"2026-03-19T19:34:29","guid":{"rendered":"https:\/\/soydeaqui.ddns.net\/pachuca\/index.php\/producto\/telefono-ip-wi-fi-pantalla-a-colo-2-4-4-lineas-sip-conferencia-6-vias\/"},"modified":"2026-03-19T19:34:38","modified_gmt":"2026-03-19T19:34:38","slug":"telefono-ip-wi-fi-pantalla-a-colo-2-4-4-lineas-sip-conferencia-6-vias","status":"publish","type":"product","link":"https:\/\/soydeaqui.ddns.net\/pachuca\/index.php\/producto\/telefono-ip-wi-fi-pantalla-a-colo-2-4-4-lineas-sip-conferencia-6-vias\/","title":{"rendered":"TELEFONO IP WI-FI PANTALLA A COLO 2.4 , 4 LINEAS SIP, CONFERENCIA 6 VIAS"},"content":{"rendered":"<div style='width: 100%; max-width: 1200px; margin: 0 auto; font-family: sans-serif; line-height: 1.6; color: inherit; background-color: transparent;'> <!-- Banner principal --> <\/p>\n<div style='background-color: #cb3234; color: white; text-align: center; padding: 30px 15px;'>\n<h1 style='margin: 0; font-size: 32px;'>Tel\u00e9fono IP Fanvil V60W<\/h1>\n<p style='margin: 0; font-size: 18px;'>Comunicaci\u00f3n empresarial eficiente | 4 l\u00edneas SIP | Conferencia de 6 v\u00edas | PoE habilitado<\/p>\n<\/p><\/div>\n<p> <!-- Contenido principal --> <\/p>\n<div style='width: 100%; max-width: 1100px; margin: 30px auto; padding: 20px; font-family: Arial&comma; sans-serif; color: inherit;'> <!-- Secci\u00f3n gu\u00edas de configuraci\u00f3n --> <\/p>\n<section style='margin-bottom: 40px;'>\n<h2 style='color: #cb3234; font-size: 24px; text-align: center; border-bottom: 2px solid currentColor; padding-bottom: 5px; margin-bottom: 20px;'>Gu\u00edas de Configuraci\u00f3n<\/h2>\n<ul style='list-style-type: none; padding: 0; text-align: center; font-size: 16px; margin: 0;'>\n<li style='margin-bottom: 10px;'> <a style='color: #cb3234; text-decoration: none;' href='https:\/\/soporte.syscom.mx\/es\/articles\/2612033-fanvil-registro-de-extensiones-sip-en-telefonos-fanvil' target='_blank' rel='noopener'>Gu\u00eda para Configurar Tel\u00e9fonos FANVIL en Conmutadores GRANDSTREAM<\/a> <\/li>\n<li> <a style='color: #cb3234; text-decoration: none;' href='https:\/\/soporte.syscom.mx\/es\/articles\/7892816-yeastar-aprovisionar-telefonos-fanvil-con-conmutador-yeastar' target='_blank' rel='noopener'>Gu\u00eda para Configurar Tel\u00e9fonos FANVIL en Conmutadores Yeastar<\/a> <\/li>\n<\/ul>\n<\/section>\n<p> <!-- Secci\u00f3n descripci\u00f3n --> <\/p>\n<section style='margin-bottom: 40px;'>\n<p style='font-size: 18pt; text-align: justify;'> Fanvil V60W es un tel\u00e9fono IP de nivel b\u00e1sico elegante y fiable. Cuenta con una pantalla en color de 2&comma;4 pulgadas (320&#215;240)&comma; compatible con 4 l\u00edneas SIP&comma; voz HD y audioconferencia de 6 v\u00edas&comma; que ofrece una experiencia de usuario clara e intuitiva para satisfacer f\u00e1cilmente las necesidades de colaboraci\u00f3n entre varios interlocutores. <\/p>\n<p style='font-size: 18pt; text-align: justify;'> <span style='color: inherit; font-family: inherit;'> <span style='font-size: 24px;'>El Wi-Fi integrado de 2&comma;4 GHz\/5 GHz (Wi-Fi 6) y el Bluetooth 5.4 (solo V60W) mejoran la flexibilidad de la conectividad&comma; proporcionando a los usuarios una experiencia de comunicaci\u00f3n empresarial eficiente y de alta calidad.<\/span> <\/span> <\/p>\n<\/section>\n<p> <!-- Secci\u00f3n de caracter\u00edsticas --> <\/p>\n<div style='display: flex; flex-wrap: wrap; gap: 20px; margin-bottom: 40px;'> <!-- Caracter\u00edsticas principales --> <\/p>\n<div style='flex: 1 1 30%; min-width: 280px; border: 1px solid rgba(150&comma; 150&comma; 150&comma; 0.4); border-radius: 8px; overflow: hidden; display: flex; flex-direction: column;'>\n<div style='padding: 15px; border-bottom: 1px solid rgba(150&comma; 150&comma; 150&comma; 0.2); font-weight: bold; font-size: 18px; color: #cb3234;'>Caracter\u00edsticas principales:<\/div>\n<div style='padding: 15px; color: inherit;'>\n<ul style='padding-left: 20px; margin: 0; font-size: 14px; list-style-type: disc; color: inherit;'>\n<li style='margin-bottom: 5px;'>4 l\u00edneas SIP.<\/li>\n<li style='margin-bottom: 5px;'>Agenda local de 1000 registros.<\/li>\n<li style='margin-bottom: 5px;'>Pantalla a color 2.4&#8242;.<\/li>\n<li style='margin-bottom: 5px;'>Soporta EHS (Compatible con Jabra).<\/li>\n<li style='margin-bottom: 5px;'>Doble puerto Fast Ethernet.<\/li>\n<li style='margin-bottom: 5px;'>PoE habilitado.<\/li>\n<li style='margin-bottom: 5px;'>Cancelador de eco ac\u00fastico d\u00faplex completo (AEC).<\/li>\n<li style='margin-bottom: 5px;'>Montaje en pared (requiere accesorio).<\/li>\n<li style='margin-bottom: 5px;'>Compatible con plataformas: Grandstream UCM62XX&comma; UCM63XX&comma; Asterisk&comma; Broadsoft&comma; 3CX&comma; Metaswitch&comma; Elastix&comma; Avaya&comma; etc.<\/li>\n<li style='margin-bottom: 5px;'>Garant\u00eda: 2 a\u00f1os.<\/li>\n<\/ul><\/div>\n<\/p><\/div>\n<p> <!-- Caracter\u00edsticas de red --> <\/p>\n<div style='flex: 1 1 30%; min-width: 280px; border: 1px solid rgba(150&comma; 150&comma; 150&comma; 0.4); border-radius: 8px; overflow: hidden; display: flex; flex-direction: column;'>\n<div style='padding: 15px; border-bottom: 1px solid rgba(150&comma; 150&comma; 150&comma; 0.2); font-weight: bold; font-size: 18px; color: #cb3234;'>Caracter\u00edsticas de Red:<\/div>\n<div style='padding: 15px; color: inherit;'>\n<ul style='padding-left: 20px; margin: 0; font-size: 14px; list-style-type: disc; color: inherit;'>\n<li style='margin-bottom: 5px;'>Doble puerto de red 10\/100Mbps.<\/li>\n<li style='margin-bottom: 5px;'>Bluetooth 5.4<\/li>\n<li style='margin-bottom: 5px;'>Wi-Fi 2.4 GHz \/ 5 GhZ (Wi-Fi 6)<\/li>\n<li style='margin-bottom: 5px;'>VPN: L2TP \/ OpenVPN.<\/li>\n<li style='margin-bottom: 5px;'>VLAN.<\/li>\n<li style='margin-bottom: 5px;'>LLDP.<\/li>\n<li style='margin-bottom: 5px;'>IPv4 \/ IPv6 \/ IPv4 &#038; IPv6.<\/li>\n<li style='margin-bottom: 5px;'>SIP 2.0 sobre UDP\/TCP\/TLS.<\/li>\n<li style='margin-bottom: 5px;'>PPPoE.<\/li>\n<li style='margin-bottom: 5px;'>QoS.<\/li>\n<\/ul><\/div>\n<\/p><\/div>\n<p> <!-- Caracter\u00edsticas f\u00edsicas y el\u00e9ctricas --> <\/p>\n<div style='flex: 1 1 30%; min-width: 280px; border: 1px solid rgba(150&comma; 150&comma; 150&comma; 0.4); border-radius: 8px; overflow: hidden; display: flex; flex-direction: column;'>\n<div style='padding: 15px; border-bottom: 1px solid rgba(150&comma; 150&comma; 150&comma; 0.2); font-weight: bold; font-size: 18px; color: #cb3234;'>Caracter\u00edsticas F\u00edsicas y El\u00e9ctricas:<\/div>\n<div style='padding: 15px; color: inherit;'>\n<ul style='padding-left: 20px; margin: 0; font-size: 14px; list-style-type: disc; color: inherit;'>\n<li style='margin-bottom: 5px;'>Alimentaci\u00f3n v\u00eda PoE (802.3af) o 5 Vcc&comma; 1 A (fuente no incluida).<\/li>\n<li style='margin-bottom: 5px;'>2 puertos RJ45.<\/li>\n<li style='margin-bottom: 5px;'>2 puertos RJ9.<\/li>\n<li style='margin-bottom: 5px;'>Material: pl\u00e1stico.<\/li>\n<li style='margin-bottom: 5px;'>Temperatura de operaci\u00f3n: 0\u00b0 ~ 45\u00b0 C.<\/li>\n<\/ul><\/div>\n<\/p><\/div>\n<\/p><\/div>\n<p> <!-- Secci\u00f3n galer\u00eda de im\u00e1genes --> <\/p>\n<section style='margin-top: 40px;'>\n<h2 style='font-size: 24px; text-align: center; border-bottom: 2px solid currentColor; padding-bottom: 5px; margin-bottom: 20px; color: #cb3234;'>Galer\u00eda de Im\u00e1genes<\/h2>\n<div style='display: flex; flex-wrap: wrap; gap: 30px; justify-content: center;'> <img style='width: 100%; max-width: 1000px; height: auto; border: 1px solid rgba(150&comma;150&comma;150&comma;0.3); border-radius: 8px;' src='https:\/\/ftp3.syscom.mx\/usuarios\/fotos\/V60P\/235795-79744497-32b9-44e4-89d2-6242d4396816.jpeg' alt='Fanvil V60P vista frontal'> <img style='width: 100%; max-width: 1000px; height: auto; border: 1px solid rgba(150&comma;150&comma;150&comma;0.3); border-radius: 8px;' src='https:\/\/ftp3.syscom.mx\/usuarios\/fotos\/V60P\/235795-896e059f-2969-47af-952e-1d837715d393.jpeg' alt='Fanvil V60P vista lateral'> <img style='width: 100%; max-width: 1000px; height: auto; border: 1px solid rgba(150&comma;150&comma;150&comma;0.3); border-radius: 8px;' src='https:\/\/ftp3.syscom.mx\/usuarios\/fotos\/V60P\/235795-b71b7701-65b9-4ebd-870c-bd019e47c6a9.jpeg' alt='Fanvil V60P vista posterior'> <\/div>\n<\/section><\/div>\n<\/p><\/div>\n","protected":false},"excerpt":{"rendered":"<p>TELEFONO IP WI-FI PANTALLA A COLO 2.4 , 4 LINEAS SIP, CONFERENCIA 6 VIAS<\/p>\n","protected":false},"featured_media":82637,"comment_status":"open","ping_status":"closed","template":"","meta":[],"product_brand":[],"product_cat":[2003],"product_tag":[859,2005,2004],"class_list":{"0":"post-82638","1":"product","2":"type-product","3":"status-publish","4":"has-post-thumbnail","6":"product_cat-telefonos-ip","7":"product_tag-fanvil","8":"product_tag-telefonos-ip","9":"product_tag-voip-telefonia-ip-videoconferencia","11":"first","12":"instock","13":"sale","14":"shipping-taxable","15":"purchasable","16":"product-type-simple"},"_links":{"self":[{"href":"https:\/\/soydeaqui.ddns.net\/pachuca\/index.php\/wp-json\/wp\/v2\/product\/82638","targetHints":{"allow":["GET"]}}],"collection":[{"href":"https:\/\/soydeaqui.ddns.net\/pachuca\/index.php\/wp-json\/wp\/v2\/product"}],"about":[{"href":"https:\/\/soydeaqui.ddns.net\/pachuca\/index.php\/wp-json\/wp\/v2\/types\/product"}],"replies":[{"embeddable":true,"href":"https:\/\/soydeaqui.ddns.net\/pachuca\/index.php\/wp-json\/wp\/v2\/comments?post=82638"}],"wp:featuredmedia":[{"embeddable":true,"href":"https:\/\/soydeaqui.ddns.net\/pachuca\/index.php\/wp-json\/wp\/v2\/media\/82637"}],"wp:attachment":[{"href":"https:\/\/soydeaqui.ddns.net\/pachuca\/index.php\/wp-json\/wp\/v2\/media?parent=82638"}],"wp:term":[{"taxonomy":"product_brand","embeddable":true,"href":"https:\/\/soydeaqui.ddns.net\/pachuca\/index.php\/wp-json\/wp\/v2\/product_brand?post=82638"},{"taxonomy":"product_cat","embeddable":true,"href":"https:\/\/soydeaqui.ddns.net\/pachuca\/index.php\/wp-json\/wp\/v2\/product_cat?post=82638"},{"taxonomy":"product_tag","embeddable":true,"href":"https:\/\/soydeaqui.ddns.net\/pachuca\/index.php\/wp-json\/wp\/v2\/product_tag?post=82638"}],"curies":[{"name":"wp","href":"https:\/\/api.w.org\/{rel}","templated":true}]}}