{"id":82632,"date":"2026-03-19T19:34:16","date_gmt":"2026-03-19T19:34:16","guid":{"rendered":"https:\/\/soydeaqui.ddns.net\/pachuca\/index.php\/producto\/onu-dual-g-epon-con-wi-fi-en-2-4-ghz-4-puertos-lan-gigabit-hasta-300-mbps-via-inalambrico\/"},"modified":"2026-03-19T19:34:26","modified_gmt":"2026-03-19T19:34:26","slug":"onu-dual-g-epon-con-wi-fi-en-2-4-ghz-4-puertos-lan-gigabit-hasta-300-mbps-via-inalambrico","status":"publish","type":"product","link":"https:\/\/soydeaqui.ddns.net\/pachuca\/index.php\/producto\/onu-dual-g-epon-con-wi-fi-en-2-4-ghz-4-puertos-lan-gigabit-hasta-300-mbps-via-inalambrico\/","title":{"rendered":"ONU Dual G\/EPON con Wi-Fi en 2.4 GHz + 4 puertos LAN Gigabit, hasta 300 Mbps v\u00eda inal\u00e1mbrico"},"content":{"rendered":"<div style='width: 100%; max-width: 1200px; margin: 0 auto; font-family: sans-serif; line-height: 1.6; color: inherit; background-color: transparent;'> <!-- Secci\u00f3n de caracter\u00edsticas en grid --> <\/p>\n<div style='display: grid; grid-template-columns: repeat(auto-fit&comma; minmax(280px&comma; 1fr)); gap: 30px; margin-bottom: 30px;'> <!-- Caracter\u00edsticas principales --> <\/p>\n<div style='border-left: 5px solid #ff0000; border-radius: 8px; padding: 15px; background-color: rgba(200&comma;200&comma;200&comma;0.05);'>\n<h3 style='font-size: 22px; margin-top: 0; margin-bottom: 15px; color: inherit; font-weight: bold;'>Caracter\u00edsticas principales<\/h3>\n<ul style='padding-left: 20px; font-size: 15px; color: inherit; list-style-position: outside;'>\n<li style='margin-bottom: 8px;'><span style='color: inherit;'>Dimensiones: 205* 140* 37mm (largo \u00d7 ancho \u00d7 alto).<\/span><\/li>\n<li style='margin-bottom: 8px;'><span style='color: inherit;'>Aplicaciones de: <strong style='color: inherit;'>Datos<\/strong><\/span><\/li>\n<li style='margin-bottom: 8px;'><span style='color: inherit;'>Gesti\u00f3n y Monitoreo en l\u00ednea desde la OLT V-SOL.<\/span><\/li>\n<li style='margin-bottom: 8px;'><span style='color: inherit;'>Gesti\u00f3n amigable desde: EMS \/ Web \/ Telnet \/ CLI.<\/span><\/li>\n<\/ul><\/div>\n<p> <!-- Caracter\u00edsticas F\u00edsicas y El\u00e9ctricas --> <\/p>\n<div style='border-left: 5px solid #ff0000; border-radius: 8px; padding: 15px; background-color: rgba(200&comma;200&comma;200&comma;0.05);'>\n<h3 style='font-size: 22px; margin-top: 0; margin-bottom: 15px; color: inherit; font-weight: bold;'>Caracter\u00edsticas F\u00edsicas y El\u00e9ctricas<\/h3>\n<ul style='padding-left: 20px; font-size: 15px; color: inherit; list-style-position: outside;'>\n<li style='margin-bottom: 8px;'><span style='color: inherit;'>Alimentaci\u00f3n: 12V 1A (Fuente Incluida)<\/span><\/li>\n<li style='margin-bottom: 8px;'><span style='color: inherit;'>Consumo m\u00e1ximo: 10W.<\/span><\/li>\n<li style='margin-bottom: 8px;'><span style='color: inherit;'>Peso: 0.34 Kg.<\/span><\/li>\n<li style='margin-bottom: 8px;'><span style='color: inherit;'>Temperatura de operaci\u00f3n: -10 a 55\u00b0 C.<\/span><\/li>\n<\/ul><\/div>\n<p> <!-- Caracter\u00edsticas de Red --> <\/p>\n<div style='border-left: 5px solid #ff0000; border-radius: 8px; padding: 15px; background-color: rgba(200&comma;200&comma;200&comma;0.05);'>\n<h3 style='font-size: 22px; margin-top: 0; margin-bottom: 15px; color: inherit; font-weight: bold;'>Caracter\u00edsticas de Red<\/h3>\n<ul style='padding-left: 20px; font-size: 15px; color: inherit; list-style-position: outside;'>\n<li style='margin-bottom: 8px;'><span style='color: inherit;'>4 Puertos LAN 1 Gbps RJ45.<\/span><\/li>\n<li style='margin-bottom: 8px;'><span style='color: inherit;'>Wi-Fi en 2.4 GHz<\/span><\/li>\n<li style='margin-bottom: 8px;'><span style='color: inherit;'>2 Antenas Wi-Fi con 5 dBi.<\/span><\/li>\n<\/ul><\/div>\n<\/p><\/div>\n<p> <!-- Separador --> <\/p>\n<hr style='border: 0; border-top: 1px solid rgba(150&comma; 150&comma; 150&comma; 0.3); margin: 30px 0;'> <!-- Secci\u00f3n de im\u00e1genes --> <\/p>\n<div style='display: flex; flex-direction: column; gap: 30px; margin-bottom: 30px;'>\n<div style='text-align: center;'>\n<h2 style='font-size: 24px; margin-bottom: 15px; color: inherit; font-weight: bold;'>ONU EPON\/GPON con Wi-Fi en 2.4 GHz Ideal para Servicios Domesticos<\/h2>\n<p> <img style='width: 100%; height: auto; border: 1px solid rgba(150&comma;150&comma;150&comma;0.3); border-radius: 8px;' src='https:\/\/es.vsolcn.com\/wp-content\/uploads\/2024\/04\/V2804N-Z-Product-Page_EN-1-1.jpg' alt=''> <\/div>\n<div style='text-align: center;'>\n<h2 style='font-size: 24px; margin-bottom: 15px; color: inherit; font-weight: bold;'>Interfaz empresarial enriquecida<\/h2>\n<p> <img style='width: 100%; height: auto; border: 1px solid rgba(150&comma;150&comma;150&comma;0.3); border-radius: 8px;' src='https:\/\/es.vsolcn.com\/wp-content\/uploads\/2024\/04\/V2804N-Z-Product-Page_EN-2.jpg' alt=''> <\/div>\n<div style='text-align: center;'>\n<h2 style='font-size: 24px; margin-bottom: 15px; color: inherit; font-weight: bold;'>Seguro y f\u00e1cil de instalar&comma; Gesti\u00f3n de la nube<\/h2>\n<p> <img style='width: 100%; height: auto; border: 1px solid rgba(150&comma;150&comma;150&comma;0.3); border-radius: 8px;' src='https:\/\/es.vsolcn.com\/wp-content\/uploads\/2024\/04\/V2804N-Z-Product-Page_EN-3.jpg' alt=''> <\/div>\n<div style='text-align: center;'>\n<h2 style='font-size: 24px; margin-bottom: 15px; color: inherit; font-weight: bold;'>2 antenas de alta ganancia de 5 dBi&comma; mayor cobertura<\/h2>\n<p style='margin-bottom: 15px; color: inherit; font-size: 15px; line-height: 1.6; text-align: center;'>Transmisi\u00f3n de se\u00f1al de 2&comma;4 GHz con 2 antenas externas de 5 dBi de alta ganancia&comma;<br \/>ampliar y reforzar la cobertura de la se\u00f1al a trav\u00e9s de la pared.<\/p>\n<p> <img style='width: 100%; height: auto; border: 1px solid rgba(150&comma;150&comma;150&comma;0.3); border-radius: 8px;' src='https:\/\/es.vsolcn.com\/wp-content\/uploads\/2024\/04\/V2804N-Z-Product-Page_EN-4.jpg' alt=''> <\/div>\n<\/p><\/div>\n<\/p><\/div>\n","protected":false},"excerpt":{"rendered":"<p>ONU Dual G\/EPON con Wi-Fi en 2.4 GHz + 4 puertos LAN Gigabit, hasta 300 Mbps v\u00eda inal\u00e1mbrico<\/p>\n","protected":false},"featured_media":82631,"comment_status":"open","ping_status":"closed","template":"","meta":[],"product_brand":[],"product_cat":[2010],"product_tag":[2012,2011,2013],"class_list":{"0":"post-82632","1":"product","2":"type-product","3":"status-publish","4":"has-post-thumbnail","6":"product_cat-onus-onts","7":"product_tag-onus-onts","8":"product_tag-redes-ftth-pon","9":"product_tag-v-sol","11":"first","12":"instock","13":"sale","14":"shipping-taxable","15":"purchasable","16":"product-type-simple"},"_links":{"self":[{"href":"https:\/\/soydeaqui.ddns.net\/pachuca\/index.php\/wp-json\/wp\/v2\/product\/82632","targetHints":{"allow":["GET"]}}],"collection":[{"href":"https:\/\/soydeaqui.ddns.net\/pachuca\/index.php\/wp-json\/wp\/v2\/product"}],"about":[{"href":"https:\/\/soydeaqui.ddns.net\/pachuca\/index.php\/wp-json\/wp\/v2\/types\/product"}],"replies":[{"embeddable":true,"href":"https:\/\/soydeaqui.ddns.net\/pachuca\/index.php\/wp-json\/wp\/v2\/comments?post=82632"}],"wp:featuredmedia":[{"embeddable":true,"href":"https:\/\/soydeaqui.ddns.net\/pachuca\/index.php\/wp-json\/wp\/v2\/media\/82631"}],"wp:attachment":[{"href":"https:\/\/soydeaqui.ddns.net\/pachuca\/index.php\/wp-json\/wp\/v2\/media?parent=82632"}],"wp:term":[{"taxonomy":"product_brand","embeddable":true,"href":"https:\/\/soydeaqui.ddns.net\/pachuca\/index.php\/wp-json\/wp\/v2\/product_brand?post=82632"},{"taxonomy":"product_cat","embeddable":true,"href":"https:\/\/soydeaqui.ddns.net\/pachuca\/index.php\/wp-json\/wp\/v2\/product_cat?post=82632"},{"taxonomy":"product_tag","embeddable":true,"href":"https:\/\/soydeaqui.ddns.net\/pachuca\/index.php\/wp-json\/wp\/v2\/product_tag?post=82632"}],"curies":[{"name":"wp","href":"https:\/\/api.w.org\/{rel}","templated":true}]}}