{"id":82625,"date":"2026-03-19T19:33:59","date_gmt":"2026-03-19T19:33:59","guid":{"rendered":"https:\/\/soydeaqui.ddns.net\/pachuca\/index.php\/producto\/tarjeta-de-servicio-16-puertos-gpon-para-olts-fiberhome-serie-an6000-con-16-modulos-pon-c-incluidos\/"},"modified":"2026-03-19T19:34:08","modified_gmt":"2026-03-19T19:34:08","slug":"tarjeta-de-servicio-16-puertos-gpon-para-olts-fiberhome-serie-an6000-con-16-modulos-pon-c-incluidos","status":"publish","type":"product","link":"https:\/\/soydeaqui.ddns.net\/pachuca\/index.php\/producto\/tarjeta-de-servicio-16-puertos-gpon-para-olts-fiberhome-serie-an6000-con-16-modulos-pon-c-incluidos\/","title":{"rendered":"Tarjeta de Servicio 16 puertos GPON para OLTs FiberHome serie AN6000 con 16 Modulos PON C++ Incluidos"},"content":{"rendered":"<div style='width: 100%; max-width: 1200px; margin: 0 auto; font-family: sans-serif; line-height: 1.6; color: inherit;'> <!-- Imagen principal --> <\/p>\n<div style='width: 100%; text-align: center; margin: 20px 0;'> <img style='width: 100%; height: auto; border: 1px solid rgba(150&comma;150&comma;150&comma;0.3); border-radius: 8px;' src='https:\/\/ftp3.syscom.mx\/usuarios\/fotos\/HG6543C\/187432-fiberjom.jpg' alt=''> <\/div>\n<p> <!-- Descripci\u00f3n principal --> <\/p>\n<div style='margin: 30px 0;'>\n<p style='font-size: 18px; text-align: justify;'>La tarjeta de servicio <strong>GPOA-C++<\/strong> es una tarjeta de interfaz con 16 puertos GPON. Est\u00e1 dise\u00f1ada para trabajar con la serie de OLTs <strong style='color: #f74902;'>AN6000<\/strong> para brindar crecimiento futuro con OLTs modulares y dar acceso GPON a las ONTs\/ONUs.<\/p>\n<\/p><\/div>\n<p> <!-- Secci\u00f3n de caracter\u00edsticas y especificaciones --> <\/p>\n<div style='display: flex; flex-wrap: wrap; gap: 30px; margin: 30px 0;'> <!-- Caracter\u00edsticas principales --> <\/p>\n<div style='flex: 1 1 300px; min-width: 280px;'>\n<h3 style='font-size: 22px; border-bottom: 2px solid currentColor; padding-bottom: 5px; margin-top: 0; color: inherit; opacity: 0.8;'>Caracter\u00edsticas principales<\/h3>\n<ul style='padding-left: 20px; font-size: 15px; color: inherit;'>\n<li style='margin-bottom: 5px;'>Alta densidad y bajo consumo de energ\u00eda<\/li>\n<li style='margin-bottom: 5px;'>Compatible con (2048) ONTs\/ONUs (Se recomienda m\u00e1ximo 1024 ONTs\/ONUs)<\/li>\n<li style='margin-bottom: 5px;'><strong>M\u00e1xima raz\u00f3n de divisi\u00f3n:<\/strong> Clase B+: 1:64&comma; Clase C+\/C++: 1:128<\/li>\n<li style='margin-bottom: 5px;'>N\u00famero m\u00e1ximo de VLANs: 4K<\/li>\n<li style='margin-bottom: 5px;'>N\u00famero m\u00e1ximo de VLANs traducidas: 16K<\/li>\n<li style='margin-bottom: 5px;'>N\u00famero m\u00e1ximo de direcciones MAC: 250K<\/li>\n<li style='margin-bottom: 5px;'>Consumo est\u00e1tico: 41W<\/li>\n<li style='margin-bottom: 5px;'>Consumo m\u00e1ximo: 47W<\/li>\n<li style='margin-bottom: 5px;'><strong>Incluye 16 m\u00f3dulos PON C++<\/strong> <a style='color: inherit; text-decoration: none; font-weight: 600;' href='https:\/\/www.syscom.mx\/producto\/3578673-FIBERHOME-191816.html' target='_blank' rel='noopener'>3578673<\/a><\/li>\n<\/ul><\/div>\n<p> <!-- Tarjetas compatibles --> <\/p>\n<div style='flex: 1 1 300px; min-width: 280px;'>\n<h3 style='font-size: 22px; border-bottom: 2px solid currentColor; padding-bottom: 5px; margin-top: 0; color: inherit; opacity: 0.8;'>Tarjeta compatible con OLTs serie AN6000<\/h3>\n<ul style='padding-left: 20px; font-size: 15px; color: inherit;'>\n<li style='margin-bottom: 5px;'><a style='color: inherit; text-decoration: none; font-weight: 600;' href='https:\/\/www.syscom.mx\/principal\/searchcont?route=AN6000-2-AC-FIBERHOME-195455&#038;autodetect=AN6000-2-AC' target='_blank' rel='noopener'>AN6000-2-AC<\/a><\/li>\n<li style='margin-bottom: 5px;'><a style='color: inherit; text-decoration: none; font-weight: 600;' href='https:\/\/www.syscom.mx\/principal\/searchcont?route=AN6000-7-FIBERHOME-190044&#038;autodetect=AN6000-7' target='_blank' rel='noopener'>AN6000-7<\/a><\/li>\n<li style='margin-bottom: 5px;'><a style='color: inherit; text-decoration: none; font-weight: 600;' href='https:\/\/www.syscom.mx\/principal\/searchcont?route=AN6000-15-FIBERHOME-188351&#038;autodetect=AN6000-15' target='_blank' rel='noopener'>AN6000-15<\/a><\/li>\n<li style='margin-bottom: 5px;'><a style='color: inherit; text-decoration: none; font-weight: 600;' href='https:\/\/www.syscom.mx\/principal\/searchcont?route=AN6000-17-FIBERHOME-186721&#038;autodetect=AN6000-17' target='_blank' rel='noopener'>AN6000-17<\/a><\/li>\n<\/ul><\/div>\n<p> <!-- Aplicaciones --> <\/p>\n<div style='flex: 1 1 300px; min-width: 280px;'>\n<h3 style='font-size: 22px; border-bottom: 2px solid currentColor; padding-bottom: 5px; margin-top: 0; color: inherit; opacity: 0.8;'>Aplicaciones<\/h3>\n<ul style='padding-left: 20px; font-size: 15px; color: inherit;'>\n<li style='margin-bottom: 5px;'>Proveedores de internet con tecnolog\u00eda FTTH<\/li>\n<li style='margin-bottom: 5px;'>Compatible con VoIP&comma; TDM&comma; Datos&comma; IPTV y CATV<\/li>\n<\/ul><\/div>\n<\/p><\/div>\n<p> <!-- Separador --> <\/p>\n<hr style='border: 0; border-top: 1px solid rgba(150&comma; 150&comma; 150&comma; 0.3); margin: 30px 0;'> <!-- Software de administraci\u00f3n --> <\/p>\n<div style='margin: 30px 0;'>\n<h2 style='font-size: 24px; color: #f74902; margin-top: 0; color: inherit;'>Software de administraci\u00f3n Fiberhome UNM2000<\/h2>\n<p> <!-- Imagen UNM2000 --> <\/p>\n<div style='margin: 20px 0;'> <img style='width: 100%; height: auto; border: 1px solid rgba(150&comma;150&comma;150&comma;0.3); border-radius: 8px;' src='https:\/\/ftp3.syscom.mx\/usuarios\/fernando.hermosillo\/Fiberhome\/UNM2000.gif' alt='UNM2000'> <\/div>\n<p> <!-- Caracter\u00edsticas UNM2000 --> <\/p>\n<ul style='padding-left: 20px; font-size: 15px; color: inherit;'>\n<li style='margin-bottom: 5px;'><strong>Licencia sin costo.<\/strong><\/li>\n<li style='margin-bottom: 5px;'><strong>Mejora la eficiencia en la gesti\u00f3n.<\/strong><\/li>\n<li style='margin-bottom: 5px;'><strong>Configuraci\u00f3n de ONU\u00b4s\/ONT\u00b4s Fiberhome directamente desde la OLT.<\/strong><\/li>\n<li style='margin-bottom: 5px;'><strong>Reduce costos de mantenimiento.<\/strong><\/li>\n<li style='margin-bottom: 5px;'><strong>Perfil de autoaprovisionamiento con ONUs Fiberhome.<\/strong><\/li>\n<li style='margin-bottom: 5px;'><a style='color: inherit; text-decoration: none; font-weight: 600;' href='https:\/\/drive.google.com\/drive\/folders\/17-if5U0Fwp6xX6BKXh4kcp7XbTkzXJKH' target='_blank' rel='noopener'>Descargue el software aqu\u00ed.<\/a><\/li>\n<\/ul><\/div>\n<\/p><\/div>\n","protected":false},"excerpt":{"rendered":"<p>Tarjeta de Servicio 16 puertos GPON para OLTs FiberHome serie AN6000 con 16 Modulos PON C++ Incluidos<\/p>\n","protected":false},"featured_media":82624,"comment_status":"open","ping_status":"closed","template":"","meta":[],"product_brand":[],"product_cat":[2018],"product_tag":[639,2019,2011],"class_list":{"0":"post-82625","1":"product","2":"type-product","3":"status-publish","4":"has-post-thumbnail","6":"product_cat-olts","7":"product_tag-fiberhome","8":"product_tag-olts","9":"product_tag-redes-ftth-pon","11":"first","12":"instock","13":"sale","14":"shipping-taxable","15":"purchasable","16":"product-type-simple"},"_links":{"self":[{"href":"https:\/\/soydeaqui.ddns.net\/pachuca\/index.php\/wp-json\/wp\/v2\/product\/82625","targetHints":{"allow":["GET"]}}],"collection":[{"href":"https:\/\/soydeaqui.ddns.net\/pachuca\/index.php\/wp-json\/wp\/v2\/product"}],"about":[{"href":"https:\/\/soydeaqui.ddns.net\/pachuca\/index.php\/wp-json\/wp\/v2\/types\/product"}],"replies":[{"embeddable":true,"href":"https:\/\/soydeaqui.ddns.net\/pachuca\/index.php\/wp-json\/wp\/v2\/comments?post=82625"}],"wp:featuredmedia":[{"embeddable":true,"href":"https:\/\/soydeaqui.ddns.net\/pachuca\/index.php\/wp-json\/wp\/v2\/media\/82624"}],"wp:attachment":[{"href":"https:\/\/soydeaqui.ddns.net\/pachuca\/index.php\/wp-json\/wp\/v2\/media?parent=82625"}],"wp:term":[{"taxonomy":"product_brand","embeddable":true,"href":"https:\/\/soydeaqui.ddns.net\/pachuca\/index.php\/wp-json\/wp\/v2\/product_brand?post=82625"},{"taxonomy":"product_cat","embeddable":true,"href":"https:\/\/soydeaqui.ddns.net\/pachuca\/index.php\/wp-json\/wp\/v2\/product_cat?post=82625"},{"taxonomy":"product_tag","embeddable":true,"href":"https:\/\/soydeaqui.ddns.net\/pachuca\/index.php\/wp-json\/wp\/v2\/product_tag?post=82625"}],"curies":[{"name":"wp","href":"https:\/\/api.w.org\/{rel}","templated":true}]}}