{"id":8261,"date":"2026-03-18T07:06:45","date_gmt":"2026-03-18T07:06:45","guid":{"rendered":"https:\/\/soydeaqui.ddns.net\/pachuca\/index.php\/producto\/sensor-de-seguridad-perimetral-de-2-zonas-deteccion-por-fibra-optica-sensitiva-500-metros-de-proteccion-por-zona\/"},"modified":"2026-03-18T07:06:46","modified_gmt":"2026-03-18T07:06:46","slug":"sensor-de-seguridad-perimetral-de-2-zonas-deteccion-por-fibra-optica-sensitiva-500-metros-de-proteccion-por-zona","status":"publish","type":"product","link":"https:\/\/soydeaqui.ddns.net\/pachuca\/index.php\/producto\/sensor-de-seguridad-perimetral-de-2-zonas-deteccion-por-fibra-optica-sensitiva-500-metros-de-proteccion-por-zona\/","title":{"rendered":"Sensor de Seguridad Perimetral de 2 Zonas \/ Detecci\u00f3n por Fibra \u00d3ptica Sensitiva\/ 500 Metros de protecci\u00f3n por zona"},"content":{"rendered":"<div style='width: 100%; max-width: 1200px; margin: 0 auto; font-family: sans-serif; line-height: 1.6; color: inherit; background-color: transparent;'>\n<div style='display: flex; flex-wrap: wrap; gap: 30px; margin-bottom: 30px;'>\n<div style='flex: 1 1 300px; min-width: 280px;'> <img style='width: 100%; height: auto; border: 1px solid rgba(150&comma;150&comma;150&comma;0.3); border-radius: 8px;' src='https:\/\/www.fibersensys.com\/images\/logos\/FiberSenSys-Optex-Logo.png' alt='Logo FiberSenSys-Optex'> <\/div>\n<div style='flex: 1 1 300px; min-width: 280px;'> <img style='width: 100%; height: auto; border: 1px solid rgba(150&comma;150&comma;150&comma;0.3); border-radius: 8px;' src='https:\/\/www.calytel.com\/Files\/110195\/Img\/19\/redfiber-1-en-630.jpg' alt='Sensor Perimetral FD332'> <\/div>\n<div style='flex: 1 1 300px; min-width: 280px;'> <img style='width: 100%; height: auto; border: 1px solid rgba(150&comma;150&comma;150&comma;0.3); border-radius: 8px;' src='https:\/\/cdn.securityinfowatch.com\/files\/base\/cygnus\/siw\/image\/2015\/02\/960w\/fd322_kit.54ecfc20b83c9.jpg' alt='FD332 Kit'> <\/div>\n<\/p><\/div>\n<div style='margin-bottom: 30px;'>\n<p style='text-align: justify;'>La unidad de procesamiento de alarmas (APU) de la serie FD33X\u2122 proporciona protecci\u00f3n de zona para instalaciones de cable de sensor de uno o dos canales y detecci\u00f3n mejorada de intrusos. Una valla perimetral o una zona de detecci\u00f3n de pared se puede complementar con otras zonas de pared\/valla utilizando el segundo canal. El FD332 es un sistema de doble zona que garantiza que los costes generales del sistema&comma; la energ\u00eda necesaria y los requisitos de comunicaci\u00f3n de la alarma sean muy bajos en comparaci\u00f3n con usar dos procesadores de alarmas por separado.<\/p>\n<\/p><\/div>\n<div style='display: flex; flex-wrap: wrap; gap: 20px; margin-bottom: 30px;'>\n<div style='flex: 1 1 250px; border: 1px solid rgba(150&comma; 150&comma; 150&comma; 0.4); border-radius: 8px; overflow: hidden; display: flex; flex-direction: column;'>\n<div style='padding: 15px; border-bottom: 1px solid rgba(150&comma; 150&comma; 150&comma; 0.2); font-weight: bold; font-size: 18px; color: inherit;'>Caracter\u00edsticas Principales<\/div>\n<div style='padding: 15px; color: inherit;'>\n<ul style='padding-left: 20px; margin: 0; font-size: 14px; list-style-type: disc;'>\n<li style='margin-bottom: 5px; text-align: justify;'><strong>Dos zonas<\/strong> totalmente independientes&comma; cada una de las cuales puede soportar hasta <strong>500 metros de fibra sensitiva.<\/strong><\/li>\n<li style='margin-bottom: 5px; text-align: justify;'>No se ve afectado por elementos qu\u00edmicos o el\u00e9ctricos en el medio ambiente&comma; incluidos corrosi\u00f3n&comma; EMI y rayos.<\/li>\n<li style='margin-bottom: 5px; text-align: justify;'>El FD332 se puede integrar completamente con nuestro cabezal de fibra Fibre Commander \u2122 para obtener una soluci\u00f3n total del sistema cuando se combina con otros elementos de seguridad&comma; como c\u00e1maras de video y otros dispositivos de terceros.<\/li>\n<li style='margin-bottom: 5px; text-align: justify;'>Capacitaci\u00f3n de Certificaci\u00f3n en l\u00ednea.<\/li>\n<\/ul><\/div>\n<\/p><\/div>\n<div style='flex: 1 1 250px; border: 1px solid rgba(150&comma; 150&comma; 150&comma; 0.4); border-radius: 8px; overflow: hidden; display: flex; flex-direction: column;'>\n<div style='padding: 15px; border-bottom: 1px solid rgba(150&comma; 150&comma; 150&comma; 0.2); font-weight: bold; font-size: 18px; color: inherit;'>Aplicaciones<\/div>\n<div style='padding: 15px; color: inherit;'>\n<ul style='padding-left: 20px; margin: 0; font-size: 14px; list-style-type: disc;'>\n<li style='margin-bottom: 5px;'>Mallas Cicl\u00f3nicas<\/li>\n<\/ul>\n<p style='margin: 0 0 10px; font-size: 12px;'><em>Nota: Para cotizar este producto se requiere una Ingenier\u00eda de Dise\u00f1o (Contacte al departamento de Ingenier\u00eda de Syscom).<\/em><\/p>\n<p style='margin: 0 0 10px; font-size: 12px;'><em>*Requiere certificaci\u00f3n.<\/em><\/p>\n<\/p><\/div>\n<\/p><\/div>\n<div style='flex: 1 1 250px; border: 1px solid rgba(150&comma; 150&comma; 150&comma; 0.4); border-radius: 8px; overflow: hidden; display: flex; flex-direction: column;'>\n<div style='padding: 15px; border-bottom: 1px solid rgba(150&comma; 150&comma; 150&comma; 0.2); font-weight: bold; font-size: 18px; color: inherit;'>\u00bfQu\u00e9 detecta?<\/div>\n<div style='padding: 15px; color: inherit;'>\n<ul style='padding-left: 20px; margin: 0; font-size: 14px; list-style-type: disc;'>\n<li style='margin-bottom: 5px;'>Escalamiento de la malla cicl\u00f3nica.<\/li>\n<li style='margin-bottom: 5px;'>Corte de la malla.<\/li>\n<\/ul><\/div>\n<div style='padding: 15px; border-top: 1px solid rgba(150&comma; 150&comma; 150&comma; 0.2); border-bottom: 1px solid rgba(150&comma; 150&comma; 150&comma; 0.2); font-weight: bold; font-size: 18px; color: inherit;'>Cuenta con:<\/div>\n<div style='padding: 15px; color: inherit;'>\n<ul style='padding-left: 20px; margin: 0; font-size: 14px; list-style-type: disc;'>\n<li style='margin-bottom: 5px;'>2 salidas de alarma independientes.<\/li>\n<li style='margin-bottom: 5px;'>Tamper.<\/li>\n<li style='margin-bottom: 5px;'>Alimentaci\u00f3n a 12\/24 VDC.<\/li>\n<li style='margin-bottom: 5px;'>Comunicaci\u00f3n RS232.<\/li>\n<\/ul><\/div>\n<\/p><\/div>\n<\/p><\/div>\n<div style='text-align: center; margin: 30px 0;'>\n<h1 style='font-size: 24px; margin: 0; color: inherit;'>500 Metros de Fibra \u00d3ptica Sensitiva<br \/><small style='font-size: 16px; color: inherit; opacity: 0.7;'>2 Zonas de Protecci\u00f3n<\/small><\/h1>\n<\/p><\/div>\n<\/p><\/div>\n","protected":false},"excerpt":{"rendered":"<p>Sensor de Seguridad Perimetral de 2 Zonas \/ Detecci\u00f3n por Fibra \u00d3ptica Sensitiva\/ 500 Metros de protecci\u00f3n por zona<\/p>\n","protected":false},"featured_media":8260,"comment_status":"open","ping_status":"closed","template":"","meta":[],"product_brand":[],"product_cat":[103],"product_tag":[105,106,104],"class_list":{"0":"post-8261","1":"product","2":"type-product","3":"status-publish","4":"has-post-thumbnail","6":"product_cat-cable-sensor-perimetral","7":"product_tag-cable-sensor-perimetral","8":"product_tag-optex","9":"product_tag-proteccion-perimetral","11":"first","12":"outofstock","13":"sale","14":"shipping-taxable","15":"purchasable","16":"product-type-simple"},"_links":{"self":[{"href":"https:\/\/soydeaqui.ddns.net\/pachuca\/index.php\/wp-json\/wp\/v2\/product\/8261","targetHints":{"allow":["GET"]}}],"collection":[{"href":"https:\/\/soydeaqui.ddns.net\/pachuca\/index.php\/wp-json\/wp\/v2\/product"}],"about":[{"href":"https:\/\/soydeaqui.ddns.net\/pachuca\/index.php\/wp-json\/wp\/v2\/types\/product"}],"replies":[{"embeddable":true,"href":"https:\/\/soydeaqui.ddns.net\/pachuca\/index.php\/wp-json\/wp\/v2\/comments?post=8261"}],"wp:featuredmedia":[{"embeddable":true,"href":"https:\/\/soydeaqui.ddns.net\/pachuca\/index.php\/wp-json\/wp\/v2\/media\/8260"}],"wp:attachment":[{"href":"https:\/\/soydeaqui.ddns.net\/pachuca\/index.php\/wp-json\/wp\/v2\/media?parent=8261"}],"wp:term":[{"taxonomy":"product_brand","embeddable":true,"href":"https:\/\/soydeaqui.ddns.net\/pachuca\/index.php\/wp-json\/wp\/v2\/product_brand?post=8261"},{"taxonomy":"product_cat","embeddable":true,"href":"https:\/\/soydeaqui.ddns.net\/pachuca\/index.php\/wp-json\/wp\/v2\/product_cat?post=8261"},{"taxonomy":"product_tag","embeddable":true,"href":"https:\/\/soydeaqui.ddns.net\/pachuca\/index.php\/wp-json\/wp\/v2\/product_tag?post=8261"}],"curies":[{"name":"wp","href":"https:\/\/api.w.org\/{rel}","templated":true}]}}