{"id":82605,"date":"2026-03-19T19:33:11","date_gmt":"2026-03-19T19:33:11","guid":{"rendered":"https:\/\/soydeaqui.ddns.net\/pachuca\/index.php\/producto\/unas-pro-servidor-de-almacenamiento-en-red-de-2u-rack-con-7-bahias-para-hdd-ssd-de-2-5-3-5-con-1-puerto-10gbe-y-1-puerto-sfp-10g\/"},"modified":"2026-03-19T19:33:20","modified_gmt":"2026-03-19T19:33:20","slug":"unas-pro-servidor-de-almacenamiento-en-red-de-2u-rack-con-7-bahias-para-hdd-ssd-de-2-5-3-5-con-1-puerto-10gbe-y-1-puerto-sfp-10g","status":"publish","type":"product","link":"https:\/\/soydeaqui.ddns.net\/pachuca\/index.php\/producto\/unas-pro-servidor-de-almacenamiento-en-red-de-2u-rack-con-7-bahias-para-hdd-ssd-de-2-5-3-5-con-1-puerto-10gbe-y-1-puerto-sfp-10g\/","title":{"rendered":"UNAS Pro Servidor de Almacenamiento en Red de 2U Rack con (7) Bah\u00edas para HDD\/SSD de 2.5\/3.5&#8243; con 1 Puerto 10GbE  y 1 Puerto SFP+ 10G"},"content":{"rendered":"<div style='width: 100%; max-width: 1200px; margin: 0 auto; font-family: sans-serif; line-height: 1.6; color: inherit; background-color: transparent;'>\n<div style='border: 1px solid rgba(150&comma;150&comma;150&comma;0.3); border-radius: 12px; padding: 16px; box-shadow: 0 1px 6px rgba(0&comma;0&comma;0&comma;0.1); background-color: transparent;'>\n<div style='position: relative; padding-bottom: 56.25%; height: 0; overflow: hidden; margin-bottom: 30px;'><video style='position: absolute; top: 0; left: 0; width: 100%; height: 100%; border: 1px solid rgba(150&comma;150&comma;150&comma;0.3); border-radius: 12px; display: block; background-color: transparent;' src='https:\/\/ftp3.syscom.mx\/usuarios\/adiaz\/Ubiquiti\/Imagenes\/UNASPro\/UNASpro.mp4' autoplay muted loop playsinline><img src='https:\/\/ftp3.syscom.mx\/usuarios\/adiaz\/Ubiquiti\/Imagenes\/UNASPro\/fallback.png' alt='Ubiquiti UNAS-Pro' style='width: 100%; height: auto; border: 1px solid rgba(150&comma;150&comma;150&comma;0.3); border-radius: 12px; background-color: transparent;'><\/video><\/div>\n<div style='display: flex; flex-wrap: wrap; gap: 30px; margin-top: 30px;'>\n<div style='flex: 1 1 320px; min-width: 280px;'>\n<div style='position: relative; padding-bottom: 56.25%; height: 0; overflow: hidden; margin-bottom: 30px;'><video style='position: absolute; top: 0; left: 0; width: 100%; height: 100%; border: 1px solid rgba(150&comma;150&comma;150&comma;0.3); border-radius: 12px; display: block; background-color: transparent;' src='https:\/\/ftp3.syscom.mx\/usuarios\/adiaz\/Ubiquiti\/Imagenes\/UNASPro\/UNASloop.mp4' autoplay muted loop playsinline><img src='https:\/\/ftp3.syscom.mx\/usuarios\/adiaz\/Ubiquiti\/Imagenes\/UNASPro\/fallback.png' alt='Ubiquiti UNAS-Pro' style='width: 100%; height: auto; border: 1px solid rgba(150&comma;150&comma;150&comma;0.3); border-radius: 12px; background-color: transparent;'><\/video><\/div>\n<\/div>\n<div style='flex: 1 1 360px; min-width: 280px;'>\n<h2 style='margin: 0 0 10px; font-size: 24px; color: inherit; opacity: 0.9;'>UniFi Network Attached Storage Pro<\/h2>\n<div style='margin: 0 0 15px; font-weight: 600; opacity: 0.8;'>Modelo: <span style='font-weight: 700; opacity: 1;'>UNAS-Pro<\/span><\/div>\n<p style='margin: 0; color: inherit;'>NAS de Montaje en Rack 2U con (7) Bah\u00edas de 2&comma;5\/3&comma;5&#8242; y Rendimiento de 10 Gbps Dise\u00f1ado para el Almacenamiento y uso Compartido de Archivos a Gran Escala.<\/p>\n<\/div>\n<\/div>\n<\/div>\n<div style='border: 1px solid rgba(150&comma;150&comma;150&comma;0.3); border-radius: 12px; padding: 16px; box-shadow: 0 1px 6px rgba(0&comma;0&comma;0&comma;0.1); margin-top: 30px; background-color: transparent;'>\n<h2 style='margin: 0 0 15px; font-size: 24px; text-align: center; color: inherit;'>Almacenamiento Profesional Fuera de la Nube<\/h2>\n<div style='position: relative; padding-bottom: 56.25%; height: 0; overflow: hidden; margin-bottom: 30px;'><video style='position: absolute; top: 0; left: 0; width: 100%; height: 100%; border: 1px solid rgba(150&comma;150&comma;150&comma;0.3); border-radius: 12px; display: block; background-color: transparent;' src='https:\/\/ftp3.syscom.mx\/usuarios\/adiaz\/Ubiquiti\/Imagenes\/UNASPro\/hero-Blqljj3H.mp4' autoplay muted loop playsinline><img src='https:\/\/ftp3.syscom.mx\/usuarios\/adiaz\/Ubiquiti\/Imagenes\/UNASPro\/fallback.png' alt='Almacenamiento Profesional Fuera de la Nube' style='width: 100%; height: auto; border: 1px solid rgba(150&comma;150&comma;150&comma;0.3); border-radius: 12px; background-color: transparent;'><\/video><\/div>\n<\/div>\n<div style='text-align: center; margin: 40px 0 20px;'><span style='font-size: 20px; font-weight: 700; color: inherit;'>Especificaciones<\/span><\/div>\n<div style='display: flex; flex-wrap: wrap; gap: 20px; margin-bottom: 30px;'>\n<div style='flex: 1 1 250px; border: 1px solid rgba(150&comma;150&comma;150&comma;0.4); border-radius: 8px; overflow: hidden; display: flex; flex-direction: column;'>\n<div style='padding: 15px; border-bottom: 1px solid rgba(150&comma;150&comma;150&comma;0.2); font-weight: bold; font-size: 18px; color: inherit;'>Caracter\u00edsticas principales<\/div>\n<div style='padding: 15px; color: inherit;'>\n<ul style='padding-left: 20px; margin: 0; font-size: 14px; list-style-type: disc;'>\n<li style='margin-bottom: 5px;'>(7) Bahias <strong>HDD\/SSD de 2&comma;5\/3&comma;5&#8242;<\/strong><\/li>\n<li style='margin-bottom: 5px;'>(1) Enlace Ascendente <strong>SFP+ de 10 G<\/strong> y (1) Puerto <strong>RJ45 GbE<\/strong><\/li>\n<li style='margin-bottom: 5px;'>Protecci\u00f3n de Datos con Tecnolog\u00eda de Almacenamiento <strong>RAID<\/strong><\/li>\n<li style='margin-bottom: 5px;'>Compatible con <strong>UniFi Power Backup<\/strong><\/li>\n<li style='margin-bottom: 5px;'><strong>Pantalla T\u00e1ctil<\/strong> de 1&comma;3&#8242; para Administraci\u00f3n<\/li>\n<\/ul>\n<\/div>\n<\/div>\n<div style='flex: 1 1 250px; border: 1px solid rgba(150&comma;150&comma;150&comma;0.4); border-radius: 8px; overflow: hidden; display: flex; flex-direction: column;'>\n<div style='padding: 15px; border-bottom: 1px solid rgba(150&comma;150&comma;150&comma;0.2); font-weight: bold; font-size: 18px; color: inherit;'>Caracter\u00edsticas f\u00edsicas y el\u00e9ctricas<\/div>\n<div style='padding: 15px; color: inherit;'>\n<ul style='padding-left: 20px; margin: 0; font-size: 14px; list-style-type: disc;'>\n<li style='margin-bottom: 5px;'><strong>Dimensiones<\/strong>: 442 x 325 x 87 mm (17.4 x 12.8 x 3.4&#8242;)<\/li>\n<li style='margin-bottom: 5px;'><strong>Peso<\/strong>: 69.5 kg (20.8 lb)<\/li>\n<li style='margin-bottom: 5px;'><strong>Material de la carcasa<\/strong>: Acero SGCC<\/li>\n<li style='margin-bottom: 5px;'><strong>Alimentaci\u00f3n<\/strong>: 100\u2014240Vca&comma; 3A Max.&comma; 50\/60 Hz \u00f3 USP-<strong>RPS<\/strong>: 11.5 Vcc 13.91A<\/li>\n<li style='margin-bottom: 5px;'><strong>T<\/strong><strong>emperatura de operaci\u00f3n<\/strong>: -5 a 40 \u00b0C (23 a 104 \u00b0F)<\/li>\n<li style='margin-bottom: 5px;'><strong>Humedad de operaci\u00f3n<\/strong>: 5\u201395% sin condensaci\u00f3n<\/li>\n<\/ul>\n<\/div>\n<\/div>\n<div style='flex: 1 1 250px; border: 1px solid rgba(150&comma;150&comma;150&comma;0.4); border-radius: 8px; overflow: hidden; display: flex; flex-direction: column;'>\n<div style='padding: 15px; border-bottom: 1px solid rgba(150&comma;150&comma;150&comma;0.2); font-weight: bold; font-size: 18px; color: inherit;'>Hardware<\/div>\n<div style='padding: 15px; color: inherit;'>\n<ul style='padding-left: 20px; margin: 0; font-size: 14px; list-style-type: disc;'>\n<li style='margin-bottom: 5px;'><strong>Procesador<\/strong>: Quad-Core ARM\u00ae Cortex\u00ae-A57 a 1.7 GHz<\/li>\n<li style='margin-bottom: 5px;'><strong>Memoria<\/strong>: 8 GB<\/li>\n<li style='margin-bottom: 5px;'><strong>Administraci\u00f3n<\/strong>: Ethernet<\/li>\n<li style='margin-bottom: 5px;'><strong>RF Interface<\/strong>: Bluetooth 4.1<\/li>\n<\/ul>\n<\/div>\n<\/div>\n<div style='flex: 1 1 250px; border: 1px solid rgba(150&comma;150&comma;150&comma;0.4); border-radius: 8px; overflow: hidden; display: flex; flex-direction: column;'>\n<div style='padding: 15px; border-bottom: 1px solid rgba(150&comma;150&comma;150&comma;0.2); font-weight: bold; font-size: 18px; color: inherit;'>Almacenamiento Recomendado<\/div>\n<div style='padding: 15px; color: inherit;'>\n<ul style='padding-left: 20px; margin: 0; font-size: 14px; list-style-type: disc;'>\n<li style='margin-bottom: 5px;'><strong>Tipo de almacenamiento:<\/strong> HDD 3.5&#8242;<\/li>\n<li style='margin-bottom: 5px;'><strong>Consolas UniFi aplicables:<\/strong> Consolas est\u00e1ndar en rack (ej. UNVR-Pro&comma; UNAS-Pro&comma; UDM-Pro)<\/li>\n<li style='margin-bottom: 5px;'><strong>Almacenamiento recomendado:<\/strong> HDD Oficial UniFi: 8\/16\/24TB<\/li>\n<li style='margin-bottom: 5px;'><strong>Requisitos generales:<\/strong> Disco CMR de 1TB o mayor con velocidad de 7200RPM<\/li>\n<\/ul>\n<\/div>\n<\/div>\n<div style='flex: 1 1 250px; border: 1px solid rgba(150&comma;150&comma;150&comma;0.4); border-radius: 8px; overflow: hidden; display: flex; flex-direction: column;'>\n<div style='padding: 15px; border-bottom: 1px solid rgba(150&comma;150&comma;150&comma;0.2); font-weight: bold; font-size: 18px; color: inherit;'>Almacenamiento Incompatible<\/div>\n<div style='padding: 15px; color: inherit;'>\n<ul style='padding-left: 20px; margin: 0; font-size: 14px; list-style-type: disc;'>\n<li style='margin-bottom: 5px;'><strong>Seagate SkyHawk ST10000VX0004 (10TB):<\/strong> No cabe en la bandeja de discos.<\/li>\n<li style='margin-bottom: 5px;'><strong>Seagate Ultrathin ST500LT032 (500GB):<\/strong> No tiene tornillos inferiores.<\/li>\n<li style='margin-bottom: 5px;'><strong>Western Digital UltraSlim WD5000MPCK (500GB):<\/strong> No tiene tornillos inferiores y los conectores no se ajustan a la bandeja.<\/li>\n<li style='margin-bottom: 5px;'><strong>Cualquier disco SMR:<\/strong> Aunque caben en la bandeja&comma; generan problemas de funcionamiento.<\/li>\n<\/ul>\n<\/div>\n<\/div>\n<\/div>\n<div style='border: 1px solid rgba(150&comma;150&comma;150&comma;0.3); border-radius: 12px; padding: 16px; box-shadow: 0 1px 6px rgba(0&comma;0&comma;0&comma;0.1); margin-top: 30px; text-align: center; background-color: transparent;'>\n<h3 style='margin: 0 0 15px; font-size: 22px; font-weight: 700; color: inherit;'>Contenido del Paquete<\/h3>\n<p><img style='width: 100%; height: auto; border: 1px solid rgba(150&comma;150&comma;150&comma;0.3); border-radius: 12px;' src='https:\/\/ftp3.syscom.mx\/usuarios\/adiaz\/Ubiquiti\/Imagenes\/UNASPro\/contenido.png' alt='Contenido del paquete UNAS-Pro'><\/div>\n<\/div>\n","protected":false},"excerpt":{"rendered":"<p>UNAS Pro Servidor de Almacenamiento en Red de 2U Rack con (7) Bah\u00edas para HDD\/SSD de 2.5\/3.5&#8243; con 1 Puerto 10GbE  y 1 Puerto SFP+ 10G<\/p>\n","protected":false},"featured_media":82604,"comment_status":"open","ping_status":"closed","template":"","meta":[],"product_brand":[],"product_cat":[2067],"product_tag":[1974,2068,166],"class_list":{"0":"post-82605","1":"product","2":"type-product","3":"status-publish","4":"has-post-thumbnail","6":"product_cat-servidores-nas","7":"product_tag-almacenamiento","8":"product_tag-servidores-nas","9":"product_tag-ubiquiti","11":"first","12":"outofstock","13":"sale","14":"shipping-taxable","15":"purchasable","16":"product-type-simple"},"_links":{"self":[{"href":"https:\/\/soydeaqui.ddns.net\/pachuca\/index.php\/wp-json\/wp\/v2\/product\/82605","targetHints":{"allow":["GET"]}}],"collection":[{"href":"https:\/\/soydeaqui.ddns.net\/pachuca\/index.php\/wp-json\/wp\/v2\/product"}],"about":[{"href":"https:\/\/soydeaqui.ddns.net\/pachuca\/index.php\/wp-json\/wp\/v2\/types\/product"}],"replies":[{"embeddable":true,"href":"https:\/\/soydeaqui.ddns.net\/pachuca\/index.php\/wp-json\/wp\/v2\/comments?post=82605"}],"wp:featuredmedia":[{"embeddable":true,"href":"https:\/\/soydeaqui.ddns.net\/pachuca\/index.php\/wp-json\/wp\/v2\/media\/82604"}],"wp:attachment":[{"href":"https:\/\/soydeaqui.ddns.net\/pachuca\/index.php\/wp-json\/wp\/v2\/media?parent=82605"}],"wp:term":[{"taxonomy":"product_brand","embeddable":true,"href":"https:\/\/soydeaqui.ddns.net\/pachuca\/index.php\/wp-json\/wp\/v2\/product_brand?post=82605"},{"taxonomy":"product_cat","embeddable":true,"href":"https:\/\/soydeaqui.ddns.net\/pachuca\/index.php\/wp-json\/wp\/v2\/product_cat?post=82605"},{"taxonomy":"product_tag","embeddable":true,"href":"https:\/\/soydeaqui.ddns.net\/pachuca\/index.php\/wp-json\/wp\/v2\/product_tag?post=82605"}],"curies":[{"name":"wp","href":"https:\/\/api.w.org\/{rel}","templated":true}]}}