{"id":82603,"date":"2026-03-19T19:33:06","date_gmt":"2026-03-19T19:33:06","guid":{"rendered":"https:\/\/soydeaqui.ddns.net\/pachuca\/index.php\/producto\/licencia-vitalicia-firewall-nueva-generacion-serie-gcc\/"},"modified":"2026-03-19T19:33:08","modified_gmt":"2026-03-19T19:33:08","slug":"licencia-vitalicia-firewall-nueva-generacion-serie-gcc","status":"publish","type":"product","link":"https:\/\/soydeaqui.ddns.net\/pachuca\/index.php\/producto\/licencia-vitalicia-firewall-nueva-generacion-serie-gcc\/","title":{"rendered":"Licencia Vitalicia Firewall Nueva Generaci\u00f3n Serie GCC"},"content":{"rendered":"<div style='width: 100%; max-width: 1200px; margin: 0 auto; font-family: sans-serif; line-height: 1.6; color: inherit; background-color: transparent;'>\n<div style='display: flex; flex-direction: column; gap: 30px;'>\n<div>\n<h3 style='font-size: 22px; border-bottom: 2px solid currentColor; padding-bottom: 5px; margin-top: 0; color: inherit; opacity: 0.8;'>Caracter\u00edsticas principales<\/h3>\n<ul style='padding-left: 20px; font-size: 15px; color: inherit;'>\n<li style='margin-bottom: 5px;'>Protecci\u00f3n Anti-Malware<\/li>\n<li style='margin-bottom: 5px;'>IDS\/IPS<\/li>\n<li style='margin-bottom: 5px;'>Identificaci\u00f3n y control de aplicaciones<\/li>\n<li style='margin-bottom: 5px;'>Seguridad web avanzada<\/li>\n<li style='margin-bottom: 5px;'>Seguridad del correo electr\u00f3nico (Muy pronto)<\/li>\n<\/ul><\/div>\n<div>\n<h3 style='font-size: 22px; border-bottom: 2px solid currentColor; padding-bottom: 5px; margin-top: 0; color: inherit; opacity: 0.8;'>Frecuencia de actualizaci\u00f3n<\/h3>\n<div style='overflow-x: auto;'>\n<table style='width: 100%; border-collapse: collapse; margin-top: 15px; color: inherit;'>\n<thead>\n<tr style='background-color: rgba(0&comma; 17&comma; 56&comma; 0.05);'>\n<th style='padding: 12px 15px; text-align: left; border-bottom: 1px solid rgba(150&comma;150&comma;150&comma;0.3); border-right: 1px solid rgba(150&comma;150&comma;150&comma;0.3);'>Security Service<\/th>\n<th style='padding: 12px 15px; text-align: left; border-bottom: 1px solid rgba(150&comma;150&comma;150&comma;0.3);'>Update Frequency<\/th>\n<\/tr>\n<\/thead>\n<tbody>\n<tr>\n<td style='padding: 12px 15px; border-bottom: 1px solid rgba(150&comma;150&comma;150&comma;0.3); border-right: 1px solid rgba(150&comma;150&comma;150&comma;0.3);'>Anti-malware<\/td>\n<td style='padding: 12px 15px; border-bottom: 1px solid rgba(150&comma;150&comma;150&comma;0.3);'>A diario<\/td>\n<\/tr>\n<tr>\n<td style='padding: 12px 15px; border-bottom: 1px solid rgba(150&comma;150&comma;150&comma;0.3); border-right: 1px solid rgba(150&comma;150&comma;150&comma;0.3);'>DPI<\/td>\n<td style='padding: 12px 15px; border-bottom: 1px solid rgba(150&comma;150&comma;150&comma;0.3);'>Semanalmente<\/td>\n<\/tr>\n<tr>\n<td style='padding: 12px 15px; border-bottom: 1px solid rgba(150&comma;150&comma;150&comma;0.3); border-right: 1px solid rgba(150&comma;150&comma;150&comma;0.3);'>IPS\/IDS<\/td>\n<td style='padding: 12px 15px; border-bottom: 1px solid rgba(150&comma;150&comma;150&comma;0.3);'>Semanalmente<\/td>\n<\/tr>\n<tr>\n<td style='padding: 12px 15px; border-right: 1px solid rgba(150&comma;150&comma;150&comma;0.3);'>Web Security (URL categorization)<\/td>\n<td style='padding: 12px 15px;'>Mensualmente<\/td>\n<\/tr>\n<\/tbody>\n<\/table><\/div>\n<\/p><\/div>\n<div>\n<h3 style='font-size: 22px; border-bottom: 2px solid currentColor; padding-bottom: 5px; margin-top: 0; color: inherit; opacity: 0.8;'>Protecci\u00f3n antimalware basada en IA<\/h3>\n<ul style='padding-left: 20px; font-size: 15px; color: inherit;'>\n<li style='margin-bottom: 5px;'>Seguridad proactiva: SDK comercial con certificaci\u00f3n de renombre en la industria<\/li>\n<li style='margin-bottom: 5px;'>Cobertura completa: 2 millones de firmas y reglas anti-malware<\/li>\n<li style='margin-bottom: 5px;'>Protecci\u00f3n de extremo a extremo: Detecta y previene autom\u00e1ticamente virus&comma; gusanos&comma; caballos de Troya&comma; ransomware y m\u00e1s<\/li>\n<li style='margin-bottom: 5px;'>Prevenci\u00f3n en tiempo real: Las firmas y reglas anti-malware se actualizan diariamente<\/li>\n<\/ul><\/div>\n<div>\n<h3 style='font-size: 22px; border-bottom: 2px solid currentColor; padding-bottom: 5px; margin-top: 0; color: inherit; opacity: 0.8;'>Los mejores IDS\/IPS de su clase<\/h3>\n<ul style='padding-left: 20px; font-size: 15px; color: inherit;'>\n<li style='margin-bottom: 5px;'>Basado en las firmas de \u00faltima generaci\u00f3n de Suricata\u00ae con una precisi\u00f3n de prevenci\u00f3n l\u00edder en la industria<\/li>\n<li style='margin-bottom: 5px;'>Protege contra el malware con firmas personalizadas<\/li>\n<li style='margin-bottom: 5px;'>Captura de paquetes y an\u00e1lisis de todas las amenazas de capa 3-7<\/li>\n<li style='margin-bottom: 5px;'>Identifique r\u00e1pidamente las direcciones IP y los dominios de las botnets para evitar que las botnets y otras amenazas se comuniquen con los servidores<\/li>\n<li style='margin-bottom: 5px;'>Alertas y registro<\/li>\n<\/ul><\/div>\n<div>\n<h3 style='font-size: 22px; border-bottom: 2px solid currentColor; padding-bottom: 5px; margin-top: 0; color: inherit; opacity: 0.8;'>Identificaci\u00f3n y control de aplicaciones<\/h3>\n<ul style='padding-left: 20px; font-size: 15px; color: inherit;'>\n<li style='margin-bottom: 5px;'>Soluci\u00f3n comercial con licencia con motor AI\/ML entrenado<\/li>\n<li style='margin-bottom: 5px;'>Clasificar y analizar las estad\u00edsticas de tr\u00e1fico de red a partir de dos capas: protocolo de red y aplicaci\u00f3n<\/li>\n<li style='margin-bottom: 5px;'>Los atributos de la aplicaci\u00f3n se utilizan para identificar protocolos de red y aplicaciones con un detalle incre\u00edble <span style='display: inline-block; width: 87px; height: 18px; background: rgba(0&comma; 126&comma; 61&comma; 0.2); border-radius: 4px; font-size: 12px; color: #007e3d; text-align: center; line-height: 18px;'>Pr\u00f3ximamente<\/span><\/li>\n<li style='margin-bottom: 5px;'>Inteligencia de tr\u00e1fico encriptada<\/li>\n<li style='margin-bottom: 5px;'>Admite pol\u00edticas de control de aplicaciones personalizadas<\/li>\n<li style='margin-bottom: 5px;'>Detiene las \u00faltimas amenazas de aplicaciones con actualizaciones en tiempo real<\/li>\n<\/ul><\/div>\n<div>\n<h3 style='font-size: 22px; border-bottom: 2px solid currentColor; padding-bottom: 5px; margin-top: 0; color: inherit; opacity: 0.8;'>Seguridad web avanzada<\/h3>\n<h4 style='font-size: 18px; font-weight: bold; margin-top: 15px; color: inherit;'>Filtrado web<\/h4>\n<ul style='padding-left: 20px; font-size: 15px; color: inherit;'>\n<li style='margin-bottom: 5px;'>Filtrado de URL: Controla el acceso a los sitios web<\/li>\n<li style='margin-bottom: 5px;'>Filtrado de categor\u00edas de URL: Controle el acceso a categor\u00edas espec\u00edficas de sitios web<\/li>\n<li style='margin-bottom: 5px;'>Filtrado de palabras clave: detecta autom\u00e1ticamente palabras clave en el contenido web<\/li>\n<\/ul>\n<h4 style='font-size: 18px; font-weight: bold; margin-top: 15px; color: inherit;'>Filtrado DNS<\/h4>\n<ul style='padding-left: 20px; font-size: 15px; color: inherit;'>\n<li style='margin-bottom: 5px;'>El filtrado de DNS te protege de los ataques basados en DNS m\u00e1s sofisticados<\/li>\n<\/ul><\/div>\n<div>\n<h3 style='font-size: 22px; border-bottom: 2px solid currentColor; padding-bottom: 5px; margin-top: 0; color: inherit; opacity: 0.8;'>Proxy SSL flexible<\/h3>\n<ul style='padding-left: 20px; font-size: 15px; color: inherit;'>\n<li style='margin-bottom: 5px;'>Proporciona opciones de implementaci\u00f3n flexibles para los usuarios que usan proxy para proteger su tr\u00e1fico de red&comma; lo que le permite pasar sin cambios a un proxy transparente<\/li>\n<li style='margin-bottom: 5px;'>Admite la exenci\u00f3n de proxy SSL para la configuraci\u00f3n de IP&comma; rango de IP&comma; nombre de dominio y categor\u00eda del sitio web<\/li>\n<\/ul><\/div>\n<div>\n<h3 style='font-size: 22px; border-bottom: 2px solid currentColor; padding-bottom: 5px; margin-top: 0; color: inherit; opacity: 0.8;'>Defensa integral de ataque<\/h3>\n<ul style='padding-left: 20px; font-size: 15px; color: inherit;'>\n<li style='margin-bottom: 5px;'>Bloquea los ataques DoS a gran escala de fuentes infectadas conocidas<\/li>\n<li style='margin-bottom: 5px;'>Se defiende contra los ataques de inundaci\u00f3n SYN&comma; UDP&comma; ICMP y ataques de excepci\u00f3n de paquetes<\/li>\n<li style='margin-bottom: 5px;'>Se defiende contra los ataques a las vulnerabilidades de ARP<\/li>\n<\/ul><\/div>\n<\/p><\/div>\n<hr style='border: 0; border-top: 1px solid rgba(150&comma; 150&comma; 150&comma; 0.3); margin: 30px 0;'> <\/div>\n","protected":false},"excerpt":{"rendered":"<p>Licencia Vitalicia Firewall Nueva Generaci\u00f3n Serie GCC<\/p>\n","protected":false},"featured_media":82602,"comment_status":"open","ping_status":"closed","template":"","meta":[],"product_brand":[],"product_cat":[2122],"product_tag":[2038,909,664],"class_list":{"0":"post-82603","1":"product","2":"type-product","3":"status-publish","4":"has-post-thumbnail","6":"product_cat-firewalls-networking","7":"product_tag-firewalls","8":"product_tag-grandstream","9":"product_tag-networking","11":"first","12":"outofstock","13":"sale","14":"shipping-taxable","15":"purchasable","16":"product-type-simple"},"_links":{"self":[{"href":"https:\/\/soydeaqui.ddns.net\/pachuca\/index.php\/wp-json\/wp\/v2\/product\/82603","targetHints":{"allow":["GET"]}}],"collection":[{"href":"https:\/\/soydeaqui.ddns.net\/pachuca\/index.php\/wp-json\/wp\/v2\/product"}],"about":[{"href":"https:\/\/soydeaqui.ddns.net\/pachuca\/index.php\/wp-json\/wp\/v2\/types\/product"}],"replies":[{"embeddable":true,"href":"https:\/\/soydeaqui.ddns.net\/pachuca\/index.php\/wp-json\/wp\/v2\/comments?post=82603"}],"wp:featuredmedia":[{"embeddable":true,"href":"https:\/\/soydeaqui.ddns.net\/pachuca\/index.php\/wp-json\/wp\/v2\/media\/82602"}],"wp:attachment":[{"href":"https:\/\/soydeaqui.ddns.net\/pachuca\/index.php\/wp-json\/wp\/v2\/media?parent=82603"}],"wp:term":[{"taxonomy":"product_brand","embeddable":true,"href":"https:\/\/soydeaqui.ddns.net\/pachuca\/index.php\/wp-json\/wp\/v2\/product_brand?post=82603"},{"taxonomy":"product_cat","embeddable":true,"href":"https:\/\/soydeaqui.ddns.net\/pachuca\/index.php\/wp-json\/wp\/v2\/product_cat?post=82603"},{"taxonomy":"product_tag","embeddable":true,"href":"https:\/\/soydeaqui.ddns.net\/pachuca\/index.php\/wp-json\/wp\/v2\/product_tag?post=82603"}],"curies":[{"name":"wp","href":"https:\/\/api.w.org\/{rel}","templated":true}]}}